{"id":7449,"date":"2024-06-29T15:53:26","date_gmt":"2024-06-29T07:53:26","guid":{"rendered":"https:\/\/pecpets.com\/?post_type=product&#038;p=7449"},"modified":"2024-10-30T15:04:41","modified_gmt":"2024-10-30T07:04:41","slug":"personalized-lightweight-dog-harness","status":"publish","type":"product","link":"https:\/\/pecpets.com\/fi\/product\/personalized-lightweight-dog-harness\/","title":{"rendered":"Personalized Lightweight Dog Harness"},"content":{"rendered":"<h2 data-immersive-translate-walked=\"aa333ee4-404a-4aef-9a25-2ecc46165f31\" data-immersive-translate-paragraph=\"1\">Henkil\u00f6kohtaiset kevyet koiran valjaat | Mukava ja kest\u00e4v\u00e4 | Tukku tehdas<\/h2>\n<p data-immersive-translate-walked=\"8b5afd8b-1b58-4d39-bfba-c28d7f2dd9b7\" data-immersive-translate-paragraph=\"1\">Tervetuloa B2B-foorumillemme, joka on ensisijainen m\u00e4\u00e4r\u00e4np\u00e4\u00e4 korkealaatuisille yksil\u00f6llisille kevyille koiravaljaille. Lemmikkivaljaamme on suunniteltu tarjoamaan maksimaalista mukavuutta ja kest\u00e4vyytt\u00e4 samalla, kun ne voidaan personoida heijastamaan tuotemerkkisi ainutlaatuista identiteetti\u00e4. Tarjoamme huippuluokan tuotteita, jotka t\u00e4ytt\u00e4v\u00e4t korkeimmat standardit ja jotka sopivat erinomaisesti lemmikkiel\u00e4inten j\u00e4lleenmyyjille, kouluttajille ja jakelijoille.<\/p>\n<table style=\"border-collapse: collapse; background-color: #ffffff; width: 329px; height: 273px;\" border=\"1\">\n<tbody>\n<tr>\n<td style=\"font-family: Verdana, Arial, Helvetica, sans-serif; font-size: 12px; color: #000000; margin: 8px; width: 187px; text-align: center;\"><span style=\"line-height: 21px; font-size: 14px;\">Tuotteiden nimi<\/span><\/td>\n<td style=\"font-family: Verdana, Arial, Helvetica, sans-serif; font-size: 12px; color: #000000; margin: 8px; width: 526px; text-align: center;\"><span style=\"font-size: 14px;\">Lemmikin valjaat<\/span><\/td>\n<\/tr>\n<tr>\n<td style=\"font-family: Verdana, Arial, Helvetica, sans-serif; font-size: 12px; color: #000000; margin: 8px; width: 187px; text-align: center;\"><span style=\"line-height: 21px; font-size: 14px;\">Tuotenro.<\/span><\/td>\n<td style=\"font-family: Verdana, Arial, Helvetica, sans-serif; font-size: 12px; color: #000000; margin: 8px; width: 526px; text-align: center;\"><span style=\"line-height: 21px; font-size: 14px;\">P-H2018<\/span><\/td>\n<\/tr>\n<tr>\n<td style=\"font-family: Verdana, Arial, Helvetica, sans-serif; font-size: 12px; color: #000000; margin: 8px; width: 187px; text-align: center;\"><span style=\"line-height: 21px; color: #333333; font-family: Arial, Helvetica; font-size: 14px; font-style: normal; font-weight: 400; background-color: #ffffff; float: none; display: inline !important;\">Materiaali<\/span><\/td>\n<td style=\"font-family: Verdana, Arial, Helvetica, sans-serif; font-size: 12px; color: #000000; margin: 8px; width: 526px; text-align: center;\"><span style=\"color: #333333; font-family: Helvetica,Tahoma,Arial; font-size: 12px; font-style: normal; font-weight: 400; background-color: #fcfcfc; display: inline !important; float: none;\">Oxford Fabric<\/span><\/td>\n<\/tr>\n<tr>\n<td style=\"font-family: Verdana, Arial, Helvetica, sans-serif; font-size: 12px; color: #000000; margin: 8px; width: 187px; text-align: center;\"><span style=\"line-height: 21px; font-size: 14px;\">\u00a0Koko<\/span><\/td>\n<td style=\"margin: 8px; width: 526px; text-align: center;\"><span style=\"color: #222222; font-family: Helvetica, Tahoma, Arial;\"><span style=\"font-size: 14px;\">Mukautettu koko<\/span><\/span><\/td>\n<\/tr>\n<tr>\n<td style=\"font-family: Verdana, Arial, Helvetica, sans-serif; font-size: 12px; color: #000000; margin: 8px; width: 187px; text-align: center;\"><span style=\"line-height: 21px; font-size: 14px;\">\u00a0V\u00e4ri<\/span><\/td>\n<td style=\"font-family: Verdana, Arial, Helvetica, sans-serif; font-size: 12px; color: #000000; margin: 8px; width: 526px; text-align: center;\"><span style=\"font-size: 14px;\">R\u00e4\u00e4t\u00e4l\u00f6ity v\u00e4ri<\/span><\/td>\n<\/tr>\n<tr>\n<td style=\"font-family: Verdana, Arial, Helvetica, sans-serif; font-size: 12px; color: #000000; margin: 8px; width: 187px; text-align: center;\"><span style=\"line-height: 21px; font-size: 14px;\">\u00a0<span style=\"line-height: 21px; color: #333333; font-family: Arial, Helvetica; font-size: 14px; font-style: normal; font-weight: 400; background-color: #ffffff; float: none; display: inline !important;\">Lemmikkiel\u00e4intyyppi<\/span><\/span><\/td>\n<td style=\"font-family: Verdana, Arial, Helvetica, sans-serif; font-size: 12px; color: #000000; margin: 8px; width: 526px; text-align: center;\"><span style=\"line-height: 21px; font-size: 14px;\">\u00a0Kaikki koirat<\/span><\/td>\n<\/tr>\n<tr>\n<td style=\"font-family: Verdana, Arial, Helvetica, sans-serif; font-size: 12px; color: #000000; margin: 8px; width: 187px; text-align: center;\"><span style=\"line-height: 21px; font-size: 14px;\">\u00a0<span style=\"line-height: 21px; color: #333333; font-family: Arial, Helvetica; font-size: 14px; font-style: normal; font-weight: 400; background-color: #ffffff; float: none; display: inline !important;\">Toimitusaika<\/span><\/span><\/td>\n<td style=\"font-family: Verdana, Arial, Helvetica, sans-serif; font-size: 12px; color: #000000; margin: 8px; width: 526px; text-align: center;\"><span style=\"line-height: 21px; font-size: 14px;\"><span style=\"line-height: 21px; color: #000000; font-family: Verdana, Arial, Helvetica, sans-serif; font-size: 14px; font-style: normal; font-weight: 400; background-color: #ffffff; float: none; display: inline !important;\">1-5 p\u00e4iv\u00e4\u00e4 pienille m\u00e4\u00e4rille lentoteitse ja 30-35 p\u00e4iv\u00e4\u00e4 suurille m\u00e4\u00e4rille meritse.<\/span>\u00a0<\/span><\/td>\n<\/tr>\n<tr>\n<td style=\"font-family: Verdana, Arial, Helvetica, sans-serif; font-size: 12px; color: #000000; margin: 8px; width: 187px; text-align: center;\"><span style=\"line-height: 21px; font-size: 14px;\">\u00a0<span style=\"line-height: 21px; color: #333333; font-family: Arial, Helvetica; font-size: 14px; font-style: normal; font-weight: 400; background-color: #ffffff; float: none; display: inline !important;\">L\u00e4hetyssatama<\/span><\/span><\/td>\n<td style=\"font-family: Verdana, Arial, Helvetica, sans-serif; font-size: 12px; color: #000000; margin: 8px; width: 526px; text-align: center;\"><span style=\"line-height: 21px; font-size: 14px;\">Xiamen\u00a0<\/span><\/td>\n<\/tr>\n<tr>\n<td style=\"font-family: Verdana, Arial, Helvetica, sans-serif; font-size: 12px; color: #000000; margin: 8px; width: 187px; text-align: center;\"><span style=\"line-height: 21px; font-size: 14px;\">\u00a0<span style=\"line-height: 21px; color: #333333; font-family: Arial, Helvetica; font-size: 14px; font-style: normal; font-weight: 400; background-color: #ffffff; float: none; display: inline !important;\">OEM\/ODM<\/span><\/span><\/td>\n<td style=\"font-family: Verdana, Arial, Helvetica, sans-serif; font-size: 12px; color: #000000; margin: 8px; width: 526px; text-align: center;\"><span style=\"line-height: 21px; font-size: 14px;\">\u00a0<span style=\"line-height: 21px; color: #333333; font-family: Arial, Helvetica; font-size: 14px; font-style: normal; font-weight: 400; background-color: #ffffff; float: none; display: inline !important;\">Saatavilla<\/span><\/span><\/td>\n<\/tr>\n<tr>\n<td style=\"font-family: Verdana, Arial, Helvetica, sans-serif; font-size: 12px; color: #000000; margin: 8px; width: 187px; text-align: center;\"><span style=\"line-height: 21px; font-size: 14px;\">\u00a0<span style=\"line-height: 21px; color: #333333; font-family: Arial, Helvetica; font-size: 14px; font-style: normal; font-weight: 400; background-color: #ffffff; float: none; display: inline !important;\">Paketti<\/span><\/span><\/td>\n<td style=\"font-family: Verdana, Arial, Helvetica, sans-serif; font-size: 12px; color: #000000; margin: 8px; width: 526px; text-align: center;\"><span style=\"line-height: 21px; font-size: 14px;\"><span style=\"line-height: 21px; color: #333333; font-family: Arial, Helvetica; font-size: 14px; font-style: normal; font-weight: 400; background-color: #ffffff; float: none; display: inline !important;\">Kukin pakattu PPB:hen ja sitten kartonkiin tai tarpeen mukaan.<\/span><\/span><\/td>\n<\/tr>\n<\/tbody>\n<\/table>\n<p><strong>Key Features:<\/strong><\/p>\n<ul>\n<li><strong>Henkil\u00f6kohtainen suunnittelu<\/strong>: Henkil\u00f6kohtaiset kevyet koiravaljaat mahdollistavat r\u00e4\u00e4t\u00e4l\u00f6innin, joten niihin on helppo lis\u00e4t\u00e4 tuotemerkkisi logo, nimi tai ainutlaatuisia malleja. T\u00e4m\u00e4 personointi varmistaa, ett\u00e4 valjaasi erottuvat markkinoilla.<\/li>\n<li><strong>Kevyt rakenne<\/strong>: Laadukkaista, kevyist\u00e4 materiaaleista valmistetut lemmikkivaljaat ovat helppok\u00e4ytt\u00f6isi\u00e4 eiv\u00e4tk\u00e4 paina lemmikkisi alas. Kevyt rakenne takaa liikkumisvapauden ja mukavuuden k\u00e4yt\u00f6n aikana.<\/li>\n<li><strong>Comfortable Fit<\/strong>: Valjaissa on s\u00e4\u00e4dett\u00e4v\u00e4t hihnat ja pehme\u00e4 pehmuste, ja ne on suunniteltu lemmikkisi mukavuutta ajatellen. T\u00e4m\u00e4 takaa turvallisen ja miellytt\u00e4v\u00e4n istuvuuden, joka est\u00e4\u00e4 hankautumisen ja \u00e4rsytyksen my\u00f6s pidemm\u00e4n k\u00e4yt\u00f6n aikana.<\/li>\n<li><strong>Kest\u00e4vyys<\/strong>: Valjaamme on suunniteltu kest\u00e4m\u00e4\u00e4n s\u00e4\u00e4nn\u00f6llist\u00e4 k\u00e4ytt\u00f6\u00e4. Laadukkaat materiaalit ja vankka rakenne takaavat pitk\u00e4aikaisen suorituskyvyn, joten ne soveltuvat sek\u00e4 harjoituksiin ett\u00e4 p\u00e4ivitt\u00e4isiin k\u00e4velylenkkeihin.<\/li>\n<li><strong>Wholesale Availability<\/strong>: Tehtaiden suorana toimittajana tarjoamme kilpailukykyisi\u00e4 tukkuhintoja irtotilauksille. Tehokas tuotanto- ja jakeluj\u00e4rjestelm\u00e4mme takaa oikea-aikaisen toimituksen ja poikkeuksellisen asiakaspalvelun.<\/li>\n<\/ul>\n<p><strong>Miksi valita meid\u00e4t?<\/strong><\/p>\n<ul>\n<li>\n<p data-immersive-translate-walked=\"8b5afd8b-1b58-4d39-bfba-c28d7f2dd9b7\" data-immersive-translate-paragraph=\"1\"><strong data-immersive-translate-walked=\"8b5afd8b-1b58-4d39-bfba-c28d7f2dd9b7\">Factory Direct<\/strong>: Kun ostat suoraan tehtaaltamme, voit hy\u00f6ty\u00e4 alhaisemmista kustannuksista ja nopeammista toimitusajoista. Poistamme v\u00e4lik\u00e4det ja tarjoamme sinulle parhaan mahdollisen arvon.<\/p>\n<\/li>\n<li><strong>Laadunvarmistus<\/strong>: Jokaiselle valjaalle tehd\u00e4\u00e4n tiukat laadunvalvontatarkastukset sen varmistamiseksi, ett\u00e4 se t\u00e4ytt\u00e4\u00e4 korkeat standardimme. Voit luottaa siihen, ett\u00e4 tuotteemme tuottavat yrityksesi vaatiman suorituskyvyn ja luotettavuuden.<\/li>\n<li>\n<p data-immersive-translate-walked=\"8b5afd8b-1b58-4d39-bfba-c28d7f2dd9b7\" data-immersive-translate-paragraph=\"1\"><strong data-immersive-translate-walked=\"8b5afd8b-1b58-4d39-bfba-c28d7f2dd9b7\">Customizable Options<\/strong>: Tarjoamme useita r\u00e4\u00e4t\u00e4l\u00f6intivaihtoehtoja vastaamaan erityistarpeitasi. Br\u00e4nd\u00e4yksest\u00e4 muotoilumuutoksiin, teemme kanssasi yhteisty\u00f6t\u00e4 luodaksemme tuotteita, jotka vastaavat br\u00e4ndisi identiteetti\u00e4.<\/p>\n<\/li>\n<\/ul>\n<p><strong>Tilaa nyt!<\/strong><\/p>\n<p data-immersive-translate-walked=\"8b5afd8b-1b58-4d39-bfba-c28d7f2dd9b7\" data-immersive-translate-paragraph=\"1\">Yhteisty\u00f6kumppani meille kaikki henkil\u00f6kohtainen kevytrakenteesi <span style=\"color: #ff0000;\"><a style=\"color: #ff0000;\" href=\"https:\/\/pecpets.com\/fi\/tuoteryhma\/pet-harness\/\" target=\"_blank\" rel=\"noopener\">Koiran valjaat<\/a><\/span> tarpeet. Koe t\u00e4ydellinen yhdistelm\u00e4 yksil\u00f6llisyytt\u00e4, mukavuutta ja kest\u00e4vyytt\u00e4. Ota yhteytt\u00e4 jo t\u00e4n\u00e4\u00e4n saadaksesi tarjouksen ja hy\u00f6dynn\u00e4 tukkuhintojamme.<\/p>","protected":false},"excerpt":{"rendered":"<h2><strong><b>Tukku Henkil\u00f6kohtaiset kevyet koiran valjaat<\/b><\/strong><\/h2>\n<p>Tutustu yksil\u00f6llisiin kevyisiin koiravaljaisiin.<\/p>\n<p>Pid\u00e4 lemmikkisi tyylikk\u00e4\u00e4n\u00e4 laadukkailla malleillamme.<\/p>","protected":false},"featured_media":7450,"template":"","meta":{"_seopress_robots_primary_cat":"none","_seopress_titles_title":"Personalized Lightweight Dog Harness - Manufacturer","_seopress_titles_desc":"Explore our Personalized Lightweight Dog Harness, stylish and durable pet harness perfect for manufacturers. Ideal for wholesale buyers seeking premium quality.","_seopress_robots_index":"","_uag_custom_page_level_css":""},"product_brand":[],"product_cat":[358,212,355,323,359],"product_tag":[],"class_list":{"0":"post-7449","1":"product","2":"type-product","3":"status-publish","4":"has-post-thumbnail","6":"product_cat-lightweight-dog-harnesses","7":"product_cat-pet-harness","8":"product_cat-reflective-dog-harnesses","9":"product_cat-standard-harnesses","10":"product_cat-waterproof-dog-harnesses","12":"first","13":"instock","14":"shipping-taxable","15":"product-type-simple"},"uagb_featured_image_src":{"full":["https:\/\/pecpets.com\/wp-content\/uploads\/2024\/06\/\u4e3b\u56fe-01-43.jpg",1000,1000,false],"thumbnail":["https:\/\/pecpets.com\/wp-content\/uploads\/2024\/06\/\u4e3b\u56fe-01-43-150x150.jpg",150,150,true],"medium":["https:\/\/pecpets.com\/wp-content\/uploads\/2024\/06\/\u4e3b\u56fe-01-43-300x300.jpg",300,300,true],"medium_large":["https:\/\/pecpets.com\/wp-content\/uploads\/2024\/06\/\u4e3b\u56fe-01-43-768x768.jpg",768,768,true],"large":["https:\/\/pecpets.com\/wp-content\/uploads\/2024\/06\/\u4e3b\u56fe-01-43.jpg",800,800,false],"1536x1536":["https:\/\/pecpets.com\/wp-content\/uploads\/2024\/06\/\u4e3b\u56fe-01-43.jpg",1000,1000,false],"2048x2048":["https:\/\/pecpets.com\/wp-content\/uploads\/2024\/06\/\u4e3b\u56fe-01-43.jpg",1000,1000,false],"trp-custom-language-flag":["https:\/\/pecpets.com\/wp-content\/uploads\/2024\/06\/\u4e3b\u56fe-01-43.jpg",12,12,false],"woocommerce_thumbnail":["https:\/\/pecpets.com\/wp-content\/uploads\/2024\/06\/\u4e3b\u56fe-01-43-300x300.jpg",300,300,true],"woocommerce_single":["https:\/\/pecpets.com\/wp-content\/uploads\/2024\/06\/\u4e3b\u56fe-01-43-600x600.jpg",600,600,true],"woocommerce_gallery_thumbnail":["https:\/\/pecpets.com\/wp-content\/uploads\/2024\/06\/\u4e3b\u56fe-01-43-100x100.jpg",100,100,true]},"uagb_author_info":{"display_name":"Lawrence\u00a0\u52b3\u4f26\u65af","author_link":"https:\/\/pecpets.com\/fi\/author\/"},"uagb_comment_info":0,"uagb_excerpt":"Wholesale Personalized Lightweight Dog Harness Discover Personalized Lightweight Dog Harness. Keep your pets stylish with our high-quality designs.","_links":{"self":[{"href":"https:\/\/pecpets.com\/fi\/wp-json\/wp\/v2\/product\/7449","targetHints":{"allow":["GET"]}}],"collection":[{"href":"https:\/\/pecpets.com\/fi\/wp-json\/wp\/v2\/product"}],"about":[{"href":"https:\/\/pecpets.com\/fi\/wp-json\/wp\/v2\/types\/product"}],"wp:featuredmedia":[{"embeddable":true,"href":"https:\/\/pecpets.com\/fi\/wp-json\/wp\/v2\/media\/7450"}],"wp:attachment":[{"href":"https:\/\/pecpets.com\/fi\/wp-json\/wp\/v2\/media?parent=7449"}],"wp:term":[{"taxonomy":"product_brand","embeddable":true,"href":"https:\/\/pecpets.com\/fi\/wp-json\/wp\/v2\/product_brand?post=7449"},{"taxonomy":"product_cat","embeddable":true,"href":"https:\/\/pecpets.com\/fi\/wp-json\/wp\/v2\/product_cat?post=7449"},{"taxonomy":"product_tag","embeddable":true,"href":"https:\/\/pecpets.com\/fi\/wp-json\/wp\/v2\/product_tag?post=7449"}],"curies":[{"name":"wp","href":"https:\/\/api.w.org\/{rel}","templated":true}]}}