{"id":8173,"date":"2024-07-09T09:52:23","date_gmt":"2024-07-09T01:52:23","guid":{"rendered":"https:\/\/pecpets.com\/?post_type=product&#038;p=8173"},"modified":"2025-08-19T14:52:09","modified_gmt":"2025-08-19T06:52:09","slug":"cold-weather-soft-warm-pet-dog-harness-vest","status":"publish","type":"product","link":"https:\/\/pecpets.com\/fi\/product\/cold-weather-soft-warm-pet-dog-harness-vest\/","title":{"rendered":"Kylm\u00e4n s\u00e4\u00e4n pehme\u00e4 l\u00e4mmin lemmikkikoira valjaat liivi"},"content":{"rendered":"<h2 data-immersive-translate-walked=\"344be1c1-5052-41eb-8fcd-0dbe236a0d6b\" data-immersive-translate-paragraph=\"1\">Ylellinen korkealaatuinen kylm\u00e4 s\u00e4\u00e4 pehme\u00e4 l\u00e4mmin lemmikkikoira valjaat liivi - perus koiran vaatteet tukku tehtaalta<\/h2>\n<p>Esittelyss\u00e4 ylellinen korkealaatuinen kylm\u00e4 s\u00e4\u00e4 pehme\u00e4 l\u00e4mmin lemmikkikoira valjaat liivi, t\u00e4ydellinen sekoitus mukavuutta, l\u00e4mp\u00f6\u00e4 ja tyyli\u00e4 lemmikkisi kylmempin\u00e4 kuukausina. T\u00e4m\u00e4 olennainen lemmikkiel\u00e4inten vaatekappale tarjoaa ylivoimaista laatua ja ylellisyytt\u00e4. Saatavana tukkumyyntiin suoraan tehtaaltamme, se takaa huippuluokan k\u00e4sity\u00f6taidon kilpailukykyiseen hintaan.<\/p>\n<table width=\"288\">\n<tbody>\n<tr>\n<td width=\"137\"><span style=\"color: #333333;\">Tuotteen nimi<\/span><\/td>\n<td width=\"151\"><span style=\"color: #333333;\">Pet Clothes<\/span><\/td>\n<\/tr>\n<tr>\n<td><span style=\"color: #333333;\">Tuotenro.<\/span><\/td>\n<td><span style=\"color: #333333;\">P-C2103<\/span><\/td>\n<\/tr>\n<tr>\n<td><span style=\"color: #333333;\">Materiaali<\/span><\/td>\n<td>Puuvilla, polyesteri, fleece<\/td>\n<\/tr>\n<tr>\n<td><span style=\"color: #333333;\">\u00a0Koko ja v\u00e4ri<\/span><\/td>\n<td><span style=\"color: #333333;\">R\u00e4\u00e4t\u00e4l\u00f6ity<\/span><\/td>\n<\/tr>\n<tr>\n<td><span style=\"color: #333333;\">\u00a0Toimitusaika<\/span><\/td>\n<td><span style=\"color: #333333;\">1 - 5 p\u00e4iv\u00e4\u00e4 pienten m\u00e4\u00e4rien osalta lentoteitse ja 30 - 35 p\u00e4iv\u00e4\u00e4 suurten m\u00e4\u00e4rien osalta meritse.<\/span><\/td>\n<\/tr>\n<\/tbody>\n<\/table>\n<h4>Key Features:<\/h4>\n<ul>\n<li><strong>Pehme\u00e4 ja l\u00e4mmin muotoilu<\/strong>: Valmistettu korkealaatuisista, pehmeist\u00e4 materiaaleista, jotka pit\u00e4v\u00e4t lemmikkisi l\u00e4mpim\u00e4n\u00e4 ja mukavana kylm\u00e4ll\u00e4 s\u00e4\u00e4ll\u00e4.<\/li>\n<li><strong>Korkealaatuinen rakenne<\/strong>: Kest\u00e4v\u00e4 ja pitk\u00e4ik\u00e4inen, tarjoaa luotettavaa l\u00e4mp\u00f6\u00e4 ja suojaa.<\/li>\n<li><strong>Ylellisyytt\u00e4 ja tyyli\u00e4<\/strong>: Tyylik\u00e4s muotoilu, jossa yhdistyv\u00e4t toiminnallisuus ja ripaus ylellisyytt\u00e4, t\u00e4ydellinen muotitietoisille lemmikkiel\u00e4inten omistajille.<\/li>\n<li><strong>Integroitu valjaat<\/strong>: Sis\u00e4lt\u00e4\u00e4 sis\u00e4\u00e4nrakennetut valjaat, jotka takaavat mukavuuden ja turvallisuuden k\u00e4velylenkill\u00e4.<\/li>\n<li><strong>S\u00e4\u00e4dett\u00e4v\u00e4 ja turvallinen<\/strong>: Sis\u00e4lt\u00e4\u00e4 s\u00e4\u00e4dett\u00e4v\u00e4t hihnat ja turvalliset solkikiinnikkeet t\u00e4ydellist\u00e4 istuvuutta ja parempaa turvallisuutta varten.<\/li>\n<li><strong>Wholesale Availability<\/strong>: Directly from the factory, ensuring consistent quality and cost-effective pricing for bulk orders.<\/li>\n<\/ul>\n<h3>Ideal for:<\/h3>\n<ul>\n<li>Lemmikkiel\u00e4inten omistajat, jotka etsiv\u00e4t korkealaatuisia, l\u00e4mpimi\u00e4 ja tyylikk\u00e4it\u00e4 vaatteita koirilleen kylm\u00e4ll\u00e4 s\u00e4\u00e4ll\u00e4.<\/li>\n<li>J\u00e4lleenmyyj\u00e4t ja tukkukauppiaat, jotka etsiv\u00e4t ylellisi\u00e4 lemmikkiel\u00e4inten vaatteita tehtaan suoriin hintoihin.<\/li>\n<li>Yritykset, joiden tavoitteena on tarjota asiakkailleen ensiluokkaisia lemmikkiel\u00e4inten vaatteita, joissa yhdistyv\u00e4t l\u00e4mp\u00f6, mukavuus ja tyyli.<\/li>\n<\/ul>\n<p>Pid\u00e4 lemmikkisi <span style=\"color: #ff0000;\"><a style=\"color: #ff0000;\" href=\"https:\/\/pecpets.com\/fi\/tuoteryhma\/pet-clothing\/\" target=\"_blank\" rel=\"noopener\">l\u00e4mmin ja tyylik\u00e4s<\/a><\/span> ylellisell\u00e4 korkealaatuisella kylm\u00e4n s\u00e4\u00e4n pehme\u00e4ll\u00e4 l\u00e4mpim\u00e4ll\u00e4 lemmikkikoiran valjailla. Ota yhteytt\u00e4 jo t\u00e4n\u00e4\u00e4n tukkumyyntitiedusteluihin ja tehtaan suorahinnoitteluun.<\/p>","protected":false},"excerpt":{"rendered":"<h2>Tukku kylm\u00e4 s\u00e4\u00e4 pehme\u00e4 l\u00e4mmin lemmikkiel\u00e4inten koiran valjaat liivi<\/h2>\n<p>Tutustu kylm\u00e4\u00e4n s\u00e4\u00e4h\u00e4n Pehme\u00e4 l\u00e4mmin lemmikkikoira valjaat liivi.<\/p>\n<p>Pid\u00e4 lemmikkisi tyylikk\u00e4\u00e4n\u00e4 laadukkailla malleillamme.<\/p>","protected":false},"featured_media":8175,"template":"","meta":{"_seopress_robots_primary_cat":"none","_seopress_titles_title":"Cold Weather Soft Warm Pet Dog Harness Vest","_seopress_titles_desc":"Discover Cold Weather Soft Warm Pet Dog Harness Vest. Keep your pets stylish with our high-quality designs.\u00a0","_seopress_robots_index":"","_uag_custom_page_level_css":""},"product_brand":[],"product_cat":[364,341,23,355],"product_tag":[],"class_list":{"0":"post-8173","1":"product","2":"type-product","3":"status-publish","4":"has-post-thumbnail","6":"product_cat-basic-dog-clothing","7":"product_cat-dog-jacket","8":"product_cat-pet-clothing","9":"product_cat-reflective-dog-harnesses","11":"first","12":"instock","13":"shipping-taxable","14":"product-type-simple"},"uagb_featured_image_src":{"full":["https:\/\/pecpets.com\/wp-content\/uploads\/2024\/07\/H443562e578d04383924d3c9dd38e417dd.jpg",750,750,false],"thumbnail":["https:\/\/pecpets.com\/wp-content\/uploads\/2024\/07\/H443562e578d04383924d3c9dd38e417dd-150x150.jpg",150,150,true],"medium":["https:\/\/pecpets.com\/wp-content\/uploads\/2024\/07\/H443562e578d04383924d3c9dd38e417dd-300x300.jpg",300,300,true],"medium_large":["https:\/\/pecpets.com\/wp-content\/uploads\/2024\/07\/H443562e578d04383924d3c9dd38e417dd.jpg",750,750,false],"large":["https:\/\/pecpets.com\/wp-content\/uploads\/2024\/07\/H443562e578d04383924d3c9dd38e417dd.jpg",750,750,false],"1536x1536":["https:\/\/pecpets.com\/wp-content\/uploads\/2024\/07\/H443562e578d04383924d3c9dd38e417dd.jpg",750,750,false],"2048x2048":["https:\/\/pecpets.com\/wp-content\/uploads\/2024\/07\/H443562e578d04383924d3c9dd38e417dd.jpg",750,750,false],"trp-custom-language-flag":["https:\/\/pecpets.com\/wp-content\/uploads\/2024\/07\/H443562e578d04383924d3c9dd38e417dd.jpg",12,12,false],"woocommerce_thumbnail":["https:\/\/pecpets.com\/wp-content\/uploads\/2024\/07\/H443562e578d04383924d3c9dd38e417dd-300x300.jpg",300,300,true],"woocommerce_single":["https:\/\/pecpets.com\/wp-content\/uploads\/2024\/07\/H443562e578d04383924d3c9dd38e417dd-600x600.jpg",600,600,true],"woocommerce_gallery_thumbnail":["https:\/\/pecpets.com\/wp-content\/uploads\/2024\/07\/H443562e578d04383924d3c9dd38e417dd-100x100.jpg",100,100,true]},"uagb_author_info":{"display_name":"Lawrence\u00a0\u52b3\u4f26\u65af","author_link":"https:\/\/pecpets.com\/fi\/author\/"},"uagb_comment_info":0,"uagb_excerpt":"Wholesale Cold Weather Soft Warm Pet Dog Harness Vest Discover Cold Weather Soft Warm Pet Dog Harness Vest. Keep your pets stylish with our high-quality designs.","_links":{"self":[{"href":"https:\/\/pecpets.com\/fi\/wp-json\/wp\/v2\/product\/8173","targetHints":{"allow":["GET"]}}],"collection":[{"href":"https:\/\/pecpets.com\/fi\/wp-json\/wp\/v2\/product"}],"about":[{"href":"https:\/\/pecpets.com\/fi\/wp-json\/wp\/v2\/types\/product"}],"wp:featuredmedia":[{"embeddable":true,"href":"https:\/\/pecpets.com\/fi\/wp-json\/wp\/v2\/media\/8175"}],"wp:attachment":[{"href":"https:\/\/pecpets.com\/fi\/wp-json\/wp\/v2\/media?parent=8173"}],"wp:term":[{"taxonomy":"product_brand","embeddable":true,"href":"https:\/\/pecpets.com\/fi\/wp-json\/wp\/v2\/product_brand?post=8173"},{"taxonomy":"product_cat","embeddable":true,"href":"https:\/\/pecpets.com\/fi\/wp-json\/wp\/v2\/product_cat?post=8173"},{"taxonomy":"product_tag","embeddable":true,"href":"https:\/\/pecpets.com\/fi\/wp-json\/wp\/v2\/product_tag?post=8173"}],"curies":[{"name":"wp","href":"https:\/\/api.w.org\/{rel}","templated":true}]}}