{"id":8304,"date":"2024-07-10T10:58:36","date_gmt":"2024-07-10T02:58:36","guid":{"rendered":"https:\/\/pecpets.com\/?post_type=product&#038;p=8304"},"modified":"2025-08-18T17:04:30","modified_gmt":"2025-08-18T09:04:30","slug":"skid-proof-rain-snowy-running-shoes-boots","status":"publish","type":"product","link":"https:\/\/pecpets.com\/fi\/product\/skid-proof-rain-snowy-running-shoes-boots\/","title":{"rendered":"Skid-Proof Rain Snowy Juoksukeng\u00e4t Keng\u00e4t Boots"},"content":{"rendered":"<h2 data-immersive-translate-walked=\"b535e8cb-4fa8-4755-a6c9-df7ac573832a\">Korkealaatuinen luistamaton sade luminen lumi juokseva koiran keng\u00e4t - lemmikkiel\u00e4inten lis\u00e4varusteiden tukkukauppa tehtaalta<\/h2>\n<h3>Description:<\/h3>\n<p>Esittelyss\u00e4 korkealaatuiset luistamaton sade- ja lumisadejuoksukeng\u00e4t, t\u00e4ydellinen lemmikkiel\u00e4inten lis\u00e4varuste, joka pit\u00e4\u00e4 koirasi tassut suojattuna ja mukavana mill\u00e4 tahansa s\u00e4\u00e4ll\u00e4. Sek\u00e4 sade- ett\u00e4 lumiolosuhteisiin suunnitellut kest\u00e4v\u00e4t koirankeng\u00e4t tarjoavat erinomaisen pidon ja tuen. Saatavana tukkumyyntiin suoraan tehtaaltamme, ne takaavat erinomaisen laadun ja kilpailukykyisen hinnoittelun.<\/p>\n<table width=\"288\">\n<tbody>\n<tr>\n<td width=\"137\"><span style=\"color: #333333;\">Tuotteiden nimi<\/span><\/td>\n<td width=\"151\"><span style=\"color: #333333;\">Lemmikkiel\u00e4inten keng\u00e4t<\/span><\/td>\n<\/tr>\n<tr>\n<td><span style=\"color: #333333;\">Tuotenro.<\/span><\/td>\n<td><span style=\"color: #333333;\">PA-S2014<\/span><\/td>\n<\/tr>\n<tr>\n<td><span style=\"color: #333333;\">Materiaali<\/span><\/td>\n<td><span style=\"color: #333333;\">Kumi<\/span><\/td>\n<\/tr>\n<tr>\n<td><span style=\"color: #333333;\">\u00a0Koko ja v\u00e4ri<\/span><\/td>\n<td><span style=\"color: #333333;\">R\u00e4\u00e4t\u00e4l\u00f6ity<\/span><\/td>\n<\/tr>\n<tr>\n<td><span style=\"color: #333333;\">\u00a0Toimitusaika<\/span><\/td>\n<td><span style=\"color: #333333;\">1-5 p\u00e4iv\u00e4\u00e4 pienille m\u00e4\u00e4rille lentoteitse ja 30-35 p\u00e4iv\u00e4\u00e4 suurille m\u00e4\u00e4rille meritse.<\/span><\/td>\n<\/tr>\n<\/tbody>\n<\/table>\n<h4>Key Features:<\/h4>\n<ul>\n<li><strong>Luistamaton muotoilu<\/strong>: Sis\u00e4lt\u00e4\u00e4 liukastumattoman pohjan, joka tarjoaa erinomaisen pidon ja est\u00e4\u00e4 liukastumisen m\u00e4r\u00e4ll\u00e4 tai j\u00e4isell\u00e4 pinnalla.<\/li>\n<li><strong>Kaiken s\u00e4\u00e4n suojaus<\/strong>: Suunniteltu suojaamaan koiran tassuja sateelta, lumelta ja ep\u00e4tasaiselta maastolta.<\/li>\n<li><strong>Korkealaatuiset materiaalit<\/strong>: Valmistettu kest\u00e4vist\u00e4, vedenkest\u00e4vist\u00e4 kankaista, jotka takaavat mukavuuden ja pitk\u00e4ik\u00e4isyyden.<\/li>\n<li><strong>Comfortable Fit<\/strong>: Kevyt ja hengitt\u00e4v\u00e4, mik\u00e4 takaa koirallesi mukavan istuvuuden lenkkien ja k\u00e4velyjen aikana.<\/li>\n<li><strong>Easy to Wear<\/strong>: Helppo pukea jalkaan ja riisua, ja turvalliset sulkimet pit\u00e4v\u00e4t keng\u00e4t paikoillaan.<\/li>\n<li><strong>Tyylik\u00e4s ja toimiva<\/strong>: Yhdist\u00e4\u00e4 k\u00e4yt\u00e4nn\u00f6llisyyden ja tyylikk\u00e4\u00e4n muotoilun, mik\u00e4 tekee siit\u00e4 v\u00e4ltt\u00e4m\u00e4tt\u00f6m\u00e4n lemmikkitarvikkeen.<\/li>\n<li><strong>Wholesale Availability<\/strong>: Suoraan tehtaalta, mik\u00e4 takaa tasaisen laadun ja kustannustehokkaan hinnoittelun irtotilauksille.<\/li>\n<\/ul>\n<h3>Ideal for:<\/h3>\n<ul>\n<li>Lemmikkiel\u00e4inten omistajat, jotka etsiv\u00e4t koirilleen laadukkaita, luistamattomia kenki\u00e4 k\u00e4ytett\u00e4v\u00e4ksi sateisissa tai lumisissa olosuhteissa.<\/li>\n<li>V\u00e4hitt\u00e4is- ja tukkukauppiaat, jotka etsiv\u00e4t ensiluokkaisia lemmikkiel\u00e4inten tarvikkeita suoriin tehdashintoihin.<\/li>\n<li>Yritykset, joiden tavoitteena on tarjota asiakkailleen huippuluokan koirankenki\u00e4, joissa yhdistyv\u00e4t suoja, mukavuus ja tyyli.<\/li>\n<\/ul>\n<p>Varusta koirasi parhaalla tassunsuojalla korkealaatuisilla luistamattomilla sateen ja lumen est\u00e4vill\u00e4 koiran juoksukengill\u00e4. Ota meihin yhteytt\u00e4 jo t\u00e4n\u00e4\u00e4n tukkumyyntitiedustelujen ja tehtaan suorahinnoittelun vuoksi.<\/p>","protected":false},"excerpt":{"rendered":"<h2>Skid-Proof Rain Snowy Juoksukeng\u00e4t Keng\u00e4t Boots<\/h2>\n<p>Tutustu luistamaton sade luminen juoksukeng\u00e4t saappaat.<\/p>\n<p>Osta tukku lemmikkiel\u00e4inten kenki\u00e4 tehtaalta ly\u00f6m\u00e4tt\u00f6m\u00e4\u00e4n hintaan ja laadulla.<\/p>","protected":false},"featured_media":8309,"template":"","meta":{"_seopress_robots_primary_cat":"none","_seopress_titles_title":"Skid-Proof Rain Snowy Running Shoes Boots - Manufacturers","_seopress_titles_desc":"Explore our Skid-Proof Rain Snowy Running Shoes Boots. Designed for comfort, they are perfect for wholesalers. Ensure pets are comfortable on every walk.","_seopress_robots_index":"","_uag_custom_page_level_css":""},"product_brand":[],"product_cat":[330,324],"product_tag":[],"class_list":{"0":"post-8304","1":"product","2":"type-product","3":"status-publish","4":"has-post-thumbnail","6":"product_cat-dog-shoes","7":"product_cat-pet-accessory","9":"first","10":"instock","11":"shipping-taxable","12":"product-type-simple"},"uagb_featured_image_src":{"full":["https:\/\/pecpets.com\/wp-content\/uploads\/2024\/07\/O1CN01oMMGZJ1iSHiSeBr4b_2756954411-0-cib.jpg",800,800,false],"thumbnail":["https:\/\/pecpets.com\/wp-content\/uploads\/2024\/07\/O1CN01oMMGZJ1iSHiSeBr4b_2756954411-0-cib-150x150.jpg",150,150,true],"medium":["https:\/\/pecpets.com\/wp-content\/uploads\/2024\/07\/O1CN01oMMGZJ1iSHiSeBr4b_2756954411-0-cib-300x300.jpg",300,300,true],"medium_large":["https:\/\/pecpets.com\/wp-content\/uploads\/2024\/07\/O1CN01oMMGZJ1iSHiSeBr4b_2756954411-0-cib-768x768.jpg",768,768,true],"large":["https:\/\/pecpets.com\/wp-content\/uploads\/2024\/07\/O1CN01oMMGZJ1iSHiSeBr4b_2756954411-0-cib.jpg",800,800,false],"1536x1536":["https:\/\/pecpets.com\/wp-content\/uploads\/2024\/07\/O1CN01oMMGZJ1iSHiSeBr4b_2756954411-0-cib.jpg",800,800,false],"2048x2048":["https:\/\/pecpets.com\/wp-content\/uploads\/2024\/07\/O1CN01oMMGZJ1iSHiSeBr4b_2756954411-0-cib.jpg",800,800,false],"trp-custom-language-flag":["https:\/\/pecpets.com\/wp-content\/uploads\/2024\/07\/O1CN01oMMGZJ1iSHiSeBr4b_2756954411-0-cib.jpg",12,12,false],"woocommerce_thumbnail":["https:\/\/pecpets.com\/wp-content\/uploads\/2024\/07\/O1CN01oMMGZJ1iSHiSeBr4b_2756954411-0-cib-300x300.jpg",300,300,true],"woocommerce_single":["https:\/\/pecpets.com\/wp-content\/uploads\/2024\/07\/O1CN01oMMGZJ1iSHiSeBr4b_2756954411-0-cib-600x600.jpg",600,600,true],"woocommerce_gallery_thumbnail":["https:\/\/pecpets.com\/wp-content\/uploads\/2024\/07\/O1CN01oMMGZJ1iSHiSeBr4b_2756954411-0-cib-100x100.jpg",100,100,true]},"uagb_author_info":{"display_name":"Lawrence\u00a0\u52b3\u4f26\u65af","author_link":"https:\/\/pecpets.com\/fi\/author\/"},"uagb_comment_info":0,"uagb_excerpt":"Skid-Proof Rain Snowy Running Shoes Boots Explore Skid-Proof Rain Snowy Running Shoes Boots. Shop wholesale pet shoes from the factory for unbeatable prices and quality.","_links":{"self":[{"href":"https:\/\/pecpets.com\/fi\/wp-json\/wp\/v2\/product\/8304","targetHints":{"allow":["GET"]}}],"collection":[{"href":"https:\/\/pecpets.com\/fi\/wp-json\/wp\/v2\/product"}],"about":[{"href":"https:\/\/pecpets.com\/fi\/wp-json\/wp\/v2\/types\/product"}],"wp:featuredmedia":[{"embeddable":true,"href":"https:\/\/pecpets.com\/fi\/wp-json\/wp\/v2\/media\/8309"}],"wp:attachment":[{"href":"https:\/\/pecpets.com\/fi\/wp-json\/wp\/v2\/media?parent=8304"}],"wp:term":[{"taxonomy":"product_brand","embeddable":true,"href":"https:\/\/pecpets.com\/fi\/wp-json\/wp\/v2\/product_brand?post=8304"},{"taxonomy":"product_cat","embeddable":true,"href":"https:\/\/pecpets.com\/fi\/wp-json\/wp\/v2\/product_cat?post=8304"},{"taxonomy":"product_tag","embeddable":true,"href":"https:\/\/pecpets.com\/fi\/wp-json\/wp\/v2\/product_tag?post=8304"}],"curies":[{"name":"wp","href":"https:\/\/api.w.org\/{rel}","templated":true}]}}