{"id":8325,"date":"2024-07-10T14:14:34","date_gmt":"2024-07-10T06:14:34","guid":{"rendered":"https:\/\/pecpets.com\/?post_type=product&#038;p=8325"},"modified":"2025-08-18T17:04:24","modified_gmt":"2025-08-18T09:04:24","slug":"pet-outdoor-snow-boots","status":"publish","type":"product","link":"https:\/\/pecpets.com\/fi\/product\/pet-outdoor-snow-boots\/","title":{"rendered":"Lemmikki Outdoor Snow saappaat"},"content":{"rendered":"<h2 data-immersive-translate-walked=\"b535e8cb-4fa8-4755-a6c9-df7ac573832a\">Korkealaatuiset lemmikkiel\u00e4inten ulkolumisaappaat - koiran keng\u00e4t ja lemmikkiel\u00e4inten tarvikkeet tukkumyynti tehtaalta<\/h2>\n<h3>Description:<\/h3>\n<p>Varusta lemmikkisi korkealaatuisilla lemmikkiel\u00e4inten ulkolumisaappailla, jotka ovat \u00e4\u00e4rimm\u00e4iset koiran keng\u00e4t, jotka on suunniteltu suojaamaan niiden tassuja lumisissa ja ankarissa s\u00e4\u00e4olosuhteissa. N\u00e4m\u00e4 kest\u00e4v\u00e4t lemmikkiel\u00e4inten tarvikkeet on rakennettu tarjoamaan l\u00e4mp\u00f6\u00e4, mukavuutta ja pitoa. Saatavana tukkumyyntiin suoraan tehtaaltamme, ne tarjoavat erinomaista laatua ja kilpailukykyist\u00e4 hinnoittelua.<\/p>\n<table width=\"288\">\n<tbody>\n<tr>\n<td width=\"137\"><span style=\"color: #333333;\">Tuotteiden nimi<\/span><\/td>\n<td width=\"151\"><span style=\"color: #333333;\">Lemmikkiel\u00e4inten keng\u00e4t<\/span><\/td>\n<\/tr>\n<tr>\n<td><span style=\"color: #333333;\">Tuotenro.<\/span><\/td>\n<td><span style=\"color: #333333;\">PA-S2013<\/span><\/td>\n<\/tr>\n<tr>\n<td><span style=\"color: #333333;\">Materiaali<\/span><\/td>\n<td><span style=\"color: #333333;\">Kumi<\/span><\/td>\n<\/tr>\n<tr>\n<td><span style=\"color: #333333;\">\u00a0Koko ja v\u00e4ri<\/span><\/td>\n<td><span style=\"color: #333333;\">R\u00e4\u00e4t\u00e4l\u00f6ity<\/span><\/td>\n<\/tr>\n<tr>\n<td><span style=\"color: #333333;\">\u00a0Toimitusaika<\/span><\/td>\n<td><span style=\"color: #333333;\">1-5 p\u00e4iv\u00e4\u00e4 pienille m\u00e4\u00e4rille lentoteitse ja 30-35 p\u00e4iv\u00e4\u00e4 suurille m\u00e4\u00e4rille meritse.<\/span><\/td>\n<\/tr>\n<\/tbody>\n<\/table>\n<h4>Key Features:<\/h4>\n<ul>\n<li><strong>Kaiken s\u00e4\u00e4n suojaus<\/strong>: Suunniteltu suojaamaan koiran tassuja lumelta, j\u00e4\u00e4lt\u00e4 ja kylm\u00e4lt\u00e4, varmistaen, ett\u00e4 ne pysyv\u00e4t l\u00e4mpimin\u00e4 ja kuivina.<\/li>\n<li><strong>Luistamaton muotoilu<\/strong>: Sis\u00e4lt\u00e4\u00e4 liukumattoman pohjan, joka tarjoaa erinomaisen pidon liukkailla pinnoilla.<\/li>\n<li><strong>Korkealaatuiset materiaalit<\/strong>: Valmistettu kest\u00e4vist\u00e4, vedenkest\u00e4vist\u00e4 materiaaleista, jotka takaavat kest\u00e4vyyden ja pitk\u00e4aikaisen k\u00e4yt\u00f6n.<\/li>\n<li><strong>Comfortable Fit<\/strong>: Kevyt ja hengitt\u00e4v\u00e4 muotoilu, joka takaa lemmikillesi mukavan ja miellytt\u00e4v\u00e4n istuvuuden.<\/li>\n<li><strong>Easy to Wear<\/strong>: Helppo pukea jalkaan ja riisua, ja turvalliset sulkimet pit\u00e4v\u00e4t saappaat tukevasti paikoillaan.<\/li>\n<li><strong>Stylish and Practical<\/strong>: Yhdist\u00e4\u00e4 toiminnallisuuden ja tyylikk\u00e4\u00e4n muotoilun, joten se on jokaisen lemmikinomistajan pakollinen lis\u00e4varuste.<\/li>\n<li><strong>Wholesale Availability<\/strong>: Directly from the factory, ensuring consistent quality and cost-effective pricing for bulk orders.<\/li>\n<\/ul>\n<h3>Ideal for:<\/h3>\n<ul>\n<li>Pet owners are seeking high-quality, protective snow boots for their dogs.<\/li>\n<li>V\u00e4hitt\u00e4is- ja tukkukauppiaat, jotka etsiv\u00e4t ensiluokkaisia lemmikkiel\u00e4inten tarvikkeita suoriin tehdashintoihin.<\/li>\n<li>Businesses aim to offer their customers top-tier dog shoes that blend protection, comfort, and style.<\/li>\n<\/ul>\n<p>Suojaa koirasi tassut korkealaatuisilla lemmikkiel\u00e4inten ulkolumisaappailla. Ota meihin yhteytt\u00e4 jo t\u00e4n\u00e4\u00e4n tukkumyyntitiedustelujen ja tehtaan suorahinnoittelun vuoksi.<\/p>","protected":false},"excerpt":{"rendered":"<h2>Lemmikki Outdoor Snow saappaat<\/h2>\n<p>Explore Pet Outdoor Snow Boots.<\/p>\n<p>Osta tukku lemmikkiel\u00e4inten kenki\u00e4 tehtaalta ly\u00f6m\u00e4tt\u00f6m\u00e4\u00e4n hintaan ja laadulla.<\/p>","protected":false},"featured_media":8336,"template":"","meta":{"_seopress_robots_primary_cat":"none","_seopress_titles_title":"Pet Shoes: Pet Outdoor Snow Boots - Manufacturers","_seopress_titles_desc":"Explore our Pet Outdoor Snow Boots. Designed for comfort, they are perfect for wholesalers. Ensure pets are comfortable on every walk.","_seopress_robots_index":"","_uag_custom_page_level_css":""},"product_brand":[],"product_cat":[330,324],"product_tag":[],"class_list":{"0":"post-8325","1":"product","2":"type-product","3":"status-publish","4":"has-post-thumbnail","6":"product_cat-dog-shoes","7":"product_cat-pet-accessory","9":"first","10":"instock","11":"shipping-taxable","12":"product-type-simple"},"uagb_featured_image_src":{"full":["https:\/\/pecpets.com\/wp-content\/uploads\/2024\/07\/b8846137-a788-4c32-a268-ca732ba65a66.jpeg",1500,1500,false],"thumbnail":["https:\/\/pecpets.com\/wp-content\/uploads\/2024\/07\/b8846137-a788-4c32-a268-ca732ba65a66-150x150.jpeg",150,150,true],"medium":["https:\/\/pecpets.com\/wp-content\/uploads\/2024\/07\/b8846137-a788-4c32-a268-ca732ba65a66-300x300.jpeg",300,300,true],"medium_large":["https:\/\/pecpets.com\/wp-content\/uploads\/2024\/07\/b8846137-a788-4c32-a268-ca732ba65a66-768x768.jpeg",768,768,true],"large":["https:\/\/pecpets.com\/wp-content\/uploads\/2024\/07\/b8846137-a788-4c32-a268-ca732ba65a66-1024x1024.jpeg",800,800,true],"1536x1536":["https:\/\/pecpets.com\/wp-content\/uploads\/2024\/07\/b8846137-a788-4c32-a268-ca732ba65a66.jpeg",1500,1500,false],"2048x2048":["https:\/\/pecpets.com\/wp-content\/uploads\/2024\/07\/b8846137-a788-4c32-a268-ca732ba65a66.jpeg",1500,1500,false],"trp-custom-language-flag":["https:\/\/pecpets.com\/wp-content\/uploads\/2024\/07\/b8846137-a788-4c32-a268-ca732ba65a66.jpeg",12,12,false],"woocommerce_thumbnail":["https:\/\/pecpets.com\/wp-content\/uploads\/2024\/07\/b8846137-a788-4c32-a268-ca732ba65a66-300x300.jpeg",300,300,true],"woocommerce_single":["https:\/\/pecpets.com\/wp-content\/uploads\/2024\/07\/b8846137-a788-4c32-a268-ca732ba65a66-600x600.jpeg",600,600,true],"woocommerce_gallery_thumbnail":["https:\/\/pecpets.com\/wp-content\/uploads\/2024\/07\/b8846137-a788-4c32-a268-ca732ba65a66-100x100.jpeg",100,100,true]},"uagb_author_info":{"display_name":"Lawrence\u00a0\u52b3\u4f26\u65af","author_link":"https:\/\/pecpets.com\/fi\/author\/"},"uagb_comment_info":0,"uagb_excerpt":"Pet Outdoor Snow Boots Explore Pet Outdoor Snow Boots. Shop wholesale pet shoes from the factory for unbeatable prices and quality.","_links":{"self":[{"href":"https:\/\/pecpets.com\/fi\/wp-json\/wp\/v2\/product\/8325","targetHints":{"allow":["GET"]}}],"collection":[{"href":"https:\/\/pecpets.com\/fi\/wp-json\/wp\/v2\/product"}],"about":[{"href":"https:\/\/pecpets.com\/fi\/wp-json\/wp\/v2\/types\/product"}],"wp:featuredmedia":[{"embeddable":true,"href":"https:\/\/pecpets.com\/fi\/wp-json\/wp\/v2\/media\/8336"}],"wp:attachment":[{"href":"https:\/\/pecpets.com\/fi\/wp-json\/wp\/v2\/media?parent=8325"}],"wp:term":[{"taxonomy":"product_brand","embeddable":true,"href":"https:\/\/pecpets.com\/fi\/wp-json\/wp\/v2\/product_brand?post=8325"},{"taxonomy":"product_cat","embeddable":true,"href":"https:\/\/pecpets.com\/fi\/wp-json\/wp\/v2\/product_cat?post=8325"},{"taxonomy":"product_tag","embeddable":true,"href":"https:\/\/pecpets.com\/fi\/wp-json\/wp\/v2\/product_tag?post=8325"}],"curies":[{"name":"wp","href":"https:\/\/api.w.org\/{rel}","templated":true}]}}