{"id":8480,"date":"2024-07-11T15:26:06","date_gmt":"2024-07-11T07:26:06","guid":{"rendered":"https:\/\/pecpets.com\/?post_type=product&#038;p=8480"},"modified":"2025-08-20T17:21:19","modified_gmt":"2025-08-20T09:21:19","slug":"wholesale-blank-hoodies-pet-dog","status":"publish","type":"product","link":"https:\/\/pecpets.com\/fi\/product\/wholesale-blank-hoodies-pet-dog\/","title":{"rendered":"Wholesale Blank Hoodies Pet Dog"},"content":{"rendered":"<h2 data-immersive-translate-walked=\"f36f68ab-127d-4e10-955b-f6ada5d45339\">Tukku tyhj\u00e4 hupparit Pet Dog - korkealaatuiset lemmikkiel\u00e4inten vaatteet ja koiran vaatteet tehtaalta<\/h2>\n<h3>Description:<\/h3>\n<p>Discover our Wholesale Blank Hoodies for Pet Dogs, the perfect pet apparel designed for comfort and customization.<\/p>\n<p>These high-quality dog clothes provide warmth and style, making them ideal for everyday wear or personalized designs.<\/p>\n<p>Available directly from our factory, they offer exceptional quality and competitive pricing for bulk orders.<\/p>\n<table style=\"height: 269px;\" width=\"287\">\n<tbody>\n<tr>\n<td width=\"137\"><span style=\"color: #333333;\">Tuotteen nimi<\/span><\/td>\n<td width=\"151\"><span style=\"color: #333333;\">Pet Clothes<\/span><\/td>\n<\/tr>\n<tr>\n<td><span style=\"color: #333333;\">Tuotenro.<\/span><\/td>\n<td><span style=\"color: #333333;\">P-C2204<\/span><\/td>\n<\/tr>\n<tr>\n<td><span style=\"color: #333333;\">Materiaali<\/span><\/td>\n<td>Puuvilla, polyesteri, fleece<\/td>\n<\/tr>\n<tr>\n<td><span style=\"color: #333333;\">\u00a0Koko ja v\u00e4ri<\/span><\/td>\n<td><span style=\"color: #333333;\">R\u00e4\u00e4t\u00e4l\u00f6ity<\/span><\/td>\n<\/tr>\n<tr>\n<td><span style=\"color: #333333;\">\u00a0Toimitusaika<\/span><\/td>\n<td><span style=\"color: #333333;\">1 - 5 p\u00e4iv\u00e4\u00e4 pienten m\u00e4\u00e4rien osalta lentoteitse ja 30 - 35 p\u00e4iv\u00e4\u00e4 suurten m\u00e4\u00e4rien osalta meritse.<\/span><\/td>\n<\/tr>\n<\/tbody>\n<\/table>\n<h4>Key Features:<\/h4>\n<ul>\n<li><strong>Korkealaatuinen kangas<\/strong>: Valmistettu pehmeist\u00e4, kest\u00e4vist\u00e4 materiaaleista, jotka tarjoavat mukavuutta ja l\u00e4mp\u00f6\u00e4.<\/li>\n<li><strong>T\u00e4ydellinen r\u00e4\u00e4t\u00e4l\u00f6intiin<\/strong>: Tyhj\u00e4 muotoilu sopii erinomaisesti logojen, mallien tai tuotemerkkien personointiin.<\/li>\n<li><strong>Comfortable Fit<\/strong>: Suunniteltu sopimaan koirille mukavasti ja helppok\u00e4ytt\u00f6inen huppari.<\/li>\n<li><strong>Monipuolinen k\u00e4ytt\u00f6<\/strong>: Sopii jokap\u00e4iv\u00e4iseen k\u00e4ytt\u00f6\u00f6n, erityistilaisuuksiin tai mainostapahtumiin.<\/li>\n<li><strong>Helppo puhdistaa<\/strong>: Konepest\u00e4v\u00e4 ja helppo huoltaa, mik\u00e4 takaa mukavuuden lemmikkiel\u00e4inten omistajille.<\/li>\n<li><strong>Stylish and Practical<\/strong>: Yhdist\u00e4\u00e4 toiminnallisuuden ja tyylikk\u00e4\u00e4n, tyhj\u00e4n kankaan muotoilun.<\/li>\n<li><strong>Wholesale Availability<\/strong>: Directly from the factory, ensuring consistent quality and cost-effective pricing for bulk orders.<\/li>\n<\/ul>\n<h3>Ideal for:<\/h3>\n<ul>\n<li>Pet owners are looking for high-quality blank hoodies for their dogs.<\/li>\n<li>Retailers and wholesalers seeking premium dog clothes at factory-direct prices.<\/li>\n<li>Yritykset, joiden tavoitteena on tarjota r\u00e4\u00e4t\u00e4l\u00f6it\u00e4viss\u00e4 olevia lemmikkiel\u00e4inten vaatteita br\u00e4nd\u00e4ys- tai myynninedist\u00e4mistarkoituksiin.<\/li>\n<\/ul>\n<p>Enhance your pet apparel collection with our versatile Wholesale Blank Hoodies for Pet Dogs.<\/p>\n<p>Ota meihin yhteytt\u00e4 jo t\u00e4n\u00e4\u00e4n <span style=\"color: #ff0000;\"><a style=\"color: #ff0000;\" href=\"https:\/\/pecpets.com\/fi\/tuoteryhma\/pet-clothing\/\" target=\"_blank\" rel=\"noopener\">tukkumyynti\u00e4 koskevat tiedustelut<\/a><\/span> ja tehtaan suora hinnoittelu.<\/p>","protected":false},"excerpt":{"rendered":"<h2><strong><b>Tukku Tukku tyhj\u00e4 hupparit lemmikkiel\u00e4inten koira<\/b><\/strong><\/h2>\n<p>Tutustu tukku tyhj\u00e4 hupparit Pet Dog.<\/p>\n<p>Pid\u00e4 lemmikkisi tyylikk\u00e4\u00e4n\u00e4 laadukkailla malleillamme.<\/p>\n<h3><\/h3>","protected":false},"featured_media":8478,"template":"","meta":{"_seopress_robots_primary_cat":"none","_seopress_titles_title":"Pet Clothes:Wholesale Blank Hoodies Pet Dog - Manufacturer","_seopress_titles_desc":"Explore our Wholesale Blank Hoodies Pet Dog, including pet halloween Costumes. Shop wholesale pet clothes from the factory for unbeatable prices and quality","_seopress_robots_index":"","_seopress_analysis_target_kw":"Wholesale Blank Hoodies Pet Dog","_uag_custom_page_level_css":""},"product_brand":[],"product_cat":[364,23,389],"product_tag":[],"class_list":{"0":"post-8480","1":"product","2":"type-product","3":"status-publish","4":"has-post-thumbnail","6":"product_cat-basic-dog-clothing","7":"product_cat-pet-clothing","8":"product_cat-pet-hoodies","10":"first","11":"instock","12":"shipping-taxable","13":"product-type-simple"},"uagb_featured_image_src":{"full":["https:\/\/pecpets.com\/wp-content\/uploads\/2024\/07\/Wholesale-Blank-Hoodies-Pet-Dog5.jpeg",800,800,false],"thumbnail":["https:\/\/pecpets.com\/wp-content\/uploads\/2024\/07\/Wholesale-Blank-Hoodies-Pet-Dog5-150x150.jpeg",150,150,true],"medium":["https:\/\/pecpets.com\/wp-content\/uploads\/2024\/07\/Wholesale-Blank-Hoodies-Pet-Dog5-300x300.jpeg",300,300,true],"medium_large":["https:\/\/pecpets.com\/wp-content\/uploads\/2024\/07\/Wholesale-Blank-Hoodies-Pet-Dog5-768x768.jpeg",768,768,true],"large":["https:\/\/pecpets.com\/wp-content\/uploads\/2024\/07\/Wholesale-Blank-Hoodies-Pet-Dog5.jpeg",800,800,false],"1536x1536":["https:\/\/pecpets.com\/wp-content\/uploads\/2024\/07\/Wholesale-Blank-Hoodies-Pet-Dog5.jpeg",800,800,false],"2048x2048":["https:\/\/pecpets.com\/wp-content\/uploads\/2024\/07\/Wholesale-Blank-Hoodies-Pet-Dog5.jpeg",800,800,false],"trp-custom-language-flag":["https:\/\/pecpets.com\/wp-content\/uploads\/2024\/07\/Wholesale-Blank-Hoodies-Pet-Dog5-12x12.jpeg",12,12,true],"woocommerce_thumbnail":["https:\/\/pecpets.com\/wp-content\/uploads\/2024\/07\/Wholesale-Blank-Hoodies-Pet-Dog5-300x300.jpeg",300,300,true],"woocommerce_single":["https:\/\/pecpets.com\/wp-content\/uploads\/2024\/07\/Wholesale-Blank-Hoodies-Pet-Dog5-600x600.jpeg",600,600,true],"woocommerce_gallery_thumbnail":["https:\/\/pecpets.com\/wp-content\/uploads\/2024\/07\/Wholesale-Blank-Hoodies-Pet-Dog5-100x100.jpeg",100,100,true]},"uagb_author_info":{"display_name":"Lawrence\u00a0\u52b3\u4f26\u65af","author_link":"https:\/\/pecpets.com\/fi\/author\/"},"uagb_comment_info":0,"uagb_excerpt":"Wholesale Wholesale Blank Hoodies Pet Dog Discover Wholesale Blank Hoodies Pet Dog. Keep your pets stylish with our high-quality designs.","_links":{"self":[{"href":"https:\/\/pecpets.com\/fi\/wp-json\/wp\/v2\/product\/8480","targetHints":{"allow":["GET"]}}],"collection":[{"href":"https:\/\/pecpets.com\/fi\/wp-json\/wp\/v2\/product"}],"about":[{"href":"https:\/\/pecpets.com\/fi\/wp-json\/wp\/v2\/types\/product"}],"wp:featuredmedia":[{"embeddable":true,"href":"https:\/\/pecpets.com\/fi\/wp-json\/wp\/v2\/media\/8478"}],"wp:attachment":[{"href":"https:\/\/pecpets.com\/fi\/wp-json\/wp\/v2\/media?parent=8480"}],"wp:term":[{"taxonomy":"product_brand","embeddable":true,"href":"https:\/\/pecpets.com\/fi\/wp-json\/wp\/v2\/product_brand?post=8480"},{"taxonomy":"product_cat","embeddable":true,"href":"https:\/\/pecpets.com\/fi\/wp-json\/wp\/v2\/product_cat?post=8480"},{"taxonomy":"product_tag","embeddable":true,"href":"https:\/\/pecpets.com\/fi\/wp-json\/wp\/v2\/product_tag?post=8480"}],"curies":[{"name":"wp","href":"https:\/\/api.w.org\/{rel}","templated":true}]}}