{"id":8481,"date":"2024-07-11T15:39:15","date_gmt":"2024-07-11T07:39:15","guid":{"rendered":"https:\/\/pecpets.com\/?post_type=product&#038;p=8481"},"modified":"2024-10-28T11:24:17","modified_gmt":"2024-10-28T03:24:17","slug":"multi-colors-warm-winter-dog-hoodie-coat","status":"publish","type":"product","link":"https:\/\/pecpets.com\/fi\/product\/multi-colors-warm-winter-dog-hoodie-coat\/","title":{"rendered":"Multi-Colors Warm Winter Dog Hoodie Coat"},"content":{"rendered":"<h2 data-immersive-translate-walked=\"f36f68ab-127d-4e10-955b-f6ada5d45339\">Moniv\u00e4rinen l\u00e4mmin talvi koiran huppari takki - korkealaatuiset lemmikkiel\u00e4inten vaatteet ja koiran vaatteet tukkumyynti tehtaalta<\/h2>\n<h3>Description:<\/h3>\n<p>Esittelemme moniv\u00e4risen l\u00e4mpim\u00e4n talvi-koiran hupparitakin, joka on t\u00e4ydellinen lemmikkiel\u00e4inten vaatetus, joka on suunniteltu pit\u00e4m\u00e4\u00e4n karvainen yst\u00e4v\u00e4si viihtyis\u00e4n\u00e4 ja tyylikk\u00e4\u00e4n\u00e4 kylmin\u00e4 kuukausina. N\u00e4m\u00e4 laadukkaat koiranvaatteet tarjoavat l\u00e4mp\u00f6\u00e4, mukavuutta ja v\u00e4ril\u00e4iski\u00e4, joten ne ovat jokaisen lemmikinomistajan ehdoton hankinta. Saatavana tukkumyynniss\u00e4 suoraan tehtaaltamme, ne takaavat erinomaisen laadun ja kilpailukykyisen hinnoittelun.<\/p>\n<table style=\"border-collapse: collapse; background-color: #ffffff; width: 332px; height: 243px;\" border=\"1\">\n<tbody>\n<tr>\n<td style=\"font-family: Verdana, Arial, Helvetica, sans-serif; font-size: 12px; color: #000000; margin: 8px; width: 187px; text-align: center;\"><span style=\"line-height: 21px; font-size: 14px;\">Tuotteiden nimi<\/span><\/td>\n<td style=\"font-family: Verdana, Arial, Helvetica, sans-serif; font-size: 12px; color: #000000; margin: 8px; width: 526px; text-align: center;\"><span style=\"font-size: 14px;\">Pet Hoodies<\/span><\/td>\n<\/tr>\n<tr>\n<td style=\"font-family: Verdana, Arial, Helvetica, sans-serif; font-size: 12px; color: #000000; margin: 8px; width: 187px; text-align: center;\"><span style=\"line-height: 21px; font-size: 14px;\">Tuotenro.<\/span><\/td>\n<td style=\"font-family: Verdana, Arial, Helvetica, sans-serif; font-size: 12px; color: #000000; margin: 8px; width: 526px; text-align: center;\"><span style=\"font-size: 14px;\">P-H2008<\/span><\/td>\n<\/tr>\n<tr>\n<td style=\"font-family: Verdana, Arial, Helvetica, sans-serif; font-size: 12px; color: #000000; margin: 8px; width: 187px; text-align: center;\"><span style=\"line-height: 21px; color: #333333; font-family: Arial, Helvetica; font-size: 14px; font-style: normal; font-weight: 400; background-color: #ffffff; float: none; display: inline !important;\">Materiaali<\/span><\/td>\n<td style=\"font-family: Verdana, Arial, Helvetica, sans-serif; font-size: 12px; color: #000000; margin: 8px; width: 526px; text-align: center;\"><span style=\"color: #222222; font-family: Helvetica, Tahoma, Arial; font-size: 14px; font-style: normal; font-weight: 500; background-color: #ffffff; float: none; display: inline !important;\">Cotton, Polyester<\/span><\/td>\n<\/tr>\n<tr>\n<td style=\"font-family: Verdana, Arial, Helvetica, sans-serif; font-size: 12px; color: #000000; margin: 8px; width: 187px; text-align: center;\"><span style=\"line-height: 21px; font-size: 14px;\">\u00a0Koko<\/span><\/td>\n<td style=\"font-family: Verdana, Arial, Helvetica, sans-serif; font-size: 12px; color: #000000; margin: 8px; width: 526px; text-align: center;\">Mukautettu koko<\/td>\n<\/tr>\n<tr>\n<td style=\"font-family: Verdana, Arial, Helvetica, sans-serif; font-size: 12px; color: #000000; margin: 8px; width: 187px; text-align: center;\"><span style=\"line-height: 21px; font-size: 14px;\">\u00a0V\u00e4ri<\/span><\/td>\n<td style=\"font-family: Verdana, Arial, Helvetica, sans-serif; font-size: 12px; color: #000000; margin: 8px; width: 526px; text-align: center;\"><span style=\"line-height: 21px; font-size: 14px;\">Mukautettu v\u00e4ri\u00a0<\/span><\/td>\n<\/tr>\n<tr>\n<td style=\"font-family: Verdana, Arial, Helvetica, sans-serif; font-size: 12px; color: #000000; margin: 8px; width: 187px; text-align: center;\"><span style=\"line-height: 21px; font-size: 14px;\">\u00a0<span style=\"line-height: 21px; color: #333333; font-family: Arial, Helvetica; font-size: 14px; font-style: normal; font-weight: 400; background-color: #ffffff; float: none; display: inline !important;\">Lemmikkiel\u00e4intyyppi<\/span><\/span><\/td>\n<td style=\"font-family: Verdana, Arial, Helvetica, sans-serif; font-size: 12px; color: #000000; margin: 8px; width: 526px; text-align: center;\"><span style=\"line-height: 21px; font-size: 14px;\">\u00a0Kaikki koirat<\/span><\/td>\n<\/tr>\n<tr>\n<td style=\"font-family: Verdana, Arial, Helvetica, sans-serif; font-size: 12px; color: #000000; margin: 8px; width: 187px; text-align: center;\"><span style=\"line-height: 21px; font-size: 14px;\">\u00a0<span style=\"line-height: 21px; color: #333333; font-family: Arial, Helvetica; font-size: 14px; font-style: normal; font-weight: 400; background-color: #ffffff; float: none; display: inline !important;\">Toimitusaika<\/span><\/span><\/td>\n<td style=\"font-family: Verdana, Arial, Helvetica, sans-serif; font-size: 12px; color: #000000; margin: 8px; width: 526px; text-align: center;\"><span style=\"line-height: 21px; font-size: 14px;\"><span style=\"line-height: 21px; color: #000000; font-family: Verdana, Arial, Helvetica, sans-serif; font-size: 14px; font-style: normal; font-weight: 400; background-color: #ffffff; float: none; display: inline !important;\">1-5 p\u00e4iv\u00e4\u00e4 pienille m\u00e4\u00e4rille lentoteitse ja 30-35 p\u00e4iv\u00e4\u00e4 suurille m\u00e4\u00e4rille meritse.<\/span>\u00a0<\/span><\/td>\n<\/tr>\n<tr>\n<td style=\"font-family: Verdana, Arial, Helvetica, sans-serif; font-size: 12px; color: #000000; margin: 8px; width: 187px; text-align: center;\"><span style=\"line-height: 21px; font-size: 14px;\">\u00a0<span style=\"line-height: 21px; color: #333333; font-family: Arial, Helvetica; font-size: 14px; font-style: normal; font-weight: 400; background-color: #ffffff; float: none; display: inline !important;\">L\u00e4hetyssatama<\/span><\/span><\/td>\n<td style=\"font-family: Verdana, Arial, Helvetica, sans-serif; font-size: 12px; color: #000000; margin: 8px; width: 526px; text-align: center;\"><span style=\"line-height: 21px; font-size: 14px;\">Xiamen\u00a0<\/span><\/td>\n<\/tr>\n<tr>\n<td style=\"font-family: Verdana, Arial, Helvetica, sans-serif; font-size: 12px; color: #000000; margin: 8px; width: 187px; text-align: center;\"><span style=\"line-height: 21px; font-size: 14px;\">\u00a0<span style=\"line-height: 21px; color: #333333; font-family: Arial, Helvetica; font-size: 14px; font-style: normal; font-weight: 400; background-color: #ffffff; float: none; display: inline !important;\">OEM\/ODM<\/span><\/span><\/td>\n<td style=\"font-family: Verdana, Arial, Helvetica, sans-serif; font-size: 12px; color: #000000; margin: 8px; width: 526px; text-align: center;\"><span style=\"line-height: 21px; font-size: 14px;\">\u00a0<span style=\"line-height: 21px; color: #333333; font-family: Arial, Helvetica; font-size: 14px; font-style: normal; font-weight: 400; background-color: #ffffff; float: none; display: inline !important;\">Saatavilla<\/span><\/span><\/td>\n<\/tr>\n<tr>\n<td style=\"font-family: Verdana, Arial, Helvetica, sans-serif; font-size: 12px; color: #000000; margin: 8px; width: 187px; text-align: center;\"><span style=\"line-height: 21px; font-size: 14px;\">\u00a0<span style=\"line-height: 21px; color: #333333; font-family: Arial, Helvetica; font-size: 14px; font-style: normal; font-weight: 400; background-color: #ffffff; float: none; display: inline !important;\">Paketti<\/span><\/span><\/td>\n<td style=\"font-family: Verdana, Arial, Helvetica, sans-serif; font-size: 12px; color: #000000; margin: 8px; width: 526px; text-align: center;\"><span style=\"line-height: 21px; font-size: 14px;\"><span style=\"line-height: 21px; color: #333333; font-family: Arial, Helvetica; font-size: 14px; font-style: normal; font-weight: 400; background-color: #ffffff; float: none; display: inline !important;\">Kukin pakattu PPB:hen ja sitten kartonkiin tai tarpeen mukaan.<\/span><\/span><\/td>\n<\/tr>\n<\/tbody>\n<\/table>\n<h4>Key Features:<\/h4>\n<ul>\n<li><strong>L\u00e4mmin ja kodikas<\/strong>: Valmistettu ensiluokkaisista materiaaleista, jotka tarjoavat maksimaalista l\u00e4mp\u00f6\u00e4 ja mukavuutta talvella.<\/li>\n<li><strong>Moniv\u00e4riset vaihtoehdot<\/strong>: Saatavana useissa eri v\u00e4reiss\u00e4 eri tyyleihin ja mieltymyksiin sopiviksi.<\/li>\n<li><strong>Comfortable Fit<\/strong>: Suunniteltu sopimaan koirille mukavasti ja helppok\u00e4ytt\u00f6inen huppari.<\/li>\n<li><strong>Durable Construction<\/strong>: Laadukas kangas takaa pitk\u00e4aikaisen k\u00e4yt\u00f6n ja kest\u00e4vyyden.<\/li>\n<li><strong>Helppo puhdistaa<\/strong>: Konepest\u00e4v\u00e4 ja helppo huoltaa, mik\u00e4 takaa mukavuuden lemmikkiel\u00e4inten omistajille.<\/li>\n<li><strong>Stylish and Practical<\/strong>: Yhdist\u00e4\u00e4 toiminnallisuuden ja eloisan muotoilun, mik\u00e4 tekee siit\u00e4 erottuvan osan lemmikkiel\u00e4inten vaatekaapista.<\/li>\n<li><strong>Wholesale Availability<\/strong>: Directly from the factory, ensuring consistent quality and cost-effective pricing for bulk orders.<\/li>\n<\/ul>\n<h3>Ideal for:<\/h3>\n<ul>\n<li>Lemmikkiel\u00e4inten omistajat, jotka etsiv\u00e4t koirilleen laadukkaita, l\u00e4mpimi\u00e4 ja tyylikk\u00e4it\u00e4 talvihuppareita.<\/li>\n<li>Retailers and wholesalers seeking premium dog clothes at factory-direct prices.<\/li>\n<li>Yritykset, joiden tavoitteena on tarjota trendikk\u00e4it\u00e4 ja toimivia lemmikkiel\u00e4inten vaatteita asiakkailleen.<\/li>\n<\/ul>\n<p>Pid\u00e4 koirasi l\u00e4mpim\u00e4n\u00e4 ja tyylikk\u00e4\u00e4n\u00e4 t\u00e4n\u00e4 talvena moniv\u00e4risen l\u00e4mpim\u00e4n talvi-koiran hupparitakin avulla. Ota yhteytt\u00e4 jo t\u00e4n\u00e4\u00e4n <span style=\"color: #ff0000;\"><a style=\"color: #ff0000;\" href=\"https:\/\/pecpets.com\/fi\/tuoteryhma\/pet-clothing\/\" target=\"_blank\" rel=\"noopener\">tukkumyynti\u00e4 koskevat tiedustelut<\/a><\/span> ja tehtaan suora hinnoittelu.<\/p>","protected":false},"excerpt":{"rendered":"<h2><strong><b>Tukku Multi-v\u00e4rit L\u00e4mmin talvi koira huppari takki<\/b><\/strong><\/h2>\n<p>Tutustu moniv\u00e4rinen l\u00e4mmin talvi koira huppari takki.<\/p>\n<p>Pid\u00e4 lemmikkisi tyylikk\u00e4\u00e4n\u00e4 laadukkailla malleillamme.<\/p>\n<h3><\/h3>","protected":false},"featured_media":8489,"template":"","meta":{"_seopress_robots_primary_cat":"none","_seopress_titles_title":"Multi-Colors Warm Winter Dog Hoodie Coat - Manufacturer","_seopress_titles_desc":"Explore Multi-Colors Warm Winter Dog Hoodie Coat, including pet halloween Costumes. Shop wholesale pet clothes from the factory for unbeatable prices ","_seopress_robots_index":"","_uag_custom_page_level_css":""},"product_brand":[],"product_cat":[364,23,389],"product_tag":[],"class_list":{"0":"post-8481","1":"product","2":"type-product","3":"status-publish","4":"has-post-thumbnail","6":"product_cat-basic-dog-clothing","7":"product_cat-pet-clothing","8":"product_cat-pet-hoodies","10":"first","11":"instock","12":"shipping-taxable","13":"product-type-simple"},"uagb_featured_image_src":{"full":["https:\/\/pecpets.com\/wp-content\/uploads\/2024\/07\/Multi-Colors-Warm-Winter-Dog-Hoodie-Coat8.jpeg",800,800,false],"thumbnail":["https:\/\/pecpets.com\/wp-content\/uploads\/2024\/07\/Multi-Colors-Warm-Winter-Dog-Hoodie-Coat8-150x150.jpeg",150,150,true],"medium":["https:\/\/pecpets.com\/wp-content\/uploads\/2024\/07\/Multi-Colors-Warm-Winter-Dog-Hoodie-Coat8-300x300.jpeg",300,300,true],"medium_large":["https:\/\/pecpets.com\/wp-content\/uploads\/2024\/07\/Multi-Colors-Warm-Winter-Dog-Hoodie-Coat8-768x768.jpeg",768,768,true],"large":["https:\/\/pecpets.com\/wp-content\/uploads\/2024\/07\/Multi-Colors-Warm-Winter-Dog-Hoodie-Coat8.jpeg",800,800,false],"1536x1536":["https:\/\/pecpets.com\/wp-content\/uploads\/2024\/07\/Multi-Colors-Warm-Winter-Dog-Hoodie-Coat8.jpeg",800,800,false],"2048x2048":["https:\/\/pecpets.com\/wp-content\/uploads\/2024\/07\/Multi-Colors-Warm-Winter-Dog-Hoodie-Coat8.jpeg",800,800,false],"trp-custom-language-flag":["https:\/\/pecpets.com\/wp-content\/uploads\/2024\/07\/Multi-Colors-Warm-Winter-Dog-Hoodie-Coat8-12x12.jpeg",12,12,true],"woocommerce_thumbnail":["https:\/\/pecpets.com\/wp-content\/uploads\/2024\/07\/Multi-Colors-Warm-Winter-Dog-Hoodie-Coat8-300x300.jpeg",300,300,true],"woocommerce_single":["https:\/\/pecpets.com\/wp-content\/uploads\/2024\/07\/Multi-Colors-Warm-Winter-Dog-Hoodie-Coat8-600x600.jpeg",600,600,true],"woocommerce_gallery_thumbnail":["https:\/\/pecpets.com\/wp-content\/uploads\/2024\/07\/Multi-Colors-Warm-Winter-Dog-Hoodie-Coat8-100x100.jpeg",100,100,true]},"uagb_author_info":{"display_name":"Lawrence\u00a0\u52b3\u4f26\u65af","author_link":"https:\/\/pecpets.com\/fi\/author\/"},"uagb_comment_info":0,"uagb_excerpt":"Wholesale Multi-Colors Warm Winter Dog Hoodie Coat Discover Multi-Colors Warm Winter Dog Hoodie Coat. Keep your pets stylish with our high-quality designs.","_links":{"self":[{"href":"https:\/\/pecpets.com\/fi\/wp-json\/wp\/v2\/product\/8481","targetHints":{"allow":["GET"]}}],"collection":[{"href":"https:\/\/pecpets.com\/fi\/wp-json\/wp\/v2\/product"}],"about":[{"href":"https:\/\/pecpets.com\/fi\/wp-json\/wp\/v2\/types\/product"}],"wp:featuredmedia":[{"embeddable":true,"href":"https:\/\/pecpets.com\/fi\/wp-json\/wp\/v2\/media\/8489"}],"wp:attachment":[{"href":"https:\/\/pecpets.com\/fi\/wp-json\/wp\/v2\/media?parent=8481"}],"wp:term":[{"taxonomy":"product_brand","embeddable":true,"href":"https:\/\/pecpets.com\/fi\/wp-json\/wp\/v2\/product_brand?post=8481"},{"taxonomy":"product_cat","embeddable":true,"href":"https:\/\/pecpets.com\/fi\/wp-json\/wp\/v2\/product_cat?post=8481"},{"taxonomy":"product_tag","embeddable":true,"href":"https:\/\/pecpets.com\/fi\/wp-json\/wp\/v2\/product_tag?post=8481"}],"curies":[{"name":"wp","href":"https:\/\/api.w.org\/{rel}","templated":true}]}}