{"id":8675,"date":"2024-07-12T15:51:07","date_gmt":"2024-07-12T07:51:07","guid":{"rendered":"https:\/\/pecpets.com\/?post_type=product&#038;p=8675"},"modified":"2024-10-22T18:21:31","modified_gmt":"2024-10-22T10:21:31","slug":"new-pet-cat-dog-clothes-summer","status":"publish","type":"product","link":"https:\/\/pecpets.com\/fi\/product\/new-pet-cat-dog-clothes-summer\/","title":{"rendered":"New Pet Cat Dog Clothes Summer"},"content":{"rendered":"<h2>Uusi lemmikkiel\u00e4inten kissan koiran vaatteet kes\u00e4ll\u00e4 - korkealaatuiset lemmikkiel\u00e4inten vaatteet ja koiran vaatteet tukkutehtaalta<\/h2>\n<h3>Description:<\/h3>\n<p>Tutustu lemmikkiel\u00e4inten kes\u00e4muodin uusimpiin uutuuksiin uuden lemmikkiel\u00e4inten kissan, koiran ja koiran kes\u00e4vaatteiden malliston avulla. Korkealaatuisten lemmikkiel\u00e4inten vaatteiden luotettavana toimittajana tarjoamme tyylikk\u00e4it\u00e4 ja mukavia koiranvaatteita, jotka sopivat t\u00e4ydellisesti l\u00e4mpimiin kuukausiin. Ihanteellinen tukkuostajille, kes\u00e4iset lemmikkiel\u00e4inten vaatteemme tulevat suoraan tehtaalta, mik\u00e4 takaa huippulaadun ly\u00f6m\u00e4tt\u00f6miin hintoihin.<\/p>\n<table style=\"border-collapse: collapse; background-color: #ffffff; width: 333px; height: 250px;\" border=\"1\">\n<tbody>\n<tr>\n<td style=\"font-family: Verdana, Arial, Helvetica, sans-serif; font-size: 12px; color: #000000; margin: 8px; width: 187px; text-align: center;\"><span style=\"line-height: 21px; font-size: 14px;\">Tuotteiden nimi<\/span><\/td>\n<td style=\"font-family: Verdana, Arial, Helvetica, sans-serif; font-size: 12px; color: #000000; margin: 8px; width: 526px; text-align: center;\">Lemmikkiel\u00e4inten paidat<\/td>\n<\/tr>\n<tr>\n<td style=\"font-family: Verdana, Arial, Helvetica, sans-serif; font-size: 12px; color: #000000; margin: 8px; width: 187px; text-align: center;\"><span style=\"line-height: 21px; font-size: 14px;\">Tuotenro.<\/span><\/td>\n<td style=\"font-family: Verdana, Arial, Helvetica, sans-serif; font-size: 12px; color: #000000; margin: 8px; width: 526px; text-align: center;\"><span style=\"line-height: 21px; font-size: 14px;\">P-S2007<\/span><\/td>\n<\/tr>\n<tr>\n<td style=\"font-family: Verdana, Arial, Helvetica, sans-serif; font-size: 12px; color: #000000; margin: 8px; width: 187px; text-align: center;\"><span style=\"line-height: 21px; color: #333333; font-family: Arial, Helvetica; font-size: 14px; font-style: normal; font-weight: 400; background-color: #ffffff; float: none; display: inline !important;\">Materiaali<\/span><\/td>\n<td style=\"font-family: Verdana, Arial, Helvetica, sans-serif; font-size: 12px; color: #000000; margin: 8px; width: 526px; text-align: center;\">Cotton, Polyester<\/td>\n<\/tr>\n<tr>\n<td style=\"font-family: Verdana, Arial, Helvetica, sans-serif; font-size: 12px; color: #000000; margin: 8px; width: 187px; text-align: center;\"><span style=\"line-height: 21px; font-size: 14px;\">\u00a0Koko<\/span><\/td>\n<td style=\"font-family: Verdana, Arial, Helvetica, sans-serif; font-size: 12px; color: #000000; margin: 8px; width: 526px; text-align: center;\"><span style=\"font-size: 14px;\">Mukautettu koko<\/span><\/td>\n<\/tr>\n<tr>\n<td style=\"font-family: Verdana, Arial, Helvetica, sans-serif; font-size: 12px; color: #000000; margin: 8px; width: 187px; text-align: center;\"><span style=\"line-height: 21px; font-size: 14px;\">\u00a0V\u00e4ri<\/span><\/td>\n<td style=\"font-family: Verdana, Arial, Helvetica, sans-serif; font-size: 12px; color: #000000; margin: 8px; width: 526px; text-align: center;\"><span style=\"line-height: 21px; font-size: 14px;\">Mukautettu v\u00e4ri\u00a0<\/span><\/td>\n<\/tr>\n<tr>\n<td style=\"font-family: Verdana, Arial, Helvetica, sans-serif; font-size: 12px; color: #000000; margin: 8px; width: 187px; text-align: center;\"><span style=\"line-height: 21px; font-size: 14px;\">\u00a0<span style=\"line-height: 21px; color: #333333; font-family: Arial, Helvetica; font-size: 14px; font-style: normal; font-weight: 400; background-color: #ffffff; float: none; display: inline !important;\">Lemmikkiel\u00e4intyyppi<\/span><\/span><\/td>\n<td style=\"font-family: Verdana, Arial, Helvetica, sans-serif; font-size: 12px; color: #000000; margin: 8px; width: 526px; text-align: center;\"><span style=\"line-height: 21px; font-size: 14px;\">\u00a0Kaikki koirat<\/span><\/td>\n<\/tr>\n<tr>\n<td style=\"font-family: Verdana, Arial, Helvetica, sans-serif; font-size: 12px; color: #000000; margin: 8px; width: 187px; text-align: center;\"><span style=\"line-height: 21px; font-size: 14px;\">\u00a0<span style=\"line-height: 21px; color: #333333; font-family: Arial, Helvetica; font-size: 14px; font-style: normal; font-weight: 400; background-color: #ffffff; float: none; display: inline !important;\">Toimitusaika<\/span><\/span><\/td>\n<td style=\"font-family: Verdana, Arial, Helvetica, sans-serif; font-size: 12px; color: #000000; margin: 8px; width: 526px; text-align: center;\"><span style=\"line-height: 21px; font-size: 14px;\"><span style=\"line-height: 21px; color: #000000; font-family: Verdana, Arial, Helvetica, sans-serif; font-size: 14px; font-style: normal; font-weight: 400; background-color: #ffffff; float: none; display: inline !important;\">1-5 p\u00e4iv\u00e4\u00e4 pienille m\u00e4\u00e4rille lentoteitse ja 30-35 p\u00e4iv\u00e4\u00e4 suurille m\u00e4\u00e4rille meritse.<\/span>\u00a0<\/span><\/td>\n<\/tr>\n<tr>\n<td style=\"font-family: Verdana, Arial, Helvetica, sans-serif; font-size: 12px; color: #000000; margin: 8px; width: 187px; text-align: center;\"><span style=\"line-height: 21px; font-size: 14px;\">\u00a0<span style=\"line-height: 21px; color: #333333; font-family: Arial, Helvetica; font-size: 14px; font-style: normal; font-weight: 400; background-color: #ffffff; float: none; display: inline !important;\">L\u00e4hetyssatama<\/span><\/span><\/td>\n<td style=\"font-family: Verdana, Arial, Helvetica, sans-serif; font-size: 12px; color: #000000; margin: 8px; width: 526px; text-align: center;\"><span style=\"line-height: 21px; font-size: 14px;\">Xiamen\u00a0<\/span><\/td>\n<\/tr>\n<tr>\n<td style=\"font-family: Verdana, Arial, Helvetica, sans-serif; font-size: 12px; color: #000000; margin: 8px; width: 187px; text-align: center;\"><span style=\"line-height: 21px; font-size: 14px;\">\u00a0<span style=\"line-height: 21px; color: #333333; font-family: Arial, Helvetica; font-size: 14px; font-style: normal; font-weight: 400; background-color: #ffffff; float: none; display: inline !important;\">OEM\/ODM<\/span><\/span><\/td>\n<td style=\"font-family: Verdana, Arial, Helvetica, sans-serif; font-size: 12px; color: #000000; margin: 8px; width: 526px; text-align: center;\"><span style=\"line-height: 21px; font-size: 14px;\">\u00a0<span style=\"line-height: 21px; color: #333333; font-family: Arial, Helvetica; font-size: 14px; font-style: normal; font-weight: 400; background-color: #ffffff; float: none; display: inline !important;\">Saatavilla<\/span><\/span><\/td>\n<\/tr>\n<tr>\n<td style=\"font-family: Verdana, Arial, Helvetica, sans-serif; font-size: 12px; color: #000000; margin: 8px; width: 187px; text-align: center;\"><span style=\"line-height: 21px; font-size: 14px;\">\u00a0<span style=\"line-height: 21px; color: #333333; font-family: Arial, Helvetica; font-size: 14px; font-style: normal; font-weight: 400; background-color: #ffffff; float: none; display: inline !important;\">Paketti<\/span><\/span><\/td>\n<td style=\"font-family: Verdana, Arial, Helvetica, sans-serif; font-size: 12px; color: #000000; margin: 8px; width: 526px; text-align: center;\"><span style=\"line-height: 21px; font-size: 14px;\"><span style=\"line-height: 21px; color: #333333; font-family: Arial, Helvetica; font-size: 14px; font-style: normal; font-weight: 400; background-color: #ffffff; float: none; display: inline !important;\">Kukin pakattu PPB:hen ja sitten kartonkiin tai tarpeen mukaan.<\/span><\/span><\/td>\n<\/tr>\n<\/tbody>\n<\/table>\n<h4>Key Features:<\/h4>\n<ul>\n<li><strong>Korkealaatuinen kangas<\/strong>: Kevyist\u00e4, hengitt\u00e4vist\u00e4 materiaaleista valmistetut kes\u00e4vaatteet pit\u00e4v\u00e4t lemmikkiel\u00e4imet viilein\u00e4 ja mukavina my\u00f6s kuumimpina p\u00e4ivin\u00e4.<\/li>\n<li><strong>Trendikk\u00e4\u00e4t mallit<\/strong>: Kes\u00e4kokoelmamme on suunniteltu tekem\u00e4\u00e4n lemmikeist\u00e4 tyylikk\u00e4it\u00e4 ja suloisia, ja siin\u00e4 on v\u00e4rikk\u00e4it\u00e4 v\u00e4rej\u00e4 ja muodikkaita kuvioita.<\/li>\n<li><strong>Comfortable Fit<\/strong>: Vaatteet on suunniteltu lemmikkiel\u00e4inten mukavuutta silm\u00e4ll\u00e4 pit\u00e4en, ja ne istuvat hyvin, mik\u00e4 mahdollistaa helpon liikkumisen ja leikkimisen.<\/li>\n<li><strong>Durable and Long-Lasting<\/strong>: Korkealaatuisista materiaaleista valmistetut lemmikkivaatteet on rakennettu kest\u00e4m\u00e4\u00e4n aktiivisten lemmikkien kulutusta.<\/li>\n<li><strong>Easy to Wear<\/strong>: Yksinkertaisten sulkimien ja s\u00e4\u00e4dett\u00e4vien hihnojen ansiosta kes\u00e4vaatteet on helppo pukea ja riisua, mik\u00e4 takaa lemmikinomistajille vaivattoman kokemuksen.<\/li>\n<li><strong>Machine Washable<\/strong>: K\u00e4tev\u00e4sti konepest\u00e4v\u00e4t lemmikkien vaatteet on helppo puhdistaa ja huoltaa, joten ne pysyv\u00e4t raikkaina ja elinvoimaisina.<\/li>\n<li><strong>Factory Direct Pricing<\/strong>: Hy\u00f6dy kilpailukykyisest\u00e4 tukkuhinnoittelusta ostamalla suoraan tehtaalta, mik\u00e4 helpottaa korkealaatuisten lemmikkiel\u00e4inten vaatteiden hankkimista.<\/li>\n<li><strong>Customizable Options<\/strong>: T\u00e4ydellinen yrityksille, jotka haluavat tarjota ainutlaatuisia ja br\u00e4nd\u00e4ttyj\u00e4 kes\u00e4isi\u00e4 lemmikkiel\u00e4inten vaatteita.<\/li>\n<\/ul>\n<h3>Ideal for:<\/h3>\n<ul>\n<li>Lemmikkiel\u00e4inkaupat ja verkkokauppiaat etsiv\u00e4t trendikk\u00e4it\u00e4 ja laadukkaita koiranvaatteita kes\u00e4kaudeksi tukkuhintaan.<\/li>\n<li>Yritykset, jotka haluavat laajentaa tuotevalikoimaansa tyylikk\u00e4ill\u00e4 ja mukavilla lemmikkiel\u00e4inten vaatteilla.<\/li>\n<li>Lemmikkiel\u00e4inten omistajat, jotka haluavat pit\u00e4\u00e4 lemmikkins\u00e4 viilein\u00e4, mukavina ja muodikkaina kes\u00e4ll\u00e4.<\/li>\n<\/ul>\n<p>P\u00e4ivit\u00e4 kes\u00e4n varastosi uusilla lemmikkiel\u00e4inten kissan ja koiran vaatteilla kes\u00e4kokoelman avulla. Ota yhteytt\u00e4 jo t\u00e4n\u00e4\u00e4n saadaksesi tehtaan suorahinnoittelun ja irtotilaustiedot.<\/p>","protected":false},"excerpt":{"rendered":"<h2 data-immersive-translate-walked=\"f36f68ab-127d-4e10-955b-f6ada5d45339\">Tukku uusi lemmikkiel\u00e4inten kissa koira vaatteet kes\u00e4ll\u00e4<\/h2>\n<p>Tutustu uusiin lemmikkiel\u00e4inten kissan koiran vaatteisiin kes\u00e4ll\u00e4.<\/p>\n<p>Osta tukku lemmikkiel\u00e4inten vaatteita tehtaalta ly\u00f6m\u00e4tt\u00f6miin hintoihin ja laadukkaasti.<\/p>\n<h3><\/h3>","protected":false},"featured_media":8681,"template":"","meta":{"_seopress_robots_primary_cat":"none","_seopress_titles_title":"New Pet Cat Dog Clothes Summer - Top Manufacturers","_seopress_titles_desc":"Explore New Pet Cat Dog Clothes Summer, including pet Costumes. Shop wholesale pet clothes from the factory for unbeatable prices and quality","_seopress_robots_index":"","_uag_custom_page_level_css":""},"product_brand":[],"product_cat":[364,343,23],"product_tag":[],"class_list":{"0":"post-8675","1":"product","2":"type-product","3":"status-publish","4":"has-post-thumbnail","6":"product_cat-basic-dog-clothing","7":"product_cat-pet-shirts","8":"product_cat-pet-clothing","10":"first","11":"instock","12":"shipping-taxable","13":"product-type-simple"},"uagb_featured_image_src":{"full":["https:\/\/pecpets.com\/wp-content\/uploads\/2024\/07\/New-Pet-Cat-Dog-Clothes-Summer-1.jpeg",1920,1920,false],"thumbnail":["https:\/\/pecpets.com\/wp-content\/uploads\/2024\/07\/New-Pet-Cat-Dog-Clothes-Summer-1-150x150.jpeg",150,150,true],"medium":["https:\/\/pecpets.com\/wp-content\/uploads\/2024\/07\/New-Pet-Cat-Dog-Clothes-Summer-1-300x300.jpeg",300,300,true],"medium_large":["https:\/\/pecpets.com\/wp-content\/uploads\/2024\/07\/New-Pet-Cat-Dog-Clothes-Summer-1-768x768.jpeg",768,768,true],"large":["https:\/\/pecpets.com\/wp-content\/uploads\/2024\/07\/New-Pet-Cat-Dog-Clothes-Summer-1-1024x1024.jpeg",800,800,true],"1536x1536":["https:\/\/pecpets.com\/wp-content\/uploads\/2024\/07\/New-Pet-Cat-Dog-Clothes-Summer-1-1536x1536.jpeg",1536,1536,true],"2048x2048":["https:\/\/pecpets.com\/wp-content\/uploads\/2024\/07\/New-Pet-Cat-Dog-Clothes-Summer-1.jpeg",1920,1920,false],"trp-custom-language-flag":["https:\/\/pecpets.com\/wp-content\/uploads\/2024\/07\/New-Pet-Cat-Dog-Clothes-Summer-1-12x12.jpeg",12,12,true],"woocommerce_thumbnail":["https:\/\/pecpets.com\/wp-content\/uploads\/2024\/07\/New-Pet-Cat-Dog-Clothes-Summer-1-300x300.jpeg",300,300,true],"woocommerce_single":["https:\/\/pecpets.com\/wp-content\/uploads\/2024\/07\/New-Pet-Cat-Dog-Clothes-Summer-1-600x600.jpeg",600,600,true],"woocommerce_gallery_thumbnail":["https:\/\/pecpets.com\/wp-content\/uploads\/2024\/07\/New-Pet-Cat-Dog-Clothes-Summer-1-100x100.jpeg",100,100,true]},"uagb_author_info":{"display_name":"Lawrence\u00a0\u52b3\u4f26\u65af","author_link":"https:\/\/pecpets.com\/fi\/author\/"},"uagb_comment_info":0,"uagb_excerpt":"Wholesale New Pet Cat Dog Clothes Summer Explore New Pet Cat Dog Clothes Summer. Shop wholesale pet clothes from the factory for unbeatable prices and quality.","_links":{"self":[{"href":"https:\/\/pecpets.com\/fi\/wp-json\/wp\/v2\/product\/8675","targetHints":{"allow":["GET"]}}],"collection":[{"href":"https:\/\/pecpets.com\/fi\/wp-json\/wp\/v2\/product"}],"about":[{"href":"https:\/\/pecpets.com\/fi\/wp-json\/wp\/v2\/types\/product"}],"wp:featuredmedia":[{"embeddable":true,"href":"https:\/\/pecpets.com\/fi\/wp-json\/wp\/v2\/media\/8681"}],"wp:attachment":[{"href":"https:\/\/pecpets.com\/fi\/wp-json\/wp\/v2\/media?parent=8675"}],"wp:term":[{"taxonomy":"product_brand","embeddable":true,"href":"https:\/\/pecpets.com\/fi\/wp-json\/wp\/v2\/product_brand?post=8675"},{"taxonomy":"product_cat","embeddable":true,"href":"https:\/\/pecpets.com\/fi\/wp-json\/wp\/v2\/product_cat?post=8675"},{"taxonomy":"product_tag","embeddable":true,"href":"https:\/\/pecpets.com\/fi\/wp-json\/wp\/v2\/product_tag?post=8675"}],"curies":[{"name":"wp","href":"https:\/\/api.w.org\/{rel}","templated":true}]}}