{"id":1185,"date":"2021-12-13T15:43:07","date_gmt":"2021-12-13T07:43:07","guid":{"rendered":"https:\/\/pecpets.com\/?post_type=product&#038;p=1185"},"modified":"2024-10-29T15:57:23","modified_gmt":"2024-10-29T07:57:23","slug":"round-beds-5","status":"publish","type":"product","link":"https:\/\/pecpets.com\/fr\/product\/round-beds-5\/","title":{"rendered":"Lits ronds"},"content":{"rendered":"<h2>Lits ronds<\/h2>\n<p>\ud83d\udc96LE PROTECTEUR DE MEUBLES LE PLUS CONFORTABLE AU MONDE, 100% SANS D\u00c9G\u00c2TS. GARANTI.\ud83d\udc36 \ud83d\udc31<br \/>\n\ud83d\udc8e Prot\u00e8ge vos meubles tout en restant confortable<br \/>\n\ud83d\udc8e Mati\u00e8re confortable pour animaux de compagnie<br \/>\nCouchage sans air instantan\u00e9<br \/>\n\ud83d\udc8e Housse amovible lavable en machine<\/p>\n<p>Dimensions : 50 x 45 x 22 cm : 50 x 45 x 22 cm<\/p>\n<p>POURQUOI TOUS LES PROPRI\u00c9TAIRES DE CHIENS ONT BESOIN D'UN PROTECTEUR DE MEUBLES APAISANT ?<\/p>\n<p>\u2714\ufe0f CONFORT ET SOUTIEN ARTICULAIRE IN\u00c9GAL\u00c9S<br \/>\nLe rembourrage g\u00e9n\u00e9reux offre un excellent soutien et permet au chien de se blottir et de se sentir en s\u00e9curit\u00e9. Contrairement \u00e0 d'autres lits pour chiens bon march\u00e9, nos traversins de qualit\u00e9 sup\u00e9rieure sont bien fix\u00e9s et ne tombent pas...<br \/>\nLa fourrure sofe cr\u00e9e un sentiment de s\u00e9curit\u00e9 et active le syst\u00e8me nerveux de mani\u00e8re positive, ce qui permet \u00e0 vos enfants \u00e0 fourrure de se calmer plus rapidement, de se d\u00e9tendre plus facilement et de dormir plus profond\u00e9ment.<\/p>\n<p>\u2714\ufe0f MATI\u00c8RE ULTRA-DOUCE ET CONFORTABLE<br \/>\nDouillet, souple et dot\u00e9 d'une fausse fourrure, notre lit de luxe auto-chauffant pour chiens rappelle le manteau de fourrure d'une m\u00e8re !<br \/>\nIl aide \u00e0 calmer et \u00e0 d\u00e9tendre les chiens et, contrairement \u00e0 tous les autres mat\u00e9riaux, il donne l'impression de dormir sur un nuage.<\/p>\n<p>\u2714\ufe0f HOUSSE LAVABLE ET FACILE \u00c0 NETTOYER<br \/>\nVous pouvez le mettre directement dans la machine \u00e0 laver !<br \/>\nUn chien ramasse beaucoup de salet\u00e9s au cours de la journ\u00e9e, et la plupart d'entre elles sont ramen\u00e9es dans son lit. Il est donc tr\u00e8s important que le lit de votre chien soit enti\u00e8rement lavable en machine.<\/p>\n<table style=\"border-collapse: collapse; background-color: #ffffff; width: 333px; height: 276px;\" border=\"1\">\n<tbody>\n<tr>\n<td style=\"font-family: Verdana, Arial, Helvetica, sans-serif; font-size: 12px; color: #000000; margin: 8px; width: 187px; text-align: center;\"><span style=\"line-height: 21px; font-size: 14px;\">Nom des produits<\/span><\/td>\n<td style=\"font-family: Verdana, Arial, Helvetica, sans-serif; font-size: 12px; color: #000000; margin: 8px; width: 526px; text-align: center;\">Lit pour animaux de compagnie<\/td>\n<\/tr>\n<tr>\n<td style=\"font-family: Verdana, Arial, Helvetica, sans-serif; font-size: 12px; color: #000000; margin: 8px; width: 187px; text-align: center;\"><span style=\"line-height: 21px; font-size: 14px;\">Num\u00e9ro d'article<\/span><\/td>\n<td style=\"font-family: Verdana, Arial, Helvetica, sans-serif; font-size: 12px; color: #000000; margin: 8px; width: 526px; text-align: center;\"><span style=\"line-height: 21px; font-size: 14px;\">P-B2012<\/span><\/td>\n<\/tr>\n<tr>\n<td style=\"font-family: Verdana, Arial, Helvetica, sans-serif; font-size: 12px; color: #000000; margin: 8px; width: 187px; text-align: center;\"><span style=\"line-height: 21px; color: #333333; font-family: Arial, Helvetica; font-size: 14px; font-style: normal; font-weight: 400; background-color: #ffffff; float: none; display: inline !important;\">Mat\u00e9riau<\/span><\/td>\n<td style=\"font-family: Verdana, Arial, Helvetica, sans-serif; font-size: 12px; color: #000000; margin: 8px; width: 526px; text-align: center;\"><span style=\"color: #333333; font-family: Helvetica, Tahoma, Arial; font-size: 14px; font-style: normal; font-weight: 400; background-color: #fcfcfc; float: none; display: inline !important;\">Sur mesure<\/span><\/td>\n<\/tr>\n<tr>\n<td style=\"font-family: Verdana, Arial, Helvetica, sans-serif; font-size: 12px; color: #000000; margin: 8px; width: 187px; text-align: center;\"><span style=\"line-height: 21px; font-size: 14px;\">\u00a0Taille<\/span><\/td>\n<td style=\"font-family: Verdana, Arial, Helvetica, sans-serif; font-size: 12px; color: #000000; margin: 8px; width: 526px; text-align: center;\"><span class=\"notranslate immersive-translate-target-wrapper\" lang=\"zh-CN\" translate=\"no\" data-immersive-translate-loading-id=\"3\">Sur mesure\u00a0<\/span><\/td>\n<\/tr>\n<tr>\n<td style=\"font-family: Verdana, Arial, Helvetica, sans-serif; font-size: 12px; color: #000000; margin: 8px; width: 187px; text-align: center;\"><span style=\"line-height: 21px; font-size: 14px;\">\u00a0Couleur<\/span><\/td>\n<td style=\"font-family: Verdana, Arial, Helvetica, sans-serif; font-size: 12px; color: #000000; margin: 8px; width: 526px; text-align: center;\"><span style=\"font-size: 14px;\">Bleu, rose<\/span><\/td>\n<\/tr>\n<tr>\n<td style=\"font-family: Verdana, Arial, Helvetica, sans-serif; font-size: 12px; color: #000000; margin: 8px; width: 187px; text-align: center;\"><span style=\"line-height: 21px; font-size: 14px;\">\u00a0<span style=\"line-height: 21px; color: #333333; font-family: Arial, Helvetica; font-size: 14px; font-style: normal; font-weight: 400; background-color: #ffffff; float: none; display: inline !important;\">Type d'animal<\/span><\/span><\/td>\n<td style=\"font-family: Verdana, Arial, Helvetica, sans-serif; font-size: 12px; color: #000000; margin: 8px; width: 526px; text-align: center;\"><span style=\"line-height: 21px; font-size: 14px;\">\u00a0Tous les chiens<\/span><\/td>\n<\/tr>\n<tr>\n<td style=\"font-family: Verdana, Arial, Helvetica, sans-serif; font-size: 12px; color: #000000; margin: 8px; width: 187px; text-align: center;\"><span style=\"line-height: 21px; font-size: 14px;\">\u00a0<span style=\"line-height: 21px; color: #333333; font-family: Arial, Helvetica; font-size: 14px; font-style: normal; font-weight: 400; background-color: #ffffff; float: none; display: inline !important;\">D\u00e9lai de livraison<\/span><\/span><\/td>\n<td style=\"font-family: Verdana, Arial, Helvetica, sans-serif; font-size: 12px; color: #000000; margin: 8px; width: 526px; text-align: center;\"><span style=\"line-height: 21px; font-size: 14px;\"><span style=\"line-height: 21px; color: #000000; font-family: Verdana, Arial, Helvetica, sans-serif; font-size: 14px; font-style: normal; font-weight: 400; background-color: #ffffff; float: none; display: inline !important;\">1-5 jours pour les petites quantit\u00e9s par voie a\u00e9rienne et 30-35 jours pour les grandes quantit\u00e9s par voie maritime.<\/span>\u00a0<\/span><\/td>\n<\/tr>\n<tr>\n<td style=\"font-family: Verdana, Arial, Helvetica, sans-serif; font-size: 12px; color: #000000; margin: 8px; width: 187px; text-align: center;\"><span style=\"line-height: 21px; font-size: 14px;\">\u00a0<span style=\"line-height: 21px; color: #333333; font-family: Arial, Helvetica; font-size: 14px; font-style: normal; font-weight: 400; background-color: #ffffff; float: none; display: inline !important;\">Port d'embarquement<\/span><\/span><\/td>\n<td style=\"font-family: Verdana, Arial, Helvetica, sans-serif; font-size: 12px; color: #000000; margin: 8px; width: 526px; text-align: center;\"><span style=\"line-height: 21px; font-size: 14px;\">Xiamen\u00a0<\/span><\/td>\n<\/tr>\n<tr>\n<td style=\"font-family: Verdana, Arial, Helvetica, sans-serif; font-size: 12px; color: #000000; margin: 8px; width: 187px; text-align: center;\"><span style=\"line-height: 21px; font-size: 14px;\">\u00a0<span style=\"line-height: 21px; color: #333333; font-family: Arial, Helvetica; font-size: 14px; font-style: normal; font-weight: 400; background-color: #ffffff; float: none; display: inline !important;\">OEM\/ODM<\/span><\/span><\/td>\n<td style=\"font-family: Verdana, Arial, Helvetica, sans-serif; font-size: 12px; color: #000000; margin: 8px; width: 526px; text-align: center;\"><span style=\"line-height: 21px; font-size: 14px;\">\u00a0<span style=\"line-height: 21px; color: #333333; font-family: Arial, Helvetica; font-size: 14px; font-style: normal; font-weight: 400; background-color: #ffffff; float: none; display: inline !important;\">Disponible<\/span><\/span><\/td>\n<\/tr>\n<tr>\n<td style=\"font-family: Verdana, Arial, Helvetica, sans-serif; font-size: 12px; color: #000000; margin: 8px; width: 187px; text-align: center;\"><span style=\"line-height: 21px; font-size: 14px;\">\u00a0<span style=\"line-height: 21px; color: #333333; font-family: Arial, Helvetica; font-size: 14px; font-style: normal; font-weight: 400; background-color: #ffffff; float: none; display: inline !important;\">Paquet<\/span><\/span><\/td>\n<td style=\"font-family: Verdana, Arial, Helvetica, sans-serif; font-size: 12px; color: #000000; margin: 8px; width: 526px; text-align: center;\"><span style=\"line-height: 21px; font-size: 14px;\"><span style=\"line-height: 21px; color: #333333; font-family: Arial, Helvetica; font-size: 14px; font-style: normal; font-weight: 400; background-color: #ffffff; float: none; display: inline !important;\">Chaque pi\u00e8ce est emball\u00e9e dans un PPB puis dans un carton ou selon les besoins.<\/span><\/span><\/td>\n<\/tr>\n<\/tbody>\n<\/table>\n<p>\ud83d\udcd0Size Guide<br \/>\n- Veuillez choisir la taille en fonction de la fa\u00e7on dont votre chien dort, par exemple, enroul\u00e9 ou \u00e9tal\u00e9.<br \/>\n- Veuillez tenir compte d'une erreur de 3 \u00e0 4 cm pour chaque taille, car ces articles sont fabriqu\u00e9s \u00e0 la main.<br \/>\nBien que nous fassions de notre mieux pour les dimensionner avec pr\u00e9cision, les tailles peuvent diff\u00e9rer l\u00e9g\u00e8rement.<\/p>","protected":false},"excerpt":{"rendered":"<h2><strong><b>Lits ronds en gros<\/b><\/strong><\/h2>\n<p>D\u00e9couvrir <span style=\"color: #ff0000;\"><a style=\"color: #ff0000;\" href=\"https:\/\/pecpets.com\/fr\/categorie-de-produits\/pet-bed\/\" target=\"_blank\" rel=\"noopener\">Lits ronds<\/a><\/span>.<\/p>\n<p>Gardez vos animaux de compagnie \u00e9l\u00e9gants gr\u00e2ce \u00e0 nos mod\u00e8les de haute qualit\u00e9.<\/p>","protected":false},"featured_media":1193,"template":"","meta":{"_seopress_robots_primary_cat":"none","_seopress_titles_title":"Pet Round Bed - Professional Pet Product Manufacturers","_seopress_titles_desc":"Find comfortable pet round bed perfect for wholesalers, factories, and manufacturers. Premium quality pet beds designed for long-lasting use. Order now!","_seopress_robots_index":"","_uag_custom_page_level_css":""},"product_brand":[],"product_cat":[347,22],"product_tag":[71,69,70],"class_list":{"0":"post-1185","1":"product","2":"type-product","3":"status-publish","4":"has-post-thumbnail","6":"product_cat-eco-friendly-dog-beds-pet-bed","7":"product_cat-pet-bed","8":"product_tag-cat-bed","9":"product_tag-dog-bed","10":"product_tag-pet-bed","12":"first","13":"instock","14":"shipping-taxable","15":"product-type-simple"},"uagb_featured_image_src":{"full":["https:\/\/pecpets.com\/wp-content\/uploads\/2021\/12\/\u672a\u6807\u9898-30000.jpg",750,750,false],"thumbnail":["https:\/\/pecpets.com\/wp-content\/uploads\/2021\/12\/\u672a\u6807\u9898-30000-150x150.jpg",150,150,true],"medium":["https:\/\/pecpets.com\/wp-content\/uploads\/2021\/12\/\u672a\u6807\u9898-30000-300x300.jpg",300,300,true],"medium_large":["https:\/\/pecpets.com\/wp-content\/uploads\/2021\/12\/\u672a\u6807\u9898-30000.jpg",750,750,false],"large":["https:\/\/pecpets.com\/wp-content\/uploads\/2021\/12\/\u672a\u6807\u9898-30000.jpg",750,750,false],"1536x1536":["https:\/\/pecpets.com\/wp-content\/uploads\/2021\/12\/\u672a\u6807\u9898-30000.jpg",750,750,false],"2048x2048":["https:\/\/pecpets.com\/wp-content\/uploads\/2021\/12\/\u672a\u6807\u9898-30000.jpg",750,750,false],"trp-custom-language-flag":["https:\/\/pecpets.com\/wp-content\/uploads\/2021\/12\/\u672a\u6807\u9898-30000.jpg",12,12,false],"woocommerce_thumbnail":["https:\/\/pecpets.com\/wp-content\/uploads\/2021\/12\/\u672a\u6807\u9898-30000-300x300.jpg",300,300,true],"woocommerce_single":["https:\/\/pecpets.com\/wp-content\/uploads\/2021\/12\/\u672a\u6807\u9898-30000-600x600.jpg",600,600,true],"woocommerce_gallery_thumbnail":["https:\/\/pecpets.com\/wp-content\/uploads\/2021\/12\/\u672a\u6807\u9898-30000-100x100.jpg",100,100,true]},"uagb_author_info":{"display_name":"Lawrence\u00a0\u52b3\u4f26\u65af","author_link":"https:\/\/pecpets.com\/fr\/author\/"},"uagb_comment_info":0,"uagb_excerpt":"Wholesale Round Beds Discover Round Beds. Keep your pets stylish with our high-quality designs.","_links":{"self":[{"href":"https:\/\/pecpets.com\/fr\/wp-json\/wp\/v2\/product\/1185","targetHints":{"allow":["GET"]}}],"collection":[{"href":"https:\/\/pecpets.com\/fr\/wp-json\/wp\/v2\/product"}],"about":[{"href":"https:\/\/pecpets.com\/fr\/wp-json\/wp\/v2\/types\/product"}],"wp:featuredmedia":[{"embeddable":true,"href":"https:\/\/pecpets.com\/fr\/wp-json\/wp\/v2\/media\/1193"}],"wp:attachment":[{"href":"https:\/\/pecpets.com\/fr\/wp-json\/wp\/v2\/media?parent=1185"}],"wp:term":[{"taxonomy":"product_brand","embeddable":true,"href":"https:\/\/pecpets.com\/fr\/wp-json\/wp\/v2\/product_brand?post=1185"},{"taxonomy":"product_cat","embeddable":true,"href":"https:\/\/pecpets.com\/fr\/wp-json\/wp\/v2\/product_cat?post=1185"},{"taxonomy":"product_tag","embeddable":true,"href":"https:\/\/pecpets.com\/fr\/wp-json\/wp\/v2\/product_tag?post=1185"}],"curies":[{"name":"wp","href":"https:\/\/api.w.org\/{rel}","templated":true}]}}