{"id":1705,"date":"2022-07-18T10:54:37","date_gmt":"2022-07-18T02:54:37","guid":{"rendered":"https:\/\/pecpets.com\/?post_type=product&#038;p=1705"},"modified":"2024-06-15T14:11:31","modified_gmt":"2024-06-15T06:11:31","slug":"ball-rope-dog-toy","status":"publish","type":"product","link":"https:\/\/pecpets.com\/fr\/product\/ball-rope-dog-toy\/","title":{"rendered":"Jouet pour chien en forme de balle et de corde"},"content":{"rendered":"<h2>Dog Chew Toy<\/h2>\n<p>Dogs often use this toy outdoor, which can fully expend excess energy. While dog playing, can also clean teeth, improve IQ, exercise body, and relieve anxiety.<\/p>\n<p>This product is also a multifunctional dog walking toy, which can free the owner&#8217;s hands and make it easier for the owner to go out with the dog.<\/p>\n<p><span style=\"color: #ff9900;\"><strong>[Outdoor dog-tug-of-war toy]<\/strong><\/span> This is a multifunctional toy for dogs to play outdoors. It integrates the functions of tug-of-war, squeaking, leaking food, molar, and dog chew cotton rope, which bring more happy experience to doge.<\/p>\n<p><span style=\"color: #ff9900;\"><strong>[Elastic rope toy]<\/strong><\/span> Fix the tie-out stick on the lawn or soft ground, or directly wrap the elastic rope around outdoor stadium equipment or the trunk of the outskirts. It can used as a stretch rope ball for dogs, which is not only release dog&#8217;s energy but also enables dogs doing exercise.<\/p>\n<p><span style=\"color: #ff9900;\"><strong>[Tug-of-war toy]<\/strong><\/span> This toy is also an interesting tug-of-war toy. When dog is pulling and biting the ball, the super stability of the ground will stimulate dog&#8217;s desire of win and lose when playing, also attract dog&#8217;s interest of playing.<\/p>\n<p><span style=\"color: #ff9900;\"><strong>[Molar squeaky toy]<\/strong><\/span> The bigger molar ball and thicker ball surface are resistant of dog&#8217;s bite. It is also characteristic with food leaking function: you can put snacks in the snack slot to play as a food dispensing toy. When dog bites the toy, it will make a squeaky sound, which will better attract dog&#8217;s attention.<\/p>\n<p><span style=\"color: #ff9900;\"><strong>[Easy to use]<\/strong> <\/span>Fix the ground plug on outdoor lawn or the ground, and directly leave the molar ball for dog to play. Because this toy will consume a lot dog&#8217;s energy, so that we recommend dog to play 20-30 minutes per timer, then dog can walk itself.<\/p>\n<p><span style=\"color: #ff9900;\"><strong>[New material anti-bite]<\/strong><\/span> The molar ball is made of TPR material produced by Bayer, Germany. It adopts a reinforcement design and comes with a cotton dog bite rope, which can resist the dog&#8217;s long time biting.<\/p>\n","protected":false},"excerpt":{"rendered":"<h3 data-spm-anchor-id=\"a2700.wholesale.0.i20.695d64e6pLf37Y\"><span style=\"color: #000000;\"><strong>Jouets \u00e0 m\u00e2cher pour chiens agressifs Jouet brosse \u00e0 dents en caoutchouc durable Jouet dinosaure interactif Jouets pour chiens r\u00e9sistants pour petits chiens<\/strong><\/span><\/h3>\n<h2 class=\"EllipsisTextContainer-wz2pam-1 ihPcpc\"><\/h2>","protected":false},"featured_media":1706,"template":"","meta":{"_seopress_robots_primary_cat":"none","_seopress_titles_title":"Pet Toy:Dog Chew Toy - Professional Pet Product Manufacturer","_seopress_titles_desc":"Explore our durable dog chew toy designed for long-lasting use. Ideal for wholesalers, factories, and manufacturers looking for premium pet accessories.","_seopress_robots_index":"","_uag_custom_page_level_css":""},"product_brand":[],"product_cat":[29],"product_tag":[169,170,168],"class_list":{"0":"post-1705","1":"product","2":"type-product","3":"status-publish","4":"has-post-thumbnail","6":"product_cat-pet-toys","7":"product_tag-dog-toy","8":"product_tag-food-toy","9":"product_tag-pet-toy","11":"first","12":"instock","13":"shipping-taxable","14":"product-type-simple"},"uagb_featured_image_src":{"full":["https:\/\/pecpets.com\/wp-content\/uploads\/2022\/07\/\u8be6\u60c5-20-1.jpg",1600,1600,false],"thumbnail":["https:\/\/pecpets.com\/wp-content\/uploads\/2022\/07\/\u8be6\u60c5-20-1.jpg",150,150,false],"medium":["https:\/\/pecpets.com\/wp-content\/uploads\/2022\/07\/\u8be6\u60c5-20-1.jpg",300,300,false],"medium_large":["https:\/\/pecpets.com\/wp-content\/uploads\/2022\/07\/\u8be6\u60c5-20-1.jpg",768,768,false],"large":["https:\/\/pecpets.com\/wp-content\/uploads\/2022\/07\/\u8be6\u60c5-20-1.jpg",800,800,false],"1536x1536":["https:\/\/pecpets.com\/wp-content\/uploads\/2022\/07\/\u8be6\u60c5-20-1.jpg",1536,1536,false],"2048x2048":["https:\/\/pecpets.com\/wp-content\/uploads\/2022\/07\/\u8be6\u60c5-20-1.jpg",1600,1600,false],"trp-custom-language-flag":["https:\/\/pecpets.com\/wp-content\/uploads\/2022\/07\/\u8be6\u60c5-20-1.jpg",12,12,false],"woocommerce_thumbnail":["https:\/\/pecpets.com\/wp-content\/uploads\/2022\/07\/\u8be6\u60c5-20-1.jpg",300,300,false],"woocommerce_single":["https:\/\/pecpets.com\/wp-content\/uploads\/2022\/07\/\u8be6\u60c5-20-1.jpg",600,600,false],"woocommerce_gallery_thumbnail":["https:\/\/pecpets.com\/wp-content\/uploads\/2022\/07\/\u8be6\u60c5-20-1.jpg",100,100,false]},"uagb_author_info":{"display_name":"Lawrence\u00a0\u52b3\u4f26\u65af","author_link":"https:\/\/pecpets.com\/fr\/author\/"},"uagb_comment_info":0,"uagb_excerpt":"Dog Chew Toys for Aggressive Chewers Durable Rubber Toothbrush Toy Interactive Dinosaur Tough Dog Toys for Small Dog","_links":{"self":[{"href":"https:\/\/pecpets.com\/fr\/wp-json\/wp\/v2\/product\/1705","targetHints":{"allow":["GET"]}}],"collection":[{"href":"https:\/\/pecpets.com\/fr\/wp-json\/wp\/v2\/product"}],"about":[{"href":"https:\/\/pecpets.com\/fr\/wp-json\/wp\/v2\/types\/product"}],"wp:featuredmedia":[{"embeddable":true,"href":"https:\/\/pecpets.com\/fr\/wp-json\/wp\/v2\/media\/1706"}],"wp:attachment":[{"href":"https:\/\/pecpets.com\/fr\/wp-json\/wp\/v2\/media?parent=1705"}],"wp:term":[{"taxonomy":"product_brand","embeddable":true,"href":"https:\/\/pecpets.com\/fr\/wp-json\/wp\/v2\/product_brand?post=1705"},{"taxonomy":"product_cat","embeddable":true,"href":"https:\/\/pecpets.com\/fr\/wp-json\/wp\/v2\/product_cat?post=1705"},{"taxonomy":"product_tag","embeddable":true,"href":"https:\/\/pecpets.com\/fr\/wp-json\/wp\/v2\/product_tag?post=1705"}],"curies":[{"name":"wp","href":"https:\/\/api.w.org\/{rel}","templated":true}]}}