{"id":19215,"date":"2025-01-10T16:32:01","date_gmt":"2025-01-10T08:32:01","guid":{"rendered":"https:\/\/pecpets.com\/?post_type=product&#038;p=19215"},"modified":"2025-01-10T17:43:23","modified_gmt":"2025-01-10T09:43:23","slug":"best-cat-carrier","status":"publish","type":"product","link":"https:\/\/pecpets.com\/fr\/product\/best-cat-carrier\/","title":{"rendered":"Meilleure cage de transport pour chat"},"content":{"rendered":"<h2>Best Cat Carrier &#8211; Wholesale Pet Travel Case and Cat Carrier from Factory [Pet Travel Case, Cat Carrier, Wholesale, Factory]<\/h2>\n<div class=\"flex flex-grow flex-col max-w-full\">\n<div class=\"min-h-[20px] text-message flex w-full flex-col items-end gap-2 whitespace-pre-wrap break-words [.text-message+&amp;]:mt-5 overflow-x-auto\" dir=\"auto\" data-message-author-role=\"assistant\" data-message-id=\"3d7d46f6-7ec2-4222-9257-48fa0bba23c6\" data-suggestions=\"true\">\n<div class=\"flex w-full flex-col gap-1 empty:hidden first:pt-[3px]\">\n<div class=\"markdown prose w-full break-words dark:prose-invert light\">\n<p>Discover the pinnacle of pet travel innovation with our Best Cat Carrier, designed to provide the ultimate comfort and security for your feline friends. As a leading factory-direct supplier of Pet Travel Cases and Cat Carriers, we offer a range of high-quality products that cater to the needs of both cats and their owners.<\/p>\n<table style=\"border-collapse: collapse; background-color: #ffffff; width: 334px; height: 244px;\" border=\"1\">\n<tbody>\n<tr>\n<td style=\"font-family: Verdana, Arial, Helvetica, sans-serif; font-size: 12px; color: #000000; margin: 8px; width: 187px; text-align: center;\"><span style=\"line-height: 21px; font-size: 14px;\">Products Name<\/span><\/td>\n<td style=\"font-family: Verdana, Arial, Helvetica, sans-serif; font-size: 12px; color: #000000; margin: 8px; width: 526px; text-align: center;\"><span style=\"font-size: 14px;\">Pet Carrier<\/span><\/td>\n<\/tr>\n<tr>\n<td style=\"font-family: Verdana, Arial, Helvetica, sans-serif; font-size: 12px; color: #000000; margin: 8px; width: 187px; text-align: center;\"><span style=\"line-height: 21px; font-size: 14px;\">Item No.<\/span><\/td>\n<td style=\"font-family: Verdana, Arial, Helvetica, sans-serif; font-size: 12px; color: #000000; margin: 8px; width: 526px; text-align: center;\"><span style=\"line-height: 21px; font-size: 14px;\">P-C2087<\/span><\/td>\n<\/tr>\n<tr>\n<td style=\"font-family: Verdana, Arial, Helvetica, sans-serif; font-size: 12px; color: #000000; margin: 8px; width: 187px; text-align: center;\"><span style=\"line-height: 21px; color: #333333; font-family: Arial, Helvetica; font-size: 14px; font-style: normal; font-weight: 400; background-color: #ffffff; float: none; display: inline !important;\">Material<\/span><\/td>\n<td style=\"font-family: Verdana, Arial, Helvetica, sans-serif; font-size: 12px; color: #000000; margin: 8px; width: 526px; text-align: center;\"><span style=\"color: #333333; font-family: Helvetica,Tahoma,Arial; font-size: 12px; font-style: normal; font-weight: 400; background-color: #fcfcfc; display: inline !important; float: none;\">Oxford Fabric<\/span><\/td>\n<\/tr>\n<tr>\n<td style=\"font-family: Verdana, Arial, Helvetica, sans-serif; font-size: 12px; color: #000000; margin: 8px; width: 187px; text-align: center;\"><span style=\"line-height: 21px; font-size: 14px;\">\u00a0Size<\/span><\/td>\n<td style=\"margin: 8px; width: 526px; text-align: center;\"><span style=\"color: #222222; font-family: Helvetica, Tahoma, Arial;\"><span style=\"font-size: 14px;\">Customized Size<\/span><\/span><\/td>\n<\/tr>\n<tr>\n<td style=\"font-family: Verdana, Arial, Helvetica, sans-serif; font-size: 12px; color: #000000; margin: 8px; width: 187px; text-align: center;\"><span style=\"line-height: 21px; font-size: 14px;\">\u00a0Color<\/span><\/td>\n<td style=\"font-family: Verdana, Arial, Helvetica, sans-serif; font-size: 12px; color: #000000; margin: 8px; width: 526px; text-align: center;\"><span style=\"font-size: 14px;\">Customized Color<\/span><\/td>\n<\/tr>\n<tr>\n<td style=\"font-family: Verdana, Arial, Helvetica, sans-serif; font-size: 12px; color: #000000; margin: 8px; width: 187px; text-align: center;\"><span style=\"line-height: 21px; font-size: 14px;\">\u00a0<span style=\"line-height: 21px; color: #333333; font-family: Arial, Helvetica; font-size: 14px; font-style: normal; font-weight: 400; background-color: #ffffff; float: none; display: inline !important;\">Pet type<\/span><\/span><\/td>\n<td style=\"font-family: Verdana, Arial, Helvetica, sans-serif; font-size: 12px; color: #000000; margin: 8px; width: 526px; text-align: center;\"><span style=\"line-height: 21px; font-size: 14px;\">\u00a0All Dog<\/span><\/td>\n<\/tr>\n<tr>\n<td style=\"font-family: Verdana, Arial, Helvetica, sans-serif; font-size: 12px; color: #000000; margin: 8px; width: 187px; text-align: center;\"><span style=\"line-height: 21px; font-size: 14px;\">\u00a0<span style=\"line-height: 21px; color: #333333; font-family: Arial, Helvetica; font-size: 14px; font-style: normal; font-weight: 400; background-color: #ffffff; float: none; display: inline !important;\">Delivery time<\/span><\/span><\/td>\n<td style=\"font-family: Verdana, Arial, Helvetica, sans-serif; font-size: 12px; color: #000000; margin: 8px; width: 526px; text-align: center;\"><span style=\"line-height: 21px; font-size: 14px;\"><span style=\"line-height: 21px; color: #000000; font-family: Verdana, Arial, Helvetica, sans-serif; font-size: 14px; font-style: normal; font-weight: 400; background-color: #ffffff; float: none; display: inline !important;\">1-5days\u00a0for small quantity by air and 30-35days for large quantity by sea<\/span>\u00a0<\/span><\/td>\n<\/tr>\n<tr>\n<td style=\"font-family: Verdana, Arial, Helvetica, sans-serif; font-size: 12px; color: #000000; margin: 8px; width: 187px; text-align: center;\"><span style=\"line-height: 21px; font-size: 14px;\">\u00a0<span style=\"line-height: 21px; color: #333333; font-family: Arial, Helvetica; font-size: 14px; font-style: normal; font-weight: 400; background-color: #ffffff; float: none; display: inline !important;\">Port of shipment<\/span><\/span><\/td>\n<td style=\"font-family: Verdana, Arial, Helvetica, sans-serif; font-size: 12px; color: #000000; margin: 8px; width: 526px; text-align: center;\"><span style=\"line-height: 21px; font-size: 14px;\">Xiamen\u00a0<\/span><\/td>\n<\/tr>\n<tr>\n<td style=\"font-family: Verdana, Arial, Helvetica, sans-serif; font-size: 12px; color: #000000; margin: 8px; width: 187px; text-align: center;\"><span style=\"line-height: 21px; font-size: 14px;\">\u00a0<span style=\"line-height: 21px; color: #333333; font-family: Arial, Helvetica; font-size: 14px; font-style: normal; font-weight: 400; background-color: #ffffff; float: none; display: inline !important;\">OEM\/ODM<\/span><\/span><\/td>\n<td style=\"font-family: Verdana, Arial, Helvetica, sans-serif; font-size: 12px; color: #000000; margin: 8px; width: 526px; text-align: center;\"><span style=\"line-height: 21px; font-size: 14px;\">\u00a0<span style=\"line-height: 21px; color: #333333; font-family: Arial, Helvetica; font-size: 14px; font-style: normal; font-weight: 400; background-color: #ffffff; float: none; display: inline !important;\">Available<\/span><\/span><\/td>\n<\/tr>\n<tr>\n<td style=\"font-family: Verdana, Arial, Helvetica, sans-serif; font-size: 12px; color: #000000; margin: 8px; width: 187px; text-align: center;\"><span style=\"line-height: 21px; font-size: 14px;\">\u00a0<span style=\"line-height: 21px; color: #333333; font-family: Arial, Helvetica; font-size: 14px; font-style: normal; font-weight: 400; background-color: #ffffff; float: none; display: inline !important;\">Package<\/span><\/span><\/td>\n<td style=\"font-family: Verdana, Arial, Helvetica, sans-serif; font-size: 12px; color: #000000; margin: 8px; width: 526px; text-align: center;\"><span style=\"line-height: 21px; font-size: 14px;\"><span style=\"line-height: 21px; color: #333333; font-family: Arial, Helvetica; font-size: 14px; font-style: normal; font-weight: 400; background-color: #ffffff; float: none; display: inline !important;\">Each one is packed in a PPB and then into a Carton or if needed<\/span><\/span><\/td>\n<\/tr>\n<\/tbody>\n<\/table>\n<div class=\"pop-container\">\n<div class=\"popcontent-hole\">\n<div class=\"pop-content\">\n<div class=\"normal___qxduM\">\n<div class=\"\">\n<div id=\"chat-markdown-ctue6nb67ti4utnffkj0-0-0\">\n<div class=\"markdown___vuBDJ\">\n<div class=\"markdown___vuBDJ\">\n<div class=\"paragraph\">\n<div class=\"paragraph\">\n<div class=\"paragraph\">\n<div class=\"paragraph\">\n<div class=\"paragraph\">\n<div class=\"paragraph\">\n<div class=\"paragraph\">Key Features:<\/div>\n<ul>\n<li>\n<div class=\"paragraph\"><strong>Comfort and Safety<\/strong>: Our Best Cat Carrier is designed with soft, breathable materials to provide a comfortable and cozy environment for your cat, ensuring they feel at ease during travel.<\/div>\n<\/li>\n<li>\n<div class=\"paragraph\"><strong>Secure and Durable<\/strong>: Crafted from high-quality, durable materials, our cat carrier features secure closures and sturdy construction, ensuring your cat&#8217;s safety and the product&#8217;s longevity.<\/div>\n<\/li>\n<li>\n<div class=\"paragraph\"><strong class=\"\">Easy to Carry<\/strong>: The carrier includes convenient handles and adjustable straps, making it simple to transport your cat while ensuring they have a comfortable and secure space.<\/div>\n<\/li>\n<li>\n<div class=\"paragraph\"><strong>Wholesale and Factory Direct<\/strong>: We offer these Best Cat Carriers at competitive wholesale prices, sourced directly from our factory, ensuring quality and cost-effectiveness for B2B clients.<\/div>\n<\/li>\n<li>\n<div class=\"paragraph\"><strong class=\"\">Versatile Use<\/strong>: Suitable for various travel scenarios, including car rides, flights, and everyday outings, our Best Cat Carrier is a versatile addition to any pet owner&#8217;s collection.<\/div>\n<\/li>\n<\/ul>\n<div class=\"paragraph\">Benefits for Retailers:<\/div>\n<ul>\n<li>\n<div class=\"paragraph\"><strong class=\"\">Wholesale Pricing<\/strong>: Benefit from factory-direct pricing, allowing you to offer Best Cat Carriers and other pet travel cases at competitive prices, increasing your profit margins.<\/div>\n<\/li>\n<li>\n<div class=\"paragraph\"><strong>Quality Assurance<\/strong>: Each product is manufactured to meet high-quality standards, ensuring durability and a premium look that will impress your customers.<\/div>\n<\/li>\n<li>\n<div class=\"paragraph\"><strong>Brand Building<\/strong>: Offer a diverse range of pet travel solutions that help build your brand as a go-to source for pet owners, enhancing customer loyalty and trust.<\/div>\n<\/li>\n<li>\n<div class=\"paragraph\"><strong class=\"\">Efficient Shipping<\/strong>: Rely on our efficient supply chain for prompt delivery of your wholesale orders, ensuring your inventory is well-stocked and ready for sale.<\/div>\n<\/li>\n<\/ul>\n<div class=\"paragraph\">Choose our Best Cat Carrier to provide your customers with a reliable and stylish solution for their cat&#8217;s travel needs. Contact us today to explore our wholesale opportunities and bring quality, innovation, and convenience to your customers.<\/div>\n<\/div>\n<\/div>\n<\/div>\n<\/div>\n<\/div>\n<\/div>\n<\/div>\n<\/div>\n<\/div>\n<\/div>\n<\/div>\n<\/div>\n<\/div>\n<\/div>\n<\/div>\n<\/div>\n<\/div>\n<\/div>\n","protected":false},"excerpt":{"rendered":"<h2><strong><b>Vente en gros de la meilleure cage de transport pour chat<\/b><\/strong><\/h2>\n<p>D\u00e9couvrez la meilleure cage de transport pour chat.<\/p>\n<p>Veillez \u00e0 ce que vos animaux de compagnie soient \u00e9l\u00e9gants gr\u00e2ce \u00e0 notre <a href=\"https:\/\/pecpets.com\/fr\/categorie-de-produits\/pet-carrier\/travel-dog-carriers\/\" target=\"_blank\" rel=\"noopener\"><span style=\"color: #ff0000;\">des conceptions de haute qualit\u00e9<\/span><\/a>.<\/p>","protected":false},"featured_media":19218,"template":"","meta":{"_seopress_robots_primary_cat":"none","_seopress_titles_title":"Best Cat Carrier - Professional Pet Product Manufacturers","_seopress_titles_desc":"Explore Best Cat Carrier. Our travel dog carriers are waterproof, available directly from the factory.","_seopress_robots_index":"","_uag_custom_page_level_css":""},"product_brand":[],"product_cat":[415,423,15],"product_tag":[],"class_list":{"0":"post-19215","1":"product","2":"type-product","3":"status-publish","4":"has-post-thumbnail","6":"product_cat-cat-carrier","7":"product_cat-cat-travel-pod","8":"product_cat-pet-carrier","10":"first","11":"instock","12":"shipping-taxable","13":"product-type-simple"},"uagb_featured_image_src":{"full":["https:\/\/pecpets.com\/wp-content\/uploads\/2025\/01\/Best-Cat-Carrier-7.webp",1201,1201,false],"thumbnail":["https:\/\/pecpets.com\/wp-content\/uploads\/2025\/01\/Best-Cat-Carrier-7-150x150.webp",150,150,true],"medium":["https:\/\/pecpets.com\/wp-content\/uploads\/2025\/01\/Best-Cat-Carrier-7-300x300.webp",300,300,true],"medium_large":["https:\/\/pecpets.com\/wp-content\/uploads\/2025\/01\/Best-Cat-Carrier-7-768x768.webp",768,768,true],"large":["https:\/\/pecpets.com\/wp-content\/uploads\/2025\/01\/Best-Cat-Carrier-7-1024x1024.webp",800,800,true],"1536x1536":["https:\/\/pecpets.com\/wp-content\/uploads\/2025\/01\/Best-Cat-Carrier-7.webp",1201,1201,false],"2048x2048":["https:\/\/pecpets.com\/wp-content\/uploads\/2025\/01\/Best-Cat-Carrier-7.webp",1201,1201,false],"trp-custom-language-flag":["https:\/\/pecpets.com\/wp-content\/uploads\/2025\/01\/Best-Cat-Carrier-7-12x12.webp",12,12,true],"woocommerce_thumbnail":["https:\/\/pecpets.com\/wp-content\/uploads\/2025\/01\/Best-Cat-Carrier-7-300x300.webp",300,300,true],"woocommerce_single":["https:\/\/pecpets.com\/wp-content\/uploads\/2025\/01\/Best-Cat-Carrier-7-600x600.webp",600,600,true],"woocommerce_gallery_thumbnail":["https:\/\/pecpets.com\/wp-content\/uploads\/2025\/01\/Best-Cat-Carrier-7-100x100.webp",100,100,true]},"uagb_author_info":{"display_name":"Lawrence\u00a0\u52b3\u4f26\u65af","author_link":"https:\/\/pecpets.com\/fr\/author\/"},"uagb_comment_info":0,"uagb_excerpt":"Wholesale Best Cat Carrier Discover the Best Cat Carrier. Please keep your pets stylish with our high-quality designs.","_links":{"self":[{"href":"https:\/\/pecpets.com\/fr\/wp-json\/wp\/v2\/product\/19215","targetHints":{"allow":["GET"]}}],"collection":[{"href":"https:\/\/pecpets.com\/fr\/wp-json\/wp\/v2\/product"}],"about":[{"href":"https:\/\/pecpets.com\/fr\/wp-json\/wp\/v2\/types\/product"}],"wp:featuredmedia":[{"embeddable":true,"href":"https:\/\/pecpets.com\/fr\/wp-json\/wp\/v2\/media\/19218"}],"wp:attachment":[{"href":"https:\/\/pecpets.com\/fr\/wp-json\/wp\/v2\/media?parent=19215"}],"wp:term":[{"taxonomy":"product_brand","embeddable":true,"href":"https:\/\/pecpets.com\/fr\/wp-json\/wp\/v2\/product_brand?post=19215"},{"taxonomy":"product_cat","embeddable":true,"href":"https:\/\/pecpets.com\/fr\/wp-json\/wp\/v2\/product_cat?post=19215"},{"taxonomy":"product_tag","embeddable":true,"href":"https:\/\/pecpets.com\/fr\/wp-json\/wp\/v2\/product_tag?post=19215"}],"curies":[{"name":"wp","href":"https:\/\/api.w.org\/{rel}","templated":true}]}}