{"id":21685,"date":"2025-07-10T09:28:45","date_gmt":"2025-07-10T01:28:45","guid":{"rendered":"https:\/\/pecpets.com\/?post_type=product&#038;p=21685"},"modified":"2025-07-10T10:03:54","modified_gmt":"2025-07-10T02:03:54","slug":"dog-pajamas-private-label","status":"publish","type":"product","link":"https:\/\/pecpets.com\/fr\/product\/dog-pajamas-private-label\/","title":{"rendered":"Pyjamas pour chiens Private Label"},"content":{"rendered":"<h5>Dog Pajamas Private Label Services | Pet Apparel Factory &amp; Dog Clothes Manufacturer | Brand Growth<\/h5>\n<p class=\"ds-markdown-paragraph\">Ready to build your exclusive pet brand?<\/p>\n<p class=\"ds-markdown-paragraph\">As a premium\u00a0Dog Pajamas Private Label\u00a0partner and ISO-certified\u00a0pet apparel factory\u00a0in\u00a0Pet Pajamas China, we transform your vision into profitable products, handling everything from design to delivery with your branding front and center.<\/p>\n<div class=\"flex flex-grow flex-col max-w-full\">\n<div class=\"min-h-[20px] text-message flex flex-col items-start whitespace-pre-wrap break-words [.text-message+&amp;]:mt-5 juice:w-full juice:items-end overflow-x-auto gap-2\" dir=\"auto\" data-message-author-role=\"assistant\" data-message-id=\"0128ad4d-678a-477a-b363-469a57c3e696\">\n<div class=\"flex w-full flex-col gap-1 juice:empty:hidden juice:first:pt-[3px]\">\n<div class=\"markdown prose w-full break-words dark:prose-invert light\">\n<div class=\"paragraph\">\n<div class=\"paragraph\">\n<div class=\"paragraph\">\n<table width=\"288\">\n<tbody>\n<tr>\n<td width=\"137\"><span style=\"color: #333333;\">Product Name<\/span><\/td>\n<td width=\"151\"><span style=\"color: #333333;\">Pet Clothes<\/span><\/td>\n<\/tr>\n<tr>\n<td><span style=\"color: #333333;\">Item No.<\/span><\/td>\n<td><span style=\"color: #333333;\">P-C2206<\/span><\/td>\n<\/tr>\n<tr>\n<td><span style=\"color: #333333;\">Material<\/span><\/td>\n<td><span style=\"color: #333333;\">Cotton, Polyester, Fleece<\/span><\/td>\n<\/tr>\n<tr>\n<td><span style=\"color: #333333;\">\u00a0Size and Color<\/span><\/td>\n<td><span style=\"color: #333333;\">Customized<\/span><\/td>\n<\/tr>\n<tr>\n<td><span style=\"color: #333333;\">\u00a0Delivery time<\/span><\/td>\n<td><span style=\"color: #333333;\">1- 5 days for small quantities by air and 30- 35 days for large quantities by sea<\/span><\/td>\n<\/tr>\n<\/tbody>\n<\/table>\n<p class=\"ds-markdown-paragraph\">Partner with our\u00a0Pet Pajamas Company\u00a0for complete private label solutions:<br \/>\n\u2705\u00a0<strong>End-to-End Branding<\/strong>: Custom tags\/packaging\/brand books<br \/>\n\u2705\u00a0<strong>Materials<\/strong>: OEKO-TEX\u00ae bamboo fleece &amp; non-slip grips<br \/>\n\u2705\u00a0<strong>Exclusivity<\/strong>: Designs protected for your brand only<\/p>\n<p class=\"ds-markdown-paragraph\"><strong>Why 300+ Brands Choose Us:<\/strong><br \/>\n\ud83d\udcc8 <strong>Success Metric<\/strong>: Private label partners average 4.2X ROI<br \/>\n\ud83c\udfed\u00a0Pet Pajamas Factory\u00a0MOQs from 500 units (Pet Pajamas bulk)<br \/>\n\ud83c\udf10 Hassle-free\u00a0Pet Pajamas export\u00a0compliance (REACH\/FDA)<br \/>\n\ud83d\udd04 Full\u00a0Pet Pajamas ODM\/OEM\u00a0support<br \/>\n\ud83d\udd25 The Pet Pajamas manufacturer owns all tooling<\/p>\n<p class=\"ds-markdown-paragraph\"><strong>Private Label Perks:<\/strong><br \/>\n\u2022\u00a0<strong>100% Brand Control<\/strong>: No &#8220;made for&#8221; labels<br \/>\n\u2022 Dedicated design team (60+ seasonal concepts\/year)<br \/>\n\u2022 Custom size charts (XS-XXL breed-specific)<br \/>\n\u2022 E-commerce optimized packaging<\/p>\n<\/div>\n<\/div>\n<\/div>\n<\/div>\n<\/div>\n<\/div>\n<\/div>\n","protected":false},"excerpt":{"rendered":"<h2 class=\"styles_productName__klctO\" data-testid=\"product-title-heading\">Dinosaur Print\u00a0Dog Pajamas Private Label<\/h2>\n<ul>\n<li>Ce mod\u00e8le confortable est facile \u00e0 enfiler et comporte des manches c\u00f4tel\u00e9es. C'est le pyjama pr\u00e9f\u00e9r\u00e9 des chats et des chiens.<\/li>\n<li>Fabriqu\u00e9es dans un m\u00e9lange de poly-coton doux et l\u00e9ger, elles sont parfaites pour \u00eatre port\u00e9es de jour comme de nuit.<\/li>\n<li>Ils existent en diff\u00e9rentes tailles, ce qui vous permet de trouver celle qui convient le mieux \u00e0 votre ami. Le tissu du pyjama est d'abord ajust\u00e9 au corps, mais se d\u00e9tend avec le temps.<\/li>\n<li>Vendus s\u00e9par\u00e9ment dans une vari\u00e9t\u00e9 de motifs amusants, pour que vous puissiez montrer le sens du style de votre ami - collectionnez-les tous et rendez l'heure du coucher amusante tous les soirs.<\/li>\n<li>Ces pyjamas permettent de limiter l'exc\u00e8s de poils et de squames d'animaux afin d'\u00e9viter qu'ils ne s'accumulent sur vos meubles et votre literie.<\/li>\n<\/ul>","protected":false},"featured_media":21692,"template":"","meta":{"_seopress_robots_primary_cat":"none","_seopress_titles_title":"Dog Pajamas Private Label | Professional Pet Product Factory","_seopress_titles_desc":"As Dog Pajamas Private Label Manufacturer, we design premium knitwear for pets worldwide. Bulk orders, OEM services. Request free cozy samples today!","_seopress_robots_index":"","_seopress_analysis_target_kw":"Dog Pajamas OEM,Dog Pajamas Private Label","_uag_custom_page_level_css":""},"product_brand":[],"product_cat":[365,23,328],"product_tag":[],"class_list":{"0":"post-21685","1":"product","2":"type-product","3":"status-publish","4":"has-post-thumbnail","6":"product_cat-functional-dog-clothing","7":"product_cat-pet-clothing","8":"product_cat-pet-costumes","10":"first","11":"instock","12":"shipping-taxable","13":"product-type-simple"},"uagb_featured_image_src":{"full":["https:\/\/pecpets.com\/wp-content\/uploads\/2025\/07\/Dog-Pajamas-Private-Label-1.jpg",1800,1800,false],"thumbnail":["https:\/\/pecpets.com\/wp-content\/uploads\/2025\/07\/Dog-Pajamas-Private-Label-1-150x150.jpg",150,150,true],"medium":["https:\/\/pecpets.com\/wp-content\/uploads\/2025\/07\/Dog-Pajamas-Private-Label-1-300x300.jpg",300,300,true],"medium_large":["https:\/\/pecpets.com\/wp-content\/uploads\/2025\/07\/Dog-Pajamas-Private-Label-1-768x768.jpg",768,768,true],"large":["https:\/\/pecpets.com\/wp-content\/uploads\/2025\/07\/Dog-Pajamas-Private-Label-1-1024x1024.jpg",800,800,true],"1536x1536":["https:\/\/pecpets.com\/wp-content\/uploads\/2025\/07\/Dog-Pajamas-Private-Label-1-1536x1536.jpg",1536,1536,true],"2048x2048":["https:\/\/pecpets.com\/wp-content\/uploads\/2025\/07\/Dog-Pajamas-Private-Label-1.jpg",1800,1800,false],"trp-custom-language-flag":["https:\/\/pecpets.com\/wp-content\/uploads\/2025\/07\/Dog-Pajamas-Private-Label-1-12x12.jpg",12,12,true],"woocommerce_thumbnail":["https:\/\/pecpets.com\/wp-content\/uploads\/2025\/07\/Dog-Pajamas-Private-Label-1-300x300.jpg",300,300,true],"woocommerce_single":["https:\/\/pecpets.com\/wp-content\/uploads\/2025\/07\/Dog-Pajamas-Private-Label-1-600x600.jpg",600,600,true],"woocommerce_gallery_thumbnail":["https:\/\/pecpets.com\/wp-content\/uploads\/2025\/07\/Dog-Pajamas-Private-Label-1-100x100.jpg",100,100,true]},"uagb_author_info":{"display_name":"Lawrence\u00a0\u52b3\u4f26\u65af","author_link":"https:\/\/pecpets.com\/fr\/author\/"},"uagb_comment_info":0,"uagb_excerpt":"Dinosaur Print\u00a0Dog Pajamas Private Label Comfortable design is easy to put on and features sleeves with ribbing. They\u2019re the go-to PJs for cats and dogs alike. Made of a soft and lightweight poly-cotton blend, so they\u2019re perfect to wear day or night. They come in different sizes, so you can find the perfect fit for\u2026","_links":{"self":[{"href":"https:\/\/pecpets.com\/fr\/wp-json\/wp\/v2\/product\/21685","targetHints":{"allow":["GET"]}}],"collection":[{"href":"https:\/\/pecpets.com\/fr\/wp-json\/wp\/v2\/product"}],"about":[{"href":"https:\/\/pecpets.com\/fr\/wp-json\/wp\/v2\/types\/product"}],"wp:featuredmedia":[{"embeddable":true,"href":"https:\/\/pecpets.com\/fr\/wp-json\/wp\/v2\/media\/21692"}],"wp:attachment":[{"href":"https:\/\/pecpets.com\/fr\/wp-json\/wp\/v2\/media?parent=21685"}],"wp:term":[{"taxonomy":"product_brand","embeddable":true,"href":"https:\/\/pecpets.com\/fr\/wp-json\/wp\/v2\/product_brand?post=21685"},{"taxonomy":"product_cat","embeddable":true,"href":"https:\/\/pecpets.com\/fr\/wp-json\/wp\/v2\/product_cat?post=21685"},{"taxonomy":"product_tag","embeddable":true,"href":"https:\/\/pecpets.com\/fr\/wp-json\/wp\/v2\/product_tag?post=21685"}],"curies":[{"name":"wp","href":"https:\/\/api.w.org\/{rel}","templated":true}]}}