{"id":21844,"date":"2025-07-23T14:34:13","date_gmt":"2025-07-23T06:34:13","guid":{"rendered":"https:\/\/pecpets.com\/?post_type=product&#038;p=21844"},"modified":"2025-08-20T15:53:04","modified_gmt":"2025-08-20T07:53:04","slug":"affordable-dog-clothes-export","status":"publish","type":"product","link":"https:\/\/pecpets.com\/fr\/product\/affordable-dog-clothes-export\/","title":{"rendered":"V\u00eatements pour chiens \u00e0 prix abordable Export"},"content":{"rendered":"<h5>China Pet Apparel Factory &amp; Dog Clothes Manufacturer | Top Affordable Dog Clothes Export Partner<\/h5>\n<p class=\"ds-markdown-paragraph\">Streamlining\u00a0Affordable Dog Clothes Export?<\/p>\n<p class=\"ds-markdown-paragraph\">As a leading manufacturer of affordable dog clothes and an ISO-certified pet apparel factory in China, we handle global shipments for over 2,000 retailers.<\/p>\n<p class=\"ds-markdown-paragraph\">Partner with our affordable dog clothes company for:<\/p>\n<div class=\"flex flex-grow flex-col max-w-full\">\n<div class=\"min-h-[20px] text-message flex flex-col items-start whitespace-pre-wrap break-words [.text-message+&amp;]:mt-5 juice:w-full juice:items-end overflow-x-auto gap-2\" dir=\"auto\" data-message-author-role=\"assistant\" data-message-id=\"0128ad4d-678a-477a-b363-469a57c3e696\">\n<div class=\"flex w-full flex-col gap-1 juice:empty:hidden juice:first:pt-[3px]\">\n<div class=\"markdown prose w-full break-words dark:prose-invert light\">\n<div class=\"paragraph\">\n<div class=\"paragraph\">\n<div class=\"paragraph\">\n<table style=\"height: 269px;\" width=\"287\">\n<tbody>\n<tr>\n<td width=\"137\"><span style=\"color: #333333;\">Product Name<\/span><\/td>\n<td width=\"151\"><span style=\"color: #333333;\">Pet Clothes<\/span><\/td>\n<\/tr>\n<tr>\n<td><span style=\"color: #333333;\">Item No.<\/span><\/td>\n<td><span style=\"color: #333333;\">P-C2181<\/span><\/td>\n<\/tr>\n<tr>\n<td><span style=\"color: #333333;\">Material<\/span><\/td>\n<td>Cotton, Polyester, Fleece<\/td>\n<\/tr>\n<tr>\n<td><span style=\"color: #333333;\">\u00a0Size and Color<\/span><\/td>\n<td><span style=\"color: #333333;\">Customized<\/span><\/td>\n<\/tr>\n<tr>\n<td><span style=\"color: #333333;\">\u00a0Delivery time<\/span><\/td>\n<td><span style=\"color: #333333;\">1- 5 days for small quantities by air and 30- 35 days for large quantities by sea<\/span><\/td>\n<\/tr>\n<\/tbody>\n<\/table>\n<p class=\"ds-markdown-paragraph\">\u2705 <strong>Export-Smart Pricing<\/strong><br \/>\n\u2022 DDP shipping included in quotes<br \/>\n\u2022 REACH-compliant, affordable dog clothes export docs<\/p>\n<p class=\"ds-markdown-paragraph\">\u2705\u00a0<strong>Turnkey Export Solutions<\/strong><\/p>\n<ul>\n<li>\n<p class=\"ds-markdown-paragraph\">Affordable dog clothes ODM\/OEM\u00a0with pre-approved EU\/US standards<\/p>\n<\/li>\n<li>\n<p class=\"ds-markdown-paragraph\">Private label\u00a0with multilingual packaging<\/p>\n<\/li>\n<li>\n<p class=\"ds-markdown-paragraph\">FBA prep for an affordable dog clothes wholesaler<\/p>\n<\/li>\n<\/ul>\n<p class=\"ds-markdown-paragraph\">\u2705\u00a0<strong>Export Perks<\/strong><br \/>\n\u2714 72-hour sample air shipping<br \/>\n\u2714 Customs brokerage included<br \/>\n\u2714\u00a0Affordable dog clothes supplier\u00a0portal: Real-time cargo tracking<br \/>\n\u2714 30-day deadstock return for\u00a0affordable dog clothes vendor\u00a0partners<\/p>\n<p class=\"ds-markdown-paragraph\">Your hassle-free\u00a0Affordable Dog Clothes Export\u00a0hub &#8211; from our\u00a0affordable dog clothes factory\u00a0to global shelves.<\/p>\n<p class=\"ds-markdown-paragraph\">WhatsApp for export handbook!<\/p>\n<\/div>\n<\/div>\n<\/div>\n<\/div>\n<\/div>\n<\/div>\n<\/div>\n","protected":false},"excerpt":{"rendered":"<h2 class=\"styles_productName__klctO\" data-testid=\"product-title-heading\">Fruit Punch - V\u00eatements pour chiens \u00e0 prix abordable Exportation<\/h2>\n<ul>\n<li>Cette chemise \u00e0 col campagnard pr\u00e9sente un \u00e9ventail de fruits sur un fond noir uni et des boutons d\u00e9coratifs \u00e0 la patte de boutonnage. C'est un \u00e9l\u00e9ment de base du style doux et chaud.<\/li>\n<li>La fermeture auto-agrippante r\u00e9glable sur le devant permet de l'enfiler et de l'enlever facilement et d'assurer une tenue confortable, tandis que le trou pour la laisse facilite les pauses pipi.<\/li>\n<li>Le tissu l\u00e9ger est lavable en machine pour un nettoyage facile.<\/li>\n<li>Disponible en plusieurs tailles pour que vous puissiez trouver la taille parfaite pour votre animal.<\/li>\n<\/ul>","protected":false},"featured_media":21847,"template":"","meta":{"_seopress_robots_primary_cat":"none","_seopress_titles_title":"Affordable Dog Clothes Export | China Manufacturer","_seopress_titles_desc":"As Affordable Dog Clothes Export Factory, we design premium knitwear for pets worldwide. Bulk orders, OEM services. Request free cozy samples today!","_seopress_robots_index":"","_uag_custom_page_level_css":""},"product_brand":[],"product_cat":[364,343,23],"product_tag":[],"class_list":{"0":"post-21844","1":"product","2":"type-product","3":"status-publish","4":"has-post-thumbnail","6":"product_cat-basic-dog-clothing","7":"product_cat-pet-shirts","8":"product_cat-pet-clothing","10":"first","11":"instock","12":"shipping-taxable","13":"product-type-simple"},"uagb_featured_image_src":{"full":["https:\/\/pecpets.com\/wp-content\/uploads\/2025\/07\/Affordable-Dog-Clothes-Export-8.jpg",600,574,false],"thumbnail":["https:\/\/pecpets.com\/wp-content\/uploads\/2025\/07\/Affordable-Dog-Clothes-Export-8-150x150.jpg",150,150,true],"medium":["https:\/\/pecpets.com\/wp-content\/uploads\/2025\/07\/Affordable-Dog-Clothes-Export-8-300x287.jpg",300,287,true],"medium_large":["https:\/\/pecpets.com\/wp-content\/uploads\/2025\/07\/Affordable-Dog-Clothes-Export-8.jpg",600,574,false],"large":["https:\/\/pecpets.com\/wp-content\/uploads\/2025\/07\/Affordable-Dog-Clothes-Export-8.jpg",600,574,false],"1536x1536":["https:\/\/pecpets.com\/wp-content\/uploads\/2025\/07\/Affordable-Dog-Clothes-Export-8.jpg",600,574,false],"2048x2048":["https:\/\/pecpets.com\/wp-content\/uploads\/2025\/07\/Affordable-Dog-Clothes-Export-8.jpg",600,574,false],"trp-custom-language-flag":["https:\/\/pecpets.com\/wp-content\/uploads\/2025\/07\/Affordable-Dog-Clothes-Export-8-13x12.jpg",13,12,true],"woocommerce_thumbnail":["https:\/\/pecpets.com\/wp-content\/uploads\/2025\/07\/Affordable-Dog-Clothes-Export-8-300x300.jpg",300,300,true],"woocommerce_single":["https:\/\/pecpets.com\/wp-content\/uploads\/2025\/07\/Affordable-Dog-Clothes-Export-8.jpg",600,574,false],"woocommerce_gallery_thumbnail":["https:\/\/pecpets.com\/wp-content\/uploads\/2025\/07\/Affordable-Dog-Clothes-Export-8-100x100.jpg",100,100,true]},"uagb_author_info":{"display_name":"Lawrence\u00a0\u52b3\u4f26\u65af","author_link":"https:\/\/pecpets.com\/fr\/author\/"},"uagb_comment_info":0,"uagb_excerpt":"Fruit Punch Affordable Dog Clothes Export This camp-collar shirt features an array of fruits over a solid black background and decorative buttons at the placket on a staple of sweet, warm-weather style. Adjustable hook-and-loop fastening down the front makes getting it on and off easy and helps secure a comfortable fit, while the leash hole\u2026","_links":{"self":[{"href":"https:\/\/pecpets.com\/fr\/wp-json\/wp\/v2\/product\/21844","targetHints":{"allow":["GET"]}}],"collection":[{"href":"https:\/\/pecpets.com\/fr\/wp-json\/wp\/v2\/product"}],"about":[{"href":"https:\/\/pecpets.com\/fr\/wp-json\/wp\/v2\/types\/product"}],"wp:featuredmedia":[{"embeddable":true,"href":"https:\/\/pecpets.com\/fr\/wp-json\/wp\/v2\/media\/21847"}],"wp:attachment":[{"href":"https:\/\/pecpets.com\/fr\/wp-json\/wp\/v2\/media?parent=21844"}],"wp:term":[{"taxonomy":"product_brand","embeddable":true,"href":"https:\/\/pecpets.com\/fr\/wp-json\/wp\/v2\/product_brand?post=21844"},{"taxonomy":"product_cat","embeddable":true,"href":"https:\/\/pecpets.com\/fr\/wp-json\/wp\/v2\/product_cat?post=21844"},{"taxonomy":"product_tag","embeddable":true,"href":"https:\/\/pecpets.com\/fr\/wp-json\/wp\/v2\/product_tag?post=21844"}],"curies":[{"name":"wp","href":"https:\/\/api.w.org\/{rel}","templated":true}]}}