{"id":21903,"date":"2025-07-29T09:12:08","date_gmt":"2025-07-29T01:12:08","guid":{"rendered":"https:\/\/pecpets.com\/?post_type=product&#038;p=21903"},"modified":"2025-08-20T15:50:57","modified_gmt":"2025-08-20T07:50:57","slug":"affordable-dog-clothes-wholesaler","status":"publish","type":"product","link":"https:\/\/pecpets.com\/fr\/product\/affordable-dog-clothes-wholesaler\/","title":{"rendered":"Grossiste en v\u00eatements pour chiens \u00e0 prix abordable"},"content":{"rendered":"<h5>Direct Pet Apparel Factory &amp; Dog Clothes Manufacturer | Premier Affordable Dog Clothes Wholesaler<\/h5>\n<p class=\"ds-markdown-paragraph\">Grow your pet supply business?<\/p>\n<p class=\"ds-markdown-paragraph\">As an ISO-certified\u00a0Affordable Dog Clothes Wholesaler\u00a0and\u00a0pet apparel factory\u00a0in\u00a0affordable dog clothes China, we deliver unbeatable value:<\/p>\n<div class=\"flex flex-grow flex-col max-w-full\">\n<div class=\"min-h-[20px] text-message flex flex-col items-start whitespace-pre-wrap break-words [.text-message+&amp;]:mt-5 juice:w-full juice:items-end overflow-x-auto gap-2\" dir=\"auto\" data-message-author-role=\"assistant\" data-message-id=\"0128ad4d-678a-477a-b363-469a57c3e696\">\n<div class=\"flex w-full flex-col gap-1 juice:empty:hidden juice:first:pt-[3px]\">\n<div class=\"markdown prose w-full break-words dark:prose-invert light\">\n<div class=\"paragraph\">\n<div class=\"paragraph\">\n<div class=\"paragraph\">\n<table style=\"height: 269px;\" width=\"287\">\n<tbody>\n<tr>\n<td width=\"137\"><span style=\"color: #333333;\">Product Name<\/span><\/td>\n<td width=\"151\"><span style=\"color: #333333;\">Pet Clothes<\/span><\/td>\n<\/tr>\n<tr>\n<td><span style=\"color: #333333;\">Item No.<\/span><\/td>\n<td><span style=\"color: #333333;\">P-C2189<\/span><\/td>\n<\/tr>\n<tr>\n<td><span style=\"color: #333333;\">Material<\/span><\/td>\n<td>Cotton, Polyester, Fleece<\/td>\n<\/tr>\n<tr>\n<td><span style=\"color: #333333;\">\u00a0Size and Color<\/span><\/td>\n<td><span style=\"color: #333333;\">Customized<\/span><\/td>\n<\/tr>\n<tr>\n<td><span style=\"color: #333333;\">\u00a0Delivery time<\/span><\/td>\n<td><span style=\"color: #333333;\">1- 5 days for small quantities by air and 30- 35 days for large quantities by sea<\/span><\/td>\n<\/tr>\n<\/tbody>\n<\/table>\n<p class=\"ds-markdown-paragraph\">\u2705 <strong>Wholesaler-Exclusive Deals<\/strong><br \/>\n\u2022\u00a0Free DDP shipping\u00a0on 500+ units<br \/>\n\u2022\u00a0Save 30%\u00a0on 1,000+ mix-and-match orders<\/p>\n<p class=\"ds-markdown-paragraph\">\u2705\u00a0<strong>Turnkey Wholesale Solutions<\/strong><\/p>\n<ul>\n<li>\n<p class=\"ds-markdown-paragraph\">Affordable dog clothes ODM\/OEM\u00a0+\u00a0private label<\/p>\n<\/li>\n<li>\n<p class=\"ds-markdown-paragraph\">Pre-built\u00a0&#8220;Shop Now&#8221;\u00a0displays for stores<\/p>\n<\/li>\n<li>\n<p class=\"ds-markdown-paragraph\">REACH-ready, affordable dog clothes export\u00a0docs<\/p>\n<\/li>\n<\/ul>\n<p class=\"ds-markdown-paragraph\">\u2705\u00a0<strong>Profit Amplifiers<\/strong><br \/>\n\u2192\u00a0Wholesaler portal: Auto-reorder + sales analytics<br \/>\n\u2192 Free TikTok ads pack ($200 value)<br \/>\n\u2192 Dedicated QC for\u00a0affordable dog clothes vendor\u00a0partners<br \/>\n\u2192 90-day slow-mover exchange<\/p>\n<p class=\"ds-markdown-paragraph\"><strong>Why 7,000+ Retailers Partner With Us:<\/strong><br \/>\n\u2714\u00a0True factory pricing\u00a0&#8211; 60% cheaper than distributors<br \/>\n\u2714 15 new designs monthly +\u00a0real-time trend alerts<br \/>\n\u2714 72hr sample shipping \u2708\ufe0f<br \/>\n\u2714 15-day production with\u00a0daily video updates<\/p>\n<p class=\"ds-markdown-paragraph\">Your strategic\u00a0Affordable Dog Clothes Wholesaler\u00a0&#8211; transforming inventory into profits.<\/p>\n<p class=\"ds-markdown-paragraph\">Get the wholesale price list now!<\/p>\n<\/div>\n<\/div>\n<\/div>\n<\/div>\n<\/div>\n<\/div>\n<\/div>\n","protected":false},"excerpt":{"rendered":"<h2 class=\"styles_productName__klctO\" data-testid=\"product-title-heading\">Grossiste en v\u00eatements pour chiens \u00e0 prix abordable<\/h2>\n<ul>\n<li>Chemise boutonn\u00e9e classique \u00e0 carreaux multicolores pour les animaux de compagnie qui aiment se vanter de leur style.<\/li>\n<li>Une tenue parfaite pour faire des d\u00e9clarations de mode en fourrure n'importe o\u00f9 et n'importe quand.<\/li>\n<li>Facile \u00e0 enfiler et \u00e0 enlever gr\u00e2ce \u00e0 la conception \"step-in\", avec de larges bandes auto-agrippantes sur le ventre pour un ajustement confortable.<\/li>\n<li>Le trou int\u00e9gr\u00e9 pour la laisse vous permet de vous promener pendant que votre animal porte la chemise, avec un collier sous la chemise.<\/li>\n<li>Disponible en diff\u00e9rentes tailles pour convenir \u00e0 la plupart des chats et des chiens. Mesurez toujours pour une bonne coupe. Cette chemise n'est pas extensible, il est donc recommand\u00e9 de prendre une taille sup\u00e9rieure si vous avez besoin d'une coupe plus ample.<\/li>\n<\/ul>","protected":false},"featured_media":21908,"template":"","meta":{"_seopress_robots_primary_cat":"none","_seopress_titles_title":"Affordable Dog Clothes Wholesaler | China Factory","_seopress_titles_desc":"As Affordable Dog Clothes Wholesaler, we design premium knitwear for pets worldwide. Bulk orders, OEM services. Request free cozy samples today!","_seopress_robots_index":"","_uag_custom_page_level_css":""},"product_brand":[],"product_cat":[364,343,23],"product_tag":[],"class_list":{"0":"post-21903","1":"product","2":"type-product","3":"status-publish","4":"has-post-thumbnail","6":"product_cat-basic-dog-clothing","7":"product_cat-pet-shirts","8":"product_cat-pet-clothing","10":"first","11":"instock","12":"shipping-taxable","13":"product-type-simple"},"uagb_featured_image_src":{"full":["https:\/\/pecpets.com\/wp-content\/uploads\/2025\/07\/Affordable-Dog-Clothes-Wholesaler-4.jpg",990,1200,false],"thumbnail":["https:\/\/pecpets.com\/wp-content\/uploads\/2025\/07\/Affordable-Dog-Clothes-Wholesaler-4-150x150.jpg",150,150,true],"medium":["https:\/\/pecpets.com\/wp-content\/uploads\/2025\/07\/Affordable-Dog-Clothes-Wholesaler-4-248x300.jpg",248,300,true],"medium_large":["https:\/\/pecpets.com\/wp-content\/uploads\/2025\/07\/Affordable-Dog-Clothes-Wholesaler-4-768x931.jpg",768,931,true],"large":["https:\/\/pecpets.com\/wp-content\/uploads\/2025\/07\/Affordable-Dog-Clothes-Wholesaler-4-845x1024.jpg",800,969,true],"1536x1536":["https:\/\/pecpets.com\/wp-content\/uploads\/2025\/07\/Affordable-Dog-Clothes-Wholesaler-4.jpg",990,1200,false],"2048x2048":["https:\/\/pecpets.com\/wp-content\/uploads\/2025\/07\/Affordable-Dog-Clothes-Wholesaler-4.jpg",990,1200,false],"trp-custom-language-flag":["https:\/\/pecpets.com\/wp-content\/uploads\/2025\/07\/Affordable-Dog-Clothes-Wholesaler-4-10x12.jpg",10,12,true],"woocommerce_thumbnail":["https:\/\/pecpets.com\/wp-content\/uploads\/2025\/07\/Affordable-Dog-Clothes-Wholesaler-4-300x300.jpg",300,300,true],"woocommerce_single":["https:\/\/pecpets.com\/wp-content\/uploads\/2025\/07\/Affordable-Dog-Clothes-Wholesaler-4-600x727.jpg",600,727,true],"woocommerce_gallery_thumbnail":["https:\/\/pecpets.com\/wp-content\/uploads\/2025\/07\/Affordable-Dog-Clothes-Wholesaler-4-100x100.jpg",100,100,true]},"uagb_author_info":{"display_name":"Lawrence\u00a0\u52b3\u4f26\u65af","author_link":"https:\/\/pecpets.com\/fr\/author\/"},"uagb_comment_info":0,"uagb_excerpt":"Affordable Dog Clothes Wholesaler Classic multi-color plaid button-up shirt for pets who like to strut their style. Perfect outfit for making furry fashion statements anytime, anywhere. Easy to put on and take off with step-in design, with wide fuzzy hook-and-loop fasteners on the belly for a comfy, adjustable fit. Built-in leash hole so you can\u2026","_links":{"self":[{"href":"https:\/\/pecpets.com\/fr\/wp-json\/wp\/v2\/product\/21903","targetHints":{"allow":["GET"]}}],"collection":[{"href":"https:\/\/pecpets.com\/fr\/wp-json\/wp\/v2\/product"}],"about":[{"href":"https:\/\/pecpets.com\/fr\/wp-json\/wp\/v2\/types\/product"}],"wp:featuredmedia":[{"embeddable":true,"href":"https:\/\/pecpets.com\/fr\/wp-json\/wp\/v2\/media\/21908"}],"wp:attachment":[{"href":"https:\/\/pecpets.com\/fr\/wp-json\/wp\/v2\/media?parent=21903"}],"wp:term":[{"taxonomy":"product_brand","embeddable":true,"href":"https:\/\/pecpets.com\/fr\/wp-json\/wp\/v2\/product_brand?post=21903"},{"taxonomy":"product_cat","embeddable":true,"href":"https:\/\/pecpets.com\/fr\/wp-json\/wp\/v2\/product_cat?post=21903"},{"taxonomy":"product_tag","embeddable":true,"href":"https:\/\/pecpets.com\/fr\/wp-json\/wp\/v2\/product_tag?post=21903"}],"curies":[{"name":"wp","href":"https:\/\/api.w.org\/{rel}","templated":true}]}}