{"id":22147,"date":"2026-01-28T17:38:25","date_gmt":"2026-01-28T09:38:25","guid":{"rendered":"https:\/\/pecpets.com\/?post_type=product&#038;p=22147"},"modified":"2026-01-28T18:08:33","modified_gmt":"2026-01-28T10:08:33","slug":"fleece-dog-coats","status":"publish","type":"product","link":"https:\/\/pecpets.com\/fr\/product\/fleece-dog-coats\/","title":{"rendered":"Manteaux en polaire pour chiens"},"content":{"rendered":"<h3>Pet Clothes Manufacturer | Waterproof Jacket Factory | Premium Fleece Dog Coats<\/h3>\n<p data-start=\"328\" data-end=\"803\">Looking for high-quality Fleece Dog Coats to add to your winter pet apparel collection?<\/p>\n<p data-start=\"328\" data-end=\"803\">As a trusted Pet Clothes Manufacturer and Waterproof Jacket Factory in China, we specialize in producing durable, stylish, and warm fleece designs.<\/p>\n<p data-start=\"328\" data-end=\"803\">Qu'il s'agisse de commandes en gros de manteaux pour chiens ou de solutions OEM, ODM et MDD personnalis\u00e9es de manteaux pour chiens, notre usine fournit un soutien fiable aux marques, aux d\u00e9taillants et aux distributeurs dans le monde entier.<\/p>\n<p data-start=\"805\" data-end=\"1253\">En tant qu'entreprise professionnelle de manteaux pour chiens, nous g\u00e9rons l'ensemble du processus, depuis l'approvisionnement en tissu et la conception jusqu'\u00e0 l'exportation et la livraison des manteaux pour chiens.<\/p>\n<p data-start=\"805\" data-end=\"1253\">Avec des ann\u00e9es d'exp\u00e9rience en tant que fabricant leader de manteaux pour chiens en Chine, notre \u00e9quipe garantit une qualit\u00e9 constante, des prix comp\u00e9titifs et des livraisons dans les d\u00e9lais.<\/p>\n<p data-start=\"805\" data-end=\"1253\">Que vous soyez \u00e0 la recherche d'une usine de manteaux pour chiens, d'un fournisseur de manteaux pour chiens, d'un vendeur de manteaux pour chiens ou d'un grossiste de manteaux pour chiens, nous sommes votre partenaire tout-en-un.<\/p>\n<p data-start=\"1255\" data-end=\"1295\">\u2705 <strong>Why Choose Our Fleece Dog Coats<\/strong>:<\/p>\n<ul data-start=\"1296\" data-end=\"1668\">\n<li data-start=\"1296\" data-end=\"1373\">\n<p data-start=\"1298\" data-end=\"1373\">Expert Dog Coat factory specializing in fleece and waterproof designs<\/p>\n<\/li>\n<li data-start=\"1374\" data-end=\"1424\">\n<p data-start=\"1376\" data-end=\"1424\">MOQs flexibles pour la production en vrac de manteaux pour chiens<\/p>\n<\/li>\n<li data-start=\"1425\" data-end=\"1496\">\n<p data-start=\"1427\" data-end=\"1496\">Full Dog Coat OEM\/ODM customization with private label branding<\/p>\n<\/li>\n<li data-start=\"1497\" data-end=\"1570\">\n<p data-start=\"1499\" data-end=\"1570\">Logistique d'exportation mondiale sans couture de Manteau de chien de Chine<\/p>\n<\/li>\n<li data-start=\"1571\" data-end=\"1668\">\n<p data-start=\"1573\" data-end=\"1668\">Les d\u00e9taillants internationaux, les marques de boutiques et les grands grossistes en manteaux pour chiens lui font confiance.<\/p>\n<\/li>\n<\/ul>\n<p data-start=\"1670\" data-end=\"1966\">Our Fleece Dog Coats feature soft-touch fleece lining, adjustable straps for a secure fit, and weather-resistant fabrics that keep pets warm and comfortable.<\/p>\n<p data-start=\"1670\" data-end=\"1966\">Con\u00e7us pour la mode et la fonction, ces manteaux sont id\u00e9aux pour tous les segments du march\u00e9, des lignes \u00e9conomiques aux collections haut de gamme.<\/p>\n<p data-start=\"1968\" data-end=\"2152\">Partner with us today to source Fleece Dog Coats directly from a reliable Dog Coat manufacturer in China and grow your business with trusted Dog Coat suppliers worldwide.<\/p>","protected":false},"excerpt":{"rendered":"<h2>Wholesale Fleece Dog Coats<\/h2>\n<ul>\n<li>Cette veste r\u00e9versible est dot\u00e9e d'une capuche amovible \u00e0 cordon de serrage, avec l'imprim\u00e9 original Peanuts d'un c\u00f4t\u00e9 et un beige uni de l'autre.<\/li>\n<li>Cette veste est dot\u00e9e d'un Sherpa doux pour plus de chaleur et de confort.<\/li>\n<li>L'ext\u00e9rieur \u00e9l\u00e9gant \u00e0 motifs est en microfibre pelucheuse.<\/li>\n<li>Cette veste est fabriqu\u00e9e en polyester 100% pour un aspect pratique et confortable.<\/li>\n<li>Pour plus de commodit\u00e9, cette veste est dot\u00e9e d'une ouverture dans le dos permettant d'attacher facilement une laisse en D.<\/li>\n<\/ul>\n<table width=\"288\">\n<tbody>\n<tr>\n<td width=\"137\"><span style=\"color: #333333;\">Nom du produit<\/span><\/td>\n<td width=\"151\"><span style=\"color: #333333;\">V\u00eatements pour animaux<\/span><\/td>\n<\/tr>\n<tr>\n<td><span style=\"color: #333333;\">Num\u00e9ro d'article<\/span><\/td>\n<td><span style=\"color: #333333;\">P-C3004<\/span><\/td>\n<\/tr>\n<tr>\n<td><span style=\"color: #333333;\">Mat\u00e9riau<\/span><\/td>\n<td>Coton, polyester, polaire<\/td>\n<\/tr>\n<tr>\n<td><span style=\"color: #333333;\">\u00a0Taille et couleur<\/span><\/td>\n<td><span style=\"color: #333333;\">Sur mesure<\/span><\/td>\n<\/tr>\n<tr>\n<td><span style=\"color: #333333;\">\u00a0D\u00e9lai de livraison<\/span><\/td>\n<td><span style=\"color: #333333;\">1 \u00e0 5 jours pour les petites quantit\u00e9s par voie a\u00e9rienne et 30 \u00e0 35 jours pour les grandes quantit\u00e9s par voie maritime.<\/span><\/td>\n<\/tr>\n<\/tbody>\n<\/table>","protected":false},"featured_media":22152,"template":"","meta":{"_seopress_robots_primary_cat":"none","_seopress_titles_title":"Wholesale Fleece Dog Coats\u200b\u200b | ODM & OEM Solutions","_seopress_titles_desc":"As Fleece Dog Coats China Factory, we design premium knitwear for pets worldwide. Bulk orders, OEM services. Request free cozy samples today!","_seopress_robots_index":"","_seopress_analysis_target_kw":"Fleece Dog Coats\u200b","_uag_custom_page_level_css":""},"product_brand":[],"product_cat":[364,342,23],"product_tag":[],"class_list":{"0":"post-22147","1":"product","2":"type-product","3":"status-publish","4":"has-post-thumbnail","6":"product_cat-basic-dog-clothing","7":"product_cat-pet-coat","8":"product_cat-pet-clothing","10":"first","11":"instock","12":"shipping-taxable","13":"product-type-simple"},"uagb_featured_image_src":{"full":["https:\/\/pecpets.com\/wp-content\/uploads\/2025\/09\/9ecbe2c8-80d3-4ed6-96b0-92d81cd3e010.jpeg",1200,1200,false],"thumbnail":["https:\/\/pecpets.com\/wp-content\/uploads\/2025\/09\/9ecbe2c8-80d3-4ed6-96b0-92d81cd3e010-150x150.jpeg",150,150,true],"medium":["https:\/\/pecpets.com\/wp-content\/uploads\/2025\/09\/9ecbe2c8-80d3-4ed6-96b0-92d81cd3e010-300x300.jpeg",300,300,true],"medium_large":["https:\/\/pecpets.com\/wp-content\/uploads\/2025\/09\/9ecbe2c8-80d3-4ed6-96b0-92d81cd3e010-768x768.jpeg",768,768,true],"large":["https:\/\/pecpets.com\/wp-content\/uploads\/2025\/09\/9ecbe2c8-80d3-4ed6-96b0-92d81cd3e010-1024x1024.jpeg",800,800,true],"1536x1536":["https:\/\/pecpets.com\/wp-content\/uploads\/2025\/09\/9ecbe2c8-80d3-4ed6-96b0-92d81cd3e010.jpeg",1200,1200,false],"2048x2048":["https:\/\/pecpets.com\/wp-content\/uploads\/2025\/09\/9ecbe2c8-80d3-4ed6-96b0-92d81cd3e010.jpeg",1200,1200,false],"trp-custom-language-flag":["https:\/\/pecpets.com\/wp-content\/uploads\/2025\/09\/9ecbe2c8-80d3-4ed6-96b0-92d81cd3e010-12x12.jpeg",12,12,true],"woocommerce_thumbnail":["https:\/\/pecpets.com\/wp-content\/uploads\/2025\/09\/9ecbe2c8-80d3-4ed6-96b0-92d81cd3e010-300x300.jpeg",300,300,true],"woocommerce_single":["https:\/\/pecpets.com\/wp-content\/uploads\/2025\/09\/9ecbe2c8-80d3-4ed6-96b0-92d81cd3e010-600x600.jpeg",600,600,true],"woocommerce_gallery_thumbnail":["https:\/\/pecpets.com\/wp-content\/uploads\/2025\/09\/9ecbe2c8-80d3-4ed6-96b0-92d81cd3e010-100x100.jpeg",100,100,true]},"uagb_author_info":{"display_name":"Lawrence\u00a0\u52b3\u4f26\u65af","author_link":"https:\/\/pecpets.com\/fr\/author\/"},"uagb_comment_info":0,"uagb_excerpt":"Wholesale Fleece Dog Coats\u200b This reversible jacket has a removable drawstring hood with the Original Peanuts print on one side and solid beige on the other. This jacket features soft Sherpa for added warmth and cozy comfort. The stylish, patterned exterior is made of plush microfiber. This jacket is made with 100% polyester for practical\u2026","_links":{"self":[{"href":"https:\/\/pecpets.com\/fr\/wp-json\/wp\/v2\/product\/22147","targetHints":{"allow":["GET"]}}],"collection":[{"href":"https:\/\/pecpets.com\/fr\/wp-json\/wp\/v2\/product"}],"about":[{"href":"https:\/\/pecpets.com\/fr\/wp-json\/wp\/v2\/types\/product"}],"wp:featuredmedia":[{"embeddable":true,"href":"https:\/\/pecpets.com\/fr\/wp-json\/wp\/v2\/media\/22152"}],"wp:attachment":[{"href":"https:\/\/pecpets.com\/fr\/wp-json\/wp\/v2\/media?parent=22147"}],"wp:term":[{"taxonomy":"product_brand","embeddable":true,"href":"https:\/\/pecpets.com\/fr\/wp-json\/wp\/v2\/product_brand?post=22147"},{"taxonomy":"product_cat","embeddable":true,"href":"https:\/\/pecpets.com\/fr\/wp-json\/wp\/v2\/product_cat?post=22147"},{"taxonomy":"product_tag","embeddable":true,"href":"https:\/\/pecpets.com\/fr\/wp-json\/wp\/v2\/product_tag?post=22147"}],"curies":[{"name":"wp","href":"https:\/\/api.w.org\/{rel}","templated":true}]}}