{"id":22154,"date":"2025-09-04T09:23:49","date_gmt":"2025-09-04T01:23:49","guid":{"rendered":"https:\/\/pecpets.com\/?post_type=product&#038;p=22154"},"modified":"2025-09-04T14:35:54","modified_gmt":"2025-09-04T06:35:54","slug":"custom-pet-t-shirts","status":"publish","type":"product","link":"https:\/\/pecpets.com\/fr\/product\/custom-pet-t-shirts\/","title":{"rendered":"T-shirts personnalis\u00e9s pour animaux de compagnie"},"content":{"rendered":"<h3>Fournisseur de T-Shirts personnalis\u00e9s pour animaux de compagnie | Fabricant de vestes imperm\u00e9ables | Fabricant de v\u00eatements pour animaux de compagnie<\/h3>\n<p data-start=\"335\" data-end=\"831\">Vous recherchez des T-shirts personnalis\u00e9s pour animaux de compagnie, \u00e9l\u00e9gants et confortables, afin d'\u00e9largir votre gamme de v\u00eatements pour animaux de compagnie ?<\/p>\n<p data-start=\"335\" data-end=\"831\">En tant que fabricant de v\u00eatements pour animaux de compagnie et usine de vestes imperm\u00e9ables en Chine, nous sommes sp\u00e9cialis\u00e9s dans la production de v\u00eatements pour animaux de compagnie de haute qualit\u00e9, \u00e0 la fois \u00e0 la mode et fonctionnels. De\u00a0<span style=\"box-sizing: border-box; margin: 0px; padding: 0px;\">production en vrac de t-shirts pour animaux de compagnie pour OEM, ODM et <\/span>Gr\u00e2ce \u00e0 nos programmes de marque priv\u00e9e, nous fournissons des solutions sur mesure aux d\u00e9taillants, aux distributeurs et aux marques internationales. Nous nous occupons de chaque \u00e9tape, de la s\u00e9lection du tissu et de l'impression personnalis\u00e9e \u00e0 l'exportation et \u00e0 la livraison des T-shirts pour animaux de compagnie. Notre usine de T-Shirts pour animaux de compagnie associe des techniques de production avanc\u00e9es \u00e0 un contr\u00f4le de qualit\u00e9 strict, garantissant que chaque commande r\u00e9pond aux normes internationales.<\/p>\n<p data-start=\"833\" data-end=\"1294\">Que vous ayez besoin d'un fabricant fiable de T-shirts pour animaux de compagnie, d'un fournisseur cr\u00e9atif de T-shirts pour animaux de compagnie ou d'un vendeur \u00e0 long terme de T-shirts pour animaux de compagnie, nous avons ce qu'il vous faut.<\/p>\n<p data-start=\"1296\" data-end=\"1342\">\u2705<strong> Pourquoi nous choisir pour des T-shirts personnalis\u00e9s pour animaux de compagnie :<\/strong><\/p>\n<ul data-start=\"1343\" data-end=\"1700\">\n<li data-start=\"1343\" data-end=\"1392\">\n<p data-start=\"1345\" data-end=\"1392\">MOQ flexible pour les commandes en gros de T-Shirts pour animaux de compagnie<\/p>\n<\/li>\n<li data-start=\"1393\" data-end=\"1463\">\n<p data-start=\"1395\" data-end=\"1463\">Services complets d'OEM\/ODM pour la personnalisation des t-shirts pour animaux de compagnie<\/p>\n<\/li>\n<li data-start=\"1464\" data-end=\"1520\">\n<p data-start=\"1466\" data-end=\"1520\">Exportation rapide et fiable de T-Shirts pour animaux de compagnie depuis la Chine<\/p>\n<\/li>\n<li data-start=\"1521\" data-end=\"1597\">\n<p data-start=\"1523\" data-end=\"1597\">Fabricant exp\u00e9riment\u00e9 de T-shirts pour animaux de compagnie avec plus de 10 ans d'exp\u00e9rience dans l'industrie<\/p>\n<\/li>\n<li data-start=\"1598\" data-end=\"1700\">\n<p data-start=\"1600\" data-end=\"1700\">Partenaire de confiance des grossistes en t-shirts pour animaux de compagnie, des d\u00e9taillants de boutiques et des distributeurs \u00e0 grande \u00e9chelle<\/p>\n<\/li>\n<\/ul>\n<p data-start=\"1702\" data-end=\"1968\">Nos t-shirts personnalis\u00e9s pour animaux de compagnie sont disponibles en coton respirant, en m\u00e9lange de polyester et en tissus \u00e9cologiques, avec des options de s\u00e9rigraphie, de broderie ou de sublimation. Disponibles en plusieurs tailles, couleurs et motifs, ils sont parfaits pour l'image de marque ou les collections saisonni\u00e8res.<\/p>\n<p data-start=\"1970\" data-end=\"2144\">Nous nous associons d\u00e8s aujourd'hui \u00e0 une usine fiable de T-Shirts pour animaux de compagnie en Chine - votre fournisseur, vendeur et grossiste de T-Shirts pour animaux de compagnie pour les march\u00e9s mondiaux.<\/p>","protected":false},"excerpt":{"rendered":"<h1>T-shirts personnalis\u00e9s pour animaux de compagnie<\/h1>\n<ul>\n<li>Ce polo de style rugby avec un trou pour la laisse s'adapte \u00e0 la t\u00eate de votre animal et est dot\u00e9 de fermetures auto-agrippantes pour une bonne tenue.<\/li>\n<li>Il comporte un motif Mickey s\u00e9rigraphi\u00e9 au dos, des d\u00e9tails sur les manches et des faux boutons.<\/li>\n<li>Lavable en machine \u00e0 l'eau froide, pour que le look pr\u00e9f\u00e9r\u00e9 de votre animal reste confortable et mignon.<\/li>\n<li>Disponible en six tailles, pour que la plupart des animaux de compagnie puissent montrer leur attachement \u00e0 Disney.<\/li>\n<\/ul>\n<table width=\"288\">\n<tbody>\n<tr>\n<td width=\"137\"><span style=\"color: #333333;\">Nom du produit<\/span><\/td>\n<td width=\"151\"><span style=\"color: #333333;\">V\u00eatements pour animaux<\/span><\/td>\n<\/tr>\n<tr>\n<td><span style=\"color: #333333;\">Num\u00e9ro d'article<\/span><\/td>\n<td><span style=\"color: #333333;\">P-C3005<\/span><\/td>\n<\/tr>\n<tr>\n<td><span style=\"color: #333333;\">Mat\u00e9riau<\/span><\/td>\n<td>Coton, polyester, polaire<\/td>\n<\/tr>\n<tr>\n<td><span style=\"color: #333333;\">\u00a0Taille et couleur<\/span><\/td>\n<td><span style=\"color: #333333;\">Sur mesure<\/span><\/td>\n<\/tr>\n<tr>\n<td><span style=\"color: #333333;\">\u00a0D\u00e9lai de livraison<\/span><\/td>\n<td><span style=\"color: #333333;\">1 \u00e0 5 jours pour les petites quantit\u00e9s par voie a\u00e9rienne et 30 \u00e0 35 jours pour les grandes quantit\u00e9s par voie maritime.<\/span><\/td>\n<\/tr>\n<\/tbody>\n<\/table>","protected":false},"featured_media":22165,"template":"","meta":{"_seopress_robots_primary_cat":"none","_seopress_titles_title":"Wholesale Custom Pet T-Shirts\u200b\u200b\u200b | ODM & OEM Solutions","_seopress_titles_desc":"As Custom Pet T-Shirts\u200b China Factory, we design premium knitwear for pets worldwide. Bulk orders, OEM services. Request free cozy samples today!","_seopress_robots_index":"","_uag_custom_page_level_css":""},"product_brand":[],"product_cat":[364,343,23],"product_tag":[],"class_list":{"0":"post-22154","1":"product","2":"type-product","3":"status-publish","4":"has-post-thumbnail","6":"product_cat-basic-dog-clothing","7":"product_cat-pet-shirts","8":"product_cat-pet-clothing","10":"first","11":"instock","12":"shipping-taxable","13":"product-type-simple"},"uagb_featured_image_src":{"full":["https:\/\/pecpets.com\/wp-content\/uploads\/2025\/09\/e2547078-6352-4eeb-97ea-2184cb1543f2.jpg",1200,1200,false],"thumbnail":["https:\/\/pecpets.com\/wp-content\/uploads\/2025\/09\/e2547078-6352-4eeb-97ea-2184cb1543f2-150x150.jpg",150,150,true],"medium":["https:\/\/pecpets.com\/wp-content\/uploads\/2025\/09\/e2547078-6352-4eeb-97ea-2184cb1543f2-300x300.jpg",300,300,true],"medium_large":["https:\/\/pecpets.com\/wp-content\/uploads\/2025\/09\/e2547078-6352-4eeb-97ea-2184cb1543f2-768x768.jpg",768,768,true],"large":["https:\/\/pecpets.com\/wp-content\/uploads\/2025\/09\/e2547078-6352-4eeb-97ea-2184cb1543f2-1024x1024.jpg",800,800,true],"1536x1536":["https:\/\/pecpets.com\/wp-content\/uploads\/2025\/09\/e2547078-6352-4eeb-97ea-2184cb1543f2.jpg",1200,1200,false],"2048x2048":["https:\/\/pecpets.com\/wp-content\/uploads\/2025\/09\/e2547078-6352-4eeb-97ea-2184cb1543f2.jpg",1200,1200,false],"trp-custom-language-flag":["https:\/\/pecpets.com\/wp-content\/uploads\/2025\/09\/e2547078-6352-4eeb-97ea-2184cb1543f2-12x12.jpg",12,12,true],"woocommerce_thumbnail":["https:\/\/pecpets.com\/wp-content\/uploads\/2025\/09\/e2547078-6352-4eeb-97ea-2184cb1543f2-300x300.jpg",300,300,true],"woocommerce_single":["https:\/\/pecpets.com\/wp-content\/uploads\/2025\/09\/e2547078-6352-4eeb-97ea-2184cb1543f2-600x600.jpg",600,600,true],"woocommerce_gallery_thumbnail":["https:\/\/pecpets.com\/wp-content\/uploads\/2025\/09\/e2547078-6352-4eeb-97ea-2184cb1543f2-100x100.jpg",100,100,true]},"uagb_author_info":{"display_name":"Lawrence\u00a0\u52b3\u4f26\u65af","author_link":"https:\/\/pecpets.com\/fr\/author\/"},"uagb_comment_info":0,"uagb_excerpt":"Custom Pet T-Shirts\u200b Rugby-style pullover polo with a leash hole fits over your pet\u2019s head and has hook-and-loop fasteners for a secure fit. Features a screen-printed Mickey graphic on the back, sleeve details, and faux buttons. Machine-washable in cold water, so your pet\u2019s favorite look stays comfy and cute. Available in six sizes, so most\u2026","_links":{"self":[{"href":"https:\/\/pecpets.com\/fr\/wp-json\/wp\/v2\/product\/22154","targetHints":{"allow":["GET"]}}],"collection":[{"href":"https:\/\/pecpets.com\/fr\/wp-json\/wp\/v2\/product"}],"about":[{"href":"https:\/\/pecpets.com\/fr\/wp-json\/wp\/v2\/types\/product"}],"wp:featuredmedia":[{"embeddable":true,"href":"https:\/\/pecpets.com\/fr\/wp-json\/wp\/v2\/media\/22165"}],"wp:attachment":[{"href":"https:\/\/pecpets.com\/fr\/wp-json\/wp\/v2\/media?parent=22154"}],"wp:term":[{"taxonomy":"product_brand","embeddable":true,"href":"https:\/\/pecpets.com\/fr\/wp-json\/wp\/v2\/product_brand?post=22154"},{"taxonomy":"product_cat","embeddable":true,"href":"https:\/\/pecpets.com\/fr\/wp-json\/wp\/v2\/product_cat?post=22154"},{"taxonomy":"product_tag","embeddable":true,"href":"https:\/\/pecpets.com\/fr\/wp-json\/wp\/v2\/product_tag?post=22154"}],"curies":[{"name":"wp","href":"https:\/\/api.w.org\/{rel}","templated":true}]}}