{"id":22178,"date":"2026-02-06T09:07:54","date_gmt":"2026-02-06T01:07:54","guid":{"rendered":"https:\/\/pecpets.com\/?post_type=product&#038;p=22178"},"modified":"2026-02-11T15:21:12","modified_gmt":"2026-02-11T07:21:12","slug":"premium-dog-shirts-supplier","status":"publish","type":"product","link":"https:\/\/pecpets.com\/fr\/product\/premium-dog-shirts-supplier\/","title":{"rendered":"Chemises pour chiens"},"content":{"rendered":"<h3>Fabricant de v\u00eatements pour animaux de compagnie | Fabricant de vestes imperm\u00e9ables | Fournisseur de chemises pour chiens de qualit\u00e9 sup\u00e9rieure<\/h3>\n<p data-start=\"316\" data-end=\"801\">Vous recherchez des chemises pour chiens \u00e9l\u00e9gantes et confortables pour \u00e9largir votre gamme de v\u00eatements pour animaux de compagnie ? En tant que fabricant de v\u00eatements pour animaux et fabricant de vestes imperm\u00e9ables en Chine, nous sommes sp\u00e9cialis\u00e9s dans la production de chemises pour chiens de haute qualit\u00e9 qui allient mode et fonctionnalit\u00e9. De la production de chemises pour chiens en vrac aux programmes OEM, ODM et MDD de chemises pour chiens, nous proposons des solutions con\u00e7ues pour les d\u00e9taillants, les distributeurs et les marques du monde entier.<\/p>\n<p data-start=\"803\" data-end=\"1245\">En tant qu'entreprise exp\u00e9riment\u00e9e dans le domaine des chemises pour chiens, nous nous occupons de tout, depuis l'approvisionnement en tissus et la conception jusqu'\u00e0 l'exportation \u00e0 grande \u00e9chelle de chemises pour chiens. Notre usine de pointe de chemises pour chiens garantit un savoir-faire professionnel, des prix comp\u00e9titifs et une qualit\u00e9 constante pour toutes les tailles et tous les styles. Que vous soyez \u00e0 la recherche d'un fabricant de chemises pour chiens fiable, d'un fournisseur de chemises pour chiens cr\u00e9atif ou d'un vendeur de chemises pour chiens \u00e0 long terme, nous avons ce qu'il vous faut.<\/p>\n<p data-start=\"1247\" data-end=\"1281\">\u2705<strong> Pourquoi choisir nos chemises pour chiens<\/strong>:<\/p>\n<ul data-start=\"1282\" data-end=\"1625\">\n<li data-start=\"1282\" data-end=\"1329\">\n<p data-start=\"1284\" data-end=\"1329\">MOQ flexible pour les commandes en gros de chemises pour chiens<\/p>\n<\/li>\n<li data-start=\"1330\" data-end=\"1406\">\n<p data-start=\"1332\" data-end=\"1406\">Personnalisation compl\u00e8te par le biais de chemises pour chiens OEM\/ODM et de marques priv\u00e9es<\/p>\n<\/li>\n<li data-start=\"1407\" data-end=\"1466\">\n<p data-start=\"1409\" data-end=\"1466\">Exportation rapide de chemises pour chiens avec support d'exp\u00e9dition mondial<\/p>\n<\/li>\n<li data-start=\"1467\" data-end=\"1538\">\n<p data-start=\"1469\" data-end=\"1538\">Fabrique de chemises pour chiens de confiance en Chine avec un contr\u00f4le de qualit\u00e9 strict<\/p>\n<\/li>\n<li data-start=\"1539\" data-end=\"1625\">\n<p data-start=\"1541\" data-end=\"1625\">Partenaire fiable pour les grossistes, les d\u00e9taillants et les vendeurs en ligne de chemises pour chiens<\/p>\n<\/li>\n<\/ul>\n<p data-start=\"1627\" data-end=\"1930\">Nos chemises pour chiens sont disponibles en coton doux, en m\u00e9lange de polyester respirant et en tissus \u00e9cologiques, avec des options de s\u00e9rigraphie, de broderie ou de logos personnalis\u00e9s. Con\u00e7us pour \u00eatre confortables et mettre en valeur l'identit\u00e9 de votre marque, ils sont parfaits pour les collections saisonni\u00e8res, les promotions ou les lignes de boutiques.<\/p>\n<p data-start=\"1932\" data-end=\"2147\">Partenaire d'un fabricant \u00e9prouv\u00e9 de Chemises pour chiens en Chine et s'approvisionnant directement aupr\u00e8s d'une usine, d'un fournisseur, d'un vendeur ou d'un grossiste fiable de Chemises pour chiens, aidant ainsi votre entreprise \u00e0 se d\u00e9velopper avec des v\u00eatements pour animaux de qualit\u00e9 \u00e0 l'\u00e9chelle.<\/p>","protected":false},"excerpt":{"rendered":"<h3>Premium Dog Shirts Supplier<\/h3>\n<ul>\n<li>Cette chemise d'inspiration hawa\u00efenne pr\u00e9sente un motif imprim\u00e9 de palmiers sur un fond vert d'eau frais pour un look par temps chaud dans lequel ils se sentiront bien.<\/li>\n<li>La fermeture auto-agrippante r\u00e9glable sur le devant permet de l'enfiler et de l'enlever facilement et d'assurer une tenue confortable, tandis que le trou pour la laisse permet de faire des pauses pipi en un clin d'\u0153il.<\/li>\n<li>Le tissu l\u00e9ger est lavable en machine pour un nettoyage facile.<\/li>\n<li>Disponible en plusieurs tailles, pour que vous puissiez trouver celle qui convient le mieux \u00e0 votre animal.<\/li>\n<\/ul>\n<table width=\"288\">\n<tbody>\n<tr>\n<td width=\"137\"><span style=\"color: #333333;\">Nom du produit<\/span><\/td>\n<td width=\"151\"><span style=\"color: #333333;\">V\u00eatements pour animaux<\/span><\/td>\n<\/tr>\n<tr>\n<td><span style=\"color: #333333;\">Num\u00e9ro d'article<\/span><\/td>\n<td><span style=\"color: #333333;\">P-C3007<\/span><\/td>\n<\/tr>\n<tr>\n<td><span style=\"color: #333333;\">Mat\u00e9riau<\/span><\/td>\n<td>Coton, polyester, polaire<\/td>\n<\/tr>\n<tr>\n<td><span style=\"color: #333333;\">\u00a0Taille et couleur<\/span><\/td>\n<td><span style=\"color: #333333;\">Sur mesure<\/span><\/td>\n<\/tr>\n<tr>\n<td><span style=\"color: #333333;\">\u00a0D\u00e9lai de livraison<\/span><\/td>\n<td><span style=\"color: #333333;\">1 \u00e0 5 jours pour les petites quantit\u00e9s par voie a\u00e9rienne et 30 \u00e0 35 jours pour les grandes quantit\u00e9s par voie maritime.<\/span><\/td>\n<\/tr>\n<\/tbody>\n<\/table>","protected":false},"featured_media":22180,"template":"","meta":{"_seopress_robots_primary_cat":"none","_seopress_titles_title":"Premium Dog Shirts China Supplier | Professional Manufacturer","_seopress_titles_desc":"As Premium Dog Shirts China Supplier, we design premium knitwear for pets worldwide. Bulk orders, OEM services. Request free cozy samples today!","_seopress_robots_index":"","_uag_custom_page_level_css":""},"product_brand":[],"product_cat":[364,343,23],"product_tag":[],"class_list":{"0":"post-22178","1":"product","2":"type-product","3":"status-publish","4":"has-post-thumbnail","6":"product_cat-basic-dog-clothing","7":"product_cat-pet-shirts","8":"product_cat-pet-clothing","10":"first","11":"instock","12":"shipping-taxable","13":"product-type-simple"},"uagb_featured_image_src":{"full":["https:\/\/pecpets.com\/wp-content\/uploads\/2025\/09\/aea1dc7c-df3a-4824-801e-f43f8ff98054.jpg",1200,1200,false],"thumbnail":["https:\/\/pecpets.com\/wp-content\/uploads\/2025\/09\/aea1dc7c-df3a-4824-801e-f43f8ff98054-150x150.jpg",150,150,true],"medium":["https:\/\/pecpets.com\/wp-content\/uploads\/2025\/09\/aea1dc7c-df3a-4824-801e-f43f8ff98054-300x300.jpg",300,300,true],"medium_large":["https:\/\/pecpets.com\/wp-content\/uploads\/2025\/09\/aea1dc7c-df3a-4824-801e-f43f8ff98054-768x768.jpg",768,768,true],"large":["https:\/\/pecpets.com\/wp-content\/uploads\/2025\/09\/aea1dc7c-df3a-4824-801e-f43f8ff98054-1024x1024.jpg",800,800,true],"1536x1536":["https:\/\/pecpets.com\/wp-content\/uploads\/2025\/09\/aea1dc7c-df3a-4824-801e-f43f8ff98054.jpg",1200,1200,false],"2048x2048":["https:\/\/pecpets.com\/wp-content\/uploads\/2025\/09\/aea1dc7c-df3a-4824-801e-f43f8ff98054.jpg",1200,1200,false],"trp-custom-language-flag":["https:\/\/pecpets.com\/wp-content\/uploads\/2025\/09\/aea1dc7c-df3a-4824-801e-f43f8ff98054-12x12.jpg",12,12,true],"woocommerce_thumbnail":["https:\/\/pecpets.com\/wp-content\/uploads\/2025\/09\/aea1dc7c-df3a-4824-801e-f43f8ff98054-300x300.jpg",300,300,true],"woocommerce_single":["https:\/\/pecpets.com\/wp-content\/uploads\/2025\/09\/aea1dc7c-df3a-4824-801e-f43f8ff98054-600x600.jpg",600,600,true],"woocommerce_gallery_thumbnail":["https:\/\/pecpets.com\/wp-content\/uploads\/2025\/09\/aea1dc7c-df3a-4824-801e-f43f8ff98054-100x100.jpg",100,100,true]},"uagb_author_info":{"display_name":"Lawrence\u00a0\u52b3\u4f26\u65af","author_link":"https:\/\/pecpets.com\/fr\/author\/"},"uagb_comment_info":0,"uagb_excerpt":"Premium Dog Shirts Supplier This Hawaiian-inspired shirt features a palm-printed pattern on a cool seafoam green background for a warm-weather look they\u2019ll feel great in. Adjustable hook-and-loop fastening down the front makes getting it on and off easy and helps secure a comfortable fit, while the leash hole makes potty breaks a cinch. The lightweight\u2026","_links":{"self":[{"href":"https:\/\/pecpets.com\/fr\/wp-json\/wp\/v2\/product\/22178","targetHints":{"allow":["GET"]}}],"collection":[{"href":"https:\/\/pecpets.com\/fr\/wp-json\/wp\/v2\/product"}],"about":[{"href":"https:\/\/pecpets.com\/fr\/wp-json\/wp\/v2\/types\/product"}],"wp:featuredmedia":[{"embeddable":true,"href":"https:\/\/pecpets.com\/fr\/wp-json\/wp\/v2\/media\/22180"}],"wp:attachment":[{"href":"https:\/\/pecpets.com\/fr\/wp-json\/wp\/v2\/media?parent=22178"}],"wp:term":[{"taxonomy":"product_brand","embeddable":true,"href":"https:\/\/pecpets.com\/fr\/wp-json\/wp\/v2\/product_brand?post=22178"},{"taxonomy":"product_cat","embeddable":true,"href":"https:\/\/pecpets.com\/fr\/wp-json\/wp\/v2\/product_cat?post=22178"},{"taxonomy":"product_tag","embeddable":true,"href":"https:\/\/pecpets.com\/fr\/wp-json\/wp\/v2\/product_tag?post=22178"}],"curies":[{"name":"wp","href":"https:\/\/api.w.org\/{rel}","templated":true}]}}