{"id":22194,"date":"2025-09-06T10:04:44","date_gmt":"2025-09-06T02:04:44","guid":{"rendered":"https:\/\/pecpets.com\/?post_type=product&#038;p=22194"},"modified":"2025-09-06T10:45:13","modified_gmt":"2025-09-06T02:45:13","slug":"marshmallow-dog-bed","status":"publish","type":"product","link":"https:\/\/pecpets.com\/fr\/product\/marshmallow-dog-bed\/","title":{"rendered":"Lit pour chien en guimauve"},"content":{"rendered":"<h3>Fabricant de lits pour animaux de compagnie | Fabricant de lits imperm\u00e9ables | Fournisseur de lits pour chiens en guimauve de qualit\u00e9 sup\u00e9rieure<\/h3>\n<p data-start=\"273\" data-end=\"748\">Vous \u00eates \u00e0 la recherche de lits pour chiens en guimauve, confortables et \u00e9l\u00e9gants, \u00e0 ajouter \u00e0 votre gamme de produits pour animaux de compagnie ? En tant que fabricant de lits pour animaux de confiance et usine de lits imperm\u00e9ables en Chine, nous sommes sp\u00e9cialis\u00e9s dans la production de lits doux, durables et de haute qualit\u00e9, con\u00e7us pour un confort maximal. Qu'il s'agisse de commandes en vrac de lits pour chiens ou de programmes OEM, ODM et de marques priv\u00e9es de lits pour chiens, nous fournissons des solutions flexibles pour les d\u00e9taillants, les distributeurs et les marques du monde entier.<\/p>\n<p data-start=\"750\" data-end=\"1256\">En tant qu'entreprise professionnelle de lits pour chiens, nous supervisons l'ensemble du processus, de l'approvisionnement en mat\u00e9riaux et de la conception \u00e0 la production et \u00e0 l'exportation de lits pour chiens. Notre usine de fabrication de lits pour chiens garantit que chaque lit pour chien Marshmallow r\u00e9pond \u00e0 des normes de qualit\u00e9 strictes, avec des tissus pelucheux, des fonds antid\u00e9rapants et des housses lavables en machine. Que vous vous approvisionniez directement aupr\u00e8s d'un fabricant de lits pour chiens, que vous construisiez une collection avec un fournisseur de lits pour chiens ou que vous vous d\u00e9veloppiez par l'interm\u00e9diaire d'un vendeur de lits pour chiens de confiance, nous avons tout ce qu'il vous faut.<\/p>\n<p data-start=\"1258\" data-end=\"1302\">\u2705 <strong>Pourquoi choisir nos lits pour chiens en guimauve ?<\/strong>:<\/p>\n<ul data-start=\"1303\" data-end=\"1658\">\n<li data-start=\"1303\" data-end=\"1357\">\n<p data-start=\"1305\" data-end=\"1357\">Production \u00e9volutive de lits pour chiens en vrac avec de faibles MOQ<\/p>\n<\/li>\n<li data-start=\"1358\" data-end=\"1428\">\n<p data-start=\"1360\" data-end=\"1428\">Marquage personnalis\u00e9 gr\u00e2ce aux services OEM\/ODM et aux marques de distributeur pour les lits pour chiens<\/p>\n<\/li>\n<li data-start=\"1429\" data-end=\"1506\">\n<p data-start=\"1431\" data-end=\"1506\">Exportation rapide et fiable de lits pour chiens avec soutien logistique international<\/p>\n<\/li>\n<li data-start=\"1507\" data-end=\"1579\">\n<p data-start=\"1509\" data-end=\"1579\">Fabricant certifi\u00e9 de lits pour chiens en Chine avec des ann\u00e9es d'exp\u00e9rience<\/p>\n<\/li>\n<li data-start=\"1580\" data-end=\"1658\">\n<p data-start=\"1582\" data-end=\"1658\">Partenaire de confiance des grossistes, d\u00e9taillants et vendeurs en ligne de lits pour chiens<\/p>\n<\/li>\n<\/ul>\n<p data-start=\"1660\" data-end=\"1941\">Nos lits pour chiens en guimauve sont dot\u00e9s d'un rembourrage en peluche ultra-doux, d'un coussin de soutien et d'un design rond apaisant, id\u00e9al pour les animaux de compagnie qui aiment se blottir et se sentir en s\u00e9curit\u00e9. Parfaits pour les boutiques, les plateformes de commerce \u00e9lectronique ou les grandes cha\u00eenes de magasins, ils allient fonctionnalit\u00e9 et style.<\/p>\n<p data-start=\"1943\" data-end=\"2145\">Partenaire d'un fabricant \u00e9prouv\u00e9 de lits pour chiens en Chine et travailler avec une usine, un fournisseur, un vendeur et un grossiste fiables de lits pour chiens pour d\u00e9velopper votre entreprise de produits pour animaux de compagnie avec la qualit\u00e9 et la confiance.<\/p>","protected":false},"excerpt":{"rendered":"<h2>Lit pour chien en guimauve<\/h2>\n<table style=\"border-collapse: collapse; background-color: #ffffff; width: 332px; height: 254px;\" border=\"1\">\n<tbody>\n<tr>\n<td style=\"font-family: Verdana, Arial, Helvetica, sans-serif; font-size: 12px; color: #000000; margin: 8px; width: 187px; text-align: center;\"><span style=\"line-height: 21px; font-size: 14px;\">Nom des produits<span class=\"notranslate immersive-translate-target-wrapper\" lang=\"zh-CN\" translate=\"no\" data-immersive-translate-loading-id=\"1\">\u00a0<\/span><\/span><\/td>\n<td style=\"font-family: Verdana, Arial, Helvetica, sans-serif; font-size: 12px; color: #000000; margin: 8px; width: 526px; text-align: center;\"><span style=\"color: #000000; font-family: Verdana, Arial, Helvetica, sans-serif; font-size: 14px; font-style: normal; font-weight: 400; text-align: center; background-color: #ffffff; float: none; display: inline !important;\">Lit pour animaux de compagnie<\/span><\/td>\n<\/tr>\n<tr>\n<td style=\"font-family: Verdana, Arial, Helvetica, sans-serif; font-size: 12px; color: #000000; margin: 8px; width: 187px; text-align: center;\"><span style=\"line-height: 21px; font-size: 14px;\">Num\u00e9ro d'article<\/span><\/td>\n<td style=\"font-family: Verdana, Arial, Helvetica, sans-serif; font-size: 12px; color: #000000; margin: 8px; width: 526px; text-align: center;\"><span style=\"line-height: 21px; font-size: 14px;\">P-B2021<\/span><\/td>\n<\/tr>\n<tr>\n<td style=\"font-family: Verdana, Arial, Helvetica, sans-serif; font-size: 12px; color: #000000; margin: 8px; width: 187px; text-align: center;\"><span style=\"line-height: 21px; color: #333333; font-family: Arial, Helvetica; font-size: 14px; font-style: normal; font-weight: 400; background-color: #ffffff; float: none; display: inline !important;\">Mat\u00e9riau<\/span><\/td>\n<td style=\"font-family: Verdana, Arial, Helvetica, sans-serif; font-size: 12px; color: #000000; margin: 8px; width: 526px; text-align: center;\">\n<p style=\"margin: 0px auto; padding: 0px; border: 0px; line-height: 30px; color: #222222; font-family: Helvetica,Verdana,Tahoma,Arial,sans-serif; font-size: 13px; font-style: normal; font-weight: 400; background-color: #fcfcfc;\">Polaire, bois<\/p>\n<\/td>\n<\/tr>\n<tr>\n<td style=\"font-family: Verdana, Arial, Helvetica, sans-serif; font-size: 12px; color: #000000; margin: 8px; width: 187px; text-align: center;\"><span style=\"line-height: 21px; font-size: 14px;\">\u00a0Taille<\/span><\/td>\n<td style=\"font-family: Verdana, Arial, Helvetica, sans-serif; font-size: 12px; color: #000000; margin: 8px; width: 526px; text-align: center;\">\n<p style=\"margin: 0px; padding: 0px; font-family: Verdana, Arial, Helvetica, sans-serif; font-size: 12px; font-style: normal; font-weight: 400; text-align: center; box-sizing: border-box; color: #333333; background-color: #ffffff;\">Sur mesure<\/p>\n<\/td>\n<\/tr>\n<tr>\n<td style=\"font-family: Verdana, Arial, Helvetica, sans-serif; font-size: 12px; color: #000000; margin: 8px; width: 187px; text-align: center;\"><span style=\"line-height: 21px; font-size: 14px;\">\u00a0Couleur<\/span><\/td>\n<td style=\"font-family: Verdana, Arial, Helvetica, sans-serif; font-size: 12px; color: #000000; margin: 8px; width: 526px; text-align: center;\"><span style=\"color: #222222; font-family: Helvetica, Tahoma, Arial;\"><span style=\"font-size: 16px;\">Sur mesure<\/span><\/span><\/td>\n<\/tr>\n<tr>\n<td style=\"font-family: Verdana, Arial, Helvetica, sans-serif; font-size: 12px; color: #000000; margin: 8px; width: 187px; text-align: center;\"><span style=\"line-height: 21px; font-size: 14px;\">\u00a0<span style=\"line-height: 21px; color: #333333; font-family: Arial, Helvetica; font-size: 14px; font-style: normal; font-weight: 400; background-color: #ffffff; float: none; display: inline !important;\">Type d'animal<\/span><\/span><\/td>\n<td style=\"font-family: Verdana, Arial, Helvetica, sans-serif; font-size: 12px; color: #000000; margin: 8px; width: 526px; text-align: center;\"><span style=\"line-height: 21px; font-size: 14px;\">\u00a0Tous les chiens<\/span><\/td>\n<\/tr>\n<tr>\n<td style=\"font-family: Verdana, Arial, Helvetica, sans-serif; font-size: 12px; color: #000000; margin: 8px; width: 187px; text-align: center;\"><span style=\"line-height: 21px; font-size: 14px;\">\u00a0<span style=\"line-height: 21px; color: #333333; font-family: Arial, Helvetica; font-size: 14px; font-style: normal; font-weight: 400; background-color: #ffffff; float: none; display: inline !important;\">D\u00e9lai de livraison<\/span><\/span><\/td>\n<td style=\"font-family: Verdana, Arial, Helvetica, sans-serif; font-size: 12px; color: #000000; margin: 8px; width: 526px; text-align: center;\"><span style=\"line-height: 21px; font-size: 14px;\"><span style=\"line-height: 21px; color: #000000; font-family: Verdana, Arial, Helvetica, sans-serif; font-size: 14px; font-style: normal; font-weight: 400; background-color: #ffffff; float: none; display: inline !important;\">1-5 jours pour les petites quantit\u00e9s par voie a\u00e9rienne et 30-35 jours pour les grandes quantit\u00e9s par voie maritime.<\/span>\u00a0<\/span><\/td>\n<\/tr>\n<tr>\n<td style=\"font-family: Verdana, Arial, Helvetica, sans-serif; font-size: 12px; color: #000000; margin: 8px; width: 187px; text-align: center;\"><span style=\"line-height: 21px; font-size: 14px;\">\u00a0<span style=\"line-height: 21px; color: #333333; font-family: Arial, Helvetica; font-size: 14px; font-style: normal; font-weight: 400; background-color: #ffffff; float: none; display: inline !important;\">Port d'embarquement<\/span><\/span><\/td>\n<td style=\"font-family: Verdana, Arial, Helvetica, sans-serif; font-size: 12px; color: #000000; margin: 8px; width: 526px; text-align: center;\"><span style=\"line-height: 21px; font-size: 14px;\">Xiamen\u00a0<\/span><\/td>\n<\/tr>\n<tr>\n<td style=\"font-family: Verdana, Arial, Helvetica, sans-serif; font-size: 12px; color: #000000; margin: 8px; width: 187px; text-align: center;\"><span style=\"line-height: 21px; font-size: 14px;\">\u00a0<span style=\"line-height: 21px; color: #333333; font-family: Arial, Helvetica; font-size: 14px; font-style: normal; font-weight: 400; background-color: #ffffff; float: none; display: inline !important;\">OEM\/ODM<\/span><\/span><\/td>\n<td style=\"font-family: Verdana, Arial, Helvetica, sans-serif; font-size: 12px; color: #000000; margin: 8px; width: 526px; text-align: center;\"><span style=\"line-height: 21px; font-size: 14px;\">\u00a0<span style=\"line-height: 21px; color: #333333; font-family: Arial, Helvetica; font-size: 14px; font-style: normal; font-weight: 400; background-color: #ffffff; float: none; display: inline !important;\">Disponible<\/span><\/span><\/td>\n<\/tr>\n<tr>\n<td style=\"font-family: Verdana, Arial, Helvetica, sans-serif; font-size: 12px; color: #000000; margin: 8px; width: 187px; text-align: center;\"><span style=\"line-height: 21px; font-size: 14px;\">\u00a0<span style=\"line-height: 21px; color: #333333; font-family: Arial, Helvetica; font-size: 14px; font-style: normal; font-weight: 400; background-color: #ffffff; float: none; display: inline !important;\">Paquet<\/span><\/span><\/td>\n<td style=\"font-family: Verdana, Arial, Helvetica, sans-serif; font-size: 12px; color: #000000; margin: 8px; width: 526px; text-align: center;\"><span style=\"line-height: 21px; font-size: 14px;\"><span style=\"line-height: 21px; color: #333333; font-family: Arial, Helvetica; font-size: 14px; font-style: normal; font-weight: 400; background-color: #ffffff; float: none; display: inline !important;\">Chaque pi\u00e8ce est emball\u00e9e dans un PPB, puis dans un carton ou selon les besoins.<\/span><\/span><\/td>\n<\/tr>\n<\/tbody>\n<\/table>\n<p>D\u00e9couvrez le lit pour chien Marshmallow de haute qualit\u00e9.<\/p>\n<p>Gardez vos animaux de compagnie \u00e9l\u00e9gants gr\u00e2ce \u00e0 nos mod\u00e8les de haute qualit\u00e9.<\/p>","protected":false},"featured_media":22199,"template":"","meta":{"_seopress_robots_primary_cat":"none","_seopress_titles_title":"Premium Marshmallow Dog Bed Supplier | China Manufacturer","_seopress_titles_desc":"Discovery Marshmallow Dog Bed. Ensure your customers and their pet experience the difference in quality that we provide","_seopress_robots_index":"","_uag_custom_page_level_css":""},"product_brand":[],"product_cat":[349,22],"product_tag":[71,69,70],"class_list":{"0":"post-22194","1":"product","2":"type-product","3":"status-publish","4":"has-post-thumbnail","6":"product_cat-memory-foam-dog-beds","7":"product_cat-pet-bed","8":"product_tag-cat-bed","9":"product_tag-dog-bed","10":"product_tag-pet-bed","12":"first","13":"instock","14":"shipping-taxable","15":"product-type-simple"},"uagb_featured_image_src":{"full":["https:\/\/pecpets.com\/wp-content\/uploads\/2025\/09\/generated_image_2_.png",1152,896,false],"thumbnail":["https:\/\/pecpets.com\/wp-content\/uploads\/2025\/09\/generated_image_2_-150x150.png",150,150,true],"medium":["https:\/\/pecpets.com\/wp-content\/uploads\/2025\/09\/generated_image_2_-300x233.png",300,233,true],"medium_large":["https:\/\/pecpets.com\/wp-content\/uploads\/2025\/09\/generated_image_2_-768x597.png",768,597,true],"large":["https:\/\/pecpets.com\/wp-content\/uploads\/2025\/09\/generated_image_2_-1024x796.png",800,622,true],"1536x1536":["https:\/\/pecpets.com\/wp-content\/uploads\/2025\/09\/generated_image_2_.png",1152,896,false],"2048x2048":["https:\/\/pecpets.com\/wp-content\/uploads\/2025\/09\/generated_image_2_.png",1152,896,false],"trp-custom-language-flag":["https:\/\/pecpets.com\/wp-content\/uploads\/2025\/09\/generated_image_2_-15x12.png",15,12,true],"woocommerce_thumbnail":["https:\/\/pecpets.com\/wp-content\/uploads\/2025\/09\/generated_image_2_-300x300.png",300,300,true],"woocommerce_single":["https:\/\/pecpets.com\/wp-content\/uploads\/2025\/09\/generated_image_2_-600x467.png",600,467,true],"woocommerce_gallery_thumbnail":["https:\/\/pecpets.com\/wp-content\/uploads\/2025\/09\/generated_image_2_-100x100.png",100,100,true]},"uagb_author_info":{"display_name":"Lawrence\u00a0\u52b3\u4f26\u65af","author_link":"https:\/\/pecpets.com\/fr\/author\/"},"uagb_comment_info":0,"uagb_excerpt":"Marshmallow Dog Bed\u200b Products Name\u00a0 Pet Bed Item No. P-B2021 Material Fleece, wooden \u00a0Size Customized \u00a0Color Customized \u00a0Pet type \u00a0All Dog \u00a0Delivery time 1-5days\u00a0for small quantity by air and 30-35days for large quantity by sea\u00a0 \u00a0Port of shipment Xiamen\u00a0 \u00a0OEM\/ODM \u00a0Available \u00a0Package Each one is packed in a PPB, then into a Carton or per\u2026","_links":{"self":[{"href":"https:\/\/pecpets.com\/fr\/wp-json\/wp\/v2\/product\/22194","targetHints":{"allow":["GET"]}}],"collection":[{"href":"https:\/\/pecpets.com\/fr\/wp-json\/wp\/v2\/product"}],"about":[{"href":"https:\/\/pecpets.com\/fr\/wp-json\/wp\/v2\/types\/product"}],"wp:featuredmedia":[{"embeddable":true,"href":"https:\/\/pecpets.com\/fr\/wp-json\/wp\/v2\/media\/22199"}],"wp:attachment":[{"href":"https:\/\/pecpets.com\/fr\/wp-json\/wp\/v2\/media?parent=22194"}],"wp:term":[{"taxonomy":"product_brand","embeddable":true,"href":"https:\/\/pecpets.com\/fr\/wp-json\/wp\/v2\/product_brand?post=22194"},{"taxonomy":"product_cat","embeddable":true,"href":"https:\/\/pecpets.com\/fr\/wp-json\/wp\/v2\/product_cat?post=22194"},{"taxonomy":"product_tag","embeddable":true,"href":"https:\/\/pecpets.com\/fr\/wp-json\/wp\/v2\/product_tag?post=22194"}],"curies":[{"name":"wp","href":"https:\/\/api.w.org\/{rel}","templated":true}]}}