{"id":22298,"date":"2025-09-23T10:05:52","date_gmt":"2025-09-23T02:05:52","guid":{"rendered":"https:\/\/pecpets.com\/?post_type=product&#038;p=22298"},"modified":"2025-09-23T10:22:22","modified_gmt":"2025-09-23T02:22:22","slug":"chew-resistant-memory-foam-couch-dog-bed","status":"publish","type":"product","link":"https:\/\/pecpets.com\/fr\/product\/chew-resistant-memory-foam-couch-dog-bed\/","title":{"rendered":"Lit pour chien en mousse \u00e0 m\u00e9moire de forme r\u00e9sistant \u00e0 la mastication"},"content":{"rendered":"<h2 data-start=\"193\" data-end=\"275\">Chew-Resistant Memory Foam Couch Dog Bed Supplier | Trusted Pet Bed Manufacturer &amp; Luxury Bed Factory<\/h2>\n<p data-start=\"233\" data-end=\"657\">Vous recherchez une solution durable et confortable pour vos animaux de compagnie ? Notre lit pour chien en mousse \u00e0 m\u00e9moire de forme r\u00e9sistant \u00e0 la mastication est con\u00e7u pour combiner un soutien orthop\u00e9dique avec des mat\u00e9riaux durables, ce qui le rend parfait pour les march\u00e9s de gros et de d\u00e9tail.<\/p>\n<p data-start=\"233\" data-end=\"657\">En tant que fabricant de lits pour chiens de confiance et usine leader de lits pour chiens en Chine, nous fournissons des mod\u00e8les de haute qualit\u00e9 qui se distinguent \u00e0 la fois par leur confort et leur durabilit\u00e9.<\/p>\n<p data-start=\"659\" data-end=\"992\">Que vous soyez une entreprise, un distributeur ou un d\u00e9taillant de lits pour chiens, nous sommes sp\u00e9cialis\u00e9s dans les solutions d'exportation de lits pour chiens en vrac et adapt\u00e9es \u00e0 votre entreprise.<\/p>\n<p data-start=\"659\" data-end=\"992\">Gr\u00e2ce \u00e0 notre solide exp\u00e9rience dans les services ODM et OEM de lits pour chiens, nous sommes en mesure d'assurer une personnalisation compl\u00e8te, depuis la taille et le mat\u00e9riau jusqu'\u00e0 la marque priv\u00e9e de lits pour chiens.<\/p>\n<p data-start=\"994\" data-end=\"1308\">En tant que fabricant professionnel de lits pour animaux et usine fiable de lits de luxe, nous nous assurons que chaque lit pour chien en mousse \u00e0 m\u00e9moire de forme r\u00e9sistant aux m\u00e2chonnements est fabriqu\u00e9 avec une mousse \u00e0 m\u00e9moire de forme de premi\u00e8re qualit\u00e9, des housses r\u00e9sistantes aux m\u00e2chonnements et des designs \u00e9l\u00e9gants de type canap\u00e9. Cela fait de nos lits un choix de premier ordre pour les grossistes, les animaleries et les partenaires internationaux.<\/p>\n<p data-start=\"1310\" data-end=\"1330\"><strong>Pourquoi nous choisir ?<\/strong>:<\/p>\n<ul data-start=\"1331\" data-end=\"1639\">\n<li data-start=\"1331\" data-end=\"1398\">\n<p data-start=\"1333\" data-end=\"1398\">Prix de gros des lits pour chiens en usine pour des marges concurrentielles<\/p>\n<\/li>\n<li data-start=\"1399\" data-end=\"1459\">\n<p data-start=\"1401\" data-end=\"1459\">Lit flexible pour chien OEM\/ODM pour les projets sur mesure<\/p>\n<\/li>\n<li data-start=\"1460\" data-end=\"1528\">\n<p data-start=\"1462\" data-end=\"1528\">\u00c9chantillonnage rapide et livraison dans les d\u00e9lais pour les commandes d'exportation de lits pour chiens<\/p>\n<\/li>\n<li data-start=\"1529\" data-end=\"1639\">\n<p data-start=\"1531\" data-end=\"1639\">Fournisseur de lits pour chiens, vendeur de lits pour chiens et grossiste en lits pour chiens de confiance avec une garantie de qualit\u00e9 \u00e9prouv\u00e9e<\/p>\n<\/li>\n<\/ul>\n<p data-start=\"1641\" data-end=\"1841\">Nous vous aidons \u00e0 \u00e9largir votre gamme de produits pour animaux de compagnie avec des collections de lits pour chiens en mousse \u00e0 m\u00e9moire de forme r\u00e9sistante \u00e0 la mastication de premi\u00e8re qualit\u00e9. Laissez notre expertise industrielle et notre exp\u00e9rience de l'exportation aider votre marque \u00e0 se d\u00e9velopper dans le monde entier.<\/p>","protected":false},"excerpt":{"rendered":"<h3>Lit pour chien en mousse \u00e0 m\u00e9moire de forme r\u00e9sistant \u00e0 la mastication<\/h3>\n<p>Avec le m\u00eame soutien orthop\u00e9dique et le m\u00eame confort qui ont fait de l'original un best-seller, notre nouveau lit pour chien en mousse \u00e0 m\u00e9moire de forme ToughChew\u00ae am\u00e9lior\u00e9 est d\u00e9sormais dot\u00e9 d'une mousse plus durable, de traversins sur toute la hauteur et d'un design \u00e9pur\u00e9, le tout avec notre housse garantie r\u00e9sistante aux m\u00e2chonnements.<\/p>\n<p>Votre chien adorera le soutien qu'il apporte, et vous appr\u00e9cierez le fait qu'il distribue son poids de mani\u00e8re uniforme, ce qui permet de soulager la pression exerc\u00e9e sur les articulations et les muscles et de favoriser une meilleure circulation sanguine. Le traversin moelleux offre \u00e0 votre chien un endroit doux o\u00f9 reposer sa t\u00eate ou s'appuyer, et il est rempli de mat\u00e9riaux recycl\u00e9s 100% pour une empreinte plus l\u00e9g\u00e8re.<\/p>\n<p>Couverture en polyester\/polyester recycl\u00e9 apr\u00e8s consommation. Support en nylon. Doublure en polyester recycl\u00e9 apr\u00e8s consommation. Laver la housse \u00e0 la machine. Import\u00e9.\u00a0<b>Assemblage n\u00e9cessaire.<\/b><\/p>\n<table width=\"288\">\n<tbody>\n<tr>\n<td width=\"137\"><span style=\"color: #333333;\">Nom du produit<\/span><\/td>\n<td width=\"151\"><span style=\"color: #333333;\">Lit pour animaux de compagnie<\/span><\/td>\n<\/tr>\n<tr>\n<td><span style=\"color: #333333;\">Num\u00e9ro d'article<\/span><\/td>\n<td><span style=\"color: #333333;\">P-C3004<\/span><\/td>\n<\/tr>\n<tr>\n<td><span style=\"color: #333333;\">Mat\u00e9riau<\/span><\/td>\n<td>Coton, polyester, polaire<\/td>\n<\/tr>\n<tr>\n<td><span style=\"color: #333333;\">\u00a0Taille et couleur<\/span><\/td>\n<td><span style=\"color: #333333;\">Sur mesure<\/span><\/td>\n<\/tr>\n<tr>\n<td><span style=\"color: #333333;\">\u00a0D\u00e9lai de livraison<\/span><\/td>\n<td><span style=\"color: #333333;\">1 \u00e0 5 jours pour les petites quantit\u00e9s par voie a\u00e9rienne et 30 \u00e0 35 jours pour les grandes quantit\u00e9s par voie maritime.<\/span><\/td>\n<\/tr>\n<\/tbody>\n<\/table>","protected":false},"featured_media":22299,"template":"","meta":{"_seopress_robots_primary_cat":"none","_seopress_titles_title":"Chew-Resistant Memory Foam Couch Dog Bed | China Factory","_seopress_titles_desc":"Looking for Chew-Resistant Memory Foam Couch Dog Bed? we design premium knitwear for pets worldwide. Bulk orders, OEM services. Request free cozy samples today!","_seopress_robots_index":"","_uag_custom_page_level_css":""},"product_brand":[],"product_cat":[349,22],"product_tag":[],"class_list":{"0":"post-22298","1":"product","2":"type-product","3":"status-publish","4":"has-post-thumbnail","6":"product_cat-memory-foam-dog-beds","7":"product_cat-pet-bed","9":"first","10":"instock","11":"shipping-taxable","12":"product-type-simple"},"uagb_featured_image_src":{"full":["https:\/\/pecpets.com\/wp-content\/uploads\/2025\/09\/a398e2d0-b7f6-477e-87dc-efb4e73b997c.jpeg",1280,1280,false],"thumbnail":["https:\/\/pecpets.com\/wp-content\/uploads\/2025\/09\/a398e2d0-b7f6-477e-87dc-efb4e73b997c-150x150.jpeg",150,150,true],"medium":["https:\/\/pecpets.com\/wp-content\/uploads\/2025\/09\/a398e2d0-b7f6-477e-87dc-efb4e73b997c-300x300.jpeg",300,300,true],"medium_large":["https:\/\/pecpets.com\/wp-content\/uploads\/2025\/09\/a398e2d0-b7f6-477e-87dc-efb4e73b997c-768x768.jpeg",768,768,true],"large":["https:\/\/pecpets.com\/wp-content\/uploads\/2025\/09\/a398e2d0-b7f6-477e-87dc-efb4e73b997c-1024x1024.jpeg",800,800,true],"1536x1536":["https:\/\/pecpets.com\/wp-content\/uploads\/2025\/09\/a398e2d0-b7f6-477e-87dc-efb4e73b997c.jpeg",1280,1280,false],"2048x2048":["https:\/\/pecpets.com\/wp-content\/uploads\/2025\/09\/a398e2d0-b7f6-477e-87dc-efb4e73b997c.jpeg",1280,1280,false],"trp-custom-language-flag":["https:\/\/pecpets.com\/wp-content\/uploads\/2025\/09\/a398e2d0-b7f6-477e-87dc-efb4e73b997c-12x12.jpeg",12,12,true],"woocommerce_thumbnail":["https:\/\/pecpets.com\/wp-content\/uploads\/2025\/09\/a398e2d0-b7f6-477e-87dc-efb4e73b997c-300x300.jpeg",300,300,true],"woocommerce_single":["https:\/\/pecpets.com\/wp-content\/uploads\/2025\/09\/a398e2d0-b7f6-477e-87dc-efb4e73b997c-600x600.jpeg",600,600,true],"woocommerce_gallery_thumbnail":["https:\/\/pecpets.com\/wp-content\/uploads\/2025\/09\/a398e2d0-b7f6-477e-87dc-efb4e73b997c-100x100.jpeg",100,100,true]},"uagb_author_info":{"display_name":"Lawrence\u00a0\u52b3\u4f26\u65af","author_link":"https:\/\/pecpets.com\/fr\/author\/"},"uagb_comment_info":0,"uagb_excerpt":"Chew-Resistant Memory Foam Couch Dog Bed With the same orthopedic support and comfort that made the original a best seller, our new and improved ToughChew\u00ae Memory Foam Couch Dog Bed now has a longer-lasting foam, full-height bolsters, and a streamlined design\u2014all with our guaranteed chew-resistant cover. Your dog will love the supportive feel, and you\u2019ll\u2026","_links":{"self":[{"href":"https:\/\/pecpets.com\/fr\/wp-json\/wp\/v2\/product\/22298","targetHints":{"allow":["GET"]}}],"collection":[{"href":"https:\/\/pecpets.com\/fr\/wp-json\/wp\/v2\/product"}],"about":[{"href":"https:\/\/pecpets.com\/fr\/wp-json\/wp\/v2\/types\/product"}],"wp:featuredmedia":[{"embeddable":true,"href":"https:\/\/pecpets.com\/fr\/wp-json\/wp\/v2\/media\/22299"}],"wp:attachment":[{"href":"https:\/\/pecpets.com\/fr\/wp-json\/wp\/v2\/media?parent=22298"}],"wp:term":[{"taxonomy":"product_brand","embeddable":true,"href":"https:\/\/pecpets.com\/fr\/wp-json\/wp\/v2\/product_brand?post=22298"},{"taxonomy":"product_cat","embeddable":true,"href":"https:\/\/pecpets.com\/fr\/wp-json\/wp\/v2\/product_cat?post=22298"},{"taxonomy":"product_tag","embeddable":true,"href":"https:\/\/pecpets.com\/fr\/wp-json\/wp\/v2\/product_tag?post=22298"}],"curies":[{"name":"wp","href":"https:\/\/api.w.org\/{rel}","templated":true}]}}