{"id":22311,"date":"2025-09-24T09:51:08","date_gmt":"2025-09-24T01:51:08","guid":{"rendered":"https:\/\/pecpets.com\/?post_type=product&#038;p=22311"},"modified":"2025-09-24T09:59:26","modified_gmt":"2025-09-24T01:59:26","slug":"orthopedic-memory-foam-dog-bed","status":"publish","type":"product","link":"https:\/\/pecpets.com\/fr\/product\/orthopedic-memory-foam-dog-bed\/","title":{"rendered":"Lit orthop\u00e9dique pour chien en mousse \u00e0 m\u00e9moire de forme"},"content":{"rendered":"<h2 data-start=\"193\" data-end=\"275\">Fournisseur de lit orthop\u00e9dique en mousse \u00e0 m\u00e9moire de forme pour chien | Fabricant de lit pour animaux de compagnie de confiance &amp; Fabricant de lit de luxe<\/h2>\n<p data-start=\"211\" data-end=\"680\">Vous recherchez des lits orthop\u00e9diques pour chiens en mousse \u00e0 m\u00e9moire de forme de haute qualit\u00e9 pour votre commerce de gros ou de d\u00e9tail ? En tant que fabricant professionnel de lits pour chiens et usine leader de lits pour chiens en Chine, nous sommes sp\u00e9cialis\u00e9s dans les lits orthop\u00e9diques pour animaux de compagnie de premi\u00e8re qualit\u00e9, con\u00e7us pour le confort, la durabilit\u00e9 et le soutien. Avec des ann\u00e9es d'expertise en tant que fabricant de lits pour animaux de compagnie et usine de lits de luxe, nous fournissons des produits fiables auxquels les acheteurs et les distributeurs internationaux font confiance.<\/p>\n<p data-start=\"682\" data-end=\"993\">Nos mod\u00e8les orthop\u00e9diques sont dot\u00e9s d'une mousse \u00e0 m\u00e9moire de forme haute densit\u00e9 qui soulage les articulations et am\u00e9liore la qualit\u00e9 du sommeil des chiens de toutes tailles. Que vous ayez besoin de commander des lits pour chiens en gros, des collections de marques priv\u00e9es ou de personnaliser des lits pour chiens OEM\/ODM, notre \u00e9quipe fournit des solutions compl\u00e8tes pour s'adapter \u00e0 votre marque.<\/p>\n<p data-start=\"995\" data-end=\"1038\"><strong>Pourquoi s'associer \u00e0 notre entreprise de lits pour chiens<\/strong>:<\/p>\n<ul data-start=\"1039\" data-end=\"1315\">\n<li data-start=\"1039\" data-end=\"1099\">\n<p data-start=\"1041\" data-end=\"1099\">Noyau en mousse \u00e0 m\u00e9moire de forme orthop\u00e9dique de premi\u00e8re qualit\u00e9 avec housses lavables<\/p>\n<\/li>\n<li data-start=\"1100\" data-end=\"1165\">\n<p data-start=\"1102\" data-end=\"1165\">Styles personnalisables : canap\u00e9s-lits, chaises longues et traversins<\/p>\n<\/li>\n<li data-start=\"1166\" data-end=\"1239\">\n<p data-start=\"1168\" data-end=\"1239\">MOQ adapt\u00e9 aux programmes de vente en gros de lits pour chiens et aux programmes de vente en gros de lits pour chiens.<\/p>\n<\/li>\n<li data-start=\"1240\" data-end=\"1315\">\n<p data-start=\"1242\" data-end=\"1315\">Fournisseur exp\u00e9riment\u00e9 de lits pour chiens avec soutien \u00e0 l'exportation de lits pour chiens \u00e0 l'\u00e9chelle mondiale<\/p>\n<\/li>\n<\/ul>\n<p data-start=\"1317\" data-end=\"1342\"><strong>Avantages de l'usine<\/strong>:<\/p>\n<ul data-start=\"1343\" data-end=\"1601\">\n<li data-start=\"1343\" data-end=\"1403\">\n<p data-start=\"1345\" data-end=\"1403\">Prix d'usine direct d'un vendeur de lits pour chiens de confiance<\/p>\n<\/li>\n<li data-start=\"1404\" data-end=\"1479\">\n<p data-start=\"1406\" data-end=\"1479\">Lit flexible pour chien OEM et lit pour chien ODM pour un marquage personnalis\u00e9<\/p>\n<\/li>\n<li data-start=\"1480\" data-end=\"1541\">\n<p data-start=\"1482\" data-end=\"1541\">\u00c9chantillonnage rapide (5-7 jours) et cycle de production de masse de 25 jours<\/p>\n<\/li>\n<li data-start=\"1542\" data-end=\"1601\">\n<p data-start=\"1544\" data-end=\"1601\">Pr\u00eat pour l'exportation avec un soutien complet en mati\u00e8re de conformit\u00e9 et de logistique<\/p>\n<\/li>\n<\/ul>\n<p data-start=\"1603\" data-end=\"1891\">En tant qu'entreprise fiable de lits pour chiens, nous aidons les distributeurs internationaux et les d\u00e9taillants \u00e0 \u00e9largir leur gamme de produits avec des solutions orthop\u00e9diques que les animaux de compagnie adorent. Travaillez avec nous d\u00e8s aujourd'hui pour acc\u00e9der \u00e0 des collections de lits orthop\u00e9diques pour chiens en mousse \u00e0 m\u00e9moire de forme de haute qualit\u00e9, provenant directement d'une usine de lits pour chiens exp\u00e9riment\u00e9e.<\/p>","protected":false},"excerpt":{"rendered":"<h3>Lit orthop\u00e9dique pour chien en mousse \u00e0 m\u00e9moire de forme<\/h3>\n<p>Avec le m\u00eame soutien orthop\u00e9dique et le m\u00eame confort qui ont fait de l'original un best-seller, notre nouveau lit de repos pour chien en mousse \u00e0 m\u00e9moire de forme ToughChew\u00ae am\u00e9lior\u00e9 est maintenant dot\u00e9 d'une mousse plus durable, de traversins surbaiss\u00e9s et d'un design \u00e9pur\u00e9, le tout avec notre housse garantie r\u00e9sistante aux m\u00e2chonnements.<\/p>\n<p>Votre chien appr\u00e9ciera la sensation de soutien qu'il procure, et vous appr\u00e9cierez le fait que le poids de votre chien soit r\u00e9parti uniform\u00e9ment, ce qui contribue \u00e0 soulager la pression sur les articulations et les muscles et \u00e0 am\u00e9liorer la circulation sanguine. Le traversin moelleux offre \u00e0 votre chien un endroit doux pour reposer sa t\u00eate, et il est rempli de mat\u00e9riaux recycl\u00e9s 100% pour une empreinte plus l\u00e9g\u00e8re.<\/p>\n<p>Couverture en polyester\/polyester recycl\u00e9 apr\u00e8s consommation. Doublure en polyester recycl\u00e9 apr\u00e8s consommation. Laver la housse \u00e0 la machine. Import\u00e9.\u00a0<b>Assemblage n\u00e9cessaire.<\/b><\/p>\n<table width=\"288\">\n<tbody>\n<tr>\n<td width=\"137\"><span style=\"color: #333333;\">Nom du produit<\/span><\/td>\n<td width=\"151\"><span style=\"color: #333333;\">Lit pour animaux de compagnie<\/span><\/td>\n<\/tr>\n<tr>\n<td><span style=\"color: #333333;\">Num\u00e9ro d'article<\/span><\/td>\n<td><span style=\"color: #333333;\">P-C3006<\/span><\/td>\n<\/tr>\n<tr>\n<td><span style=\"color: #333333;\">Mat\u00e9riau<\/span><\/td>\n<td>Coton, polyester, polaire<\/td>\n<\/tr>\n<tr>\n<td><span style=\"color: #333333;\">\u00a0Taille et couleur<\/span><\/td>\n<td><span style=\"color: #333333;\">Sur mesure<\/span><\/td>\n<\/tr>\n<tr>\n<td><span style=\"color: #333333;\">\u00a0D\u00e9lai de livraison<\/span><\/td>\n<td><span style=\"color: #333333;\">1 \u00e0 5 jours pour les petites quantit\u00e9s par voie a\u00e9rienne et 30 \u00e0 35 jours pour les grandes quantit\u00e9s par voie maritime.<\/span><\/td>\n<\/tr>\n<\/tbody>\n<\/table>","protected":false},"featured_media":22316,"template":"","meta":{"_seopress_robots_primary_cat":"none","_seopress_titles_title":"Orthopedic Memory Foam Dog Bed\u200b | China Pet Bed Manufacturer","_seopress_titles_desc":"Looking for Orthopedic Memory Foam Dog Bed\u200b? we design premium knitwear for pets worldwide. Bulk orders, OEM services. Request free cozy samples today!","_seopress_robots_index":"","_uag_custom_page_level_css":""},"product_brand":[],"product_cat":[345,22],"product_tag":[],"class_list":{"0":"post-22311","1":"product","2":"type-product","3":"status-publish","4":"has-post-thumbnail","6":"product_cat-orthopedic-dog-bed","7":"product_cat-pet-bed","9":"first","10":"instock","11":"shipping-taxable","12":"product-type-simple"},"uagb_featured_image_src":{"full":["https:\/\/pecpets.com\/wp-content\/uploads\/2025\/09\/ed0f948d-23c2-4720-aff1-e4603bc7fb26.jpg",1280,1280,false],"thumbnail":["https:\/\/pecpets.com\/wp-content\/uploads\/2025\/09\/ed0f948d-23c2-4720-aff1-e4603bc7fb26-150x150.jpg",150,150,true],"medium":["https:\/\/pecpets.com\/wp-content\/uploads\/2025\/09\/ed0f948d-23c2-4720-aff1-e4603bc7fb26-300x300.jpg",300,300,true],"medium_large":["https:\/\/pecpets.com\/wp-content\/uploads\/2025\/09\/ed0f948d-23c2-4720-aff1-e4603bc7fb26-768x768.jpg",768,768,true],"large":["https:\/\/pecpets.com\/wp-content\/uploads\/2025\/09\/ed0f948d-23c2-4720-aff1-e4603bc7fb26-1024x1024.jpg",800,800,true],"1536x1536":["https:\/\/pecpets.com\/wp-content\/uploads\/2025\/09\/ed0f948d-23c2-4720-aff1-e4603bc7fb26.jpg",1280,1280,false],"2048x2048":["https:\/\/pecpets.com\/wp-content\/uploads\/2025\/09\/ed0f948d-23c2-4720-aff1-e4603bc7fb26.jpg",1280,1280,false],"trp-custom-language-flag":["https:\/\/pecpets.com\/wp-content\/uploads\/2025\/09\/ed0f948d-23c2-4720-aff1-e4603bc7fb26-12x12.jpg",12,12,true],"woocommerce_thumbnail":["https:\/\/pecpets.com\/wp-content\/uploads\/2025\/09\/ed0f948d-23c2-4720-aff1-e4603bc7fb26-300x300.jpg",300,300,true],"woocommerce_single":["https:\/\/pecpets.com\/wp-content\/uploads\/2025\/09\/ed0f948d-23c2-4720-aff1-e4603bc7fb26-600x600.jpg",600,600,true],"woocommerce_gallery_thumbnail":["https:\/\/pecpets.com\/wp-content\/uploads\/2025\/09\/ed0f948d-23c2-4720-aff1-e4603bc7fb26-100x100.jpg",100,100,true]},"uagb_author_info":{"display_name":"Lawrence\u00a0\u52b3\u4f26\u65af","author_link":"https:\/\/pecpets.com\/fr\/author\/"},"uagb_comment_info":0,"uagb_excerpt":"Orthopedic Memory Foam Dog Bed\u200b With the same orthopedic support and comfort that made the original a best seller, our new and improved ToughChew\u00ae Memory Foam Lounger Dog Bed now has a longer-lasting foam, low-profile bolsters, and a streamlined design\u2014all with our guaranteed chew-resistant cover. Your dog will love the supportive feel, and you\u2019ll love\u2026","_links":{"self":[{"href":"https:\/\/pecpets.com\/fr\/wp-json\/wp\/v2\/product\/22311","targetHints":{"allow":["GET"]}}],"collection":[{"href":"https:\/\/pecpets.com\/fr\/wp-json\/wp\/v2\/product"}],"about":[{"href":"https:\/\/pecpets.com\/fr\/wp-json\/wp\/v2\/types\/product"}],"wp:featuredmedia":[{"embeddable":true,"href":"https:\/\/pecpets.com\/fr\/wp-json\/wp\/v2\/media\/22316"}],"wp:attachment":[{"href":"https:\/\/pecpets.com\/fr\/wp-json\/wp\/v2\/media?parent=22311"}],"wp:term":[{"taxonomy":"product_brand","embeddable":true,"href":"https:\/\/pecpets.com\/fr\/wp-json\/wp\/v2\/product_brand?post=22311"},{"taxonomy":"product_cat","embeddable":true,"href":"https:\/\/pecpets.com\/fr\/wp-json\/wp\/v2\/product_cat?post=22311"},{"taxonomy":"product_tag","embeddable":true,"href":"https:\/\/pecpets.com\/fr\/wp-json\/wp\/v2\/product_tag?post=22311"}],"curies":[{"name":"wp","href":"https:\/\/api.w.org\/{rel}","templated":true}]}}