{"id":22422,"date":"2025-09-29T09:32:56","date_gmt":"2025-09-29T01:32:56","guid":{"rendered":"https:\/\/pecpets.com\/?post_type=product&#038;p=22422"},"modified":"2025-10-07T09:33:04","modified_gmt":"2025-10-07T01:33:04","slug":"elevated-dog-bed","status":"publish","type":"product","link":"https:\/\/pecpets.com\/fr\/product\/elevated-dog-bed\/","title":{"rendered":"Lit sur\u00e9lev\u00e9 pour chien"},"content":{"rendered":"<h2 data-start=\"107\" data-end=\"201\">Lit sur\u00e9lev\u00e9 pour chien - Conception durable par le fabricant de lits pour animaux de compagnie et l'usine de lits de luxe<\/h2>\n<p data-start=\"199\" data-end=\"513\">D\u00e9couvrez le confort et la durabilit\u00e9 de notre lit sur\u00e9lev\u00e9 pour chien, con\u00e7u pour les animaux de compagnie qui ont besoin d'une meilleure circulation de l'air, d'un soulagement des articulations et d'une utilisation par tous les temps.<\/p>\n<p data-start=\"199\" data-end=\"513\">En tant que fabricant de lits pour chiens de confiance et fabricant professionnel de lits de luxe en Chine, nous cr\u00e9ons des designs fonctionnels qui allient robustesse et style.<\/p>\n<p data-start=\"515\" data-end=\"816\">Notre entreprise de lits pour chiens est sp\u00e9cialis\u00e9e dans la production de haute qualit\u00e9 pour les commandes en gros de lits pour chiens et l'exportation de lits pour chiens dans le monde entier, ce qui garantit une qualit\u00e9 constante et une livraison dans les d\u00e9lais.<\/p>\n<p data-start=\"515\" data-end=\"816\">Fabriqu\u00e9 dans notre usine de fabrication de lits pour chiens, chaque produit est dot\u00e9 d'un support sur\u00e9lev\u00e9 qui permet aux chiens de rester au frais, au sec et \u00e0 l'aise.<\/p>\n<p data-start=\"818\" data-end=\"1115\">Nous offrons une personnalisation compl\u00e8te avec des services ODM et OEM de lits pour chiens, aidant les marques \u00e0 lancer des collections uniques de marques priv\u00e9es de lits pour chiens.<\/p>\n<p data-start=\"818\" data-end=\"1115\">Que vous soyez un fournisseur de lits pour chiens, un vendeur de lits pour chiens ou un grossiste de lits pour chiens, nous fournissons des solutions \u00e9volutives pour r\u00e9pondre aux diverses demandes du march\u00e9.<\/p>\n<p data-start=\"1117\" data-end=\"1358\">Associez-vous \u00e0 un fabricant de lits pour chiens fiable pour d\u00e9velopper votre activit\u00e9. De l'approvisionnement en vrac de lits pour chiens aux services OEM\/ODM personnalis\u00e9s, notre gamme de lits pour chiens sur\u00e9lev\u00e9s offre un confort optimal aux animaux de compagnie et des opportunit\u00e9s rentables pour votre marque.<\/p>","protected":false},"excerpt":{"rendered":"<h3>Lit sur\u00e9lev\u00e9 pour chien<\/h3>\n<ul>\n<li>\n<p data-start=\"62\" data-end=\"84\"><strong data-start=\"62\" data-end=\"82\">Confort \u00e9lev\u00e9<\/strong><\/p>\n<ul data-start=\"85\" data-end=\"236\">\n<li data-start=\"85\" data-end=\"140\">\n<p data-start=\"87\" data-end=\"140\">Tissu polyester 100%, plus doux que la maille ou le plastique.<\/p>\n<\/li>\n<li data-start=\"141\" data-end=\"200\">\n<p data-start=\"143\" data-end=\"200\">Hauteur de 7\u2033 avec un tissu respirant pour une meilleure circulation de l'air en \u00e9t\u00e9.<\/p>\n<\/li>\n<li data-start=\"201\" data-end=\"236\">\n<p data-start=\"203\" data-end=\"236\">Conserve la chaleur pour les journ\u00e9es plus fra\u00eeches.<\/p>\n<\/li>\n<\/ul>\n<p data-start=\"238\" data-end=\"256\"><strong data-start=\"238\" data-end=\"254\">Conception intelligente<\/strong><\/p>\n<ul data-start=\"257\" data-end=\"387\">\n<li data-start=\"257\" data-end=\"305\">\n<p data-start=\"259\" data-end=\"305\">Une position stable et large avec des coussins de soutien.<\/p>\n<\/li>\n<li data-start=\"306\" data-end=\"356\">\n<p data-start=\"308\" data-end=\"356\">Tissu r\u00e9sistant \u00e0 l'eau et aux d\u00e9chirures, pieds antid\u00e9rapants.<\/p>\n<\/li>\n<li data-start=\"357\" data-end=\"387\">\n<p data-start=\"359\" data-end=\"387\">Housse de protection incluse.<\/p>\n<\/li>\n<\/ul>\n<\/li>\n<\/ul>\n<h3 data-start=\"653\" data-end=\"664\">Tailles<\/h3>\n<ul data-start=\"665\" data-end=\"721\">\n<li data-start=\"665\" data-end=\"694\">\n<p data-start=\"667\" data-end=\"694\"><strong data-start=\"667\" data-end=\"677\">Large :<\/strong> 39\u2033 x 42\u2033 x 7\u2033<\/p>\n<\/li>\n<li data-start=\"695\" data-end=\"721\">\n<p data-start=\"697\" data-end=\"721\"><strong data-start=\"697\" data-end=\"704\">XL :<\/strong> 47\u2033 x 43\u2033 x 7\u2033<\/p>\n<\/li>\n<\/ul>\n<table width=\"288\">\n<tbody>\n<tr>\n<td width=\"137\"><span style=\"color: #333333;\">Nom du produit<\/span><\/td>\n<td width=\"151\"><span style=\"color: #333333;\">Lit pour animaux de compagnie<\/span><\/td>\n<\/tr>\n<tr>\n<td><span style=\"color: #333333;\">Num\u00e9ro d'article<\/span><\/td>\n<td><span style=\"color: #333333;\">P-C3013<\/span><\/td>\n<\/tr>\n<tr>\n<td><span style=\"color: #333333;\">Mat\u00e9riau<\/span><\/td>\n<td>Coton, polyester, polaire<\/td>\n<\/tr>\n<tr>\n<td><span style=\"color: #333333;\">\u00a0Taille et couleur<\/span><\/td>\n<td><span style=\"color: #333333;\">Sur mesure<\/span><\/td>\n<\/tr>\n<tr>\n<td><span style=\"color: #333333;\">\u00a0D\u00e9lai de livraison<\/span><\/td>\n<td><span style=\"color: #333333;\">1 \u00e0 5 jours pour les petites quantit\u00e9s par voie a\u00e9rienne et 30 \u00e0 35 jours pour les grandes quantit\u00e9s par voie maritime.<\/span><\/td>\n<\/tr>\n<\/tbody>\n<\/table>","protected":false},"featured_media":22425,"template":"","meta":{"_seopress_robots_primary_cat":"none","_seopress_titles_title":"Elevated Dog Bed | China Pet Bed Manufacturer","_seopress_titles_desc":"Looking for Elevated Dog Bed? we design premium knitwear for pets worldwide. Bulk orders, OEM services. Request free cozy samples today!","_seopress_robots_index":"","_seopress_analysis_target_kw":"Elevated Dog Bed","_uag_custom_page_level_css":""},"product_brand":[],"product_cat":[348,22],"product_tag":[],"class_list":{"0":"post-22422","1":"product","2":"type-product","3":"status-publish","4":"has-post-thumbnail","6":"product_cat-chew-resistant-dog-beds","7":"product_cat-pet-bed","9":"first","10":"instock","11":"shipping-taxable","12":"product-type-simple"},"uagb_featured_image_src":{"full":["https:\/\/pecpets.com\/wp-content\/uploads\/2025\/09\/268309__69309.jpg",1280,1280,false],"thumbnail":["https:\/\/pecpets.com\/wp-content\/uploads\/2025\/09\/268309__69309-150x150.jpg",150,150,true],"medium":["https:\/\/pecpets.com\/wp-content\/uploads\/2025\/09\/268309__69309-300x300.jpg",300,300,true],"medium_large":["https:\/\/pecpets.com\/wp-content\/uploads\/2025\/09\/268309__69309-768x768.jpg",768,768,true],"large":["https:\/\/pecpets.com\/wp-content\/uploads\/2025\/09\/268309__69309-1024x1024.jpg",800,800,true],"1536x1536":["https:\/\/pecpets.com\/wp-content\/uploads\/2025\/09\/268309__69309.jpg",1280,1280,false],"2048x2048":["https:\/\/pecpets.com\/wp-content\/uploads\/2025\/09\/268309__69309.jpg",1280,1280,false],"trp-custom-language-flag":["https:\/\/pecpets.com\/wp-content\/uploads\/2025\/09\/268309__69309-12x12.jpg",12,12,true],"woocommerce_thumbnail":["https:\/\/pecpets.com\/wp-content\/uploads\/2025\/09\/268309__69309-300x300.jpg",300,300,true],"woocommerce_single":["https:\/\/pecpets.com\/wp-content\/uploads\/2025\/09\/268309__69309-600x600.jpg",600,600,true],"woocommerce_gallery_thumbnail":["https:\/\/pecpets.com\/wp-content\/uploads\/2025\/09\/268309__69309-100x100.jpg",100,100,true]},"uagb_author_info":{"display_name":"Lawrence\u00a0\u52b3\u4f26\u65af","author_link":"https:\/\/pecpets.com\/fr\/author\/"},"uagb_comment_info":0,"uagb_excerpt":"Elevated Dog Bed Elevated Comfort 100% polyester fabric, softer than mesh or plastic. 7\" height with breathable fabric for airflow in summer. Retains warmth for cooler days. Smart Design Stable wide stance with supportive bolsters. Water- &amp; tear-resistant fabric, non-skid feet. Protective cover included. Sizes Large: 39\" x 42\" x 7\" XL: 47\" x 43\"\u2026","_links":{"self":[{"href":"https:\/\/pecpets.com\/fr\/wp-json\/wp\/v2\/product\/22422","targetHints":{"allow":["GET"]}}],"collection":[{"href":"https:\/\/pecpets.com\/fr\/wp-json\/wp\/v2\/product"}],"about":[{"href":"https:\/\/pecpets.com\/fr\/wp-json\/wp\/v2\/types\/product"}],"wp:featuredmedia":[{"embeddable":true,"href":"https:\/\/pecpets.com\/fr\/wp-json\/wp\/v2\/media\/22425"}],"wp:attachment":[{"href":"https:\/\/pecpets.com\/fr\/wp-json\/wp\/v2\/media?parent=22422"}],"wp:term":[{"taxonomy":"product_brand","embeddable":true,"href":"https:\/\/pecpets.com\/fr\/wp-json\/wp\/v2\/product_brand?post=22422"},{"taxonomy":"product_cat","embeddable":true,"href":"https:\/\/pecpets.com\/fr\/wp-json\/wp\/v2\/product_cat?post=22422"},{"taxonomy":"product_tag","embeddable":true,"href":"https:\/\/pecpets.com\/fr\/wp-json\/wp\/v2\/product_tag?post=22422"}],"curies":[{"name":"wp","href":"https:\/\/api.w.org\/{rel}","templated":true}]}}