{"id":22483,"date":"2025-09-30T09:02:41","date_gmt":"2025-09-30T01:02:41","guid":{"rendered":"https:\/\/pecpets.com\/?post_type=product&#038;p=22483"},"modified":"2025-10-07T09:33:28","modified_gmt":"2025-10-07T01:33:28","slug":"dog-ramp-for-bed","status":"publish","type":"product","link":"https:\/\/pecpets.com\/fr\/product\/dog-ramp-for-bed\/","title":{"rendered":"Rampe de lit pour chien"},"content":{"rendered":"<h2 data-start=\"107\" data-end=\"201\">Rampe d'acc\u00e8s au lit pour chien | Fabricant de lits pour animaux et de lits de luxe | Fournisseur OEM\/ODM en gros<\/h2>\n<p data-start=\"187\" data-end=\"485\">Vous recherchez un fabricant de lit pour chien fiable pour vous procurer une rampe d'acc\u00e8s pour chien robuste et \u00e9l\u00e9gante ? En tant que fabricant professionnel de lits pour animaux et fabricant de lits de luxe en Chine, nous concevons et produisons des rampes pour chiens de qualit\u00e9 sup\u00e9rieure qui permettent aux animaux de toutes tailles de grimper facilement et en toute s\u00e9curit\u00e9.<\/p>\n<p data-start=\"487\" data-end=\"851\">Notre usine de lits pour chiens est sp\u00e9cialis\u00e9e dans les rampes d'acc\u00e8s pour chiens construites \u00e0 partir de mat\u00e9riaux durables avec des surfaces antid\u00e9rapantes, offrant \u00e0 la fois fonctionnalit\u00e9 et style. Que vous ayez besoin d'un lit pour chien en vrac, d'une personnalisation OEM\/ODM de lit pour chien ou d'une marque priv\u00e9e de lit pour chien, notre soci\u00e9t\u00e9 de lit pour chien fournit un soutien complet, de la conception \u00e0 l'exportation de lit pour chien.<\/p>\n<p data-start=\"853\" data-end=\"1156\">\u2705 Lit pour chien production en vrac avec des prix comp\u00e9titifs pour les grossistes<br data-start=\"923\" data-end=\"926\" \/>\u2705 Rampe d'acc\u00e8s pour chien personnalisable pour les lits (hauteur, mat\u00e9riau, finition)<br data-start=\"996\" data-end=\"999\" \/>\u2705 D\u00e9lai de livraison de 25 jours pour les grossistes et fournisseurs mondiaux de lits pour chiens<br data-start=\"1073\" data-end=\"1076\" \/>\u2705 Conformit\u00e9 totale avec les normes internationales pour l'exportation de lits pour chiens sans soudure<\/p>\n<p data-start=\"1158\" data-end=\"1430\">Nous sommes un fournisseur de lits pour chiens qui offre des solutions innovantes, s\u00fbres et \u00e9l\u00e9gantes. Qu'il s'agisse de projets OEM\/ODM de lits pour chiens ou de collections de marques priv\u00e9es de lits pour chiens personnalis\u00e9s, nous sommes votre fabricant de lits pour chiens pour la vente en gros de rampes d'acc\u00e8s pour chiens.<\/p>","protected":false},"excerpt":{"rendered":"<h3>Rampe de lit pour chien<\/h3>\n<ul class=\"a-unordered-list a-vertical a-spacing-mini\">\n<li class=\"a-spacing-mini\"><span class=\"a-list-item\">Une aide pr\u00e9cieuse pour votre animal : la rampe pour chien aide votre animal \u00e0 r\u00e9duire les tensions musculaires et articulaires caus\u00e9es par les sauts, soulage la pression exerc\u00e9e sur les pattes et les articulations et aide \u00e0 pr\u00e9venir les douleurs articulaires. Elle est particuli\u00e8rement utile pour les petits chiens, les chiens fragiles et les chiens \u00e2g\u00e9s.<\/span><\/li>\n<li class=\"a-spacing-mini\"><span class=\"a-list-item\">4 hauteurs r\u00e9glables : L'\u00e9chelle \u00e0 grimper pour chien est r\u00e9glable en 4 hauteurs : 9 pouces (23 cm), 13 pouces (33 cm), 15 pouces (38 cm) et 17,3 pouces (44 cm). Elle est compatible avec la plupart des meubles. Ajustez la hauteur de la rampe pour aider votre petit animal \u00e0 monter et descendre de son lit, de son canap\u00e9 ou de sa voiture.<\/span><\/li>\n<li class=\"a-spacing-mini\"><span class=\"a-list-item\">Pliable et portable : Pliable, il n'a pas besoin d'\u00eatre assembl\u00e9 et est facile \u00e0 ranger. Lorsque vous ne l'utilisez pas, vous pouvez facilement la placer sous le lit, sous le canap\u00e9, \u00e0 l'int\u00e9rieur de l'armoire et dans le coffre de la voiture. La rampe pour chien est munie de poign\u00e9es sur le c\u00f4t\u00e9 et peut \u00eatre facilement transport\u00e9e lorsqu'elle est pli\u00e9e.<\/span><\/li>\n<\/ul>\n<table width=\"288\">\n<tbody>\n<tr>\n<td width=\"137\"><span style=\"color: #333333;\">Nom du produit<\/span><\/td>\n<td width=\"151\"><span style=\"color: #333333;\">Lit pour animaux de compagnie<\/span><\/td>\n<\/tr>\n<tr>\n<td><span style=\"color: #333333;\">Num\u00e9ro d'article<\/span><\/td>\n<td><span style=\"color: #333333;\">P-C3015<\/span><\/td>\n<\/tr>\n<tr>\n<td><span style=\"color: #333333;\">Mat\u00e9riau<\/span><\/td>\n<td>Coton, polyester, polaire<\/td>\n<\/tr>\n<tr>\n<td><span style=\"color: #333333;\">\u00a0Taille et couleur<\/span><\/td>\n<td><span style=\"color: #333333;\">Sur mesure<\/span><\/td>\n<\/tr>\n<tr>\n<td><span style=\"color: #333333;\">\u00a0D\u00e9lai de livraison<\/span><\/td>\n<td><span style=\"color: #333333;\">1 \u00e0 5 jours pour les petites quantit\u00e9s par voie a\u00e9rienne et 30 \u00e0 35 jours pour les grandes quantit\u00e9s par voie maritime.<\/span><\/td>\n<\/tr>\n<\/tbody>\n<\/table>","protected":false},"featured_media":22488,"template":"","meta":{"_seopress_robots_primary_cat":"none","_seopress_titles_title":"Dog Ramp for Bed | China Pet Bed Manufacturer","_seopress_titles_desc":"Looking for Dog Ramp for Bed? we design premium knitwear for pets worldwide. Bulk orders, OEM services. Request free cozy samples today!","_seopress_robots_index":"","_seopress_analysis_target_kw":"Dog Ramp for Bed","_uag_custom_page_level_css":""},"product_brand":[],"product_cat":[22,350],"product_tag":[],"class_list":{"0":"post-22483","1":"product","2":"type-product","3":"status-publish","4":"has-post-thumbnail","6":"product_cat-pet-bed","7":"product_cat-portable-dog-beds","9":"first","10":"instock","11":"shipping-taxable","12":"product-type-simple"},"uagb_featured_image_src":{"full":["https:\/\/pecpets.com\/wp-content\/uploads\/2025\/09\/Dog-Ramp-for-Bed-7.jpg",1000,1000,false],"thumbnail":["https:\/\/pecpets.com\/wp-content\/uploads\/2025\/09\/Dog-Ramp-for-Bed-7-150x150.jpg",150,150,true],"medium":["https:\/\/pecpets.com\/wp-content\/uploads\/2025\/09\/Dog-Ramp-for-Bed-7-300x300.jpg",300,300,true],"medium_large":["https:\/\/pecpets.com\/wp-content\/uploads\/2025\/09\/Dog-Ramp-for-Bed-7-768x768.jpg",768,768,true],"large":["https:\/\/pecpets.com\/wp-content\/uploads\/2025\/09\/Dog-Ramp-for-Bed-7.jpg",800,800,false],"1536x1536":["https:\/\/pecpets.com\/wp-content\/uploads\/2025\/09\/Dog-Ramp-for-Bed-7.jpg",1000,1000,false],"2048x2048":["https:\/\/pecpets.com\/wp-content\/uploads\/2025\/09\/Dog-Ramp-for-Bed-7.jpg",1000,1000,false],"trp-custom-language-flag":["https:\/\/pecpets.com\/wp-content\/uploads\/2025\/09\/Dog-Ramp-for-Bed-7-12x12.jpg",12,12,true],"woocommerce_thumbnail":["https:\/\/pecpets.com\/wp-content\/uploads\/2025\/09\/Dog-Ramp-for-Bed-7-300x300.jpg",300,300,true],"woocommerce_single":["https:\/\/pecpets.com\/wp-content\/uploads\/2025\/09\/Dog-Ramp-for-Bed-7-600x600.jpg",600,600,true],"woocommerce_gallery_thumbnail":["https:\/\/pecpets.com\/wp-content\/uploads\/2025\/09\/Dog-Ramp-for-Bed-7-100x100.jpg",100,100,true]},"uagb_author_info":{"display_name":"Lawrence\u00a0\u52b3\u4f26\u65af","author_link":"https:\/\/pecpets.com\/fr\/author\/"},"uagb_comment_info":0,"uagb_excerpt":"Dog Ramp for Bed A Good Helper for Your Pet: The dog ramp helps your pet reduce muscle and joint tension caused by jumping, relieves pressure on paws and joints, and helps prevent joint pain. It is especially helpful for small, frail, and older dogs 4 Adjustable Heights: Dog Climbing Ladder has 4 adjustable heights:\u2026","_links":{"self":[{"href":"https:\/\/pecpets.com\/fr\/wp-json\/wp\/v2\/product\/22483","targetHints":{"allow":["GET"]}}],"collection":[{"href":"https:\/\/pecpets.com\/fr\/wp-json\/wp\/v2\/product"}],"about":[{"href":"https:\/\/pecpets.com\/fr\/wp-json\/wp\/v2\/types\/product"}],"wp:featuredmedia":[{"embeddable":true,"href":"https:\/\/pecpets.com\/fr\/wp-json\/wp\/v2\/media\/22488"}],"wp:attachment":[{"href":"https:\/\/pecpets.com\/fr\/wp-json\/wp\/v2\/media?parent=22483"}],"wp:term":[{"taxonomy":"product_brand","embeddable":true,"href":"https:\/\/pecpets.com\/fr\/wp-json\/wp\/v2\/product_brand?post=22483"},{"taxonomy":"product_cat","embeddable":true,"href":"https:\/\/pecpets.com\/fr\/wp-json\/wp\/v2\/product_cat?post=22483"},{"taxonomy":"product_tag","embeddable":true,"href":"https:\/\/pecpets.com\/fr\/wp-json\/wp\/v2\/product_tag?post=22483"}],"curies":[{"name":"wp","href":"https:\/\/api.w.org\/{rel}","templated":true}]}}