{"id":22548,"date":"2026-02-11T14:11:57","date_gmt":"2026-02-11T06:11:57","guid":{"rendered":"https:\/\/pecpets.com\/?post_type=product&#038;p=22548"},"modified":"2026-02-11T15:19:44","modified_gmt":"2026-02-11T07:19:44","slug":"indestructible-dog-bed","status":"publish","type":"product","link":"https:\/\/pecpets.com\/fr\/product\/indestructible-dog-bed\/","title":{"rendered":"Lit pour chien indestructible"},"content":{"rendered":"<h2 data-start=\"91\" data-end=\"196\"><strong data-start=\"91\" data-end=\"196\">Lit pour chien indestructible | Fabricant de lits pour animaux de confiance | Fabricant de lits de luxe | Fournisseur de lits pour chiens OEM\/ODM<\/strong><\/h2>\n<p data-start=\"216\" data-end=\"496\">Vous cherchez un lit pour chien vraiment indestructible, capable de r\u00e9sister aux m\u00e2cheurs les plus coriaces ?<\/p>\n<p data-start=\"216\" data-end=\"496\">En tant que fabricant professionnel de lits pour animaux de compagnie et fabricant certifi\u00e9 de lits de luxe en Chine, nous sommes sp\u00e9cialis\u00e9s dans la production de lits ultra-durables et r\u00e9sistants aux m\u00e2chonnements, construits pour la force et le confort.<\/p>\n<p data-start=\"498\" data-end=\"884\">Notre usine de fabrication de lits pour chiens utilise des mat\u00e9riaux r\u00e9sistants et des coutures renforc\u00e9es pour garantir que chaque lit pour chien indestructible dure plus longtemps - id\u00e9al pour les races actives ou de grande taille. Que vous ayez besoin d'un lit pour chien en gros, d'une personnalisation OEM\/ODM ou d'une marque priv\u00e9e, notre \u00e9quipe exp\u00e9riment\u00e9e de fabricants de lits pour chiens peut vous fournir une qualit\u00e9 sup\u00e9rieure \u00e0 des prix directs.<\/p>\n<p data-start=\"886\" data-end=\"1254\">\u2705 Haute durabilit\u00e9 : Tissu ripstop, double couture et conception r\u00e9sistante \u00e0 la d\u00e9chirure.<br data-start=\"968\" data-end=\"971\" \/>\u2705 Options OEM\/ODM personnalis\u00e9es : Choisissez la taille, le tissu, le logo et l'emballage<br data-start=\"1041\" data-end=\"1044\" \/>\u2705 Lit pour chien production en vrac \u00e0 partir de 200 unit\u00e9s pour les acheteurs en gros<br data-start=\"1109\" data-end=\"1112\" \/>\u2705 Soutien \u00e0 l'exportation de lits pour chiens dans le monde entier avec une documentation compl\u00e8te<br data-start=\"1171\" data-end=\"1174\" \/>\u2705 Fournisseur de lits pour chiens de confiance et vendeur de lits pour chiens pour des marques internationales<\/p>\n<p data-start=\"1256\" data-end=\"1549\">Avec plus de 15 ans d'exp\u00e9rience, notre soci\u00e9t\u00e9 de lits pour chiens fournit un service complet de la conception \u00e0 la livraison pour les d\u00e9taillants, les distributeurs et les marques en ligne dans le monde entier. Nous vous invitons \u00e0 vous associer \u00e0 un grossiste en lits pour chiens fiable qui comprend \u00e0 la fois le confort et la robustesse de chaque lit pour chien indestructible que nous fabriquons.<\/p>","protected":false},"excerpt":{"rendered":"<h3>Lit pour chien indestructible<\/h3>\n<ul class=\"a-unordered-list a-vertical a-spacing-mini\">\n<li>Tissu tarpaulin tr\u00e8s r\u00e9sistant, coutures scell\u00e9es<\/li>\n<li>R\u00e9siste aux creuseurs, aux gratteurs et \u00e0 l'humidit\u00e9<\/li>\n<li>Parfait pour se d\u00e9tendre \u00e0 l'int\u00e9rieur et \u00e0 l'ext\u00e9rieur<\/li>\n<li>Pas de couverture incluse, pas besoin de couverture<\/li>\n<\/ul>\n<table width=\"288\">\n<tbody>\n<tr>\n<td width=\"137\"><span style=\"color: #333333;\">Nom du produit<\/span><\/td>\n<td width=\"151\"><span style=\"color: #333333;\">Lit pour animaux de compagnie<\/span><\/td>\n<\/tr>\n<tr>\n<td><span style=\"color: #333333;\">Num\u00e9ro d'article<\/span><\/td>\n<td><span style=\"color: #333333;\">P-C3017<\/span><\/td>\n<\/tr>\n<tr>\n<td><span style=\"color: #333333;\">Mat\u00e9riau<\/span><\/td>\n<td>Coton, polyester, polaire<\/td>\n<\/tr>\n<tr>\n<td><span style=\"color: #333333;\">\u00a0Taille et couleur<\/span><\/td>\n<td><span style=\"color: #333333;\">Sur mesure<\/span><\/td>\n<\/tr>\n<tr>\n<td><span style=\"color: #333333;\">\u00a0D\u00e9lai de livraison<\/span><\/td>\n<td><span style=\"color: #333333;\">1 \u00e0 5 jours pour les petites quantit\u00e9s par voie a\u00e9rienne et 30 \u00e0 35 jours pour les grandes quantit\u00e9s par voie maritime.<\/span><\/td>\n<\/tr>\n<\/tbody>\n<\/table>","protected":false},"featured_media":22550,"template":"","meta":{"_seopress_robots_primary_cat":"none","_seopress_titles_title":"Indestructible Dog Bed | China Pet Bed Manufacturer","_seopress_titles_desc":"Looking for Indestructible Dog Bed? we design premium knitwear for pets worldwide. Bulk orders, OEM services. Request free cozy samples today!","_seopress_robots_index":"","_uag_custom_page_level_css":""},"product_brand":[],"product_cat":[348,22],"product_tag":[],"class_list":{"0":"post-22548","1":"product","2":"type-product","3":"status-publish","4":"has-post-thumbnail","6":"product_cat-chew-resistant-dog-beds","7":"product_cat-pet-bed","9":"first","10":"instock","11":"shipping-taxable","12":"product-type-simple"},"uagb_featured_image_src":{"full":["https:\/\/pecpets.com\/wp-content\/uploads\/2025\/10\/0630a8a1-4a16-4ff2-80a4-b0cff158f146.jpg",2048,2048,false],"thumbnail":["https:\/\/pecpets.com\/wp-content\/uploads\/2025\/10\/0630a8a1-4a16-4ff2-80a4-b0cff158f146-150x150.jpg",150,150,true],"medium":["https:\/\/pecpets.com\/wp-content\/uploads\/2025\/10\/0630a8a1-4a16-4ff2-80a4-b0cff158f146-300x300.jpg",300,300,true],"medium_large":["https:\/\/pecpets.com\/wp-content\/uploads\/2025\/10\/0630a8a1-4a16-4ff2-80a4-b0cff158f146-768x768.jpg",768,768,true],"large":["https:\/\/pecpets.com\/wp-content\/uploads\/2025\/10\/0630a8a1-4a16-4ff2-80a4-b0cff158f146-1024x1024.jpg",800,800,true],"1536x1536":["https:\/\/pecpets.com\/wp-content\/uploads\/2025\/10\/0630a8a1-4a16-4ff2-80a4-b0cff158f146-1536x1536.jpg",1536,1536,true],"2048x2048":["https:\/\/pecpets.com\/wp-content\/uploads\/2025\/10\/0630a8a1-4a16-4ff2-80a4-b0cff158f146.jpg",2048,2048,false],"trp-custom-language-flag":["https:\/\/pecpets.com\/wp-content\/uploads\/2025\/10\/0630a8a1-4a16-4ff2-80a4-b0cff158f146-12x12.jpg",12,12,true],"woocommerce_thumbnail":["https:\/\/pecpets.com\/wp-content\/uploads\/2025\/10\/0630a8a1-4a16-4ff2-80a4-b0cff158f146-300x300.jpg",300,300,true],"woocommerce_single":["https:\/\/pecpets.com\/wp-content\/uploads\/2025\/10\/0630a8a1-4a16-4ff2-80a4-b0cff158f146-600x600.jpg",600,600,true],"woocommerce_gallery_thumbnail":["https:\/\/pecpets.com\/wp-content\/uploads\/2025\/10\/0630a8a1-4a16-4ff2-80a4-b0cff158f146-100x100.jpg",100,100,true]},"uagb_author_info":{"display_name":"Lawrence\u00a0\u52b3\u4f26\u65af","author_link":"https:\/\/pecpets.com\/fr\/author\/"},"uagb_comment_info":0,"uagb_excerpt":"Indestructible Dog Bed Heavy-Duty Tarpaulin Fabric, Sealed Seams Stands up to diggers, scratchers, and moisture Perfect for lounging indoors and out No cover included, no cover needed Product Name Pet Bed Item No. P-C3017 Material Cotton, Polyester, Fleece \u00a0Size and Color Customized \u00a0Delivery time 1- 5 days for small quantities by air and 30- 35\u2026","_links":{"self":[{"href":"https:\/\/pecpets.com\/fr\/wp-json\/wp\/v2\/product\/22548","targetHints":{"allow":["GET"]}}],"collection":[{"href":"https:\/\/pecpets.com\/fr\/wp-json\/wp\/v2\/product"}],"about":[{"href":"https:\/\/pecpets.com\/fr\/wp-json\/wp\/v2\/types\/product"}],"wp:featuredmedia":[{"embeddable":true,"href":"https:\/\/pecpets.com\/fr\/wp-json\/wp\/v2\/media\/22550"}],"wp:attachment":[{"href":"https:\/\/pecpets.com\/fr\/wp-json\/wp\/v2\/media?parent=22548"}],"wp:term":[{"taxonomy":"product_brand","embeddable":true,"href":"https:\/\/pecpets.com\/fr\/wp-json\/wp\/v2\/product_brand?post=22548"},{"taxonomy":"product_cat","embeddable":true,"href":"https:\/\/pecpets.com\/fr\/wp-json\/wp\/v2\/product_cat?post=22548"},{"taxonomy":"product_tag","embeddable":true,"href":"https:\/\/pecpets.com\/fr\/wp-json\/wp\/v2\/product_tag?post=22548"}],"curies":[{"name":"wp","href":"https:\/\/api.w.org\/{rel}","templated":true}]}}