{"id":22622,"date":"2025-10-08T10:42:15","date_gmt":"2025-10-08T02:42:15","guid":{"rendered":"https:\/\/pecpets.com\/?post_type=product&#038;p=22622"},"modified":"2025-10-08T10:47:41","modified_gmt":"2025-10-08T02:47:41","slug":"big-dog-dog-beds","status":"publish","type":"product","link":"https:\/\/pecpets.com\/fr\/product\/big-dog-dog-beds\/","title":{"rendered":"Lits pour chiens Big Dog"},"content":{"rendered":"<h2 data-start=\"91\" data-end=\"196\">Lits pour chien Big Dog par Pet Bed Manufacturer &amp; Luxury Bed Factory<\/h2>\n<p data-start=\"216\" data-end=\"496\">Vous recherchez des lits pour grands chiens de qualit\u00e9 sup\u00e9rieure, con\u00e7us pour le confort et la solidit\u00e9 ?<\/p>\n<p data-start=\"216\" data-end=\"496\">En tant que fabricant de lits pour animaux de compagnie et fabricant de lits de luxe, nous sommes sp\u00e9cialis\u00e9s dans la conception de lits durables et r\u00e9sistants pour les grandes races.<\/p>\n<p data-start=\"216\" data-end=\"496\">Notre usine de fabrication de lits pour chiens en Chine offre des services OEM, ODM et de marque priv\u00e9e pour les marques internationales.<\/p>\n<p data-start=\"216\" data-end=\"496\">Que vous ayez besoin de lits pour chiens en vrac ou de mod\u00e8les personnalis\u00e9s, nos fournisseurs de lits pour chiens et nos grossistes en lits pour chiens vous garantissent qualit\u00e9 et valeur.<\/p>\n<p data-start=\"216\" data-end=\"496\">Faites \u00e9quipe avec une entreprise professionnelle de lits pour chiens exp\u00e9riment\u00e9e dans l'exportation et la production \u00e0 grande \u00e9chelle de lits pour chiens. Nous fabriquons des lits pour chiens qui allient durabilit\u00e9, confort et style.<\/p>","protected":false},"excerpt":{"rendered":"<h3>Lits pour chiens Big Dog<\/h3>\n<p>Les lignes simples et \u00e9pur\u00e9es s'adaptent aussi bien aux maisons de ville qu'aux maisons de campagne.<\/p>\n<p>Nos lits pour chiens en bois extra-larges sont plus lourds, plus solides et plus r\u00e9sistants que les autres lits pour chiens en bois de pin moins chers. Chaque lit est fabriqu\u00e9 \u00e0 la main par un \u00e9b\u00e9niste hautement qualifi\u00e9 et fait l'objet d'une finition minutieuse afin de faire ressortir la couleur et le grain naturels du bois.<\/p>\n<p>Nos lits en bois pour chiens sont sur\u00e9lev\u00e9s par rapport au sol sur des pieds tourn\u00e9s, avec une finition en noir mat pour donner un effet visuel flottant agr\u00e9able. Des coussinets en feutre \u00e9pais sont fix\u00e9s sous chaque pied pour \u00e9viter de rayer le carrelage ou les planchers en bois.<\/p>\n<p>Le sommier \u00e0 lattes permet une ventilation efficace et un nettoyage facile.<\/p>\n<p>Bien qu'il ne soit pas \u00e0 l'\u00e9preuve des m\u00e2chonnements, nous avons essay\u00e9 d'\u00e9liminer les zones vuln\u00e9rables et faciles \u00e0 m\u00e2cher.<\/p>\n<p>Un lit pour chien en bois magnifique et incroyablement \u00e9l\u00e9gant qui durera des ann\u00e9es et des ann\u00e9es.<\/p>\n<table width=\"288\">\n<tbody>\n<tr>\n<td width=\"137\"><span style=\"color: #333333;\">Nom du produit<\/span><\/td>\n<td width=\"151\"><span style=\"color: #333333;\">Lit pour animaux de compagnie<\/span><\/td>\n<\/tr>\n<tr>\n<td><span style=\"color: #333333;\">Num\u00e9ro d'article<\/span><\/td>\n<td><span style=\"color: #333333;\">P-C3019<\/span><\/td>\n<\/tr>\n<tr>\n<td><span style=\"color: #333333;\">Mat\u00e9riau<\/span><\/td>\n<td>Coton, polyester, polaire<\/td>\n<\/tr>\n<tr>\n<td><span style=\"color: #333333;\">\u00a0Taille et couleur<\/span><\/td>\n<td><span style=\"color: #333333;\">Peut \u00eatre personnalis\u00e9<\/span><\/td>\n<\/tr>\n<tr>\n<td><span style=\"color: #333333;\">\u00a0D\u00e9lai de livraison<\/span><\/td>\n<td><span style=\"color: #333333;\">1 \u00e0 5 jours pour les petites quantit\u00e9s par voie a\u00e9rienne et 30 \u00e0 35 jours pour les grandes quantit\u00e9s par voie maritime.<\/span><\/td>\n<\/tr>\n<\/tbody>\n<\/table>","protected":false},"featured_media":22607,"template":"","meta":{"_seopress_robots_primary_cat":"none","_seopress_titles_title":"Big Dog Dog Beds | China Pet Bed Manufacturer","_seopress_titles_desc":"Looking for Big Dog Dog Beds? we design premium knitwear for pets worldwide. Bulk orders, OEM services. Request free cozy samples today!","_seopress_robots_index":"","_uag_custom_page_level_css":""},"product_brand":[],"product_cat":[348,22],"product_tag":[],"class_list":{"0":"post-22622","1":"product","2":"type-product","3":"status-publish","4":"has-post-thumbnail","6":"product_cat-chew-resistant-dog-beds","7":"product_cat-pet-bed","9":"first","10":"instock","11":"shipping-taxable","12":"product-type-simple"},"uagb_featured_image_src":{"full":["https:\/\/pecpets.com\/wp-content\/uploads\/2025\/10\/79561f41-fb2b-4648-a3c4-a055d3c74c97.jpg",720,541,false],"thumbnail":["https:\/\/pecpets.com\/wp-content\/uploads\/2025\/10\/79561f41-fb2b-4648-a3c4-a055d3c74c97-150x150.jpg",150,150,true],"medium":["https:\/\/pecpets.com\/wp-content\/uploads\/2025\/10\/79561f41-fb2b-4648-a3c4-a055d3c74c97-300x225.jpg",300,225,true],"medium_large":["https:\/\/pecpets.com\/wp-content\/uploads\/2025\/10\/79561f41-fb2b-4648-a3c4-a055d3c74c97.jpg",720,541,false],"large":["https:\/\/pecpets.com\/wp-content\/uploads\/2025\/10\/79561f41-fb2b-4648-a3c4-a055d3c74c97.jpg",720,541,false],"1536x1536":["https:\/\/pecpets.com\/wp-content\/uploads\/2025\/10\/79561f41-fb2b-4648-a3c4-a055d3c74c97.jpg",720,541,false],"2048x2048":["https:\/\/pecpets.com\/wp-content\/uploads\/2025\/10\/79561f41-fb2b-4648-a3c4-a055d3c74c97.jpg",720,541,false],"trp-custom-language-flag":["https:\/\/pecpets.com\/wp-content\/uploads\/2025\/10\/79561f41-fb2b-4648-a3c4-a055d3c74c97-16x12.jpg",16,12,true],"woocommerce_thumbnail":["https:\/\/pecpets.com\/wp-content\/uploads\/2025\/10\/79561f41-fb2b-4648-a3c4-a055d3c74c97-300x300.jpg",300,300,true],"woocommerce_single":["https:\/\/pecpets.com\/wp-content\/uploads\/2025\/10\/79561f41-fb2b-4648-a3c4-a055d3c74c97-600x451.jpg",600,451,true],"woocommerce_gallery_thumbnail":["https:\/\/pecpets.com\/wp-content\/uploads\/2025\/10\/79561f41-fb2b-4648-a3c4-a055d3c74c97-100x100.jpg",100,100,true]},"uagb_author_info":{"display_name":"Lawrence\u00a0\u52b3\u4f26\u65af","author_link":"https:\/\/pecpets.com\/fr\/author\/"},"uagb_comment_info":0,"uagb_excerpt":"Big Dog Dog Beds The simple, clean lines will equally grace both town and country homes. Our extra-large wooden dog beds are heavier, stronger, and hard-wearing than cheaper pine wooden dog bed alternatives. Each is handmade by a highly skilled Cabinet Maker and painstakingly finished to bring out the natural colour and grain of the\u2026","_links":{"self":[{"href":"https:\/\/pecpets.com\/fr\/wp-json\/wp\/v2\/product\/22622","targetHints":{"allow":["GET"]}}],"collection":[{"href":"https:\/\/pecpets.com\/fr\/wp-json\/wp\/v2\/product"}],"about":[{"href":"https:\/\/pecpets.com\/fr\/wp-json\/wp\/v2\/types\/product"}],"wp:featuredmedia":[{"embeddable":true,"href":"https:\/\/pecpets.com\/fr\/wp-json\/wp\/v2\/media\/22607"}],"wp:attachment":[{"href":"https:\/\/pecpets.com\/fr\/wp-json\/wp\/v2\/media?parent=22622"}],"wp:term":[{"taxonomy":"product_brand","embeddable":true,"href":"https:\/\/pecpets.com\/fr\/wp-json\/wp\/v2\/product_brand?post=22622"},{"taxonomy":"product_cat","embeddable":true,"href":"https:\/\/pecpets.com\/fr\/wp-json\/wp\/v2\/product_cat?post=22622"},{"taxonomy":"product_tag","embeddable":true,"href":"https:\/\/pecpets.com\/fr\/wp-json\/wp\/v2\/product_tag?post=22622"}],"curies":[{"name":"wp","href":"https:\/\/api.w.org\/{rel}","templated":true}]}}