{"id":22688,"date":"2025-10-09T09:25:03","date_gmt":"2025-10-09T01:25:03","guid":{"rendered":"https:\/\/pecpets.com\/?post_type=product&#038;p=22688"},"modified":"2025-10-09T09:35:24","modified_gmt":"2025-10-09T01:35:24","slug":"orthopedic-dog-bed","status":"publish","type":"product","link":"https:\/\/pecpets.com\/fr\/product\/orthopedic-dog-bed\/","title":{"rendered":"Lit orthop\u00e9dique pour chien"},"content":{"rendered":"<h2 data-start=\"91\" data-end=\"196\">Lit orthop\u00e9dique pour chien par Pet Bed Manufacturer &amp; Luxury Bed Factory<\/h2>\n<p data-start=\"216\" data-end=\"496\">D\u00e9couvrez les lits orthop\u00e9diques pour chiens de premi\u00e8re qualit\u00e9, con\u00e7us pour le confort, la durabilit\u00e9 et le style.<\/p>\n<p data-start=\"216\" data-end=\"496\">En tant que leader dans la fabrication de lits pour animaux et de lits de luxe, nous sommes sp\u00e9cialis\u00e9s dans la production de lits orthop\u00e9diques pour chiens de haute qualit\u00e9 qui favorisent la sant\u00e9 des articulations et un sommeil r\u00e9parateur.<\/p>\n<p data-start=\"216\" data-end=\"496\">Notre usine de fabrication de lits pour chiens en Chine offre des services OEM, ODM et de marque priv\u00e9e pour les marques qui recherchent une production fiable.<\/p>\n<p data-start=\"216\" data-end=\"496\">Que vous ayez besoin de commander des lits pour chiens en gros ou que vous souhaitiez vous associer avec un fournisseur de lits pour chiens, un fabricant de lits pour chiens ou un grossiste en lits pour chiens de confiance, nous avons ce qu'il vous faut.<\/p>\n<p data-start=\"216\" data-end=\"496\">S'appuyant sur des ann\u00e9es d'exp\u00e9rience dans l'exportation de lits pour chiens, notre entreprise de lits pour chiens et notre vendeur de lits pour chiens fournissent des solutions personnalis\u00e9es qui r\u00e9pondent aux normes mondiales en mati\u00e8re de qualit\u00e9 et de conception.<\/p>","protected":false},"excerpt":{"rendered":"<h3>Lit orthop\u00e9dique pour chien<\/h3>\n<ul>\n<li>Matelas \u00e9pais en mousse orthop\u00e9dique dans un coloris lin \u00e9l\u00e9gant<\/li>\n<li>Parfait pour les chiens \u00e2g\u00e9s ou les chiens souffrant de probl\u00e8mes articulaires<\/li>\n<li>Poign\u00e9e de transport pratique<\/li>\n<li>Housse amovible lavable en machine<\/li>\n<li>Dessus en fourrure pelucheuse pour plus de confort<\/li>\n<li>Fabriqu\u00e9 \u00e0 la main en Italie<\/li>\n<li>Disponible en trois tailles<\/li>\n<\/ul>\n<table width=\"288\">\n<tbody>\n<tr>\n<td width=\"137\"><span style=\"color: #333333;\">Nom du produit<\/span><\/td>\n<td width=\"151\"><span style=\"color: #333333;\">Lit pour animaux de compagnie<\/span><\/td>\n<\/tr>\n<tr>\n<td><span style=\"color: #333333;\">Num\u00e9ro d'article<\/span><\/td>\n<td><span style=\"color: #333333;\">P-C3022<\/span><\/td>\n<\/tr>\n<tr>\n<td><span style=\"color: #333333;\">Mat\u00e9riau<\/span><\/td>\n<td>Coton, polyester, polaire<\/td>\n<\/tr>\n<tr>\n<td><span style=\"color: #333333;\">\u00a0Taille et couleur<\/span><\/td>\n<td><span style=\"color: #333333;\">Peut \u00eatre personnalis\u00e9<\/span><\/td>\n<\/tr>\n<tr>\n<td><span style=\"color: #333333;\">\u00a0D\u00e9lai de livraison<\/span><\/td>\n<td><span style=\"color: #333333;\">1 \u00e0 5 jours pour les petites quantit\u00e9s par voie a\u00e9rienne et 30 \u00e0 35 jours pour les grandes quantit\u00e9s par voie maritime.<\/span><\/td>\n<\/tr>\n<\/tbody>\n<\/table>","protected":false},"featured_media":22689,"template":"","meta":{"_seopress_robots_primary_cat":"none","_seopress_titles_title":"Orthopedic Dog Bed | China Pet Bed Manufacturer","_seopress_titles_desc":"Looking for Orthopedic Dog Bed? we design premium knitwear for pets worldwide. Bulk orders, OEM services. Request free cozy samples today!","_seopress_robots_index":"","_uag_custom_page_level_css":""},"product_brand":[],"product_cat":[345,22],"product_tag":[],"class_list":{"0":"post-22688","1":"product","2":"type-product","3":"status-publish","4":"has-post-thumbnail","6":"product_cat-orthopedic-dog-bed","7":"product_cat-pet-bed","9":"first","10":"instock","11":"shipping-taxable","12":"product-type-simple"},"uagb_featured_image_src":{"full":["https:\/\/pecpets.com\/wp-content\/uploads\/2025\/10\/twillorthomattresslinenLL-FOM-O.jpg",1400,1400,false],"thumbnail":["https:\/\/pecpets.com\/wp-content\/uploads\/2025\/10\/twillorthomattresslinenLL-FOM-O-150x150.jpg",150,150,true],"medium":["https:\/\/pecpets.com\/wp-content\/uploads\/2025\/10\/twillorthomattresslinenLL-FOM-O-300x300.jpg",300,300,true],"medium_large":["https:\/\/pecpets.com\/wp-content\/uploads\/2025\/10\/twillorthomattresslinenLL-FOM-O-768x768.jpg",768,768,true],"large":["https:\/\/pecpets.com\/wp-content\/uploads\/2025\/10\/twillorthomattresslinenLL-FOM-O-1024x1024.jpg",800,800,true],"1536x1536":["https:\/\/pecpets.com\/wp-content\/uploads\/2025\/10\/twillorthomattresslinenLL-FOM-O.jpg",1400,1400,false],"2048x2048":["https:\/\/pecpets.com\/wp-content\/uploads\/2025\/10\/twillorthomattresslinenLL-FOM-O.jpg",1400,1400,false],"trp-custom-language-flag":["https:\/\/pecpets.com\/wp-content\/uploads\/2025\/10\/twillorthomattresslinenLL-FOM-O-12x12.jpg",12,12,true],"woocommerce_thumbnail":["https:\/\/pecpets.com\/wp-content\/uploads\/2025\/10\/twillorthomattresslinenLL-FOM-O-300x300.jpg",300,300,true],"woocommerce_single":["https:\/\/pecpets.com\/wp-content\/uploads\/2025\/10\/twillorthomattresslinenLL-FOM-O-600x600.jpg",600,600,true],"woocommerce_gallery_thumbnail":["https:\/\/pecpets.com\/wp-content\/uploads\/2025\/10\/twillorthomattresslinenLL-FOM-O-100x100.jpg",100,100,true]},"uagb_author_info":{"display_name":"Lawrence\u00a0\u52b3\u4f26\u65af","author_link":"https:\/\/pecpets.com\/fr\/author\/"},"uagb_comment_info":0,"uagb_excerpt":"Orthopedic Dog Bed Thick orthopaedic foam mattress in a stylish linen colour Perfect for older dogs or dogs with joint problems Convenient\u00a0carry handle Removable cover that can be machine-washed Plush fur top for extra comfort Handmade in Italy Available in three sizes Product Name Pet Bed Item No. P-C3022 Material Cotton, Polyester, Fleece \u00a0Size and\u2026","_links":{"self":[{"href":"https:\/\/pecpets.com\/fr\/wp-json\/wp\/v2\/product\/22688","targetHints":{"allow":["GET"]}}],"collection":[{"href":"https:\/\/pecpets.com\/fr\/wp-json\/wp\/v2\/product"}],"about":[{"href":"https:\/\/pecpets.com\/fr\/wp-json\/wp\/v2\/types\/product"}],"wp:featuredmedia":[{"embeddable":true,"href":"https:\/\/pecpets.com\/fr\/wp-json\/wp\/v2\/media\/22689"}],"wp:attachment":[{"href":"https:\/\/pecpets.com\/fr\/wp-json\/wp\/v2\/media?parent=22688"}],"wp:term":[{"taxonomy":"product_brand","embeddable":true,"href":"https:\/\/pecpets.com\/fr\/wp-json\/wp\/v2\/product_brand?post=22688"},{"taxonomy":"product_cat","embeddable":true,"href":"https:\/\/pecpets.com\/fr\/wp-json\/wp\/v2\/product_cat?post=22688"},{"taxonomy":"product_tag","embeddable":true,"href":"https:\/\/pecpets.com\/fr\/wp-json\/wp\/v2\/product_tag?post=22688"}],"curies":[{"name":"wp","href":"https:\/\/api.w.org\/{rel}","templated":true}]}}