{"id":22740,"date":"2025-10-13T16:27:49","date_gmt":"2025-10-13T08:27:49","guid":{"rendered":"https:\/\/pecpets.com\/?post_type=product&#038;p=22740"},"modified":"2025-10-13T16:57:40","modified_gmt":"2025-10-13T08:57:40","slug":"chew-proof-dog-bed","status":"publish","type":"product","link":"https:\/\/pecpets.com\/fr\/product\/chew-proof-dog-bed\/","title":{"rendered":"Lit pour chien \u00e0 l'\u00e9preuve des m\u00e2chonnements"},"content":{"rendered":"<h2 data-start=\"91\" data-end=\"196\">Lit pour chien \u00e0 l'\u00e9preuve des m\u00e2chonnements par Pet Bed Manufacturer &amp; Luxury Bed Factory<\/h2>\n<p data-start=\"216\" data-end=\"496\">Vous \u00eates \u00e0 la recherche d'un lit pour chien durable et r\u00e9sistant aux m\u00e2chonnements sur lequel vos clients peuvent compter ?<\/p>\n<p data-start=\"216\" data-end=\"496\">En tant que fabricant de lits pour animaux de confiance et usine de lits de luxe, nous sommes sp\u00e9cialis\u00e9s dans la production de lits pour chiens de haute qualit\u00e9, \u00e0 l'\u00e9preuve des m\u00e2chonnements, con\u00e7us pour les gros m\u00e2cheurs et les animaux de compagnie actifs.<\/p>\n<p data-start=\"216\" data-end=\"496\">Nos lits combinent des coutures renforc\u00e9es, des tissus r\u00e9sistants aux d\u00e9chirures et une conception ax\u00e9e sur le confort pour garantir une utilisation durable \u00e0 l'int\u00e9rieur et \u00e0 l'ext\u00e9rieur.<\/p>\n<p data-start=\"216\" data-end=\"496\">Que vous soyez une entreprise de lits pour chiens, un fournisseur de lits pour chiens ou un grossiste de lits pour chiens, nous vous proposons des solutions de lits pour chiens OEM, ODM et de marques priv\u00e9es adapt\u00e9es \u00e0 votre marque.<\/p>\n<p data-start=\"216\" data-end=\"496\">Partenaire d'une usine leader de Lit de chien en Lit de chien en Chine pour l'exportation fiable de Lit de chien et la production en vrac de Lit de chien.<\/p>\n<p data-start=\"216\" data-end=\"496\">Travaillez avec un fabricant professionnel de lits pour chiens et un vendeur de lits pour chiens afin de proposer des collections de lits pour chiens anti-m\u00e2chouilles de premi\u00e8re qualit\u00e9 que vos clients adoreront.<\/p>","protected":false},"excerpt":{"rendered":"<h3>Lit pour chien \u00e0 l'\u00e9preuve des m\u00e2chonnements<\/h3>\n<div class=\"ecom-block ecom-core core__block ecom-s8cxmzenaj\" data-core-is=\"block\">\n<div class=\"ecom__element ecom-element element__text\" data-stopdrag=\"\"><\/div>\n<\/div>\n<div class=\"ecom-block ecom-core core__block ecom-6dj93dsgz5e\" data-core-is=\"block\">\n<div class=\"ecom__element ecom-element element__text\" data-stopdrag=\"\">\n<div class=\"text-content ecom-html has-drop-cap-view-framed\">Ces lits sont parmi les plus durables disponibles - aussi proches de l'indestructibilit\u00e9 qu'un lit pour chien peut l'\u00eatre. Dot\u00e9s de notre signature Safety Tweed et d'un matelas profond\u00e9ment rembourr\u00e9, ils offrent une r\u00e9sistance et un confort in\u00e9gal\u00e9s, ainsi qu'un lieu de repos magnifiquement con\u00e7u pour votre chien.<\/div>\n<\/div>\n<\/div>\n<div class=\"ecom-block ecom-core core__block ecom-5n32oe6cztm\" data-core-is=\"block\">\n<div class=\"ecom-element ecom-base-iconlist\">\n<ul class=\"ecom-iconlist--list\" data-layout=\"default\">\n<li class=\"ecom-iconlist--item ecom-html\">\n<div class=\"ecom-iconlist--container\">\n<div class=\"ecom-iconlist-content\">\n<p class=\"ecom-iconlist--title\">Tissu de qualit\u00e9 militaire<\/p>\n<\/div>\n<\/div>\n<\/li>\n<li class=\"ecom-iconlist--item ecom-html\">\n<div class=\"ecom-iconlist--container\">\n<div class=\"ecom-iconlist-content\">\n<p class=\"ecom-iconlist--title\">Imperm\u00e9able \u00e0 l'eau<\/p>\n<\/div>\n<\/div>\n<\/li>\n<li class=\"ecom-iconlist--item ecom-html\">\n<div class=\"ecom-iconlist--container\">\n<div class=\"ecom-iconlist-content\">\n<p class=\"ecom-iconlist--title\">Velours d'ameublement de qualit\u00e9<\/p>\n<\/div>\n<\/div>\n<\/li>\n<li class=\"ecom-iconlist--item ecom-html\">\n<div class=\"ecom-iconlist--container\">\n<div class=\"ecom-iconlist-content\">\n<p class=\"ecom-iconlist--title\">Rembourrage de bouteilles en plastique recycl\u00e9<\/p>\n<\/div>\n<\/div>\n<\/li>\n<li class=\"ecom-iconlist--item ecom-html\">\n<div class=\"ecom-iconlist--container\">\n<div class=\"ecom-iconlist-content\">\n<p class=\"ecom-iconlist--title\">Lavable en machine<\/p>\n<\/div>\n<\/div>\n<\/li>\n<\/ul>\n<\/div>\n<\/div>\n<table width=\"288\">\n<tbody>\n<tr>\n<td width=\"137\"><span style=\"color: #333333;\">Nom du produit<\/span><\/td>\n<td width=\"151\"><span style=\"color: #333333;\">Lit pour animaux de compagnie<\/span><\/td>\n<\/tr>\n<tr>\n<td><span style=\"color: #333333;\">Num\u00e9ro d'article<\/span><\/td>\n<td><span style=\"color: #333333;\">P-C3025<\/span><\/td>\n<\/tr>\n<tr>\n<td><span style=\"color: #333333;\">Mat\u00e9riau<\/span><\/td>\n<td>Coton, polyester, polaire<\/td>\n<\/tr>\n<tr>\n<td><span style=\"color: #333333;\">\u00a0Taille et couleur<\/span><\/td>\n<td><span style=\"color: #333333;\">Peut \u00eatre personnalis\u00e9<\/span><\/td>\n<\/tr>\n<tr>\n<td><span style=\"color: #333333;\">\u00a0D\u00e9lai de livraison<\/span><\/td>\n<td><span style=\"color: #333333;\">1 \u00e0 5 jours pour les petites quantit\u00e9s par voie a\u00e9rienne et 30 \u00e0 35 jours pour les grandes quantit\u00e9s par voie maritime.<\/span><\/td>\n<\/tr>\n<\/tbody>\n<\/table>","protected":false},"featured_media":22748,"template":"","meta":{"_seopress_robots_primary_cat":"none","_seopress_titles_title":"Chew Proof Dog Bed | China Pet Bed Manufacturer","_seopress_titles_desc":"Looking for Chew Proof Dog Bed? we design premium knitwear for pets worldwide. Bulk orders, OEM services. Request free cozy samples today!","_seopress_robots_index":"","_uag_custom_page_level_css":""},"product_brand":[],"product_cat":[348,22],"product_tag":[],"class_list":{"0":"post-22740","1":"product","2":"type-product","3":"status-publish","4":"has-post-thumbnail","6":"product_cat-chew-resistant-dog-beds","7":"product_cat-pet-bed","9":"first","10":"instock","11":"shipping-taxable","12":"product-type-simple"},"uagb_featured_image_src":{"full":["https:\/\/pecpets.com\/wp-content\/uploads\/2025\/10\/8ccad8d4-9075-4b3e-b95e-6cdd1817ce11-scaled.jpg",2560,1707,false],"thumbnail":["https:\/\/pecpets.com\/wp-content\/uploads\/2025\/10\/8ccad8d4-9075-4b3e-b95e-6cdd1817ce11-150x150.jpg",150,150,true],"medium":["https:\/\/pecpets.com\/wp-content\/uploads\/2025\/10\/8ccad8d4-9075-4b3e-b95e-6cdd1817ce11-300x200.jpg",300,200,true],"medium_large":["https:\/\/pecpets.com\/wp-content\/uploads\/2025\/10\/8ccad8d4-9075-4b3e-b95e-6cdd1817ce11-768x512.jpg",768,512,true],"large":["https:\/\/pecpets.com\/wp-content\/uploads\/2025\/10\/8ccad8d4-9075-4b3e-b95e-6cdd1817ce11-1024x683.jpg",800,534,true],"1536x1536":["https:\/\/pecpets.com\/wp-content\/uploads\/2025\/10\/8ccad8d4-9075-4b3e-b95e-6cdd1817ce11-1536x1024.jpg",1536,1024,true],"2048x2048":["https:\/\/pecpets.com\/wp-content\/uploads\/2025\/10\/8ccad8d4-9075-4b3e-b95e-6cdd1817ce11-2048x1365.jpg",2048,1365,true],"trp-custom-language-flag":["https:\/\/pecpets.com\/wp-content\/uploads\/2025\/10\/8ccad8d4-9075-4b3e-b95e-6cdd1817ce11-18x12.jpg",18,12,true],"woocommerce_thumbnail":["https:\/\/pecpets.com\/wp-content\/uploads\/2025\/10\/8ccad8d4-9075-4b3e-b95e-6cdd1817ce11-300x300.jpg",300,300,true],"woocommerce_single":["https:\/\/pecpets.com\/wp-content\/uploads\/2025\/10\/8ccad8d4-9075-4b3e-b95e-6cdd1817ce11-600x400.jpg",600,400,true],"woocommerce_gallery_thumbnail":["https:\/\/pecpets.com\/wp-content\/uploads\/2025\/10\/8ccad8d4-9075-4b3e-b95e-6cdd1817ce11-100x100.jpg",100,100,true]},"uagb_author_info":{"display_name":"Lawrence\u00a0\u52b3\u4f26\u65af","author_link":"https:\/\/pecpets.com\/fr\/author\/"},"uagb_comment_info":0,"uagb_excerpt":"Chew Proof Dog Bed These beds are among the most durable available \u2014 as close to indestructible as a dog bed can be. Featuring our signature Safety Tweed and a deeply filled mattress, they provide unmatched strength, comfort, and a beautifully crafted resting place for your dog Military Grade Fabric Waterproof Upholstery Quality Velvet Recycled\u2026","_links":{"self":[{"href":"https:\/\/pecpets.com\/fr\/wp-json\/wp\/v2\/product\/22740","targetHints":{"allow":["GET"]}}],"collection":[{"href":"https:\/\/pecpets.com\/fr\/wp-json\/wp\/v2\/product"}],"about":[{"href":"https:\/\/pecpets.com\/fr\/wp-json\/wp\/v2\/types\/product"}],"wp:featuredmedia":[{"embeddable":true,"href":"https:\/\/pecpets.com\/fr\/wp-json\/wp\/v2\/media\/22748"}],"wp:attachment":[{"href":"https:\/\/pecpets.com\/fr\/wp-json\/wp\/v2\/media?parent=22740"}],"wp:term":[{"taxonomy":"product_brand","embeddable":true,"href":"https:\/\/pecpets.com\/fr\/wp-json\/wp\/v2\/product_brand?post=22740"},{"taxonomy":"product_cat","embeddable":true,"href":"https:\/\/pecpets.com\/fr\/wp-json\/wp\/v2\/product_cat?post=22740"},{"taxonomy":"product_tag","embeddable":true,"href":"https:\/\/pecpets.com\/fr\/wp-json\/wp\/v2\/product_tag?post=22740"}],"curies":[{"name":"wp","href":"https:\/\/api.w.org\/{rel}","templated":true}]}}