{"id":22803,"date":"2025-10-15T09:58:04","date_gmt":"2025-10-15T01:58:04","guid":{"rendered":"https:\/\/pecpets.com\/?post_type=product&#038;p=22803"},"modified":"2025-10-15T10:03:56","modified_gmt":"2025-10-15T02:03:56","slug":"dog-beds-for-small-dogs","status":"publish","type":"product","link":"https:\/\/pecpets.com\/fr\/product\/dog-beds-for-small-dogs\/","title":{"rendered":"Lits pour chiens de petite taille"},"content":{"rendered":"<h2 data-start=\"91\" data-end=\"196\">Dog Beds for Small Dogs by Pet Bed Manufacturer &amp; Luxury Bed Factory<\/h2>\n<article class=\"text-token-text-primary w-full focus:outline-none [--shadow-height:45px] has-data-writing-block:pointer-events-none has-data-writing-block:-mt-(--shadow-height) has-data-writing-block:pt-(--shadow-height) [&amp;:has([data-writing-block])&gt;*]:pointer-events-auto [content-visibility:auto] supports-[content-visibility:auto]:[contain-intrinsic-size:auto_100lvh] scroll-mt-[calc(var(--header-height)+min(200px,max(70px,20svh)))]\" dir=\"auto\" tabindex=\"-1\" data-turn-id=\"request-68b559f1-f1bc-8328-a3b0-0e42faba828d-1\" data-testid=\"conversation-turn-100\" data-scroll-anchor=\"true\" data-turn=\"assistant\">\n<div class=\"text-base my-auto mx-auto pb-10 [--thread-content-margin:--spacing(4)] thread-sm:[--thread-content-margin:--spacing(6)] thread-lg:[--thread-content-margin:--spacing(16)] px-(--thread-content-margin)\">\n<div class=\"[--thread-content-max-width:40rem] thread-lg:[--thread-content-max-width:48rem] mx-auto max-w-(--thread-content-max-width) flex-1 group\/turn-messages focus-visible:outline-hidden relative flex w-full min-w-0 flex-col agent-turn\" tabindex=\"-1\">\n<div class=\"flex max-w-full flex-col grow\">\n<div class=\"min-h-8 text-message relative flex w-full flex-col items-end gap-2 text-start break-words whitespace-normal [.text-message+&amp;]:mt-1\" dir=\"auto\" data-message-author-role=\"assistant\" data-message-id=\"a58e287f-5d1f-4b96-a7a9-dc26c8cb0d31\" data-message-model-slug=\"gpt-5\">\n<div class=\"flex w-full flex-col gap-1 empty:hidden first:pt-[1px]\">\n<div class=\"markdown prose dark:prose-invert w-full break-words light markdown-new-styling\">\n<p data-start=\"81\" data-end=\"980\" data-is-last-node=\"\" data-is-only-node=\"\">Give your customers\u2019 pets the comfort they deserve with our Dog Beds for Small Dogs, crafted by a professional Pet Bed Manufacturer and Luxury Bed Factory in Dog Bed China.<\/p>\n<p data-start=\"81\" data-end=\"980\" data-is-last-node=\"\" data-is-only-node=\"\">Each bed is designed for cozy support, featuring soft fabrics, durable stitching, and easy-clean materials perfect for compact breeds.<\/p>\n<p data-start=\"81\" data-end=\"980\" data-is-last-node=\"\" data-is-only-node=\"\">As an experienced Dog Bed manufacturer, we provide Dog Bed OEM, Dog Bed ODM, and Dog Bed private label services tailored to your brand.<\/p>\n<p data-start=\"81\" data-end=\"980\" data-is-last-node=\"\" data-is-only-node=\"\">Our Dog Bed factory offers Dog Bed bulk production and Dog Bed export options trusted by leading Dog Bed companies worldwide.<\/p>\n<p data-start=\"81\" data-end=\"980\" data-is-last-node=\"\" data-is-only-node=\"\">Whether you\u2019re a Dog Bed supplier, Dog Bed wholesaler, or Dog Bed vendor, our small dog beds combine premium comfort and long-lasting quality\u2014making them a top choice for your next pet product collection.<\/p>\n<\/div>\n<\/div>\n<\/div>\n<\/div>\n<\/div>\n<\/div>\n<\/article>\n","protected":false},"excerpt":{"rendered":"<h3>Lits pour chiens de petite taille<\/h3>\n<div class=\"ecom-block ecom-core core__block ecom-s8cxmzenaj\" data-core-is=\"block\">\n<div class=\"ecom__element ecom-element element__text\" data-stopdrag=\"\">\n<div class=\"row no-gutters\">\n<div class=\"col-12\">\n<p>Nos animaux de compagnie m\u00e9ritent tous un endroit douillet et rassurant pour dormir. Le Great &amp; Small Slumber Bed est l'endroit id\u00e9al pour que votre compagnon s'allonge et r\u00eave de toutes ces futures friandises ! Ces lits sp\u00e9ciaux sont fabriqu\u00e9s dans un mat\u00e9riau ultra-luxueux, super doux et douillet.<\/p>\n<p class=\"mt-0\">Ne vous laissez pas tromper par la douceur du mat\u00e9riau, car ces lits sont con\u00e7us pour \u00eatre r\u00e9sistants et durables. Fabriqu\u00e9s avec des coutures tr\u00e8s solides, ces lits sont incroyablement \u00e9pais et robustes. Ils sont dot\u00e9s d'un rembourrage fibreux suppl\u00e9mentaire pour assurer le confort de votre animal et prot\u00e9ger ses articulations du sol. La base de ces lits est antid\u00e9rapante, ce qui aide \u00e0 r\u00e9duire les mouvements et les glissements caus\u00e9s par les agitations et les secousses !<\/p>\n<p class=\"mt-0\">Ne vous inqui\u00e9tez pas non plus de savoir si ces lits s'int\u00e8grent bien dans votre maison ! La couleur neutre et les trois tailles diff\u00e9rentes conviendront \u00e0 tous les chats et chiens.<\/p>\n<p class=\"mt-0\">Pour couronner le tout, ces lits sont lavables en machine et comportent un coussin int\u00e9rieur amovible pour faciliter le nettoyage. Le lit peut \u00eatre lav\u00e9 \u00e0 une temp\u00e9rature de 30 degr\u00e9s pour qu'il reste \u00e9tincelant de propret\u00e9. Cela sera certainement tr\u00e8s utile si votre chien a un penchant pour les flaques d'eau !<\/p>\n<p class=\"mt-0\">Offrez donc \u00e0 votre animal de compagnie les r\u00eaves les plus doux qui soient avec l'un de ces lits merveilleusement doux.<\/p>\n<\/div>\n<\/div>\n<\/div>\n<\/div>\n<table width=\"288\">\n<tbody>\n<tr>\n<td width=\"137\"><span style=\"color: #333333;\">Nom du produit<\/span><\/td>\n<td width=\"151\"><span style=\"color: #333333;\">Lit pour animaux de compagnie<\/span><\/td>\n<\/tr>\n<tr>\n<td><span style=\"color: #333333;\">Num\u00e9ro d'article<\/span><\/td>\n<td><span style=\"color: #333333;\">P-C3029<\/span><\/td>\n<\/tr>\n<tr>\n<td><span style=\"color: #333333;\">Mat\u00e9riau<\/span><\/td>\n<td>100% Bouteilles en plastique recycl\u00e9es<\/td>\n<\/tr>\n<tr>\n<td><span style=\"color: #333333;\">\u00a0Taille et couleur<\/span><\/td>\n<td><span style=\"color: #333333;\">Peut \u00eatre personnalis\u00e9<\/span><\/td>\n<\/tr>\n<tr>\n<td><span style=\"color: #333333;\">\u00a0D\u00e9lai de livraison<\/span><\/td>\n<td><span style=\"color: #333333;\">1 \u00e0 5 jours pour les petites quantit\u00e9s par voie a\u00e9rienne et 30 \u00e0 35 jours pour les grandes quantit\u00e9s par voie maritime.<\/span><\/td>\n<\/tr>\n<\/tbody>\n<\/table>","protected":false},"featured_media":22805,"template":"","meta":{"_seopress_robots_primary_cat":"none","_seopress_titles_title":"Dog Beds for Small Dogs | China Pet Bed Manufacturer","_seopress_titles_desc":"Looking for Dog Beds for Small Dogs? we design premium knitwear for pets worldwide. Bulk orders, OEM services. Request free cozy samples today!","_seopress_robots_index":"","_seopress_analysis_target_kw":"Dog Beds for Small Dogs","_uag_custom_page_level_css":""},"product_brand":[],"product_cat":[347,22],"product_tag":[],"class_list":{"0":"post-22803","1":"product","2":"type-product","3":"status-publish","4":"has-post-thumbnail","6":"product_cat-eco-friendly-dog-beds-pet-bed","7":"product_cat-pet-bed","9":"first","10":"instock","11":"shipping-taxable","12":"product-type-simple"},"uagb_featured_image_src":{"full":["https:\/\/pecpets.com\/wp-content\/uploads\/2025\/10\/great_small_slumber_grey_lifestyle_light.jpg",1200,1200,false],"thumbnail":["https:\/\/pecpets.com\/wp-content\/uploads\/2025\/10\/great_small_slumber_grey_lifestyle_light-150x150.jpg",150,150,true],"medium":["https:\/\/pecpets.com\/wp-content\/uploads\/2025\/10\/great_small_slumber_grey_lifestyle_light-300x300.jpg",300,300,true],"medium_large":["https:\/\/pecpets.com\/wp-content\/uploads\/2025\/10\/great_small_slumber_grey_lifestyle_light-768x768.jpg",768,768,true],"large":["https:\/\/pecpets.com\/wp-content\/uploads\/2025\/10\/great_small_slumber_grey_lifestyle_light-1024x1024.jpg",800,800,true],"1536x1536":["https:\/\/pecpets.com\/wp-content\/uploads\/2025\/10\/great_small_slumber_grey_lifestyle_light.jpg",1200,1200,false],"2048x2048":["https:\/\/pecpets.com\/wp-content\/uploads\/2025\/10\/great_small_slumber_grey_lifestyle_light.jpg",1200,1200,false],"trp-custom-language-flag":["https:\/\/pecpets.com\/wp-content\/uploads\/2025\/10\/great_small_slumber_grey_lifestyle_light-12x12.jpg",12,12,true],"woocommerce_thumbnail":["https:\/\/pecpets.com\/wp-content\/uploads\/2025\/10\/great_small_slumber_grey_lifestyle_light-300x300.jpg",300,300,true],"woocommerce_single":["https:\/\/pecpets.com\/wp-content\/uploads\/2025\/10\/great_small_slumber_grey_lifestyle_light-600x600.jpg",600,600,true],"woocommerce_gallery_thumbnail":["https:\/\/pecpets.com\/wp-content\/uploads\/2025\/10\/great_small_slumber_grey_lifestyle_light-100x100.jpg",100,100,true]},"uagb_author_info":{"display_name":"Lawrence\u00a0\u52b3\u4f26\u65af","author_link":"https:\/\/pecpets.com\/fr\/author\/"},"uagb_comment_info":0,"uagb_excerpt":"Dog Beds for Small Dogs Our pets all deserve a cosy, supportive place to sleep. The Great &amp; Small Slumber Bed is the ideal place for your companion to lie back and dream about all those future treats! These special beds are made with an ultra-luxurious material that is super soft and snuggly. Don't be\u2026","_links":{"self":[{"href":"https:\/\/pecpets.com\/fr\/wp-json\/wp\/v2\/product\/22803","targetHints":{"allow":["GET"]}}],"collection":[{"href":"https:\/\/pecpets.com\/fr\/wp-json\/wp\/v2\/product"}],"about":[{"href":"https:\/\/pecpets.com\/fr\/wp-json\/wp\/v2\/types\/product"}],"wp:featuredmedia":[{"embeddable":true,"href":"https:\/\/pecpets.com\/fr\/wp-json\/wp\/v2\/media\/22805"}],"wp:attachment":[{"href":"https:\/\/pecpets.com\/fr\/wp-json\/wp\/v2\/media?parent=22803"}],"wp:term":[{"taxonomy":"product_brand","embeddable":true,"href":"https:\/\/pecpets.com\/fr\/wp-json\/wp\/v2\/product_brand?post=22803"},{"taxonomy":"product_cat","embeddable":true,"href":"https:\/\/pecpets.com\/fr\/wp-json\/wp\/v2\/product_cat?post=22803"},{"taxonomy":"product_tag","embeddable":true,"href":"https:\/\/pecpets.com\/fr\/wp-json\/wp\/v2\/product_tag?post=22803"}],"curies":[{"name":"wp","href":"https:\/\/api.w.org\/{rel}","templated":true}]}}