{"id":23150,"date":"2025-10-31T10:29:00","date_gmt":"2025-10-31T02:29:00","guid":{"rendered":"https:\/\/pecpets.com\/?post_type=product&#038;p=23150"},"modified":"2025-10-31T10:45:32","modified_gmt":"2025-10-31T02:45:32","slug":"chew-resistant-dog-bed","status":"publish","type":"product","link":"https:\/\/pecpets.com\/fr\/product\/chew-resistant-dog-bed\/","title":{"rendered":"Lit pour chien r\u00e9sistant \u00e0 la mastication"},"content":{"rendered":"<h2 data-start=\"91\" data-end=\"196\">Chew Resistant Dog Bed | Pet Bed Manufacturer &amp; Luxury Bed Factory in China<\/h2>\n<article class=\"text-token-text-primary w-full focus:outline-none [--shadow-height:45px] has-data-writing-block:pointer-events-none has-data-writing-block:-mt-(--shadow-height) has-data-writing-block:pt-(--shadow-height) [&amp;:has([data-writing-block])&gt;*]:pointer-events-auto [content-visibility:auto] supports-[content-visibility:auto]:[contain-intrinsic-size:auto_100lvh] scroll-mt-[calc(var(--header-height)+min(200px,max(70px,20svh)))]\" dir=\"auto\" tabindex=\"-1\" data-turn-id=\"request-68b559f1-f1bc-8328-a3b0-0e42faba828d-1\" data-testid=\"conversation-turn-100\" data-scroll-anchor=\"true\" data-turn=\"assistant\">\n<div class=\"text-base my-auto mx-auto pb-10 [--thread-content-margin:--spacing(4)] thread-sm:[--thread-content-margin:--spacing(6)] thread-lg:[--thread-content-margin:--spacing(16)] px-(--thread-content-margin)\">\n<div class=\"[--thread-content-max-width:40rem] thread-lg:[--thread-content-max-width:48rem] mx-auto max-w-(--thread-content-max-width) flex-1 group\/turn-messages focus-visible:outline-hidden relative flex w-full min-w-0 flex-col agent-turn\" tabindex=\"-1\">\n<div class=\"flex max-w-full flex-col grow\">\n<div class=\"min-h-8 text-message relative flex w-full flex-col items-end gap-2 text-start break-words whitespace-normal [.text-message+&amp;]:mt-1\" dir=\"auto\" data-message-author-role=\"assistant\" data-message-id=\"a58e287f-5d1f-4b96-a7a9-dc26c8cb0d31\" data-message-model-slug=\"gpt-5\">\n<div class=\"flex w-full flex-col gap-1 empty:hidden first:pt-[1px]\">\n<div class=\"markdown prose dark:prose-invert w-full break-words light markdown-new-styling\">\n<p data-start=\"96\" data-end=\"437\">Tough, durable, and built to last \u2014 our Chew Resistant Dog Bed is the perfect choice for dogs that love to chew. As a professional Pet Bed Manufacturer and Luxury Bed Factory in China, we create long-lasting designs using reinforced fabrics and premium stitching to ensure maximum durability and comfort.<\/p>\n<p data-start=\"439\" data-end=\"947\" data-is-last-node=\"\" data-is-only-node=\"\">We supply chew-resistant dog Beds for global buyers, offering Dog Bed OEM, Dog Bed ODM, and Dog Bed private label services. Whether you\u2019re a Dog Bed supplier, Dog Bed wholesaler, or Dog Bed vendor, we provide Dog Bed bulk solutions that meet the highest export standards. Partner with a trusted Dog Bed manufacturer and Dog Bed factory from Dog Bed China\u2014your reliable Dog Bed company for quality, performance, and consistency in the Dog Bed export market.<\/p>\n<\/div>\n<\/div>\n<\/div>\n<\/div>\n<\/div>\n<\/div>\n<\/article>\n","protected":false},"excerpt":{"rendered":"<h3>Lit pour chien r\u00e9sistant \u00e0 la mastication<\/h3>\n<p>La housse est munie de boutons-pression tr\u00e8s r\u00e9sistants, semblables \u00e0 ceux du laiton, et peut \u00eatre facilement remplac\u00e9e en fonction de la saison ou pour \u00eatre lav\u00e9e. Le coussin int\u00e9rieur est rempli de fibres thermiques, ce qui lui conf\u00e8re chaleur et confort. Il est con\u00e7u avec trois canaux distincts pour \u00e9viter que le rembourrage ne se d\u00e9pose d'un c\u00f4t\u00e9, en particulier pour les chiens les plus lourds, et pour maximiser le confort et la long\u00e9vit\u00e9.<\/p>\n<p>Notre coussin plat est con\u00e7u pour s'adapter \u00e0 n'importe quel endroit confortable de la maison et est parfait pour s'\u00e9tirer. Le lit est dot\u00e9 d'une base imperm\u00e9able, ce qui le rend pratique pour une utilisation \u00e0 l'int\u00e9rieur comme \u00e0 l'ext\u00e9rieur lorsque votre ami \u00e0 fourrure a besoin d'un endroit relaxant pour se reposer.<\/p>\n<p>Il s'agit d'un lit facile \u00e0 utiliser et fonctionnel que votre compagnon \u00e0 fourrure (ainsi que vos enfants) appr\u00e9ciera certainement.<\/p>\n<p>Ce lit est\u00a0<strong>lavable en machine<\/strong>, Le tweed s'usera beaucoup mieux s'il est lav\u00e9 sur un cycle froid.<\/p>\n<table width=\"288\">\n<tbody>\n<tr>\n<td width=\"137\"><span style=\"color: #333333;\">Nom du produit<\/span><\/td>\n<td width=\"151\"><span style=\"color: #333333;\">Lit pour animaux de compagnie<\/span><\/td>\n<\/tr>\n<tr>\n<td><span style=\"color: #333333;\">Num\u00e9ro d'article<\/span><\/td>\n<td><span style=\"color: #333333;\">P-C3048<\/span><\/td>\n<\/tr>\n<tr>\n<td><span style=\"color: #333333;\">Mat\u00e9riau<\/span><\/td>\n<td>Coton, polyester, polaire<\/td>\n<\/tr>\n<tr>\n<td><span style=\"color: #333333;\">\u00a0Taille et couleur<\/span><\/td>\n<td><span style=\"color: #333333;\">Peut \u00eatre personnalis\u00e9<\/span><\/td>\n<\/tr>\n<tr>\n<td><span style=\"color: #333333;\">\u00a0D\u00e9lai de livraison<\/span><\/td>\n<td><span style=\"color: #333333;\">1 \u00e0 5 jours pour les petites quantit\u00e9s par voie a\u00e9rienne et 30 \u00e0 35 jours pour les grandes quantit\u00e9s par voie maritime.<\/span><\/td>\n<\/tr>\n<\/tbody>\n<\/table>","protected":false},"featured_media":23156,"template":"","meta":{"_seopress_robots_primary_cat":"none","_seopress_titles_title":"Chew Resistant Dog Bed | China Pet Bed Manufacturer","_seopress_titles_desc":"Looking for Chew Resistant Dog Bed? we design premium knitwear for pets worldwide. Bulk orders, OEM services. Request free cozy samples today!","_seopress_robots_index":"","_uag_custom_page_level_css":""},"product_brand":[],"product_cat":[348,22],"product_tag":[],"class_list":{"0":"post-23150","1":"product","2":"type-product","3":"status-publish","4":"has-post-thumbnail","6":"product_cat-chew-resistant-dog-beds","7":"product_cat-pet-bed","9":"first","10":"instock","11":"shipping-taxable","12":"product-type-simple"},"uagb_featured_image_src":{"full":["https:\/\/pecpets.com\/wp-content\/uploads\/2025\/10\/a8d1b1d1-910d-41c8-8fff-64e2a34974a1.jpg",540,425,false],"thumbnail":["https:\/\/pecpets.com\/wp-content\/uploads\/2025\/10\/a8d1b1d1-910d-41c8-8fff-64e2a34974a1-150x150.jpg",150,150,true],"medium":["https:\/\/pecpets.com\/wp-content\/uploads\/2025\/10\/a8d1b1d1-910d-41c8-8fff-64e2a34974a1-300x236.jpg",300,236,true],"medium_large":["https:\/\/pecpets.com\/wp-content\/uploads\/2025\/10\/a8d1b1d1-910d-41c8-8fff-64e2a34974a1.jpg",540,425,false],"large":["https:\/\/pecpets.com\/wp-content\/uploads\/2025\/10\/a8d1b1d1-910d-41c8-8fff-64e2a34974a1.jpg",540,425,false],"1536x1536":["https:\/\/pecpets.com\/wp-content\/uploads\/2025\/10\/a8d1b1d1-910d-41c8-8fff-64e2a34974a1.jpg",540,425,false],"2048x2048":["https:\/\/pecpets.com\/wp-content\/uploads\/2025\/10\/a8d1b1d1-910d-41c8-8fff-64e2a34974a1.jpg",540,425,false],"trp-custom-language-flag":["https:\/\/pecpets.com\/wp-content\/uploads\/2025\/10\/a8d1b1d1-910d-41c8-8fff-64e2a34974a1-15x12.jpg",15,12,true],"woocommerce_thumbnail":["https:\/\/pecpets.com\/wp-content\/uploads\/2025\/10\/a8d1b1d1-910d-41c8-8fff-64e2a34974a1-300x300.jpg",300,300,true],"woocommerce_single":["https:\/\/pecpets.com\/wp-content\/uploads\/2025\/10\/a8d1b1d1-910d-41c8-8fff-64e2a34974a1.jpg",540,425,false],"woocommerce_gallery_thumbnail":["https:\/\/pecpets.com\/wp-content\/uploads\/2025\/10\/a8d1b1d1-910d-41c8-8fff-64e2a34974a1-100x100.jpg",100,100,true]},"uagb_author_info":{"display_name":"Lawrence\u00a0\u52b3\u4f26\u65af","author_link":"https:\/\/pecpets.com\/fr\/author\/"},"uagb_comment_info":0,"uagb_excerpt":"Chew Resistant Dog Bed The cover features brass-like heavy-duty press studs and can be easily replaced to suit the season or for washing. The inner cushion is filled with thermal fibre, providing warmth and comfort. It's designed with three separate channels to prevent the filling from lumping to one side, especially for heavier dogs, and\u2026","_links":{"self":[{"href":"https:\/\/pecpets.com\/fr\/wp-json\/wp\/v2\/product\/23150","targetHints":{"allow":["GET"]}}],"collection":[{"href":"https:\/\/pecpets.com\/fr\/wp-json\/wp\/v2\/product"}],"about":[{"href":"https:\/\/pecpets.com\/fr\/wp-json\/wp\/v2\/types\/product"}],"wp:featuredmedia":[{"embeddable":true,"href":"https:\/\/pecpets.com\/fr\/wp-json\/wp\/v2\/media\/23156"}],"wp:attachment":[{"href":"https:\/\/pecpets.com\/fr\/wp-json\/wp\/v2\/media?parent=23150"}],"wp:term":[{"taxonomy":"product_brand","embeddable":true,"href":"https:\/\/pecpets.com\/fr\/wp-json\/wp\/v2\/product_brand?post=23150"},{"taxonomy":"product_cat","embeddable":true,"href":"https:\/\/pecpets.com\/fr\/wp-json\/wp\/v2\/product_cat?post=23150"},{"taxonomy":"product_tag","embeddable":true,"href":"https:\/\/pecpets.com\/fr\/wp-json\/wp\/v2\/product_tag?post=23150"}],"curies":[{"name":"wp","href":"https:\/\/api.w.org\/{rel}","templated":true}]}}