{"id":23217,"date":"2025-11-03T14:18:23","date_gmt":"2025-11-03T06:18:23","guid":{"rendered":"https:\/\/pecpets.com\/?post_type=product&#038;p=23217"},"modified":"2025-11-03T15:07:19","modified_gmt":"2025-11-03T07:07:19","slug":"dog-bed-couch","status":"publish","type":"product","link":"https:\/\/pecpets.com\/fr\/product\/dog-bed-couch\/","title":{"rendered":"Lit pour chien Canap\u00e9"},"content":{"rendered":"<h2 data-start=\"91\" data-end=\"196\">Dog Bed Couch | Pet Bed Manufacturer &amp; Luxury Bed Factory in China<\/h2>\n<article class=\"text-token-text-primary w-full focus:outline-none [--shadow-height:45px] has-data-writing-block:pointer-events-none has-data-writing-block:-mt-(--shadow-height) has-data-writing-block:pt-(--shadow-height) [&amp;:has([data-writing-block])&gt;*]:pointer-events-auto [content-visibility:auto] supports-[content-visibility:auto]:[contain-intrinsic-size:auto_100lvh] scroll-mt-[calc(var(--header-height)+min(200px,max(70px,20svh)))]\" dir=\"auto\" tabindex=\"-1\" data-turn-id=\"request-68b559f1-f1bc-8328-a3b0-0e42faba828d-1\" data-testid=\"conversation-turn-100\" data-scroll-anchor=\"true\" data-turn=\"assistant\">\n<div class=\"text-base my-auto mx-auto pb-10 [--thread-content-margin:--spacing(4)] thread-sm:[--thread-content-margin:--spacing(6)] thread-lg:[--thread-content-margin:--spacing(16)] px-(--thread-content-margin)\">\n<div class=\"[--thread-content-max-width:40rem] thread-lg:[--thread-content-max-width:48rem] mx-auto max-w-(--thread-content-max-width) flex-1 group\/turn-messages focus-visible:outline-hidden relative flex w-full min-w-0 flex-col agent-turn\" tabindex=\"-1\">\n<div class=\"flex max-w-full flex-col grow\">\n<div class=\"min-h-8 text-message relative flex w-full flex-col items-end gap-2 text-start break-words whitespace-normal [.text-message+&amp;]:mt-1\" dir=\"auto\" data-message-author-role=\"assistant\" data-message-id=\"a58e287f-5d1f-4b96-a7a9-dc26c8cb0d31\" data-message-model-slug=\"gpt-5\">\n<div class=\"flex w-full flex-col gap-1 empty:hidden first:pt-[1px]\">\n<div class=\"markdown prose dark:prose-invert w-full break-words light markdown-new-styling\">\n<p data-start=\"87\" data-end=\"409\">Upgrade your pet collection with our stylish Dog Bed Couch, designed by a leading Pet Bed Manufacturer and Luxury Bed Factory in China.<\/p>\n<p data-start=\"87\" data-end=\"409\">Each Dog Bed Couch combines premium comfort with elegant craftsmanship, giving pets a cozy place to rest while adding a modern touch to any home.<\/p>\n<p data-start=\"411\" data-end=\"978\" data-is-last-node=\"\" data-is-only-node=\"\">As an experienced Dog Bed manufacturer and Dog Bed factory, we specialize in Dog Bed OEM, Dog Bed ODM, and Dog Bed private label production for global brands.<\/p>\n<p data-start=\"411\" data-end=\"978\" data-is-last-node=\"\" data-is-only-node=\"\">Whether you\u2019re sourcing Dog Bed bulk orders or managing Dog Bed export projects, our Dog Bed company provides flexible, high-quality manufacturing solutions.<\/p>\n<p data-start=\"411\" data-end=\"978\" data-is-last-node=\"\" data-is-only-node=\"\">Partner with a trusted Dog Bed supplier, Dog Bed vendor, and Dog Bed wholesaler from Dog Bed China to create durable, luxurious, and market-ready Dog Bed Couch designs that your customers will love.<\/p>\n<\/div>\n<\/div>\n<\/div>\n<\/div>\n<\/div>\n<\/div>\n<\/article>\n","protected":false},"excerpt":{"rendered":"<h3>Lit pour chien Canap\u00e9<\/h3>\n<ul>\n<li><strong>Exterior Fabric:<\/strong>\u00a0Luxury microsuede exterior<\/li>\n<li><strong>Cleaning &amp; Care:<\/strong>\u00a0Machine-washable cover and pillow* (*center pillow does not have a removable cover. The entire pillow is machine washable in an XL size washing machine).<\/li>\n<li><strong>Bed Filling:<\/strong> High-loft polyester filling for added comfort<\/li>\n<li><strong>Additional Feature:<\/strong>\u00a0Removable poly-filled bolsters<\/li>\n<li><strong>Couleurs :<\/strong>\u00a0Available in a variety of colors &amp; fabric options<\/li>\n<\/ul>\n<table width=\"288\">\n<tbody>\n<tr>\n<td width=\"137\"><span style=\"color: #333333;\">Nom du produit<\/span><\/td>\n<td width=\"151\"><span style=\"color: #333333;\">Lit pour animaux de compagnie<\/span><\/td>\n<\/tr>\n<tr>\n<td><span style=\"color: #333333;\">Num\u00e9ro d'article<\/span><\/td>\n<td><span style=\"color: #333333;\">P-C3050<\/span><\/td>\n<\/tr>\n<tr>\n<td><span style=\"color: #333333;\">Mat\u00e9riau<\/span><\/td>\n<td>Coton, polyester, polaire<\/td>\n<\/tr>\n<tr>\n<td><span style=\"color: #333333;\">\u00a0Taille et couleur<\/span><\/td>\n<td><span style=\"color: #333333;\">Peut \u00eatre personnalis\u00e9<\/span><\/td>\n<\/tr>\n<tr>\n<td><span style=\"color: #333333;\">\u00a0D\u00e9lai de livraison<\/span><\/td>\n<td><span style=\"color: #333333;\">1 \u00e0 5 jours pour les petites quantit\u00e9s par voie a\u00e9rienne et 30 \u00e0 35 jours pour les grandes quantit\u00e9s par voie maritime.<\/span><\/td>\n<\/tr>\n<\/tbody>\n<\/table>","protected":false},"featured_media":23223,"template":"","meta":{"_seopress_robots_primary_cat":"none","_seopress_titles_title":"Dog Bed Couch | China Pet Bed Manufacturer","_seopress_titles_desc":"Looking for Dog Bed Couch? we design premium knitwear for pets worldwide. Bulk orders, OEM services. Request free cozy samples today!","_seopress_robots_index":"","_uag_custom_page_level_css":""},"product_brand":[],"product_cat":[349,22],"product_tag":[],"class_list":{"0":"post-23217","1":"product","2":"type-product","3":"status-publish","4":"has-post-thumbnail","6":"product_cat-memory-foam-dog-beds","7":"product_cat-pet-bed","9":"first","10":"instock","11":"shipping-taxable","12":"product-type-simple"},"uagb_featured_image_src":{"full":["https:\/\/pecpets.com\/wp-content\/uploads\/2025\/11\/snoozer-pet-products-luxury-overstuffed-dog-sofa-camel-2.jpg",1000,1000,false],"thumbnail":["https:\/\/pecpets.com\/wp-content\/uploads\/2025\/11\/snoozer-pet-products-luxury-overstuffed-dog-sofa-camel-2-150x150.jpg",150,150,true],"medium":["https:\/\/pecpets.com\/wp-content\/uploads\/2025\/11\/snoozer-pet-products-luxury-overstuffed-dog-sofa-camel-2-300x300.jpg",300,300,true],"medium_large":["https:\/\/pecpets.com\/wp-content\/uploads\/2025\/11\/snoozer-pet-products-luxury-overstuffed-dog-sofa-camel-2-768x768.jpg",768,768,true],"large":["https:\/\/pecpets.com\/wp-content\/uploads\/2025\/11\/snoozer-pet-products-luxury-overstuffed-dog-sofa-camel-2.jpg",800,800,false],"1536x1536":["https:\/\/pecpets.com\/wp-content\/uploads\/2025\/11\/snoozer-pet-products-luxury-overstuffed-dog-sofa-camel-2.jpg",1000,1000,false],"2048x2048":["https:\/\/pecpets.com\/wp-content\/uploads\/2025\/11\/snoozer-pet-products-luxury-overstuffed-dog-sofa-camel-2.jpg",1000,1000,false],"trp-custom-language-flag":["https:\/\/pecpets.com\/wp-content\/uploads\/2025\/11\/snoozer-pet-products-luxury-overstuffed-dog-sofa-camel-2-12x12.jpg",12,12,true],"woocommerce_thumbnail":["https:\/\/pecpets.com\/wp-content\/uploads\/2025\/11\/snoozer-pet-products-luxury-overstuffed-dog-sofa-camel-2-300x300.jpg",300,300,true],"woocommerce_single":["https:\/\/pecpets.com\/wp-content\/uploads\/2025\/11\/snoozer-pet-products-luxury-overstuffed-dog-sofa-camel-2-600x600.jpg",600,600,true],"woocommerce_gallery_thumbnail":["https:\/\/pecpets.com\/wp-content\/uploads\/2025\/11\/snoozer-pet-products-luxury-overstuffed-dog-sofa-camel-2-100x100.jpg",100,100,true]},"uagb_author_info":{"display_name":"Lawrence\u00a0\u52b3\u4f26\u65af","author_link":"https:\/\/pecpets.com\/fr\/author\/"},"uagb_comment_info":0,"uagb_excerpt":"Dog Bed Couch Exterior Fabric:\u00a0Luxury microsuede exterior Cleaning &amp; Care:\u00a0Machine-washable cover and pillow* (*center pillow does not have a removable cover. The entire pillow is machine washable in an XL size washing machine). Bed Filling: High-loft polyester filling for added comfort Additional Feature:\u00a0Removable poly-filled bolsters Colors:\u00a0Available in a variety of colors &amp; fabric options Product\u2026","_links":{"self":[{"href":"https:\/\/pecpets.com\/fr\/wp-json\/wp\/v2\/product\/23217","targetHints":{"allow":["GET"]}}],"collection":[{"href":"https:\/\/pecpets.com\/fr\/wp-json\/wp\/v2\/product"}],"about":[{"href":"https:\/\/pecpets.com\/fr\/wp-json\/wp\/v2\/types\/product"}],"wp:featuredmedia":[{"embeddable":true,"href":"https:\/\/pecpets.com\/fr\/wp-json\/wp\/v2\/media\/23223"}],"wp:attachment":[{"href":"https:\/\/pecpets.com\/fr\/wp-json\/wp\/v2\/media?parent=23217"}],"wp:term":[{"taxonomy":"product_brand","embeddable":true,"href":"https:\/\/pecpets.com\/fr\/wp-json\/wp\/v2\/product_brand?post=23217"},{"taxonomy":"product_cat","embeddable":true,"href":"https:\/\/pecpets.com\/fr\/wp-json\/wp\/v2\/product_cat?post=23217"},{"taxonomy":"product_tag","embeddable":true,"href":"https:\/\/pecpets.com\/fr\/wp-json\/wp\/v2\/product_tag?post=23217"}],"curies":[{"name":"wp","href":"https:\/\/api.w.org\/{rel}","templated":true}]}}