{"id":23335,"date":"2025-11-07T15:14:34","date_gmt":"2025-11-07T07:14:34","guid":{"rendered":"https:\/\/pecpets.com\/?post_type=product&#038;p=23335"},"modified":"2025-11-07T16:34:25","modified_gmt":"2025-11-07T08:34:25","slug":"dog-bed-for-couch","status":"publish","type":"product","link":"https:\/\/pecpets.com\/fr\/product\/dog-bed-for-couch\/","title":{"rendered":"Lit de chien pour canap\u00e9"},"content":{"rendered":"<h2 data-start=\"91\" data-end=\"196\">Dog Bed Cover | Pet Bed Manufacturer &amp; Luxury Bed Factory in China<\/h2>\n<article class=\"text-token-text-primary w-full focus:outline-none [--shadow-height:45px] has-data-writing-block:pointer-events-none has-data-writing-block:-mt-(--shadow-height) has-data-writing-block:pt-(--shadow-height) [&amp;:has([data-writing-block])&gt;*]:pointer-events-auto [content-visibility:auto] supports-[content-visibility:auto]:[contain-intrinsic-size:auto_100lvh] scroll-mt-[calc(var(--header-height)+min(200px,max(70px,20svh)))]\" dir=\"auto\" tabindex=\"-1\" data-turn-id=\"request-68b559f1-f1bc-8328-a3b0-0e42faba828d-1\" data-testid=\"conversation-turn-100\" data-scroll-anchor=\"true\" data-turn=\"assistant\">\n<div class=\"text-base my-auto mx-auto pb-10 [--thread-content-margin:--spacing(4)] thread-sm:[--thread-content-margin:--spacing(6)] thread-lg:[--thread-content-margin:--spacing(16)] px-(--thread-content-margin)\">\n<div class=\"[--thread-content-max-width:40rem] thread-lg:[--thread-content-max-width:48rem] mx-auto max-w-(--thread-content-max-width) flex-1 group\/turn-messages focus-visible:outline-hidden relative flex w-full min-w-0 flex-col agent-turn\" tabindex=\"-1\">\n<div class=\"flex max-w-full flex-col grow\">\n<div class=\"min-h-8 text-message relative flex w-full flex-col items-end gap-2 text-start break-words whitespace-normal [.text-message+&amp;]:mt-1\" dir=\"auto\" data-message-author-role=\"assistant\" data-message-id=\"a58e287f-5d1f-4b96-a7a9-dc26c8cb0d31\" data-message-model-slug=\"gpt-5\">\n<div class=\"flex w-full flex-col gap-1 empty:hidden first:pt-[1px]\">\n<div class=\"markdown prose dark:prose-invert w-full break-words light markdown-new-styling\">\n<p data-start=\"89\" data-end=\"394\">Give pets a cozy retreat with our Covered Dog Bed, designed for comfort, warmth, and privacy.<\/p>\n<p data-start=\"89\" data-end=\"394\">As a professional Pet Bed Manufacturer and Luxury Bed Factory in China, we specialize in creating stylish and durable Covered Dog Beds that meet global quality standards.<\/p>\n<p data-start=\"396\" data-end=\"784\">We are a leading Dog Bed manufacturer, Dog Bed factory, and Dog Bed supplier offering a wide range of customizable options for Dog Bed OEM, Dog Bed ODM, and Dog Bed private label projects.<\/p>\n<p data-start=\"396\" data-end=\"784\">Whether you\u2019re sourcing Dog Bed bulk orders or seeking reliable Dog Bed export services, our Dog Bed company delivers top-quality products at competitive prices.<\/p>\n<p data-start=\"786\" data-end=\"1066\" data-is-last-node=\"\" data-is-only-node=\"\">Trusted by global Dog Bed wholesalers and Dog Bed vendors, we provide one-stop solutions for brands looking to expand their pet product lines.<\/p>\n<p data-start=\"786\" data-end=\"1066\" data-is-last-node=\"\" data-is-only-node=\"\">Partner with a China Dog Bed manufacturer that understands comfort, craftsmanship, and the demands of international business.<\/p>\n<\/div>\n<\/div>\n<\/div>\n<\/div>\n<\/div>\n<\/div>\n<\/article>\n","protected":false},"excerpt":{"rendered":"<h3>Lit de chien pour canap\u00e9<\/h3>\n<div>Notre housse de lit pour chien est douce, confortable, imperm\u00e9able et lavable.<\/div>\n<ul>\n<li>Protecteur de meubles \u00e0 3 c\u00f4t\u00e9s et si\u00e8ge pour animaux de compagnie Drapeaux sur le canap\u00e9 ou les chaises<\/li>\n<li>Prot\u00e8ge les meubles des poils d'animaux, de la salet\u00e9, de l'humidit\u00e9 et des griffures.<\/li>\n<li>Le drap\u00e9 extra-long prot\u00e8ge l'avant du canap\u00e9<\/li>\n<li>Des coussins de soutien pour la s\u00e9curit\u00e9 et un endroit o\u00f9 reposer la t\u00eate (autre que l'accoudoir de votre canap\u00e9)<\/li>\n<li>Cousu \u00e0 la main aux \u00c9tats-Unis<\/li>\n<li>Construction solide con\u00e7ue en tenant compte des habitudes de sommeil et de repos des chiens<\/li>\n<li>Le tissu chenille jacquard s'adapte \u00e0 toutes les pi\u00e8ces et \u00e0 tous les go\u00fbts.<\/li>\n<li>Le fond et la face inf\u00e9rieure caoutchout\u00e9s, r\u00e9sistants \u00e0 l'eau et antid\u00e9rapants, maintiennent l'article en place.<\/li>\n<li>Il suffit d'essuyer avec de l'eau ou de passer l'aspirateur pour nettoyer<\/li>\n<\/ul>\n<table width=\"288\">\n<tbody>\n<tr>\n<td width=\"137\"><span style=\"color: #333333;\">Nom du produit<\/span><\/td>\n<td width=\"151\"><span style=\"color: #333333;\">Couverture de lit pour animaux de compagnie<\/span><\/td>\n<\/tr>\n<tr>\n<td><span style=\"color: #333333;\">Num\u00e9ro d'article<\/span><\/td>\n<td><span style=\"color: #333333;\">P-C3058<\/span><\/td>\n<\/tr>\n<tr>\n<td><span style=\"color: #333333;\">Mat\u00e9riau<\/span><\/td>\n<td>Coton, polyester, polaire<\/td>\n<\/tr>\n<tr>\n<td><span style=\"color: #333333;\">\u00a0Taille et couleur<\/span><\/td>\n<td><span style=\"color: #333333;\">Peut \u00eatre personnalis\u00e9<\/span><\/td>\n<\/tr>\n<tr>\n<td><span style=\"color: #333333;\">\u00a0D\u00e9lai de livraison<\/span><\/td>\n<td><span style=\"color: #333333;\">1 \u00e0 5 jours pour les petites quantit\u00e9s par voie a\u00e9rienne et 30 \u00e0 35 jours pour les grandes quantit\u00e9s par voie maritime.<\/span><\/td>\n<\/tr>\n<\/tbody>\n<\/table>","protected":false},"featured_media":23343,"template":"","meta":{"_seopress_robots_primary_cat":"none","_seopress_titles_title":"Dog Bed for Couch | China Pet Bed Manufacturer","_seopress_titles_desc":"Looking for Dog Bed for Couch? we design premium knitwear for pets worldwide. Bulk orders, OEM services. Request free cozy samples today!","_seopress_robots_index":"","_uag_custom_page_level_css":""},"product_brand":[],"product_cat":[22,322],"product_tag":[],"class_list":{"0":"post-23335","1":"product","2":"type-product","3":"status-publish","4":"has-post-thumbnail","6":"product_cat-pet-bed","7":"product_cat-waterproof-dog-beds","9":"first","10":"instock","11":"shipping-taxable","12":"product-type-simple"},"uagb_featured_image_src":{"full":["https:\/\/pecpets.com\/wp-content\/uploads\/2025\/11\/couch-companion-sofa-cover-min.jpg",1000,1000,false],"thumbnail":["https:\/\/pecpets.com\/wp-content\/uploads\/2025\/11\/couch-companion-sofa-cover-min-150x150.jpg",150,150,true],"medium":["https:\/\/pecpets.com\/wp-content\/uploads\/2025\/11\/couch-companion-sofa-cover-min-300x300.jpg",300,300,true],"medium_large":["https:\/\/pecpets.com\/wp-content\/uploads\/2025\/11\/couch-companion-sofa-cover-min-768x768.jpg",768,768,true],"large":["https:\/\/pecpets.com\/wp-content\/uploads\/2025\/11\/couch-companion-sofa-cover-min.jpg",800,800,false],"1536x1536":["https:\/\/pecpets.com\/wp-content\/uploads\/2025\/11\/couch-companion-sofa-cover-min.jpg",1000,1000,false],"2048x2048":["https:\/\/pecpets.com\/wp-content\/uploads\/2025\/11\/couch-companion-sofa-cover-min.jpg",1000,1000,false],"trp-custom-language-flag":["https:\/\/pecpets.com\/wp-content\/uploads\/2025\/11\/couch-companion-sofa-cover-min-12x12.jpg",12,12,true],"woocommerce_thumbnail":["https:\/\/pecpets.com\/wp-content\/uploads\/2025\/11\/couch-companion-sofa-cover-min-300x300.jpg",300,300,true],"woocommerce_single":["https:\/\/pecpets.com\/wp-content\/uploads\/2025\/11\/couch-companion-sofa-cover-min-600x600.jpg",600,600,true],"woocommerce_gallery_thumbnail":["https:\/\/pecpets.com\/wp-content\/uploads\/2025\/11\/couch-companion-sofa-cover-min-100x100.jpg",100,100,true]},"uagb_author_info":{"display_name":"Lawrence\u00a0\u52b3\u4f26\u65af","author_link":"https:\/\/pecpets.com\/fr\/author\/"},"uagb_comment_info":0,"uagb_excerpt":"Dog Bed for Couch Our Dog Bed Cover is soft, comfortable, waterproof, and washable. 3-sided Furniture Protector and Pet Seat Drapes Over Couch or Chairs Protect Furniture from Pet Hair, Dirt, Moisture, and Scratching Extra-long Drape Protects Front of Sofa Supportive Bolsters for Security and a Place to Rest Their Head (Other Than Your Sofa\u2019s\u2026","_links":{"self":[{"href":"https:\/\/pecpets.com\/fr\/wp-json\/wp\/v2\/product\/23335","targetHints":{"allow":["GET"]}}],"collection":[{"href":"https:\/\/pecpets.com\/fr\/wp-json\/wp\/v2\/product"}],"about":[{"href":"https:\/\/pecpets.com\/fr\/wp-json\/wp\/v2\/types\/product"}],"wp:featuredmedia":[{"embeddable":true,"href":"https:\/\/pecpets.com\/fr\/wp-json\/wp\/v2\/media\/23343"}],"wp:attachment":[{"href":"https:\/\/pecpets.com\/fr\/wp-json\/wp\/v2\/media?parent=23335"}],"wp:term":[{"taxonomy":"product_brand","embeddable":true,"href":"https:\/\/pecpets.com\/fr\/wp-json\/wp\/v2\/product_brand?post=23335"},{"taxonomy":"product_cat","embeddable":true,"href":"https:\/\/pecpets.com\/fr\/wp-json\/wp\/v2\/product_cat?post=23335"},{"taxonomy":"product_tag","embeddable":true,"href":"https:\/\/pecpets.com\/fr\/wp-json\/wp\/v2\/product_tag?post=23335"}],"curies":[{"name":"wp","href":"https:\/\/api.w.org\/{rel}","templated":true}]}}