{"id":23431,"date":"2025-11-13T10:43:38","date_gmt":"2025-11-13T02:43:38","guid":{"rendered":"https:\/\/pecpets.com\/?post_type=product&#038;p=23431"},"modified":"2025-11-13T14:25:32","modified_gmt":"2025-11-13T06:25:32","slug":"dog-sweater-factory","status":"publish","type":"product","link":"https:\/\/pecpets.com\/fr\/product\/dog-sweater-factory\/","title":{"rendered":"Fabrique de pulls pour chiens"},"content":{"rendered":"<h2 data-start=\"193\" data-end=\"275\">Dog Sweater Factory | Fabricant expert de pulls pour animaux &amp; Fabricant de pulls de luxe<\/h2>\n<p data-start=\"254\" data-end=\"538\">Vous recherchez une usine de pulls pour chiens fiable pour produire des v\u00eatements de haute qualit\u00e9 pour animaux de compagnie ? En tant que fabricant de pulls pour animaux de confiance et usine de pulls de luxe en Chine, nous sommes sp\u00e9cialis\u00e9s dans la cr\u00e9ation de pulls \u00e9l\u00e9gants, durables et personnalisables pour les clients en gros du monde entier.<\/p>\n<h4 data-start=\"540\" data-end=\"594\">\u2705 Services professionnels de fabrication de pulls pour chiens<\/h4>\n<ul data-start=\"595\" data-end=\"916\">\n<li data-start=\"595\" data-end=\"678\">\n<p data-start=\"597\" data-end=\"678\">Plus de 150 mod\u00e8les saisonniers et classiques disponibles pour les commandes en gros de pulls pour chiens<\/p>\n<\/li>\n<li data-start=\"679\" data-end=\"769\">\n<p data-start=\"681\" data-end=\"769\">Services OEM et ODM de pulls pour chiens sur mesure, avec soutien de marques priv\u00e9es<\/p>\n<\/li>\n<li data-start=\"770\" data-end=\"843\">\n<p data-start=\"772\" data-end=\"843\">Mat\u00e9riaux de haute qualit\u00e9 : laine, acrylique et m\u00e9langes imperm\u00e9ables.<\/p>\n<\/li>\n<li data-start=\"844\" data-end=\"916\">\n<p data-start=\"846\" data-end=\"916\">MOQs flexibles \u00e0 partir de 200 pi\u00e8ces pour les marques et les d\u00e9taillants en pleine croissance<\/p>\n<\/li>\n<\/ul>\n<h4 data-start=\"918\" data-end=\"960\">\u2705 Personnalisation et label priv\u00e9<\/h4>\n<ul data-start=\"961\" data-end=\"1216\">\n<li data-start=\"961\" data-end=\"1040\">\n<p data-start=\"963\" data-end=\"1040\">Options de marque priv\u00e9e Tailored Dog Sweater avec solutions de marquage compl\u00e8tes<\/p>\n<\/li>\n<li data-start=\"1041\" data-end=\"1110\">\n<p data-start=\"1043\" data-end=\"1110\">Pr\u00e9visualisation num\u00e9rique en 3D et \u00e9chantillonnage en 5 jours pour une mise sur le march\u00e9 plus rapide<\/p>\n<\/li>\n<li data-start=\"1111\" data-end=\"1216\">\n<p data-start=\"1113\" data-end=\"1216\">Mod\u00e8les exclusifs cr\u00e9\u00e9s pour la soci\u00e9t\u00e9 Dog Sweater, les vendeurs de Dog Sweater et les d\u00e9taillants.<\/p>\n<\/li>\n<\/ul>\n<h4 data-start=\"1218\" data-end=\"1257\">\u2705 Exportation mondiale et conformit\u00e9<\/h4>\n<ul data-start=\"1258\" data-end=\"1466\">\n<li data-start=\"1258\" data-end=\"1332\">\n<p data-start=\"1260\" data-end=\"1332\">Documentation compl\u00e8te sur l'exportation du pull-over pour chiens pour une livraison sans probl\u00e8me<\/p>\n<\/li>\n<li data-start=\"1333\" data-end=\"1390\">\n<p data-start=\"1335\" data-end=\"1390\">Soutien logistique international avec exp\u00e9dition dans les d\u00e9lais<\/p>\n<\/li>\n<li data-start=\"1391\" data-end=\"1466\">\n<p data-start=\"1393\" data-end=\"1466\">Les grossistes en pulls pour chiens et les grandes cha\u00eenes de magasins du monde entier lui font confiance.<\/p>\n<\/li>\n<\/ul>\n<h4 data-start=\"1468\" data-end=\"1520\">Pourquoi s'associer \u00e0 notre usine de pulls pour chiens ?<\/h4>\n<ul data-start=\"1521\" data-end=\"1788\">\n<li data-start=\"1521\" data-end=\"1587\">\n<p data-start=\"1523\" data-end=\"1587\">Sweater pour chien : prix comp\u00e9titifs en vrac avec remises sur volume<\/p>\n<\/li>\n<li data-start=\"1588\" data-end=\"1662\">\n<p data-start=\"1590\" data-end=\"1662\">Fabricant de pulls pour chiens certifi\u00e9 ISO et soumis \u00e0 un contr\u00f4le de qualit\u00e9 strict<\/p>\n<\/li>\n<li data-start=\"1663\" data-end=\"1712\">\n<p data-start=\"1665\" data-end=\"1712\">Cycles de production de 25 jours pour les commandes en gros<\/p>\n<\/li>\n<li data-start=\"1713\" data-end=\"1788\">\n<p data-start=\"1715\" data-end=\"1788\">\u00c9quipe de service d\u00e9di\u00e9e aux r\u00e9seaux de fournisseurs et de vendeurs de pulls pour chiens<\/p>\n<\/li>\n<\/ul>\n<p data-start=\"1790\" data-end=\"2111\">Que vous soyez une entreprise de pull-over pour chien, un fournisseur de pull-over pour chien ou un grossiste de pull-over pour chien \u00e0 grande \u00e9chelle, notre usine de pull-over pour chien offre une production fiable, une expertise en mati\u00e8re d'exportation et une qualit\u00e9 sup\u00e9rieure pour d\u00e9velopper votre entreprise. Contactez-nous d\u00e8s aujourd'hui pour demander notre derni\u00e8re collection et commencer votre projet de pull personnalis\u00e9 !<\/p>","protected":false},"excerpt":{"rendered":"<h3>Fabrique de pulls pour chiens<\/h3>\n<ul>\n<li>Le design r\u00e9tro et branch\u00e9 attirera tous les regards.<\/li>\n<li>Un col roul\u00e9 pour garder votre ami \u00e0 fourrure bien au chaud.<\/li>\n<li>Sculpt\u00e9e pour \u00e9pouser la forme du corps de votre chien.<\/li>\n<li>Les emmanchures c\u00f4tel\u00e9es compl\u00e8tent le look confortable.<\/li>\n<\/ul>\n<table width=\"288\">\n<tbody>\n<tr>\n<td width=\"137\"><span style=\"color: #333333;\">Nom du produit<\/span><\/td>\n<td width=\"151\"><span style=\"color: #333333;\">V\u00eatements pour animaux<\/span><\/td>\n<\/tr>\n<tr>\n<td><span style=\"color: #333333;\">Num\u00e9ro d'article<\/span><\/td>\n<td><span style=\"color: #333333;\">P-C3015<\/span><\/td>\n<\/tr>\n<tr>\n<td><span style=\"color: #333333;\">Mat\u00e9riau<\/span><\/td>\n<td>Coton, polyester, polaire<\/td>\n<\/tr>\n<tr>\n<td><span style=\"color: #333333;\">\u00a0Taille et couleur<\/span><\/td>\n<td><span style=\"color: #333333;\">Sur mesure<\/span><\/td>\n<\/tr>\n<tr>\n<td><span style=\"color: #333333;\">\u00a0D\u00e9lai de livraison<\/span><\/td>\n<td><span style=\"color: #333333;\">1 \u00e0 5 jours pour les petites quantit\u00e9s par voie a\u00e9rienne et 30 \u00e0 35 jours pour les grandes quantit\u00e9s par voie maritime.<\/span><\/td>\n<\/tr>\n<\/tbody>\n<\/table>","protected":false},"featured_media":23447,"template":"","meta":{"_seopress_robots_primary_cat":"none","_seopress_titles_title":"Dog Sweater Factory\u200b\u200b\u200b\u200b | Professional Manufacturer","_seopress_titles_desc":"Looking for Dog Sweater Factory? we design premium knitwear for pets worldwide. Bulk orders, OEM services. Request free cozy samples today!","_seopress_robots_index":"","_uag_custom_page_level_css":""},"product_brand":[],"product_cat":[364,23,391],"product_tag":[],"class_list":{"0":"post-23431","1":"product","2":"type-product","3":"status-publish","4":"has-post-thumbnail","6":"product_cat-basic-dog-clothing","7":"product_cat-pet-clothing","8":"product_cat-pet-sweater","10":"first","11":"instock","12":"shipping-taxable","13":"product-type-simple"},"uagb_featured_image_src":{"full":["https:\/\/pecpets.com\/wp-content\/uploads\/2025\/11\/900_P72162.jpg",900,900,false],"thumbnail":["https:\/\/pecpets.com\/wp-content\/uploads\/2025\/11\/900_P72162-150x150.jpg",150,150,true],"medium":["https:\/\/pecpets.com\/wp-content\/uploads\/2025\/11\/900_P72162-300x300.jpg",300,300,true],"medium_large":["https:\/\/pecpets.com\/wp-content\/uploads\/2025\/11\/900_P72162-768x768.jpg",768,768,true],"large":["https:\/\/pecpets.com\/wp-content\/uploads\/2025\/11\/900_P72162.jpg",800,800,false],"1536x1536":["https:\/\/pecpets.com\/wp-content\/uploads\/2025\/11\/900_P72162.jpg",900,900,false],"2048x2048":["https:\/\/pecpets.com\/wp-content\/uploads\/2025\/11\/900_P72162.jpg",900,900,false],"trp-custom-language-flag":["https:\/\/pecpets.com\/wp-content\/uploads\/2025\/11\/900_P72162-12x12.jpg",12,12,true],"woocommerce_thumbnail":["https:\/\/pecpets.com\/wp-content\/uploads\/2025\/11\/900_P72162-300x300.jpg",300,300,true],"woocommerce_single":["https:\/\/pecpets.com\/wp-content\/uploads\/2025\/11\/900_P72162-600x600.jpg",600,600,true],"woocommerce_gallery_thumbnail":["https:\/\/pecpets.com\/wp-content\/uploads\/2025\/11\/900_P72162-100x100.jpg",100,100,true]},"uagb_author_info":{"display_name":"Lawrence\u00a0\u52b3\u4f26\u65af","author_link":"https:\/\/pecpets.com\/fr\/author\/"},"uagb_comment_info":0,"uagb_excerpt":"Dog Sweater Factory The trendy, retro design will catch everyone\u2019s eye. A turtleneck to keep your furry friend cozy and warm. Sculpted to hug your dog\u2019s body shape. Ribbed arm holes complete the comfortable look. Product Name Pet Clothes Item No. P-C3015 Material Cotton, Polyester, Fleece \u00a0Size and Color Customized \u00a0Delivery time 1- 5 days\u2026","_links":{"self":[{"href":"https:\/\/pecpets.com\/fr\/wp-json\/wp\/v2\/product\/23431","targetHints":{"allow":["GET"]}}],"collection":[{"href":"https:\/\/pecpets.com\/fr\/wp-json\/wp\/v2\/product"}],"about":[{"href":"https:\/\/pecpets.com\/fr\/wp-json\/wp\/v2\/types\/product"}],"wp:featuredmedia":[{"embeddable":true,"href":"https:\/\/pecpets.com\/fr\/wp-json\/wp\/v2\/media\/23447"}],"wp:attachment":[{"href":"https:\/\/pecpets.com\/fr\/wp-json\/wp\/v2\/media?parent=23431"}],"wp:term":[{"taxonomy":"product_brand","embeddable":true,"href":"https:\/\/pecpets.com\/fr\/wp-json\/wp\/v2\/product_brand?post=23431"},{"taxonomy":"product_cat","embeddable":true,"href":"https:\/\/pecpets.com\/fr\/wp-json\/wp\/v2\/product_cat?post=23431"},{"taxonomy":"product_tag","embeddable":true,"href":"https:\/\/pecpets.com\/fr\/wp-json\/wp\/v2\/product_tag?post=23431"}],"curies":[{"name":"wp","href":"https:\/\/api.w.org\/{rel}","templated":true}]}}