{"id":23546,"date":"2025-11-19T09:17:54","date_gmt":"2025-11-19T01:17:54","guid":{"rendered":"https:\/\/pecpets.com\/?post_type=product&#038;p=23546"},"modified":"2025-11-19T10:37:58","modified_gmt":"2025-11-19T02:37:58","slug":"truck-bed-dog-kennel","status":"publish","type":"product","link":"https:\/\/pecpets.com\/fr\/product\/truck-bed-dog-kennel\/","title":{"rendered":"Niche pour chien sur camion"},"content":{"rendered":"<h2 data-start=\"138\" data-end=\"229\">Truck Bed Dog Kennel | Pet Bed Manufacturer &amp; Luxury Carrier Factory Wholesale<\/h2>\n<article class=\"text-token-text-primary w-full focus:outline-none [--shadow-height:45px] has-data-writing-block:pointer-events-none has-data-writing-block:-mt-(--shadow-height) has-data-writing-block:pt-(--shadow-height) [&amp;:has([data-writing-block])&gt;*]:pointer-events-auto [content-visibility:auto] supports-[content-visibility:auto]:[contain-intrinsic-size:auto_100lvh] scroll-mt-[calc(var(--header-height)+min(200px,max(70px,20svh)))]\" dir=\"auto\" tabindex=\"-1\" data-turn-id=\"request-68b559f1-f1bc-8328-a3b0-0e42faba828d-1\" data-testid=\"conversation-turn-100\" data-scroll-anchor=\"true\" data-turn=\"assistant\">\n<div class=\"text-base my-auto mx-auto pb-10 [--thread-content-margin:--spacing(4)] thread-sm:[--thread-content-margin:--spacing(6)] thread-lg:[--thread-content-margin:--spacing(16)] px-(--thread-content-margin)\">\n<div class=\"[--thread-content-max-width:40rem] thread-lg:[--thread-content-max-width:48rem] mx-auto max-w-(--thread-content-max-width) flex-1 group\/turn-messages focus-visible:outline-hidden relative flex w-full min-w-0 flex-col agent-turn\" tabindex=\"-1\">\n<div class=\"flex max-w-full flex-col grow\">\n<div class=\"min-h-8 text-message relative flex w-full flex-col items-end gap-2 text-start break-words whitespace-normal [.text-message+&amp;]:mt-1\" dir=\"auto\" data-message-author-role=\"assistant\" data-message-id=\"a58e287f-5d1f-4b96-a7a9-dc26c8cb0d31\" data-message-model-slug=\"gpt-5\">\n<div class=\"flex w-full flex-col gap-1 empty:hidden first:pt-[1px]\">\n<div class=\"markdown prose dark:prose-invert w-full break-words light markdown-new-styling\">\n<article class=\"text-token-text-primary w-full focus:outline-none [--shadow-height:45px] has-data-writing-block:pointer-events-none has-data-writing-block:-mt-(--shadow-height) has-data-writing-block:pt-(--shadow-height) [&amp;:has([data-writing-block])&gt;*]:pointer-events-auto [content-visibility:auto] supports-[content-visibility:auto]:[contain-intrinsic-size:auto_100lvh] scroll-mt-[calc(var(--header-height)+min(200px,max(70px,20svh)))]\" dir=\"auto\" tabindex=\"-1\" data-turn-id=\"request-68b559f1-f1bc-8328-a3b0-0e42faba828d-3\" data-testid=\"conversation-turn-178\" data-scroll-anchor=\"true\" data-turn=\"assistant\">\n<div class=\"text-base my-auto mx-auto pb-10 [--thread-content-margin:--spacing(4)] thread-sm:[--thread-content-margin:--spacing(6)] thread-lg:[--thread-content-margin:--spacing(16)] px-(--thread-content-margin)\">\n<div class=\"[--thread-content-max-width:40rem] thread-lg:[--thread-content-max-width:48rem] mx-auto max-w-(--thread-content-max-width) flex-1 group\/turn-messages focus-visible:outline-hidden relative flex w-full min-w-0 flex-col agent-turn\" tabindex=\"-1\">\n<div class=\"flex max-w-full flex-col grow\">\n<div class=\"min-h-8 text-message relative flex w-full flex-col items-end gap-2 text-start break-words whitespace-normal [.text-message+&amp;]:mt-1\" dir=\"auto\" data-message-author-role=\"assistant\" data-message-id=\"832c76cb-315d-4ab2-8641-21a2540e581e\" data-message-model-slug=\"gpt-5\">\n<div class=\"flex w-full flex-col gap-1 empty:hidden first:pt-[1px]\">\n<div class=\"markdown prose dark:prose-invert w-full break-words light markdown-new-styling\">\n<p data-start=\"201\" data-end=\"584\">Our Truck Bed Dog Kennel is designed for safe, stable, and heavy-duty transport, making it a top choice for brands that want reliable outdoor and travel-ready solutions. As a professional Dog Bed manufacturer and long-term Dog Bed factory in Dog Bed China, we build durable kennel systems that handle long-distance travel, rough terrain, and large breeds with ease.<\/p>\n<p data-start=\"586\" data-end=\"934\">Whether you need Dog Bed bulk orders or custom models, we support full programs including Dog Bed OEM, Dog Bed ODM, and Dog Bed private label. With strong production capacity as a trusted Pet Bed Manufacturer and Luxury Carrier Factory, we help your Dog Bed company bring high-quality truck bed kennels to market fast.<\/p>\n<p data-start=\"936\" data-end=\"1237\">We work as a reliable Dog Bed supplier, Dog Bed vendor, and Dog Bed wholesaler, offering consistent Dog Bed export support to partners worldwide. Choose our Truck Bed Dog Kennel line for rugged construction, practical features, and factory-grade precision your customers can trust.<\/p>\n<\/div>\n<\/div>\n<\/div>\n<\/div>\n<\/div>\n<\/div>\n<\/article>\n<\/div>\n<\/div>\n<\/div>\n<\/div>\n<\/div>\n<\/div>\n<\/article>\n","protected":false},"excerpt":{"rendered":"<h2>Niche pour chien sur camion<\/h2>\n<ul>\n<li><strong>Crash-Tested<\/strong> - La niche pour chien Truck Bed est test\u00e9e en cas de choc \u00e0 l'avant et \u00e0 l'arri\u00e8re, ainsi que dans le cadre d'un sc\u00e9nario de retournement simul\u00e9.<\/li>\n<li><strong>Protection sup\u00e9rieure<\/strong>\u00a0- La zone de d\u00e9formation innovante offre une protection sup\u00e9rieure aux chiens en cas de collision arri\u00e8re.<\/li>\n<li><strong>De la place pour tous<\/strong>\u00a0- Disponible en dix tailles diff\u00e9rentes et avec une profondeur r\u00e9glable pour s'adapter parfaitement \u00e0 votre voiture et \u00e0 votre chien.<\/li>\n<li><strong>Porte souple, amortie par le gaz<\/strong> - Le m\u00e9canisme d'amortissement \u00e0 gaz de la porte assure une ouverture et une fermeture en douceur, am\u00e9liorant ainsi vos interactions quotidiennes.<\/li>\n<li><strong>Grande visibilit\u00e9<\/strong>\u00a0- La fen\u00eatre et les ouvertures de la cage vous permettent de contr\u00f4ler votre chien \u00e0 tout moment.<\/li>\n<li><strong>S'ouvre dans toutes les situations<\/strong> - La caisse est \u00e9quip\u00e9e d'une trappe d'\u00e9vacuation qui permet de l'ouvrir depuis la banquette arri\u00e8re.<\/li>\n<li><strong>Trouvez votre bonheur<\/strong>\u00a0- Gr\u00e2ce \u00e0 notre assistant d'ajustement Thule, vous trouverez la taille parfaite pour votre cage pour chien.<\/li>\n<\/ul>\n<p>La niche pour chien Truck Bed est le choix id\u00e9al pour des trajets en voiture s\u00fbrs et confortables avec votre compagnon \u00e0 quatre pattes. Con\u00e7ue pour les situations r\u00e9elles, elle a fait l'objet de tests de collision approfondis et dispose d'une zone de d\u00e9formation innovante qui offre une protection sup\u00e9rieure aux passagers et \u00e0 votre chien. Le gaz ouvre la porte amortie et la referme en douceur. La cage est \u00e9quip\u00e9e d'une serrure int\u00e9gr\u00e9e pour plus de s\u00e9curit\u00e9. Remarque : il s'agit d'un produit appliqu\u00e9. Pour garantir l'adaptation parfaite du chien \u00e0 la cage et de la cage \u00e0 la voiture, reportez-vous au guide d'adaptation.<\/p>\n<table width=\"288\">\n<tbody>\n<tr>\n<td width=\"137\"><span style=\"color: #333333;\">Nom du produit<\/span><\/td>\n<td width=\"151\"><span style=\"color: #333333;\">Lit pour animaux de compagnie<\/span><\/td>\n<\/tr>\n<tr>\n<td><span style=\"color: #333333;\">Num\u00e9ro d'article<\/span><\/td>\n<td><span style=\"color: #333333;\">P-C3078<\/span><\/td>\n<\/tr>\n<tr>\n<td><span style=\"color: #333333;\">Mat\u00e9riau<\/span><\/td>\n<td>Coton, polyester, polaire<\/td>\n<\/tr>\n<tr>\n<td><span style=\"color: #333333;\">\u00a0Taille et couleur<\/span><\/td>\n<td><span style=\"color: #333333;\">Peut \u00eatre personnalis\u00e9<\/span><\/td>\n<\/tr>\n<tr>\n<td><span style=\"color: #333333;\">\u00a0D\u00e9lai de livraison<\/span><\/td>\n<td><span style=\"color: #333333;\">1 \u00e0 5 jours pour les petites quantit\u00e9s par voie a\u00e9rienne et 30 \u00e0 35 jours pour les grandes quantit\u00e9s par voie maritime.<\/span><\/td>\n<\/tr>\n<\/tbody>\n<\/table>","protected":false},"featured_media":23554,"template":"","meta":{"_seopress_robots_primary_cat":"none","_seopress_titles_title":"Truck Bed Dog Kennel | China Pet Bed Manufacturer","_seopress_titles_desc":"Looking for Truck Bed Dog Kennel? we design premium knitwear for pets worldwide. Bulk orders, OEM services. Request free cozy samples today!","_seopress_robots_index":"","_seopress_analysis_target_kw":"Truck Bed Dog Kennel","_uag_custom_page_level_css":""},"product_brand":[],"product_cat":[416,22,15,350],"product_tag":[],"class_list":{"0":"post-23546","1":"product","2":"type-product","3":"status-publish","4":"has-post-thumbnail","6":"product_cat-dog-carrier","7":"product_cat-pet-bed","8":"product_cat-pet-carrier","9":"product_cat-portable-dog-beds","11":"first","12":"instock","13":"shipping-taxable","14":"product-type-simple"},"uagb_featured_image_src":{"full":["https:\/\/pecpets.com\/wp-content\/uploads\/2025\/11\/thule-allax-lifestyle-01.jpg",1420,994,false],"thumbnail":["https:\/\/pecpets.com\/wp-content\/uploads\/2025\/11\/thule-allax-lifestyle-01-150x150.jpg",150,150,true],"medium":["https:\/\/pecpets.com\/wp-content\/uploads\/2025\/11\/thule-allax-lifestyle-01-300x210.jpg",300,210,true],"medium_large":["https:\/\/pecpets.com\/wp-content\/uploads\/2025\/11\/thule-allax-lifestyle-01-768x538.jpg",768,538,true],"large":["https:\/\/pecpets.com\/wp-content\/uploads\/2025\/11\/thule-allax-lifestyle-01-1024x717.jpg",800,560,true],"1536x1536":["https:\/\/pecpets.com\/wp-content\/uploads\/2025\/11\/thule-allax-lifestyle-01.jpg",1420,994,false],"2048x2048":["https:\/\/pecpets.com\/wp-content\/uploads\/2025\/11\/thule-allax-lifestyle-01.jpg",1420,994,false],"trp-custom-language-flag":["https:\/\/pecpets.com\/wp-content\/uploads\/2025\/11\/thule-allax-lifestyle-01-18x12.jpg",18,12,true],"woocommerce_thumbnail":["https:\/\/pecpets.com\/wp-content\/uploads\/2025\/11\/thule-allax-lifestyle-01-300x300.jpg",300,300,true],"woocommerce_single":["https:\/\/pecpets.com\/wp-content\/uploads\/2025\/11\/thule-allax-lifestyle-01-600x420.jpg",600,420,true],"woocommerce_gallery_thumbnail":["https:\/\/pecpets.com\/wp-content\/uploads\/2025\/11\/thule-allax-lifestyle-01-100x100.jpg",100,100,true]},"uagb_author_info":{"display_name":"Lawrence\u00a0\u52b3\u4f26\u65af","author_link":"https:\/\/pecpets.com\/fr\/author\/"},"uagb_comment_info":0,"uagb_excerpt":"Truck Bed Dog Kennel Crash-Tested - Truck Bed Dog Kennel is crash tested from the front and the rear, as well as a simulated roll-over scenario Superior protection\u00a0- Innovative crumple zone provides superior protection for dogs in case of rear collisions Room for everyone\u00a0- Available in ten different sizes and with adjustable depth to provide\u2026","_links":{"self":[{"href":"https:\/\/pecpets.com\/fr\/wp-json\/wp\/v2\/product\/23546","targetHints":{"allow":["GET"]}}],"collection":[{"href":"https:\/\/pecpets.com\/fr\/wp-json\/wp\/v2\/product"}],"about":[{"href":"https:\/\/pecpets.com\/fr\/wp-json\/wp\/v2\/types\/product"}],"wp:featuredmedia":[{"embeddable":true,"href":"https:\/\/pecpets.com\/fr\/wp-json\/wp\/v2\/media\/23554"}],"wp:attachment":[{"href":"https:\/\/pecpets.com\/fr\/wp-json\/wp\/v2\/media?parent=23546"}],"wp:term":[{"taxonomy":"product_brand","embeddable":true,"href":"https:\/\/pecpets.com\/fr\/wp-json\/wp\/v2\/product_brand?post=23546"},{"taxonomy":"product_cat","embeddable":true,"href":"https:\/\/pecpets.com\/fr\/wp-json\/wp\/v2\/product_cat?post=23546"},{"taxonomy":"product_tag","embeddable":true,"href":"https:\/\/pecpets.com\/fr\/wp-json\/wp\/v2\/product_tag?post=23546"}],"curies":[{"name":"wp","href":"https:\/\/api.w.org\/{rel}","templated":true}]}}