{"id":23682,"date":"2025-12-03T09:24:52","date_gmt":"2025-12-03T01:24:52","guid":{"rendered":"https:\/\/pecpets.com\/?post_type=product&#038;p=23682"},"modified":"2025-12-03T10:11:55","modified_gmt":"2025-12-03T02:11:55","slug":"dog-clothes-big","status":"publish","type":"product","link":"https:\/\/pecpets.com\/fr\/product\/dog-clothes-big\/","title":{"rendered":"V\u00eatements pour chiens Big"},"content":{"rendered":"<h2>Dog Clothes Big - Fabricant de v\u00eatements de luxe pour grandes races - Fabricant de v\u00eatements pour animaux et de v\u00eatements de luxe<\/h2>\n<p data-start=\"295\" data-end=\"695\">Vous recherchez des v\u00eatements pour chiens Big de grande qualit\u00e9, sp\u00e9cialement con\u00e7us pour les animaux de grande race ? En tant que fabricant de v\u00eatements pour animaux et usine de v\u00eatements de luxe de confiance, nous produisons des v\u00eatements durables, \u00e9l\u00e9gants et confortables qui s'adaptent parfaitement aux chiens de grande taille. Que vous construisiez votre propre marque de v\u00eatements pour animaux ou que vous vous procuriez des produits pour la vente au d\u00e9tail, notre usine offre une qualit\u00e9 fiable et une production \u00e9volutive.<\/p>\n<p data-start=\"697\" data-end=\"1183\">Notre gamme de v\u00eatements pour chiens Big est con\u00e7ue pour r\u00e9pondre \u00e0 la demande croissante du march\u00e9 mondial. En tant que fabricant leader de v\u00eatements pour chiens et usine de v\u00eatements pour chiens, nous prenons en charge les projets de v\u00eatements pour chiens en vrac, de v\u00eatements pour chiens OEM, de v\u00eatements pour chiens ODM et de v\u00eatements pour chiens sous marque de distributeur pour les marques du monde entier. Forts de nos ann\u00e9es d'exp\u00e9rience dans la production et l'exportation de v\u00eatements pour chiens, nous veillons \u00e0 ce que vos produits r\u00e9pondent aux normes internationales en mati\u00e8re de coupe, de confort et de durabilit\u00e9.<\/p>\n<p data-start=\"1185\" data-end=\"1574\">Nous travaillons avec des grossistes, des distributeurs, des vendeurs en ligne et des propri\u00e9taires de marques qui ont besoin d'un fournisseur, d'un vendeur ou d'un grossiste de v\u00eatements pour chiens fiable, capable de s'adapter \u00e0 la croissance de leur entreprise. Que vous ayez besoin de basiques classiques, de collections saisonni\u00e8res ou de v\u00eatements sur mesure pour les grands chiens, notre \u00e9quipe peut vous aider \u00e0 les r\u00e9aliser avec des designs tendance et des prix directs.<\/p>\n<p data-start=\"1576\" data-end=\"1803\">Travaillez en partenariat avec notre entreprise professionnelle de v\u00eatements pour chiens afin de cr\u00e9er des v\u00eatements pour grands chiens de premi\u00e8re qualit\u00e9 qui fid\u00e9lisent les clients. De la cr\u00e9ation d'\u00e9chantillons \u00e0 la production finale en masse, nous rendons l'ensemble du processus facile, rapide et coh\u00e9rent.<\/p>\n<h2 data-start=\"82\" data-end=\"141\"><strong data-start=\"85\" data-end=\"141\">FAQ sur les v\u00eatements pour chiens Big (pour les grossistes et les marques)<\/strong><\/h2>\n<h3 data-start=\"143\" data-end=\"209\"><strong data-start=\"147\" data-end=\"207\">1. Proposez-vous des v\u00eatements pour chiens Big en gros pour les grossistes ?<\/strong><\/h3>\n<p data-start=\"210\" data-end=\"455\">Oui. Nous fournissons des v\u00eatements pour chiens Big dans les commandes en gros de v\u00eatements pour chiens avec des MOQ flexibles. En tant que fabricant professionnel de v\u00eatements pour chiens et usine de v\u00eatements pour chiens, nous prenons en charge la production \u00e0 grande \u00e9chelle pour les grossistes, les distributeurs et les d\u00e9taillants.<\/p>\n<h3 data-start=\"457\" data-end=\"528\"><strong data-start=\"461\" data-end=\"526\">2. Puis-je personnaliser les v\u00eatements Big-Dog avec les services OEM ou ODM ?<\/strong><\/h3>\n<p data-start=\"529\" data-end=\"758\">Absolument. Nous offrons des services complets d'OEM et d'ODM pour les v\u00eatements pour chiens. Vous pouvez personnaliser les tissus, les tailles, les motifs, les couleurs, les logos, l'emballage, etc. Nous prenons \u00e9galement en charge les marques priv\u00e9es de v\u00eatements pour chiens pour les marques en expansion.<\/p>\n<h3 data-start=\"760\" data-end=\"823\"><strong data-start=\"764\" data-end=\"821\">3. Exportez-vous des v\u00eatements pour chiens Big vers des march\u00e9s \u00e9trangers ?<\/strong><\/h3>\n<p data-start=\"824\" data-end=\"1063\">Oui. Notre usine a des ann\u00e9es d'exp\u00e9rience dans l'exportation de v\u00eatements pour chiens. Nous servons des clients aux \u00c9tats-Unis, en Europe, en Australie et en Asie avec une qualit\u00e9 stable et des d\u00e9lais de livraison fiables. Nous sommes un fournisseur de confiance de v\u00eatements pour chiens en Chine pour les marques internationales.<\/p>\n<h3 data-start=\"1065\" data-end=\"1130\"><strong data-start=\"1069\" data-end=\"1128\">4. Quelles tailles de v\u00eatements pour chiens de grande taille pouvez-vous fabriquer ?<\/strong><\/h3>\n<p data-start=\"1131\" data-end=\"1338\">Nous couvrons une large gamme de tailles pour les races moyennes \u00e0 g\u00e9antes. En tant que leader dans la fabrication de v\u00eatements pour animaux de compagnie, nous pouvons \u00e9galement d\u00e9velopper des tailles sur mesure pour r\u00e9pondre aux besoins de votre march\u00e9, ce qui est id\u00e9al pour les marques qui recherchent un avantage unique en mati\u00e8re de coupe.<\/p>\n<h3 data-start=\"1340\" data-end=\"1400\"><strong data-start=\"1344\" data-end=\"1398\">5. Puis-je commander des \u00e9chantillons avant de passer des commandes en gros ?<\/strong><\/h3>\n<p data-start=\"1401\" data-end=\"1565\">Oui. En tant que fournisseur professionnel de v\u00eatements pour chiens, nous pouvons pr\u00e9parer des \u00e9chantillons pour des contr\u00f4les de qualit\u00e9, des tests de conception et des confirmations de taille avant que vous ne confirmiez la production en masse.<\/p>\n<h3 data-start=\"1567\" data-end=\"1638\"><strong data-start=\"1571\" data-end=\"1636\">6. Qu'est-ce qui fait que vos v\u00eatements pour chiens Big conviennent aux grandes races ?<\/strong><\/h3>\n<p data-start=\"1639\" data-end=\"1895\">Nous concevons des v\u00eatements pour chiens de grande taille avec des coutures renforc\u00e9es, des coupes flexibles et des tissus durables pour garantir le confort et un port durable. En tant qu'usine de v\u00eatements de luxe, nous mettons l'accent sur des coutures de qualit\u00e9, des mat\u00e9riaux haut de gamme et des mod\u00e8les fonctionnels adapt\u00e9s aux chiens de grande taille.<\/p>\n<h3 data-start=\"1897\" data-end=\"1968\"><strong data-start=\"1901\" data-end=\"1966\">7. Soutenez-vous les petites entreprises ou seulement les grands grossistes ?<\/strong><\/h3>\n<p data-start=\"1969\" data-end=\"2196\">Nous soutenons les deux. Que vous soyez une nouvelle marque ou une cha\u00eene bien \u00e9tablie, nous sommes votre fournisseur et votre grossiste fiable en v\u00eatements pour chiens, offrant des solutions \u00e9volutives depuis les petites commandes d'essai jusqu'aux d\u00e9ploiements complets dans le commerce de d\u00e9tail.<\/p>\n<h3 data-start=\"2198\" data-end=\"2265\"><strong data-start=\"2202\" data-end=\"2263\">8. Comment puis-je commencer \u00e0 travailler avec votre entreprise de v\u00eatements pour chiens ?<\/strong><\/h3>\n<p data-start=\"2266\" data-end=\"2460\">Il vous suffit de nous faire part de vos id\u00e9es de produits, du volume de vos commandes et de vos besoins de personnalisation. Notre \u00e9quipe vous guidera tout au long du d\u00e9veloppement du produit, de l'\u00e9chantillonnage et de la production en s\u00e9rie, avec des d\u00e9lais clairs et des prix d'usine.<\/p>","protected":false},"excerpt":{"rendered":"<h2>V\u00eatements pour chiens Big<\/h2>\n<p class=\"ds-markdown-paragraph\">Nous sommes sp\u00e9cialis\u00e9s dans la production de v\u00eatements pour animaux de compagnie de haute qualit\u00e9 avec des tissus de premi\u00e8re qualit\u00e9 qui sont confortables, durables et sans danger pour les animaux. Notre usine propose des services ODM\/OEM complets pour les pulls, les pyjamas, les costumes et les v\u00eatements fonctionnels pour chiens.<\/p>\n<p class=\"ds-markdown-paragraph\">En utilisant des mat\u00e9riaux doux et respirants conformes aux normes de s\u00e9curit\u00e9 internationales, nous cr\u00e9ons des mod\u00e8les personnalis\u00e9s parfaitement adapt\u00e9s \u00e0 toutes les races de chiens. Qu'il s'agisse d'un pull basique ou d'une tenue \u00e0 la mode, chaque pi\u00e8ce pr\u00e9sente des coutures s\u00fbres et des fermetures adapt\u00e9es aux animaux de compagnie.<\/p>\n<p class=\"ds-markdown-paragraph\">Nous proposons des prix de gros comp\u00e9titifs aux d\u00e9taillants et aux grossistes. Toutes les commandes sont accompagn\u00e9es d'une documentation d'exportation compl\u00e8te et d'une assurance qualit\u00e9.<\/p>\n<p class=\"ds-markdown-paragraph\">Contactez-nous pour d\u00e9velopper votre ligne unique de v\u00eatements pour animaux de compagnie avec des mod\u00e8les, des tailles et des options de marque personnalis\u00e9s.<\/p>\n<table width=\"288\">\n<tbody>\n<tr>\n<td width=\"137\"><span style=\"color: #333333;\">Nom du produit<\/span><\/td>\n<td width=\"151\"><span style=\"color: #333333;\">V\u00eatements pour animaux<\/span><\/td>\n<\/tr>\n<tr>\n<td><span style=\"color: #333333;\">Num\u00e9ro d'article<\/span><\/td>\n<td><span style=\"color: #333333;\">P-C3012<\/span><\/td>\n<\/tr>\n<tr>\n<td><span style=\"color: #333333;\">Mat\u00e9riau<\/span><\/td>\n<td>Coton, polyester, polaire<\/td>\n<\/tr>\n<tr>\n<td><span style=\"color: #333333;\">\u00a0Taille et couleur<\/span><\/td>\n<td><span style=\"color: #333333;\">Sur mesure<\/span><\/td>\n<\/tr>\n<tr>\n<td><span style=\"color: #333333;\">\u00a0D\u00e9lai de livraison<\/span><\/td>\n<td><span style=\"color: #333333;\">1 \u00e0 5 jours pour les petites quantit\u00e9s par voie a\u00e9rienne et 30 \u00e0 35 jours pour les grandes quantit\u00e9s par voie maritime.<\/span><\/td>\n<\/tr>\n<\/tbody>\n<\/table>","protected":false},"featured_media":23692,"template":"","meta":{"_seopress_robots_primary_cat":"none","_seopress_titles_title":"Dog Clothes Big\u200b\u200b | ODM & OEM Solutions","_seopress_titles_desc":"As Dog Clothes Big Factory, we design premium knitwear for pets worldwide. Bulk orders, OEM services. Request free cozy samples today!","_seopress_robots_index":"","_uag_custom_page_level_css":""},"product_brand":[],"product_cat":[364,342,23],"product_tag":[],"class_list":{"0":"post-23682","1":"product","2":"type-product","3":"status-publish","4":"has-post-thumbnail","6":"product_cat-basic-dog-clothing","7":"product_cat-pet-coat","8":"product_cat-pet-clothing","10":"first","11":"instock","12":"shipping-taxable","13":"product-type-simple"},"uagb_featured_image_src":{"full":["https:\/\/pecpets.com\/wp-content\/uploads\/2025\/12\/O1CN017sz41S1tVuvVWjl7s_1002895908-0-cib.jpg",800,533,false],"thumbnail":["https:\/\/pecpets.com\/wp-content\/uploads\/2025\/12\/O1CN017sz41S1tVuvVWjl7s_1002895908-0-cib-150x150.jpg",150,150,true],"medium":["https:\/\/pecpets.com\/wp-content\/uploads\/2025\/12\/O1CN017sz41S1tVuvVWjl7s_1002895908-0-cib-300x200.jpg",300,200,true],"medium_large":["https:\/\/pecpets.com\/wp-content\/uploads\/2025\/12\/O1CN017sz41S1tVuvVWjl7s_1002895908-0-cib-768x512.jpg",768,512,true],"large":["https:\/\/pecpets.com\/wp-content\/uploads\/2025\/12\/O1CN017sz41S1tVuvVWjl7s_1002895908-0-cib.jpg",800,533,false],"1536x1536":["https:\/\/pecpets.com\/wp-content\/uploads\/2025\/12\/O1CN017sz41S1tVuvVWjl7s_1002895908-0-cib.jpg",800,533,false],"2048x2048":["https:\/\/pecpets.com\/wp-content\/uploads\/2025\/12\/O1CN017sz41S1tVuvVWjl7s_1002895908-0-cib.jpg",800,533,false],"trp-custom-language-flag":["https:\/\/pecpets.com\/wp-content\/uploads\/2025\/12\/O1CN017sz41S1tVuvVWjl7s_1002895908-0-cib-18x12.jpg",18,12,true],"woocommerce_thumbnail":["https:\/\/pecpets.com\/wp-content\/uploads\/2025\/12\/O1CN017sz41S1tVuvVWjl7s_1002895908-0-cib-300x300.jpg",300,300,true],"woocommerce_single":["https:\/\/pecpets.com\/wp-content\/uploads\/2025\/12\/O1CN017sz41S1tVuvVWjl7s_1002895908-0-cib-600x400.jpg",600,400,true],"woocommerce_gallery_thumbnail":["https:\/\/pecpets.com\/wp-content\/uploads\/2025\/12\/O1CN017sz41S1tVuvVWjl7s_1002895908-0-cib-100x100.jpg",100,100,true]},"uagb_author_info":{"display_name":"Lawrence\u00a0\u52b3\u4f26\u65af","author_link":"https:\/\/pecpets.com\/fr\/author\/"},"uagb_comment_info":0,"uagb_excerpt":"Dog Clothes Big We specialize in producing high-quality pet clothing with premium fabrics that are comfortable, durable, and pet-safe. Our factory offers complete ODM\/OEM services for dog sweaters, pajamas, costumes, and functional wear. Using soft, breathable materials that meet international safety standards, we create custom designs with a perfect fit for all dog breeds. From\u2026","_links":{"self":[{"href":"https:\/\/pecpets.com\/fr\/wp-json\/wp\/v2\/product\/23682","targetHints":{"allow":["GET"]}}],"collection":[{"href":"https:\/\/pecpets.com\/fr\/wp-json\/wp\/v2\/product"}],"about":[{"href":"https:\/\/pecpets.com\/fr\/wp-json\/wp\/v2\/types\/product"}],"wp:featuredmedia":[{"embeddable":true,"href":"https:\/\/pecpets.com\/fr\/wp-json\/wp\/v2\/media\/23692"}],"wp:attachment":[{"href":"https:\/\/pecpets.com\/fr\/wp-json\/wp\/v2\/media?parent=23682"}],"wp:term":[{"taxonomy":"product_brand","embeddable":true,"href":"https:\/\/pecpets.com\/fr\/wp-json\/wp\/v2\/product_brand?post=23682"},{"taxonomy":"product_cat","embeddable":true,"href":"https:\/\/pecpets.com\/fr\/wp-json\/wp\/v2\/product_cat?post=23682"},{"taxonomy":"product_tag","embeddable":true,"href":"https:\/\/pecpets.com\/fr\/wp-json\/wp\/v2\/product_tag?post=23682"}],"curies":[{"name":"wp","href":"https:\/\/api.w.org\/{rel}","templated":true}]}}