{"id":23784,"date":"2025-12-12T09:27:53","date_gmt":"2025-12-12T01:27:53","guid":{"rendered":"https:\/\/pecpets.com\/?post_type=product&#038;p=23784"},"modified":"2025-12-12T16:52:33","modified_gmt":"2025-12-12T08:52:33","slug":"designer-clothes-dogs","status":"publish","type":"product","link":"https:\/\/pecpets.com\/fr\/product\/designer-clothes-dogs\/","title":{"rendered":"V\u00eatements de marque pour chiens"},"content":{"rendered":"<h2>[Pet Clothes Manufacturer] Professional Outdoor Designer Clothes Dogs Raincoat &#8211; [Luxury clothes Factory] Direct<\/h2>\n<table width=\"288\">\n<tbody>\n<tr>\n<td width=\"137\"><span style=\"color: #333333;\">Product Name<\/span><\/td>\n<td width=\"151\"><span style=\"color: #333333;\">Pet Clothes<\/span><\/td>\n<\/tr>\n<tr>\n<td><span style=\"color: #333333;\">Item No.<\/span><\/td>\n<td><span style=\"color: #333333;\">P-C3019<\/span><\/td>\n<\/tr>\n<tr>\n<td><span style=\"color: #333333;\">Material<\/span><\/td>\n<td>Cotton, Polyester, Fleece<\/td>\n<\/tr>\n<tr>\n<td><span style=\"color: #333333;\">\u00a0Size and Color<\/span><\/td>\n<td><span style=\"color: #333333;\">Customized<\/span><\/td>\n<\/tr>\n<tr>\n<td><span style=\"color: #333333;\">\u00a0Delivery time<\/span><\/td>\n<td><span style=\"color: #333333;\">1- 5 days for small quantities by air and 30- 35 days for large quantities by sea<\/span><\/td>\n<\/tr>\n<\/tbody>\n<\/table>\n<p>&nbsp;<\/p>\n<div class=\"Message_messageTextContainer__w64Sc\">\n<div class=\"Message_selectableText__SQ8WH\">\n<div class=\"Markdown_markdownContainer__Tz3HQ\">\n<div class=\"Prose_prose__7AjXb Prose_presets_prose__H9VRM Prose_presets_theme-hi-contrast__LQyM9\">\n<div class=\"Message_messageTextContainer__w64Sc\">\n<div class=\"Message_selectableText__SQ8WH\">\n<div class=\"Markdown_markdownContainer__Tz3HQ\">\n<div class=\"Prose_prose__7AjXb Prose_presets_prose__H9VRM Prose_presets_theme-hi-contrast__LQyM9\">\n<div class=\"Message_messageTextContainer__w64Sc\">\n<div class=\"Message_selectableText__SQ8WH\">\n<div class=\"Markdown_markdownContainer__Tz3HQ\">\n<div class=\"Prose_prose__7AjXb Prose_presets_prose__H9VRM Prose_presets_theme-hi-contrast__LQyM9\">\n<h3>FAQ: Sourcing Expert Insights<\/h3>\n<p><strong>Q1: Can I brand this for my private label?<\/strong><br \/>\n<strong>A:<\/strong> Yes. As a Dog Clothing company specializing in private-label Dog Clothing private label, we can customize logos, tags, and packaging.<\/p>\n<p><strong>Q2: What is the material quality?<\/strong><br \/>\n<strong>A:<\/strong> We use technical outdoor fabric (water-resistant shell) bonded with warm fleece. Our workers are experts in handling these heavy-duty materials to ensure durable seams.<\/p>\n<p><strong>Q3: Who is the target customer?<\/strong><br \/>\n<strong>A:<\/strong> Owners of active dogs who hike, camp, or live in cold\/rainy climates. It appeals to the high-end market for designer clothes for dogs.<\/p>\n<p><strong>Q4: How do you ensure sizing accuracy? (Expert Focus)<\/strong><br \/>\n<strong>A:<\/strong> We use standardized patterns, but the 4-point adjustment system (neck, back, waist, legs) allows this coat to fit various breeds perfectly, reducing your return rates.<\/p>\n<p><strong>Q5: What are your MOQs? (Expert Focus)<\/strong><br \/>\n<strong>A:<\/strong> As a flexible Dog Clothing manufacturer, we offer competitive MOQs to help you test new styles. Contact us for specific tier pricing.<\/p>\n<\/div>\n<\/div>\n<\/div>\n<\/div>\n<div class=\"Message_messageMetadataContainer__nBPq7\"><\/div>\n<\/div>\n<\/div>\n<\/div>\n<\/div>\n<\/div>\n<\/div>\n<\/div>\n<\/div>\n","protected":false},"excerpt":{"rendered":"<p><strong>Description du produit :<\/strong><\/p>\n<p>Vous \u00eates \u00e0 la recherche d'un \u00e9quipement tout temps pour votre catalogue ? En tant qu'expert en sourcing, je vous recommande vivement cette combinaison technique. Elle fait le lien entre les v\u00eatements de cr\u00e9ateurs \u00e0 la mode et l'\u00e9quipement de plein air robuste.<\/p>\n<p><strong>Principaux arguments de vente :<\/strong><\/p>\n<ul>\n<li><strong>Protection totale :<\/strong> Couverture compl\u00e8te du corps avec un col haut et une fermeture \u00e0 glissi\u00e8re imperm\u00e9able. Le tissu est coupe-vent, anti-salissures et d\u00e9perlant - parfait pour le march\u00e9 des v\u00eatements pour chiens en vrac.<\/li>\n<li><strong>Chaleur de premi\u00e8re qualit\u00e9 :<\/strong> Doubl\u00e9 d'une polaire \u00e9paisse et douce pour les conditions de gel.<\/li>\n<li><strong>Syst\u00e8me d'ajustement parfait :<\/strong> Il est \u00e9quip\u00e9 de cordons de serrage r\u00e9glables au niveau du cou, de la taille, du dos et des pattes, ainsi que de poignets en velcro. Cela permet de r\u00e9soudre les probl\u00e8mes de coupe fr\u00e9quents dans les v\u00eatements pour chiens export\u00e9s.<\/li>\n<li><strong>La s\u00e9curit\u00e9 :<\/strong> Passepoil r\u00e9fl\u00e9chissant haute visibilit\u00e9 pour les promenades nocturnes.<\/li>\n<\/ul>\n<p><strong>Pourquoi s'associer \u00e0 nous ?<\/strong><br \/>\nNous sommes l'un des premiers fabricants et fournisseurs de v\u00eatements pour chiens en Chine. Que vous ayez besoin de v\u00eatements pour chiens OEM, de v\u00eatements pour chiens ODM ou d'une solution de marque priv\u00e9e, notre usine de v\u00eatements pour chiens fournit une qualit\u00e9 constante. Nous sommes le fournisseur de v\u00eatements pour chiens et le grossiste de v\u00eatements pour chiens auquel vous pouvez faire confiance pour les \u00e9quipements pour animaux de compagnie haut de gamme.<\/p>","protected":false},"featured_media":23792,"template":"","meta":{"_seopress_robots_primary_cat":"none","_seopress_titles_title":"Designer Clothes Dogs | ODM & OEM Solutions","_seopress_titles_desc":"As Designer Clothes Dogs Factory, we design premium knitwear for pets worldwide. Bulk orders, OEM services. Request free cozy samples today!","_seopress_robots_index":"","_seopress_analysis_target_kw":"Designer Clothes Dogs","_uag_custom_page_level_css":""},"product_brand":[],"product_cat":[364,341,23],"product_tag":[],"class_list":{"0":"post-23784","1":"product","2":"type-product","3":"status-publish","4":"has-post-thumbnail","6":"product_cat-basic-dog-clothing","7":"product_cat-dog-jacket","8":"product_cat-pet-clothing","10":"first","11":"instock","12":"shipping-taxable","13":"product-type-simple"},"uagb_featured_image_src":{"full":["https:\/\/pecpets.com\/wp-content\/uploads\/2025\/12\/O1CN01hYHrdX1tVuynaNVJn_1002895908-0-cib.jpg",800,534,false],"thumbnail":["https:\/\/pecpets.com\/wp-content\/uploads\/2025\/12\/O1CN01hYHrdX1tVuynaNVJn_1002895908-0-cib-150x150.jpg",150,150,true],"medium":["https:\/\/pecpets.com\/wp-content\/uploads\/2025\/12\/O1CN01hYHrdX1tVuynaNVJn_1002895908-0-cib-300x200.jpg",300,200,true],"medium_large":["https:\/\/pecpets.com\/wp-content\/uploads\/2025\/12\/O1CN01hYHrdX1tVuynaNVJn_1002895908-0-cib-768x513.jpg",768,513,true],"large":["https:\/\/pecpets.com\/wp-content\/uploads\/2025\/12\/O1CN01hYHrdX1tVuynaNVJn_1002895908-0-cib.jpg",800,534,false],"1536x1536":["https:\/\/pecpets.com\/wp-content\/uploads\/2025\/12\/O1CN01hYHrdX1tVuynaNVJn_1002895908-0-cib.jpg",800,534,false],"2048x2048":["https:\/\/pecpets.com\/wp-content\/uploads\/2025\/12\/O1CN01hYHrdX1tVuynaNVJn_1002895908-0-cib.jpg",800,534,false],"trp-custom-language-flag":["https:\/\/pecpets.com\/wp-content\/uploads\/2025\/12\/O1CN01hYHrdX1tVuynaNVJn_1002895908-0-cib-18x12.jpg",18,12,true],"woocommerce_thumbnail":["https:\/\/pecpets.com\/wp-content\/uploads\/2025\/12\/O1CN01hYHrdX1tVuynaNVJn_1002895908-0-cib-300x300.jpg",300,300,true],"woocommerce_single":["https:\/\/pecpets.com\/wp-content\/uploads\/2025\/12\/O1CN01hYHrdX1tVuynaNVJn_1002895908-0-cib-600x401.jpg",600,401,true],"woocommerce_gallery_thumbnail":["https:\/\/pecpets.com\/wp-content\/uploads\/2025\/12\/O1CN01hYHrdX1tVuynaNVJn_1002895908-0-cib-100x100.jpg",100,100,true]},"uagb_author_info":{"display_name":"Lawrence\u00a0\u52b3\u4f26\u65af","author_link":"https:\/\/pecpets.com\/fr\/author\/"},"uagb_comment_info":0,"uagb_excerpt":"Product Description: Looking for the ultimate all-weather gear for your catalog? As a sourcing expert, I highly recommend this technical jumpsuit. It bridges the gap between high-fashion designer clothes and rugged outdoor equipment. Key Selling Points: Total Protection: Full-body coverage with a high collar and waterproof zipper. The fabric is windproof, dirt-proof, and water-repellent\u2014perfect for\u2026","_links":{"self":[{"href":"https:\/\/pecpets.com\/fr\/wp-json\/wp\/v2\/product\/23784","targetHints":{"allow":["GET"]}}],"collection":[{"href":"https:\/\/pecpets.com\/fr\/wp-json\/wp\/v2\/product"}],"about":[{"href":"https:\/\/pecpets.com\/fr\/wp-json\/wp\/v2\/types\/product"}],"wp:featuredmedia":[{"embeddable":true,"href":"https:\/\/pecpets.com\/fr\/wp-json\/wp\/v2\/media\/23792"}],"wp:attachment":[{"href":"https:\/\/pecpets.com\/fr\/wp-json\/wp\/v2\/media?parent=23784"}],"wp:term":[{"taxonomy":"product_brand","embeddable":true,"href":"https:\/\/pecpets.com\/fr\/wp-json\/wp\/v2\/product_brand?post=23784"},{"taxonomy":"product_cat","embeddable":true,"href":"https:\/\/pecpets.com\/fr\/wp-json\/wp\/v2\/product_cat?post=23784"},{"taxonomy":"product_tag","embeddable":true,"href":"https:\/\/pecpets.com\/fr\/wp-json\/wp\/v2\/product_tag?post=23784"}],"curies":[{"name":"wp","href":"https:\/\/api.w.org\/{rel}","templated":true}]}}