{"id":2813,"date":"2023-08-30T17:42:26","date_gmt":"2023-08-30T09:42:26","guid":{"rendered":"https:\/\/pecpets.com\/?post_type=product&#038;p=2813"},"modified":"2024-10-30T11:15:14","modified_gmt":"2024-10-30T03:15:14","slug":"breathable-dog-harness-set-12","status":"publish","type":"product","link":"https:\/\/pecpets.com\/fr\/product\/breathable-dog-harness-set-12\/","title":{"rendered":"Harnais respirant pour chien"},"content":{"rendered":"<h2 data-immersive-translate-walked=\"e7004b1f-2e8f-4436-a121-9fbf271e51c9\"><strong data-immersive-translate-walked=\"e7004b1f-2e8f-4436-a121-9fbf271e51c9\" data-immersive-translate-paragraph=\"1\">Harnais pour chien Wholesale Factory - Harnais respirant et ajustable pour le confort du chien<span class=\"notranslate immersive-translate-target-wrapper\" lang=\"zh-CN\" translate=\"no\" data-immersive-translate-loading-id=\"1\">\u00a0<\/span><\/strong><\/h2>\n<p data-immersive-translate-walked=\"e7004b1f-2e8f-4436-a121-9fbf271e51c9\" data-immersive-translate-paragraph=\"1\">Am\u00e9liorez le confort et le style de votre animal de compagnie avec notre ensemble de harnais respirant pour chien.<\/p>\n<table style=\"border-collapse: collapse; background-color: #ffffff; width: 329px; height: 273px;\" border=\"1\">\n<tbody>\n<tr>\n<td style=\"font-family: Verdana, Arial, Helvetica, sans-serif; font-size: 12px; color: #000000; margin: 8px; width: 187px; text-align: center;\"><span style=\"line-height: 21px; font-size: 14px;\">Nom des produits<\/span><\/td>\n<td style=\"font-family: Verdana, Arial, Helvetica, sans-serif; font-size: 12px; color: #000000; margin: 8px; width: 526px; text-align: center;\"><span style=\"font-size: 14px;\">Harnais pour animaux de compagnie<\/span><\/td>\n<\/tr>\n<tr>\n<td style=\"font-family: Verdana, Arial, Helvetica, sans-serif; font-size: 12px; color: #000000; margin: 8px; width: 187px; text-align: center;\"><span style=\"line-height: 21px; font-size: 14px;\">Num\u00e9ro d'article<\/span><\/td>\n<td style=\"font-family: Verdana, Arial, Helvetica, sans-serif; font-size: 12px; color: #000000; margin: 8px; width: 526px; text-align: center;\"><span style=\"line-height: 21px; font-size: 14px;\">P-H2005<\/span><\/td>\n<\/tr>\n<tr>\n<td style=\"font-family: Verdana, Arial, Helvetica, sans-serif; font-size: 12px; color: #000000; margin: 8px; width: 187px; text-align: center;\"><span style=\"line-height: 21px; color: #333333; font-family: Arial, Helvetica; font-size: 14px; font-style: normal; font-weight: 400; background-color: #ffffff; float: none; display: inline !important;\">Mat\u00e9riau<\/span><\/td>\n<td style=\"font-family: Verdana, Arial, Helvetica, sans-serif; font-size: 12px; color: #000000; margin: 8px; width: 526px; text-align: center;\"><span style=\"color: #333333; font-family: Helvetica,Tahoma,Arial; font-size: 12px; font-style: normal; font-weight: 400; background-color: #fcfcfc; display: inline !important; float: none;\">Tissu Oxford<\/span><\/td>\n<\/tr>\n<tr>\n<td style=\"font-family: Verdana, Arial, Helvetica, sans-serif; font-size: 12px; color: #000000; margin: 8px; width: 187px; text-align: center;\"><span style=\"line-height: 21px; font-size: 14px;\">\u00a0Taille<\/span><\/td>\n<td style=\"margin: 8px; width: 526px; text-align: center;\"><span style=\"color: #222222; font-family: Helvetica, Tahoma, Arial;\"><span style=\"font-size: 14px;\">Taille personnalis\u00e9e<\/span><\/span><\/td>\n<\/tr>\n<tr>\n<td style=\"font-family: Verdana, Arial, Helvetica, sans-serif; font-size: 12px; color: #000000; margin: 8px; width: 187px; text-align: center;\"><span style=\"line-height: 21px; font-size: 14px;\">\u00a0Couleur<\/span><\/td>\n<td style=\"font-family: Verdana, Arial, Helvetica, sans-serif; font-size: 12px; color: #000000; margin: 8px; width: 526px; text-align: center;\"><span style=\"font-size: 14px;\">Couleur personnalis\u00e9e<\/span><\/td>\n<\/tr>\n<tr>\n<td style=\"font-family: Verdana, Arial, Helvetica, sans-serif; font-size: 12px; color: #000000; margin: 8px; width: 187px; text-align: center;\"><span style=\"line-height: 21px; font-size: 14px;\">\u00a0<span style=\"line-height: 21px; color: #333333; font-family: Arial, Helvetica; font-size: 14px; font-style: normal; font-weight: 400; background-color: #ffffff; float: none; display: inline !important;\">Type d'animal<\/span><\/span><\/td>\n<td style=\"font-family: Verdana, Arial, Helvetica, sans-serif; font-size: 12px; color: #000000; margin: 8px; width: 526px; text-align: center;\"><span style=\"line-height: 21px; font-size: 14px;\">\u00a0Tous les chiens<\/span><\/td>\n<\/tr>\n<tr>\n<td style=\"font-family: Verdana, Arial, Helvetica, sans-serif; font-size: 12px; color: #000000; margin: 8px; width: 187px; text-align: center;\"><span style=\"line-height: 21px; font-size: 14px;\">\u00a0<span style=\"line-height: 21px; color: #333333; font-family: Arial, Helvetica; font-size: 14px; font-style: normal; font-weight: 400; background-color: #ffffff; float: none; display: inline !important;\">D\u00e9lai de livraison<\/span><\/span><\/td>\n<td style=\"font-family: Verdana, Arial, Helvetica, sans-serif; font-size: 12px; color: #000000; margin: 8px; width: 526px; text-align: center;\"><span style=\"line-height: 21px; font-size: 14px;\"><span style=\"line-height: 21px; color: #000000; font-family: Verdana, Arial, Helvetica, sans-serif; font-size: 14px; font-style: normal; font-weight: 400; background-color: #ffffff; float: none; display: inline !important;\">1-5 jours pour les petites quantit\u00e9s par voie a\u00e9rienne et 30-35 jours pour les grandes quantit\u00e9s par voie maritime.<\/span>\u00a0<\/span><\/td>\n<\/tr>\n<tr>\n<td style=\"font-family: Verdana, Arial, Helvetica, sans-serif; font-size: 12px; color: #000000; margin: 8px; width: 187px; text-align: center;\"><span style=\"line-height: 21px; font-size: 14px;\">\u00a0<span style=\"line-height: 21px; color: #333333; font-family: Arial, Helvetica; font-size: 14px; font-style: normal; font-weight: 400; background-color: #ffffff; float: none; display: inline !important;\">Port d'embarquement<\/span><\/span><\/td>\n<td style=\"font-family: Verdana, Arial, Helvetica, sans-serif; font-size: 12px; color: #000000; margin: 8px; width: 526px; text-align: center;\"><span style=\"line-height: 21px; font-size: 14px;\">Xiamen\u00a0<\/span><\/td>\n<\/tr>\n<tr>\n<td style=\"font-family: Verdana, Arial, Helvetica, sans-serif; font-size: 12px; color: #000000; margin: 8px; width: 187px; text-align: center;\"><span style=\"line-height: 21px; font-size: 14px;\">\u00a0<span style=\"line-height: 21px; color: #333333; font-family: Arial, Helvetica; font-size: 14px; font-style: normal; font-weight: 400; background-color: #ffffff; float: none; display: inline !important;\">OEM\/ODM<\/span><\/span><\/td>\n<td style=\"font-family: Verdana, Arial, Helvetica, sans-serif; font-size: 12px; color: #000000; margin: 8px; width: 526px; text-align: center;\"><span style=\"line-height: 21px; font-size: 14px;\">\u00a0<span style=\"line-height: 21px; color: #333333; font-family: Arial, Helvetica; font-size: 14px; font-style: normal; font-weight: 400; background-color: #ffffff; float: none; display: inline !important;\">Disponible<\/span><\/span><\/td>\n<\/tr>\n<tr>\n<td style=\"font-family: Verdana, Arial, Helvetica, sans-serif; font-size: 12px; color: #000000; margin: 8px; width: 187px; text-align: center;\"><span style=\"line-height: 21px; font-size: 14px;\">\u00a0<span style=\"line-height: 21px; color: #333333; font-family: Arial, Helvetica; font-size: 14px; font-style: normal; font-weight: 400; background-color: #ffffff; float: none; display: inline !important;\">Paquet<\/span><\/span><\/td>\n<td style=\"font-family: Verdana, Arial, Helvetica, sans-serif; font-size: 12px; color: #000000; margin: 8px; width: 526px; text-align: center;\"><span style=\"line-height: 21px; font-size: 14px;\"><span style=\"line-height: 21px; color: #333333; font-family: Arial, Helvetica; font-size: 14px; font-style: normal; font-weight: 400; background-color: #ffffff; float: none; display: inline !important;\">Chaque pi\u00e8ce est emball\u00e9e dans un PPB puis dans un carton ou selon les besoins.<\/span><\/span><\/td>\n<\/tr>\n<\/tbody>\n<\/table>\n<p data-immersive-translate-walked=\"e7004b1f-2e8f-4436-a121-9fbf271e51c9\" data-immersive-translate-paragraph=\"1\">Con\u00e7u pour une circulation d'air et un ajustement optimaux, notre harnais pour chien assure un ajustement confortable \u00e0 votre ami \u00e0 fourrure.<\/p>\n<p data-immersive-translate-walked=\"e7004b1f-2e8f-4436-a121-9fbf271e51c9\" data-immersive-translate-paragraph=\"1\">Am\u00e9liorez l'exp\u00e9rience de promenade de votre animal de compagnie gr\u00e2ce \u00e0 cet appareil de haute qualit\u00e9 et fonctionnel. <span style=\"color: #ff0000;\"><a style=\"color: #ff0000;\" href=\"https:\/\/pecpets.com\/fr\/categorie-de-produits\/pet-harness\/\" target=\"_blank\" rel=\"noopener\">ensemble de harnais<\/a><\/span>.<\/p>\n<p data-immersive-translate-walked=\"e7004b1f-2e8f-4436-a121-9fbf271e51c9\" data-immersive-translate-paragraph=\"1\">Faites le plein de ces harnais respirants pour chiens pour tous vos besoins de vente en gros d\u00e8s aujourd'hui !<span class=\"notranslate immersive-translate-target-wrapper\" lang=\"zh-CN\" translate=\"no\" data-immersive-translate-loading-id=\"1\">\u00a0<\/span><\/p>","protected":false},"excerpt":{"rendered":"<h2><strong><b>Wholesale Breathable Dog Harness Set<\/b><\/strong><\/h2>\n<p>D\u00e9couvrez l'ensemble de harnais respirant pour chien.<\/p>\n<p>Gardez vos animaux de compagnie \u00e9l\u00e9gants gr\u00e2ce \u00e0 nos mod\u00e8les de haute qualit\u00e9.<\/p>","protected":false},"featured_media":2824,"template":"","meta":{"_seopress_robots_primary_cat":"none","_seopress_titles_title":"Breathable Dog Harness Set - Professional Manufacturers","_seopress_titles_desc":"Discover adjustable, breathable dog harness set. Our high-quality dog harnesses provide comfort and security. Shop wholesale directly from the factory.\u00a0","_seopress_robots_index":"","_seopress_analysis_target_kw":"Breathable Dog Harness Set","_uag_custom_page_level_css":""},"product_brand":[],"product_cat":[352,212],"product_tag":[],"class_list":{"0":"post-2813","1":"product","2":"type-product","3":"status-publish","4":"has-post-thumbnail","6":"product_cat-adjustable-dog-harnesses","7":"product_cat-pet-harness","9":"first","10":"instock","11":"shipping-taxable","12":"product-type-simple"},"uagb_featured_image_src":{"full":["https:\/\/pecpets.com\/wp-content\/uploads\/2023\/08\/\u8be6\u60c5-02.jpg",750,471,false],"thumbnail":["https:\/\/pecpets.com\/wp-content\/uploads\/2023\/08\/\u8be6\u60c5-02.jpg",150,94,false],"medium":["https:\/\/pecpets.com\/wp-content\/uploads\/2023\/08\/\u8be6\u60c5-02.jpg",300,188,false],"medium_large":["https:\/\/pecpets.com\/wp-content\/uploads\/2023\/08\/\u8be6\u60c5-02.jpg",750,471,false],"large":["https:\/\/pecpets.com\/wp-content\/uploads\/2023\/08\/\u8be6\u60c5-02.jpg",750,471,false],"1536x1536":["https:\/\/pecpets.com\/wp-content\/uploads\/2023\/08\/\u8be6\u60c5-02.jpg",750,471,false],"2048x2048":["https:\/\/pecpets.com\/wp-content\/uploads\/2023\/08\/\u8be6\u60c5-02.jpg",750,471,false],"trp-custom-language-flag":["https:\/\/pecpets.com\/wp-content\/uploads\/2023\/08\/\u8be6\u60c5-02.jpg",18,12,false],"woocommerce_thumbnail":["https:\/\/pecpets.com\/wp-content\/uploads\/2023\/08\/\u8be6\u60c5-02-300x300.jpg",300,300,true],"woocommerce_single":["https:\/\/pecpets.com\/wp-content\/uploads\/2023\/08\/\u8be6\u60c5-02.jpg",600,377,false],"woocommerce_gallery_thumbnail":["https:\/\/pecpets.com\/wp-content\/uploads\/2023\/08\/\u8be6\u60c5-02-100x100.jpg",100,100,true]},"uagb_author_info":{"display_name":"Lawrence\u00a0\u52b3\u4f26\u65af","author_link":"https:\/\/pecpets.com\/fr\/author\/"},"uagb_comment_info":0,"uagb_excerpt":"Wholesale Breathable Dog Harness Set Discover Breathable Dog Harness Set. Keep your pets stylish with our high-quality designs.","_links":{"self":[{"href":"https:\/\/pecpets.com\/fr\/wp-json\/wp\/v2\/product\/2813","targetHints":{"allow":["GET"]}}],"collection":[{"href":"https:\/\/pecpets.com\/fr\/wp-json\/wp\/v2\/product"}],"about":[{"href":"https:\/\/pecpets.com\/fr\/wp-json\/wp\/v2\/types\/product"}],"wp:featuredmedia":[{"embeddable":true,"href":"https:\/\/pecpets.com\/fr\/wp-json\/wp\/v2\/media\/2824"}],"wp:attachment":[{"href":"https:\/\/pecpets.com\/fr\/wp-json\/wp\/v2\/media?parent=2813"}],"wp:term":[{"taxonomy":"product_brand","embeddable":true,"href":"https:\/\/pecpets.com\/fr\/wp-json\/wp\/v2\/product_brand?post=2813"},{"taxonomy":"product_cat","embeddable":true,"href":"https:\/\/pecpets.com\/fr\/wp-json\/wp\/v2\/product_cat?post=2813"},{"taxonomy":"product_tag","embeddable":true,"href":"https:\/\/pecpets.com\/fr\/wp-json\/wp\/v2\/product_tag?post=2813"}],"curies":[{"name":"wp","href":"https:\/\/api.w.org\/{rel}","templated":true}]}}