{"id":3183,"date":"2023-09-01T15:07:13","date_gmt":"2023-09-01T07:07:13","guid":{"rendered":"https:\/\/pecpets.com\/?post_type=product&#038;p=3183"},"modified":"2025-08-19T14:47:03","modified_gmt":"2025-08-19T06:47:03","slug":"dog-outdoor-windbreaker-jacket","status":"publish","type":"product","link":"https:\/\/pecpets.com\/fr\/product\/dog-outdoor-windbreaker-jacket\/","title":{"rendered":"Veste coupe-vent pour chien"},"content":{"rendered":"<h2><strong>Wholesale Factory Pet Apparel - Veste coupe-vent durable pour chien d'ext\u00e9rieur<\/strong><\/h2>\n<p data-immersive-translate-walked=\"e7004b1f-2e8f-4436-a121-9fbf271e51c9\" data-immersive-translate-paragraph=\"1\">D\u00e9couvrez la protection ultime pour votre ami \u00e0 fourrure avec la collection de vestes pour chiens de notre usine de vente en gros.<\/p>\n<table width=\"288\">\n<tbody>\n<tr>\n<td width=\"137\"><span style=\"color: #333333;\">Nom du produit<\/span><\/td>\n<td width=\"151\"><span style=\"color: #333333;\">V\u00eatements pour animaux<\/span><\/td>\n<\/tr>\n<tr>\n<td><span style=\"color: #333333;\">Num\u00e9ro d'article<\/span><\/td>\n<td><span style=\"color: #333333;\">P-C2097<\/span><\/td>\n<\/tr>\n<tr>\n<td><span style=\"color: #333333;\">Mat\u00e9riau<\/span><\/td>\n<td>Coton, polyester, polaire<\/td>\n<\/tr>\n<tr>\n<td><span style=\"color: #333333;\">\u00a0Taille et couleur<\/span><\/td>\n<td><span style=\"color: #333333;\">Sur mesure<\/span><\/td>\n<\/tr>\n<tr>\n<td><span style=\"color: #333333;\">\u00a0D\u00e9lai de livraison<\/span><\/td>\n<td><span style=\"color: #333333;\">1 \u00e0 5 jours pour les petites quantit\u00e9s par voie a\u00e9rienne et 30 \u00e0 35 jours pour les grandes quantit\u00e9s par voie maritime.<\/span><\/td>\n<\/tr>\n<\/tbody>\n<\/table>\n<p data-immersive-translate-walked=\"e7004b1f-2e8f-4436-a121-9fbf271e51c9\" data-immersive-translate-paragraph=\"1\">Voici notre veste coupe-vent d'ext\u00e9rieur r\u00e9sistante et coupe-vent, con\u00e7ue pour que votre animal de compagnie soit \u00e0 l'aise et \u00e9l\u00e9gant quelles que soient les conditions m\u00e9t\u00e9orologiques.<\/p>\n<p data-immersive-translate-walked=\"e7004b1f-2e8f-4436-a121-9fbf271e51c9\" data-immersive-translate-paragraph=\"1\">Am\u00e9liorez les aventures en plein air de votre animal de compagnie gr\u00e2ce \u00e0 cette pi\u00e8ce de haute qualit\u00e9 en acier inoxydable. <span style=\"color: #ff0000;\"><a style=\"color: #ff0000;\" href=\"https:\/\/pecpets.com\/fr\/categorie-de-produits\/pet-clothing\/\" target=\"_blank\" rel=\"noopener\">v\u00eatements pour animaux de compagnie<\/a><\/span>.<\/p>\n<p data-immersive-translate-walked=\"e7004b1f-2e8f-4436-a121-9fbf271e51c9\" data-immersive-translate-paragraph=\"1\">Faites le plein de ces vestes pour tous vos besoins en gros d\u00e8s aujourd'hui !<\/p>","protected":false},"excerpt":{"rendered":"<h2>Wholesale Dog Outdoor Windbreaker Jacket<\/h2>\n<p>Discover Dog Outdoor Windbreaker Jacket.<\/p>\n<p>Gardez vos animaux de compagnie \u00e9l\u00e9gants gr\u00e2ce \u00e0 nos mod\u00e8les de haute qualit\u00e9.<\/p>","protected":false},"featured_media":3191,"template":"","meta":{"_seopress_robots_primary_cat":"none","_seopress_titles_title":"Dog Outdoor Windbreaker Jacket - Pet Product Manufacturers","_seopress_titles_desc":"Our Dog Outdoor Windbreaker Jacket offers windproof durability. This pet apparel ensures comfort and protection. Available at wholesale factory prices.\u00a0","_seopress_robots_index":"","_uag_custom_page_level_css":""},"product_brand":[],"product_cat":[364,341,23],"product_tag":[],"class_list":{"0":"post-3183","1":"product","2":"type-product","3":"status-publish","4":"has-post-thumbnail","6":"product_cat-basic-dog-clothing","7":"product_cat-dog-jacket","8":"product_cat-pet-clothing","10":"first","11":"instock","12":"shipping-taxable","13":"product-type-simple"},"uagb_featured_image_src":{"full":["https:\/\/pecpets.com\/wp-content\/uploads\/2023\/09\/1-3.jpg",1000,1000,false],"thumbnail":["https:\/\/pecpets.com\/wp-content\/uploads\/2023\/09\/1-3.jpg",150,150,false],"medium":["https:\/\/pecpets.com\/wp-content\/uploads\/2023\/09\/1-3.jpg",300,300,false],"medium_large":["https:\/\/pecpets.com\/wp-content\/uploads\/2023\/09\/1-3.jpg",768,768,false],"large":["https:\/\/pecpets.com\/wp-content\/uploads\/2023\/09\/1-3.jpg",800,800,false],"1536x1536":["https:\/\/pecpets.com\/wp-content\/uploads\/2023\/09\/1-3.jpg",1000,1000,false],"2048x2048":["https:\/\/pecpets.com\/wp-content\/uploads\/2023\/09\/1-3.jpg",1000,1000,false],"trp-custom-language-flag":["https:\/\/pecpets.com\/wp-content\/uploads\/2023\/09\/1-3.jpg",12,12,false],"woocommerce_thumbnail":["https:\/\/pecpets.com\/wp-content\/uploads\/2023\/09\/1-3.jpg",300,300,false],"woocommerce_single":["https:\/\/pecpets.com\/wp-content\/uploads\/2023\/09\/1-3.jpg",600,600,false],"woocommerce_gallery_thumbnail":["https:\/\/pecpets.com\/wp-content\/uploads\/2023\/09\/1-3.jpg",100,100,false]},"uagb_author_info":{"display_name":"Lawrence\u00a0\u52b3\u4f26\u65af","author_link":"https:\/\/pecpets.com\/fr\/author\/"},"uagb_comment_info":0,"uagb_excerpt":"Wholesale Dog Outdoor Windbreaker Jacket Discover Dog Outdoor Windbreaker Jacket. Keep your pets stylish with our high-quality designs.","_links":{"self":[{"href":"https:\/\/pecpets.com\/fr\/wp-json\/wp\/v2\/product\/3183","targetHints":{"allow":["GET"]}}],"collection":[{"href":"https:\/\/pecpets.com\/fr\/wp-json\/wp\/v2\/product"}],"about":[{"href":"https:\/\/pecpets.com\/fr\/wp-json\/wp\/v2\/types\/product"}],"wp:featuredmedia":[{"embeddable":true,"href":"https:\/\/pecpets.com\/fr\/wp-json\/wp\/v2\/media\/3191"}],"wp:attachment":[{"href":"https:\/\/pecpets.com\/fr\/wp-json\/wp\/v2\/media?parent=3183"}],"wp:term":[{"taxonomy":"product_brand","embeddable":true,"href":"https:\/\/pecpets.com\/fr\/wp-json\/wp\/v2\/product_brand?post=3183"},{"taxonomy":"product_cat","embeddable":true,"href":"https:\/\/pecpets.com\/fr\/wp-json\/wp\/v2\/product_cat?post=3183"},{"taxonomy":"product_tag","embeddable":true,"href":"https:\/\/pecpets.com\/fr\/wp-json\/wp\/v2\/product_tag?post=3183"}],"curies":[{"name":"wp","href":"https:\/\/api.w.org\/{rel}","templated":true}]}}