{"id":3668,"date":"2023-09-05T18:00:21","date_gmt":"2023-09-05T10:00:21","guid":{"rendered":"https:\/\/pecpets.com\/?post_type=product&#038;p=3668"},"modified":"2024-06-13T11:45:00","modified_gmt":"2024-06-13T03:45:00","slug":"dog-apparel-pet-clothes","status":"publish","type":"product","link":"https:\/\/pecpets.com\/fr\/product\/dog-apparel-pet-clothes\/","title":{"rendered":"V\u00eatements pour chiens V\u00eatements pour animaux"},"content":{"rendered":"<h2 data-immersive-translate-walked=\"4d8d5f5d-02b7-4704-85e3-4753af6287a1\">Factory Wholesale Waterproof Pet Apparel - Dog Apparel Pet Clothes<\/h2>\n<p data-immersive-translate-walked=\"4d8d5f5d-02b7-4704-85e3-4753af6287a1\" data-immersive-translate-paragraph=\"1\">D\u00e9couvrez notre collection de v\u00eatements de base pour chiens et animaux de compagnie, con\u00e7us pour le style et la fonctionnalit\u00e9.<\/p>\n<p data-immersive-translate-walked=\"4d8d5f5d-02b7-4704-85e3-4753af6287a1\" data-immersive-translate-paragraph=\"1\">Nos v\u00eatements imperm\u00e9ables pour chiens permettent \u00e0 vos amis \u00e0 fourrure de rester au sec et \u00e0 l'aise par tous les temps.<\/p>\n<p data-immersive-translate-walked=\"4d8d5f5d-02b7-4704-85e3-4753af6287a1\" data-immersive-translate-paragraph=\"1\">Explorez nos options de vente en gros pour des v\u00eatements pour animaux de qualit\u00e9 sup\u00e9rieure qui sont \u00e0 la fois \u00e0 la mode et pratiques.<\/p>\n<p data-immersive-translate-walked=\"4d8d5f5d-02b7-4704-85e3-4753af6287a1\" data-immersive-translate-paragraph=\"1\">Am\u00e9liorez la garde-robe des animaux de compagnie de vos clients gr\u00e2ce \u00e0 nos v\u00eatements pour chiens et animaux de compagnie de haute qualit\u00e9 fabriqu\u00e9s en usine.<\/p>","protected":false},"excerpt":{"rendered":"<h3>V\u00eatements pour chiens V\u00eatements pour animaux<\/h3>\n<p><img fetchpriority=\"high\" decoding=\"async\" class=\"size-full wp-image-3669\" src=\"https:\/\/pecpets.com\/wp-content\/uploads\/2023\/09\/Main-05-16.jpg\" alt=\"v\u00eatements pour animaux de compagnie, chiens et glaci\u00e8res (copie)\" width=\"750\" height=\"750\" \/><\/p>","protected":false},"featured_media":3670,"template":"","meta":{"_seopress_robots_primary_cat":"none","_seopress_titles_title":"Pet Apparel: Dog Apparel Pet Clothes - Top Manufacturers","_seopress_titles_desc":"Discover dog apparel pet clothes, comfortable and durable pet costumes available for wholesale. Ideal for B2B buyers seeking quality dog apparel.","_seopress_robots_index":"","_uag_custom_page_level_css":""},"product_brand":[],"product_cat":[23],"product_tag":[],"class_list":{"0":"post-3668","1":"product","2":"type-product","3":"status-publish","4":"has-post-thumbnail","6":"product_cat-pet-clothing","8":"first","9":"instock","10":"shipping-taxable","11":"product-type-simple"},"uagb_featured_image_src":{"full":["https:\/\/pecpets.com\/wp-content\/uploads\/2023\/09\/Main-01-8.jpg",750,750,false],"thumbnail":["https:\/\/pecpets.com\/wp-content\/uploads\/2023\/09\/Main-01-8.jpg",150,150,false],"medium":["https:\/\/pecpets.com\/wp-content\/uploads\/2023\/09\/Main-01-8.jpg",300,300,false],"medium_large":["https:\/\/pecpets.com\/wp-content\/uploads\/2023\/09\/Main-01-8.jpg",750,750,false],"large":["https:\/\/pecpets.com\/wp-content\/uploads\/2023\/09\/Main-01-8.jpg",750,750,false],"1536x1536":["https:\/\/pecpets.com\/wp-content\/uploads\/2023\/09\/Main-01-8.jpg",750,750,false],"2048x2048":["https:\/\/pecpets.com\/wp-content\/uploads\/2023\/09\/Main-01-8.jpg",750,750,false],"trp-custom-language-flag":["https:\/\/pecpets.com\/wp-content\/uploads\/2023\/09\/Main-01-8.jpg",12,12,false],"woocommerce_thumbnail":["https:\/\/pecpets.com\/wp-content\/uploads\/2023\/09\/Main-01-8.jpg",300,300,false],"woocommerce_single":["https:\/\/pecpets.com\/wp-content\/uploads\/2023\/09\/Main-01-8.jpg",600,600,false],"woocommerce_gallery_thumbnail":["https:\/\/pecpets.com\/wp-content\/uploads\/2023\/09\/Main-01-8.jpg",100,100,false]},"uagb_author_info":{"display_name":"Lawrence\u00a0\u52b3\u4f26\u65af","author_link":"https:\/\/pecpets.com\/fr\/author\/"},"uagb_comment_info":0,"uagb_excerpt":"Dog Apparel Pet Clothes","_links":{"self":[{"href":"https:\/\/pecpets.com\/fr\/wp-json\/wp\/v2\/product\/3668","targetHints":{"allow":["GET"]}}],"collection":[{"href":"https:\/\/pecpets.com\/fr\/wp-json\/wp\/v2\/product"}],"about":[{"href":"https:\/\/pecpets.com\/fr\/wp-json\/wp\/v2\/types\/product"}],"wp:featuredmedia":[{"embeddable":true,"href":"https:\/\/pecpets.com\/fr\/wp-json\/wp\/v2\/media\/3670"}],"wp:attachment":[{"href":"https:\/\/pecpets.com\/fr\/wp-json\/wp\/v2\/media?parent=3668"}],"wp:term":[{"taxonomy":"product_brand","embeddable":true,"href":"https:\/\/pecpets.com\/fr\/wp-json\/wp\/v2\/product_brand?post=3668"},{"taxonomy":"product_cat","embeddable":true,"href":"https:\/\/pecpets.com\/fr\/wp-json\/wp\/v2\/product_cat?post=3668"},{"taxonomy":"product_tag","embeddable":true,"href":"https:\/\/pecpets.com\/fr\/wp-json\/wp\/v2\/product_tag?post=3668"}],"curies":[{"name":"wp","href":"https:\/\/api.w.org\/{rel}","templated":true}]}}