{"id":5059,"date":"2024-04-30T14:04:01","date_gmt":"2024-04-30T06:04:01","guid":{"rendered":"https:\/\/pecpets.com\/?post_type=product&#038;p=5059"},"modified":"2024-10-29T15:41:10","modified_gmt":"2024-10-29T07:41:10","slug":"cartoon-summer-breathable-pet-bed","status":"publish","type":"product","link":"https:\/\/pecpets.com\/fr\/product\/cartoon-summer-breathable-pet-bed\/","title":{"rendered":"Lit d'\u00e9t\u00e9 respirant pour animaux de compagnie"},"content":{"rendered":"<div class=\"elementor-element elementor-element-f148377 elementor-widget elementor-widget-woocommerce-product-content\" data-id=\"f148377\" data-element_type=\"widget\" data-widget_type=\"woocommerce-product-content.default\">\n<div class=\"elementor-widget-container\">\n<h2>Cartoon Summer Breathable <span style=\"color: #ff0000;\"><a style=\"color: #ff0000;\" href=\"https:\/\/pecpets.com\/fr\/categorie-de-produits\/pet-bed\/\" target=\"_blank\" rel=\"noopener\">Lit pour animaux de compagnie<\/a><\/span><\/h2>\n<p>\ud83d\udc96LE PROTECTEUR DE MEUBLES LE PLUS CONFORTABLE AU MONDE, 100% SANS D\u00c9G\u00c2TS. GARANTI.\ud83d\udc36 \ud83d\udc31<br \/>\n\ud83d\udc8e Prot\u00e8ge vos meubles tout en restant confortable<br \/>\n\ud83d\udc8e Mati\u00e8re confortable pour animaux de compagnie<br \/>\nCouchage sans air instantan\u00e9<br \/>\n\ud83d\udc8e Housse amovible lavable en machine<\/p>\n<p>Taille S Dimensions :<br \/>\n45 x 35CM<\/p>\n<p>Taille M Dimensions :<br \/>\n55x 40CM<\/p>\n<p>Taille L Dimensions :<br \/>\n65 x 50CM<\/p>\n<p>Taille XL Dimensions :<br \/>\n80 x60CM<\/p>\n<p>POURQUOI TOUS LES PROPRI\u00c9TAIRES DE CHIENS ONT BESOIN D'UN PROTECTEUR DE MEUBLES APAISANT ?<\/p>\n<p>\u2714\ufe0f CONFORT ET SOUTIEN ARTICULAIRE IN\u00c9GAL\u00c9S<br \/>\nLe rembourrage g\u00e9n\u00e9reux offre un excellent soutien et permet au chien de se blottir et de se sentir en s\u00e9curit\u00e9. Contrairement \u00e0 d'autres lits pour chiens bon march\u00e9, nos traversins de qualit\u00e9 sup\u00e9rieure sont bien fix\u00e9s et ne tombent pas...<br \/>\nLa fourrure sofe cr\u00e9e un sentiment de s\u00e9curit\u00e9 et active le syst\u00e8me nerveux de mani\u00e8re positive, ce qui permet \u00e0 vos enfants \u00e0 fourrure de se calmer plus rapidement, de se d\u00e9tendre plus facilement et de dormir plus profond\u00e9ment.<\/p>\n<table style=\"border-collapse: collapse; background-color: #ffffff; width: 335px; height: 242px;\" border=\"1\">\n<tbody>\n<tr>\n<td style=\"font-family: Verdana, Arial, Helvetica, sans-serif; font-size: 12px; color: #000000; margin: 8px; width: 187px; text-align: center;\"><span style=\"line-height: 21px; font-size: 14px;\">Nom des produits<\/span><\/td>\n<td style=\"font-family: Verdana, Arial, Helvetica, sans-serif; font-size: 12px; color: #000000; margin: 8px; width: 526px; text-align: center;\">Lit pour animaux de compagnie<\/td>\n<\/tr>\n<tr>\n<td style=\"font-family: Verdana, Arial, Helvetica, sans-serif; font-size: 12px; color: #000000; margin: 8px; width: 187px; text-align: center;\"><span style=\"line-height: 21px; font-size: 14px;\">Num\u00e9ro d'article<\/span><\/td>\n<td style=\"font-family: Verdana, Arial, Helvetica, sans-serif; font-size: 12px; color: #000000; margin: 8px; width: 526px; text-align: center;\"><span style=\"line-height: 21px; font-size: 14px;\">P-B2004<\/span><\/td>\n<\/tr>\n<tr>\n<td style=\"font-family: Verdana, Arial, Helvetica, sans-serif; font-size: 12px; color: #000000; margin: 8px; width: 187px; text-align: center;\"><span style=\"line-height: 21px; color: #333333; font-family: Arial, Helvetica; font-size: 14px; font-style: normal; font-weight: 400; background-color: #ffffff; float: none; display: inline !important;\">Mat\u00e9riau<\/span><\/td>\n<td style=\"font-family: Verdana, Arial, Helvetica, sans-serif; font-size: 12px; color: #000000; margin: 8px; width: 526px; text-align: center;\"><span style=\"color: #151515; font-family: Arial,Helvetica,sans-serif; font-size: 14px; font-style: normal; font-weight: 400; text-align: left; display: inline !important; float: none;\">Polaire corail<\/span><\/td>\n<\/tr>\n<tr>\n<td style=\"font-family: Verdana, Arial, Helvetica, sans-serif; font-size: 12px; color: #000000; margin: 8px; width: 187px; text-align: center;\"><span style=\"line-height: 21px; font-size: 14px;\">\u00a0Taille<\/span><\/td>\n<td style=\"font-family: Verdana, Arial, Helvetica, sans-serif; font-size: 12px; color: #000000; margin: 8px; width: 526px; text-align: center;\"><span style=\"font-size: 14px;\">Taille personnalis\u00e9e<\/span><\/td>\n<\/tr>\n<tr>\n<td style=\"font-family: Verdana, Arial, Helvetica, sans-serif; font-size: 12px; color: #000000; margin: 8px; width: 187px; text-align: center;\"><span style=\"line-height: 21px; font-size: 14px;\">\u00a0Couleur<\/span><\/td>\n<td style=\"font-family: Verdana, Arial, Helvetica, sans-serif; font-size: 12px; color: #000000; margin: 8px; width: 526px; text-align: center;\"><span style=\"color: #000000; font-family: Verdana, Arial, Helvetica, sans-serif; font-size: 14px; font-style: normal; font-weight: 400; text-align: center; background-color: #ffffff; float: none; display: inline !important;\">Couleur personnalis\u00e9e<\/span><\/td>\n<\/tr>\n<tr>\n<td style=\"font-family: Verdana, Arial, Helvetica, sans-serif; font-size: 12px; color: #000000; margin: 8px; width: 187px; text-align: center;\"><span style=\"line-height: 21px; font-size: 14px;\">\u00a0<span style=\"line-height: 21px; color: #333333; font-family: Arial, Helvetica; font-size: 14px; font-style: normal; font-weight: 400; background-color: #ffffff; float: none; display: inline !important;\">Type d'animal<\/span><\/span><\/td>\n<td style=\"font-family: Verdana, Arial, Helvetica, sans-serif; font-size: 12px; color: #000000; margin: 8px; width: 526px; text-align: center;\"><span style=\"line-height: 21px; font-size: 14px;\">\u00a0Tous les chiens<\/span><\/td>\n<\/tr>\n<tr>\n<td style=\"font-family: Verdana, Arial, Helvetica, sans-serif; font-size: 12px; color: #000000; margin: 8px; width: 187px; text-align: center;\"><span style=\"line-height: 21px; font-size: 14px;\">\u00a0<span style=\"line-height: 21px; color: #333333; font-family: Arial, Helvetica; font-size: 14px; font-style: normal; font-weight: 400; background-color: #ffffff; float: none; display: inline !important;\">D\u00e9lai de livraison<\/span><\/span><\/td>\n<td style=\"font-family: Verdana, Arial, Helvetica, sans-serif; font-size: 12px; color: #000000; margin: 8px; width: 526px; text-align: center;\"><span style=\"line-height: 21px; font-size: 14px;\"><span style=\"line-height: 21px; color: #000000; font-family: Verdana, Arial, Helvetica, sans-serif; font-size: 14px; font-style: normal; font-weight: 400; background-color: #ffffff; float: none; display: inline !important;\">1-5 jours pour les petites quantit\u00e9s par voie a\u00e9rienne et 30-35 jours pour les grandes quantit\u00e9s par voie maritime.<\/span>\u00a0<\/span><\/td>\n<\/tr>\n<tr>\n<td style=\"font-family: Verdana, Arial, Helvetica, sans-serif; font-size: 12px; color: #000000; margin: 8px; width: 187px; text-align: center;\"><span style=\"line-height: 21px; font-size: 14px;\">\u00a0<span style=\"line-height: 21px; color: #333333; font-family: Arial, Helvetica; font-size: 14px; font-style: normal; font-weight: 400; background-color: #ffffff; float: none; display: inline !important;\">Port d'embarquement<\/span><\/span><\/td>\n<td style=\"font-family: Verdana, Arial, Helvetica, sans-serif; font-size: 12px; color: #000000; margin: 8px; width: 526px; text-align: center;\"><span style=\"line-height: 21px; font-size: 14px;\">Xiamen\u00a0<\/span><\/td>\n<\/tr>\n<tr>\n<td style=\"font-family: Verdana, Arial, Helvetica, sans-serif; font-size: 12px; color: #000000; margin: 8px; width: 187px; text-align: center;\"><span style=\"line-height: 21px; font-size: 14px;\">\u00a0<span style=\"line-height: 21px; color: #333333; font-family: Arial, Helvetica; font-size: 14px; font-style: normal; font-weight: 400; background-color: #ffffff; float: none; display: inline !important;\">OEM\/ODM<\/span><\/span><\/td>\n<td style=\"font-family: Verdana, Arial, Helvetica, sans-serif; font-size: 12px; color: #000000; margin: 8px; width: 526px; text-align: center;\"><span style=\"line-height: 21px; font-size: 14px;\">\u00a0<span style=\"line-height: 21px; color: #333333; font-family: Arial, Helvetica; font-size: 14px; font-style: normal; font-weight: 400; background-color: #ffffff; float: none; display: inline !important;\">Disponible<\/span><\/span><\/td>\n<\/tr>\n<tr>\n<td style=\"font-family: Verdana, Arial, Helvetica, sans-serif; font-size: 12px; color: #000000; margin: 8px; width: 187px; text-align: center;\"><span style=\"line-height: 21px; font-size: 14px;\">\u00a0<span style=\"line-height: 21px; color: #333333; font-family: Arial, Helvetica; font-size: 14px; font-style: normal; font-weight: 400; background-color: #ffffff; float: none; display: inline !important;\">Paquet<\/span><\/span><\/td>\n<td style=\"font-family: Verdana, Arial, Helvetica, sans-serif; font-size: 12px; color: #000000; margin: 8px; width: 526px; text-align: center;\"><span style=\"line-height: 21px; font-size: 14px;\"><span style=\"line-height: 21px; color: #333333; font-family: Arial, Helvetica; font-size: 14px; font-style: normal; font-weight: 400; background-color: #ffffff; float: none; display: inline !important;\">Chaque pi\u00e8ce est emball\u00e9e dans un PPB puis dans un carton ou selon les besoins.<\/span><\/span><\/td>\n<\/tr>\n<\/tbody>\n<\/table>\n<p>\ud83d\udcd0Size Guide<br \/>\n- Veuillez choisir la taille en fonction de la fa\u00e7on dont votre chien dort, par exemple, enroul\u00e9 ou \u00e9tal\u00e9.<br \/>\n- Veuillez tenir compte d'une erreur de 3 \u00e0 4 cm pour chaque taille, car ces articles sont fabriqu\u00e9s \u00e0 la main.<br \/>\nBien que nous fassions de notre mieux pour les dimensionner avec pr\u00e9cision, les tailles peuvent diff\u00e9rer l\u00e9g\u00e8rement.<\/p>\n<\/div>\n<\/div>","protected":false},"excerpt":{"rendered":"<div class=\"elementor-element elementor-element-36a3285 elementor-widget elementor-widget-woocommerce-product-title elementor-page-title elementor-widget-heading\" data-id=\"36a3285\" data-element_type=\"widget\" data-widget_type=\"woocommerce-product-title.default\">\n<div class=\"elementor-widget-container\">\n<div class=\"elementor-element elementor-element-36a3285 elementor-widget elementor-widget-woocommerce-product-title elementor-page-title elementor-widget-heading\" data-id=\"36a3285\" data-element_type=\"widget\" data-widget_type=\"woocommerce-product-title.default\">\n<div class=\"elementor-widget-container\">\n<h2><strong><b>Wholesale Cartoon Summer Breathable Pet Bed (lit d'\u00e9t\u00e9 respirant pour animaux de compagnie)<\/b><\/strong><\/h2>\n<p>D\u00e9couvrez Cartoon Summer Breathable Pet Bed.<\/p>\n<p>Gardez vos animaux de compagnie \u00e9l\u00e9gants gr\u00e2ce \u00e0 nos mod\u00e8les de haute qualit\u00e9.<\/p>\n<\/div>\n<\/div>\n<\/div>\n<\/div>","protected":false},"featured_media":5064,"template":"","meta":{"_seopress_robots_primary_cat":"none","_seopress_titles_title":"Cartoon Summer Breathable Pet Bed - Top Manufaccturer","_seopress_titles_desc":"Shop our cartoon summer breathable pet bed. Cooling, washable, and factory-direct, it ensures your pets stay comfortable and refreshed. Perfect for B2B buyers!","_seopress_robots_index":"","_uag_custom_page_level_css":""},"product_brand":[],"product_cat":[348,22],"product_tag":[71,69],"class_list":{"0":"post-5059","1":"product","2":"type-product","3":"status-publish","4":"has-post-thumbnail","6":"product_cat-chew-resistant-dog-beds","7":"product_cat-pet-bed","8":"product_tag-cat-bed","9":"product_tag-dog-bed","11":"first","12":"instock","13":"shipping-taxable","14":"product-type-simple"},"uagb_featured_image_src":{"full":["https:\/\/pecpets.com\/wp-content\/uploads\/2024\/04\/Cartoon-Summer-Breathable-Pet-Bed3.webp",750,725,false],"thumbnail":["https:\/\/pecpets.com\/wp-content\/uploads\/2024\/04\/Cartoon-Summer-Breathable-Pet-Bed3.webp",150,145,false],"medium":["https:\/\/pecpets.com\/wp-content\/uploads\/2024\/04\/Cartoon-Summer-Breathable-Pet-Bed3.webp",300,290,false],"medium_large":["https:\/\/pecpets.com\/wp-content\/uploads\/2024\/04\/Cartoon-Summer-Breathable-Pet-Bed3.webp",750,725,false],"large":["https:\/\/pecpets.com\/wp-content\/uploads\/2024\/04\/Cartoon-Summer-Breathable-Pet-Bed3.webp",750,725,false],"1536x1536":["https:\/\/pecpets.com\/wp-content\/uploads\/2024\/04\/Cartoon-Summer-Breathable-Pet-Bed3.webp",750,725,false],"2048x2048":["https:\/\/pecpets.com\/wp-content\/uploads\/2024\/04\/Cartoon-Summer-Breathable-Pet-Bed3.webp",750,725,false],"trp-custom-language-flag":["https:\/\/pecpets.com\/wp-content\/uploads\/2024\/04\/Cartoon-Summer-Breathable-Pet-Bed3.webp",12,12,false],"woocommerce_thumbnail":["https:\/\/pecpets.com\/wp-content\/uploads\/2024\/04\/Cartoon-Summer-Breathable-Pet-Bed3-300x300.webp",300,300,true],"woocommerce_single":["https:\/\/pecpets.com\/wp-content\/uploads\/2024\/04\/Cartoon-Summer-Breathable-Pet-Bed3.webp",600,580,false],"woocommerce_gallery_thumbnail":["https:\/\/pecpets.com\/wp-content\/uploads\/2024\/04\/Cartoon-Summer-Breathable-Pet-Bed3-100x100.webp",100,100,true]},"uagb_author_info":{"display_name":"Lawrence\u00a0\u52b3\u4f26\u65af","author_link":"https:\/\/pecpets.com\/fr\/author\/"},"uagb_comment_info":0,"uagb_excerpt":"Wholesale Cartoon Summer Breathable Pet Bed Discover Cartoon Summer Breathable Pet Bed. Keep your pets stylish with our high-quality designs.","_links":{"self":[{"href":"https:\/\/pecpets.com\/fr\/wp-json\/wp\/v2\/product\/5059","targetHints":{"allow":["GET"]}}],"collection":[{"href":"https:\/\/pecpets.com\/fr\/wp-json\/wp\/v2\/product"}],"about":[{"href":"https:\/\/pecpets.com\/fr\/wp-json\/wp\/v2\/types\/product"}],"wp:featuredmedia":[{"embeddable":true,"href":"https:\/\/pecpets.com\/fr\/wp-json\/wp\/v2\/media\/5064"}],"wp:attachment":[{"href":"https:\/\/pecpets.com\/fr\/wp-json\/wp\/v2\/media?parent=5059"}],"wp:term":[{"taxonomy":"product_brand","embeddable":true,"href":"https:\/\/pecpets.com\/fr\/wp-json\/wp\/v2\/product_brand?post=5059"},{"taxonomy":"product_cat","embeddable":true,"href":"https:\/\/pecpets.com\/fr\/wp-json\/wp\/v2\/product_cat?post=5059"},{"taxonomy":"product_tag","embeddable":true,"href":"https:\/\/pecpets.com\/fr\/wp-json\/wp\/v2\/product_tag?post=5059"}],"curies":[{"name":"wp","href":"https:\/\/api.w.org\/{rel}","templated":true}]}}