{"id":5093,"date":"2024-05-06T10:05:19","date_gmt":"2024-05-06T02:05:19","guid":{"rendered":"https:\/\/pecpets.com\/?post_type=product&#038;p=5093"},"modified":"2025-08-19T14:21:18","modified_gmt":"2025-08-19T06:21:18","slug":"pet-elizabethan-collar","status":"publish","type":"product","link":"https:\/\/pecpets.com\/fr\/product\/pet-elizabethan-collar\/","title":{"rendered":"Collier \u00e9lisab\u00e9thain pour animaux de compagnie"},"content":{"rendered":"<h2>Pet Elizabethan Collar &#8211;\u00a0 Pet Accessory for Manufacturers<\/h2>\n<p>Our wholesale factory offers the most adorable and adjustable Pet Elizabethan Collar, perfect for pets recovering from surgery.<\/p>\n<table width=\"288\">\n<tbody>\n<tr>\n<td width=\"137\"><span style=\"color: #333333;\">Nom des produits<\/span><\/td>\n<td width=\"151\"><span style=\"color: #333333;\">Pet Surgery Collar<\/span><\/td>\n<\/tr>\n<tr>\n<td><span style=\"color: #333333;\">Num\u00e9ro d'article<\/span><\/td>\n<td><span style=\"color: #333333;\">PS-2002<\/span><\/td>\n<\/tr>\n<tr>\n<td><span style=\"color: #333333;\">Mat\u00e9riau<\/span><\/td>\n<td><span style=\"font-size: 14px;\">Coton, polyester, polaire<\/span><\/td>\n<\/tr>\n<tr>\n<td><span style=\"color: #333333;\">\u00a0Taille et couleur<\/span><\/td>\n<td>Peut \u00eatre personnalis\u00e9<\/td>\n<\/tr>\n<tr>\n<td><span style=\"color: #333333;\">\u00a0D\u00e9lai de livraison<\/span><\/td>\n<td><span style=\"color: #333333;\">1-5 jours pour les petites quantit\u00e9s par voie a\u00e9rienne et 30-35 jours pour les grandes quantit\u00e9s par voie maritime.<\/span><\/td>\n<\/tr>\n<\/tbody>\n<\/table>\n<p>With a cute design and high-quality materials, our collars are a must-have for pet owners.<\/p>\n<p>Shop now for the best deals on pet recovery collars!<\/p>","protected":false},"excerpt":{"rendered":"<h2>Collier \u00e9lisab\u00e9thain pour animaux de compagnie<\/h2>\n<p>Explore Pet Elizabethan Collar.<\/p>\n<p>Achetez en gros des accessoires pour animaux de compagnie en provenance de l'usine pour des prix et une qualit\u00e9 imbattables.<\/p>","protected":false},"featured_media":5097,"template":"","meta":{"_seopress_robots_primary_cat":"none","_seopress_titles_title":"Pet Accessory: Pet Elizabethan Collar - Professional Manufacturers","_seopress_titles_desc":"Discover our Pet Elizabethan Collar, an adorable and adjustable pet accessory. Ideal for seeking high-quality, comfortable, and protective collars for pets.","_seopress_robots_index":"","_uag_custom_page_level_css":""},"product_brand":[],"product_cat":[366,365,23],"product_tag":[],"class_list":{"0":"post-5093","1":"product","2":"type-product","3":"status-publish","4":"has-post-thumbnail","6":"product_cat-dog-surgery-clothes","7":"product_cat-functional-dog-clothing","8":"product_cat-pet-clothing","10":"first","11":"instock","12":"shipping-taxable","13":"product-type-simple"},"uagb_featured_image_src":{"full":["https:\/\/pecpets.com\/wp-content\/uploads\/2024\/05\/Pet-Elizabethan-Collar4.jpg",750,862,false],"thumbnail":["https:\/\/pecpets.com\/wp-content\/uploads\/2024\/05\/Pet-Elizabethan-Collar4.jpg",131,150,false],"medium":["https:\/\/pecpets.com\/wp-content\/uploads\/2024\/05\/Pet-Elizabethan-Collar4.jpg",261,300,false],"medium_large":["https:\/\/pecpets.com\/wp-content\/uploads\/2024\/05\/Pet-Elizabethan-Collar4.jpg",750,862,false],"large":["https:\/\/pecpets.com\/wp-content\/uploads\/2024\/05\/Pet-Elizabethan-Collar4.jpg",750,862,false],"1536x1536":["https:\/\/pecpets.com\/wp-content\/uploads\/2024\/05\/Pet-Elizabethan-Collar4.jpg",750,862,false],"2048x2048":["https:\/\/pecpets.com\/wp-content\/uploads\/2024\/05\/Pet-Elizabethan-Collar4.jpg",750,862,false],"trp-custom-language-flag":["https:\/\/pecpets.com\/wp-content\/uploads\/2024\/05\/Pet-Elizabethan-Collar4.jpg",10,12,false],"woocommerce_thumbnail":["https:\/\/pecpets.com\/wp-content\/uploads\/2024\/05\/Pet-Elizabethan-Collar4-300x300.jpg",300,300,true],"woocommerce_single":["https:\/\/pecpets.com\/wp-content\/uploads\/2024\/05\/Pet-Elizabethan-Collar4.jpg",600,690,false],"woocommerce_gallery_thumbnail":["https:\/\/pecpets.com\/wp-content\/uploads\/2024\/05\/Pet-Elizabethan-Collar4-100x100.jpg",100,100,true]},"uagb_author_info":{"display_name":"Lawrence\u00a0\u52b3\u4f26\u65af","author_link":"https:\/\/pecpets.com\/fr\/author\/"},"uagb_comment_info":0,"uagb_excerpt":"Pet Elizabethan Collar Explore Pet Elizabethan Collar. Shop wholesale pet accessories from the factory for unbeatable prices and quality.","_links":{"self":[{"href":"https:\/\/pecpets.com\/fr\/wp-json\/wp\/v2\/product\/5093","targetHints":{"allow":["GET"]}}],"collection":[{"href":"https:\/\/pecpets.com\/fr\/wp-json\/wp\/v2\/product"}],"about":[{"href":"https:\/\/pecpets.com\/fr\/wp-json\/wp\/v2\/types\/product"}],"wp:featuredmedia":[{"embeddable":true,"href":"https:\/\/pecpets.com\/fr\/wp-json\/wp\/v2\/media\/5097"}],"wp:attachment":[{"href":"https:\/\/pecpets.com\/fr\/wp-json\/wp\/v2\/media?parent=5093"}],"wp:term":[{"taxonomy":"product_brand","embeddable":true,"href":"https:\/\/pecpets.com\/fr\/wp-json\/wp\/v2\/product_brand?post=5093"},{"taxonomy":"product_cat","embeddable":true,"href":"https:\/\/pecpets.com\/fr\/wp-json\/wp\/v2\/product_cat?post=5093"},{"taxonomy":"product_tag","embeddable":true,"href":"https:\/\/pecpets.com\/fr\/wp-json\/wp\/v2\/product_tag?post=5093"}],"curies":[{"name":"wp","href":"https:\/\/api.w.org\/{rel}","templated":true}]}}