{"id":5230,"date":"2024-05-08T11:21:16","date_gmt":"2024-05-08T03:21:16","guid":{"rendered":"https:\/\/pecpets.com\/?post_type=product&#038;p=5230"},"modified":"2024-10-30T15:16:37","modified_gmt":"2024-10-30T07:16:37","slug":"customized-new-pet-harness","status":"publish","type":"product","link":"https:\/\/pecpets.com\/fr\/product\/customized-new-pet-harness\/","title":{"rendered":"Nouveau harnais personnalis\u00e9 pour animaux de compagnie"},"content":{"rendered":"<h2 data-immersive-translate-walked=\"aa333ee4-404a-4aef-9a25-2ecc46165f31\" data-immersive-translate-paragraph=\"1\">Harnais pour chien, harnais souple pour chien, harnais pour chien, harnais pour chien, harnais pour chien, harnais pour chien, harnais pour chien.<\/h2>\n<p data-immersive-translate-walked=\"aa333ee4-404a-4aef-9a25-2ecc46165f31\" data-immersive-translate-paragraph=\"1\">Vous cherchez des harnais pour chiens de marque ?<\/p>\n<table style=\"border-collapse: collapse; background-color: #ffffff; width: 329px; height: 273px;\" border=\"1\">\n<tbody>\n<tr>\n<td style=\"font-family: Verdana, Arial, Helvetica, sans-serif; font-size: 12px; color: #000000; margin: 8px; width: 187px; text-align: center;\"><span style=\"line-height: 21px; font-size: 14px;\">Nom des produits<\/span><\/td>\n<td style=\"font-family: Verdana, Arial, Helvetica, sans-serif; font-size: 12px; color: #000000; margin: 8px; width: 526px; text-align: center;\"><span style=\"font-size: 14px;\">Harnais pour animaux de compagnie<\/span><\/td>\n<\/tr>\n<tr>\n<td style=\"font-family: Verdana, Arial, Helvetica, sans-serif; font-size: 12px; color: #000000; margin: 8px; width: 187px; text-align: center;\"><span style=\"line-height: 21px; font-size: 14px;\">Num\u00e9ro d'article<\/span><\/td>\n<td style=\"font-family: Verdana, Arial, Helvetica, sans-serif; font-size: 12px; color: #000000; margin: 8px; width: 526px; text-align: center;\"><span style=\"line-height: 21px; font-size: 14px;\">P-H2027<\/span><\/td>\n<\/tr>\n<tr>\n<td style=\"font-family: Verdana, Arial, Helvetica, sans-serif; font-size: 12px; color: #000000; margin: 8px; width: 187px; text-align: center;\"><span style=\"line-height: 21px; color: #333333; font-family: Arial, Helvetica; font-size: 14px; font-style: normal; font-weight: 400; background-color: #ffffff; float: none; display: inline !important;\">Mat\u00e9riau<\/span><\/td>\n<td style=\"font-family: Verdana, Arial, Helvetica, sans-serif; font-size: 12px; color: #000000; margin: 8px; width: 526px; text-align: center;\"><span style=\"color: #333333; font-family: Helvetica,Tahoma,Arial; font-size: 12px; font-style: normal; font-weight: 400; background-color: #fcfcfc; display: inline !important; float: none;\">Tissu Oxford<\/span><\/td>\n<\/tr>\n<tr>\n<td style=\"font-family: Verdana, Arial, Helvetica, sans-serif; font-size: 12px; color: #000000; margin: 8px; width: 187px; text-align: center;\"><span style=\"line-height: 21px; font-size: 14px;\">\u00a0Taille<\/span><\/td>\n<td style=\"margin: 8px; width: 526px; text-align: center;\"><span style=\"color: #222222; font-family: Helvetica, Tahoma, Arial;\"><span style=\"font-size: 14px;\">Taille personnalis\u00e9e<\/span><\/span><\/td>\n<\/tr>\n<tr>\n<td style=\"font-family: Verdana, Arial, Helvetica, sans-serif; font-size: 12px; color: #000000; margin: 8px; width: 187px; text-align: center;\"><span style=\"line-height: 21px; font-size: 14px;\">\u00a0Couleur<\/span><\/td>\n<td style=\"font-family: Verdana, Arial, Helvetica, sans-serif; font-size: 12px; color: #000000; margin: 8px; width: 526px; text-align: center;\"><span style=\"font-size: 14px;\">Couleur personnalis\u00e9e<\/span><\/td>\n<\/tr>\n<tr>\n<td style=\"font-family: Verdana, Arial, Helvetica, sans-serif; font-size: 12px; color: #000000; margin: 8px; width: 187px; text-align: center;\"><span style=\"line-height: 21px; font-size: 14px;\">\u00a0<span style=\"line-height: 21px; color: #333333; font-family: Arial, Helvetica; font-size: 14px; font-style: normal; font-weight: 400; background-color: #ffffff; float: none; display: inline !important;\">Type d'animal<\/span><\/span><\/td>\n<td style=\"font-family: Verdana, Arial, Helvetica, sans-serif; font-size: 12px; color: #000000; margin: 8px; width: 526px; text-align: center;\"><span style=\"line-height: 21px; font-size: 14px;\">\u00a0Tous les chiens<\/span><\/td>\n<\/tr>\n<tr>\n<td style=\"font-family: Verdana, Arial, Helvetica, sans-serif; font-size: 12px; color: #000000; margin: 8px; width: 187px; text-align: center;\"><span style=\"line-height: 21px; font-size: 14px;\">\u00a0<span style=\"line-height: 21px; color: #333333; font-family: Arial, Helvetica; font-size: 14px; font-style: normal; font-weight: 400; background-color: #ffffff; float: none; display: inline !important;\">D\u00e9lai de livraison<\/span><\/span><\/td>\n<td style=\"font-family: Verdana, Arial, Helvetica, sans-serif; font-size: 12px; color: #000000; margin: 8px; width: 526px; text-align: center;\"><span style=\"line-height: 21px; font-size: 14px;\"><span style=\"line-height: 21px; color: #000000; font-family: Verdana, Arial, Helvetica, sans-serif; font-size: 14px; font-style: normal; font-weight: 400; background-color: #ffffff; float: none; display: inline !important;\">1-5 jours pour les petites quantit\u00e9s par voie a\u00e9rienne et 30-35 jours pour les grandes quantit\u00e9s par voie maritime.<\/span>\u00a0<\/span><\/td>\n<\/tr>\n<tr>\n<td style=\"font-family: Verdana, Arial, Helvetica, sans-serif; font-size: 12px; color: #000000; margin: 8px; width: 187px; text-align: center;\"><span style=\"line-height: 21px; font-size: 14px;\">\u00a0<span style=\"line-height: 21px; color: #333333; font-family: Arial, Helvetica; font-size: 14px; font-style: normal; font-weight: 400; background-color: #ffffff; float: none; display: inline !important;\">Port d'embarquement<\/span><\/span><\/td>\n<td style=\"font-family: Verdana, Arial, Helvetica, sans-serif; font-size: 12px; color: #000000; margin: 8px; width: 526px; text-align: center;\"><span style=\"line-height: 21px; font-size: 14px;\">Xiamen\u00a0<\/span><\/td>\n<\/tr>\n<tr>\n<td style=\"font-family: Verdana, Arial, Helvetica, sans-serif; font-size: 12px; color: #000000; margin: 8px; width: 187px; text-align: center;\"><span style=\"line-height: 21px; font-size: 14px;\">\u00a0<span style=\"line-height: 21px; color: #333333; font-family: Arial, Helvetica; font-size: 14px; font-style: normal; font-weight: 400; background-color: #ffffff; float: none; display: inline !important;\">OEM\/ODM<\/span><\/span><\/td>\n<td style=\"font-family: Verdana, Arial, Helvetica, sans-serif; font-size: 12px; color: #000000; margin: 8px; width: 526px; text-align: center;\"><span style=\"line-height: 21px; font-size: 14px;\">\u00a0<span style=\"line-height: 21px; color: #333333; font-family: Arial, Helvetica; font-size: 14px; font-style: normal; font-weight: 400; background-color: #ffffff; float: none; display: inline !important;\">Disponible<\/span><\/span><\/td>\n<\/tr>\n<tr>\n<td style=\"font-family: Verdana, Arial, Helvetica, sans-serif; font-size: 12px; color: #000000; margin: 8px; width: 187px; text-align: center;\"><span style=\"line-height: 21px; font-size: 14px;\">\u00a0<span style=\"line-height: 21px; color: #333333; font-family: Arial, Helvetica; font-size: 14px; font-style: normal; font-weight: 400; background-color: #ffffff; float: none; display: inline !important;\">Paquet<\/span><\/span><\/td>\n<td style=\"font-family: Verdana, Arial, Helvetica, sans-serif; font-size: 12px; color: #000000; margin: 8px; width: 526px; text-align: center;\"><span style=\"line-height: 21px; font-size: 14px;\"><span style=\"line-height: 21px; color: #333333; font-family: Arial, Helvetica; font-size: 14px; font-style: normal; font-weight: 400; background-color: #ffffff; float: none; display: inline !important;\">Chaque pi\u00e8ce est emball\u00e9e dans un PPB puis dans un carton ou selon les besoins.<\/span><\/span><\/td>\n<\/tr>\n<\/tbody>\n<\/table>\n<p data-immersive-translate-walked=\"aa333ee4-404a-4aef-9a25-2ecc46165f31\" data-immersive-translate-paragraph=\"1\">Notre harnais souple pour chien, fabriqu\u00e9 en usine, offre une taille ajustable pour une promenade facile avec votre ami \u00e0 fourrure.<\/p>\n<p data-immersive-translate-walked=\"aa333ee4-404a-4aef-9a25-2ecc46165f31\" data-immersive-translate-paragraph=\"1\">Ces harnais durables et \u00e9l\u00e9gants sont le choix id\u00e9al pour les propri\u00e9taires d'animaux et les d\u00e9taillants.<\/p>\n<p data-immersive-translate-walked=\"aa333ee4-404a-4aef-9a25-2ecc46165f31\" data-immersive-translate-paragraph=\"1\">D\u00e9couvrez notre gamme de produits design <span style=\"color: #ff0000;\"><a style=\"color: #ff0000;\" href=\"https:\/\/pecpets.com\/fr\/categorie-de-produits\/pet-harness\/\" target=\"_blank\" rel=\"noopener\">harnais pour chiens<\/a><\/span> aujourd'hui et offrez \u00e0 vos clients le meilleur du confort et du style.<\/p>","protected":false},"excerpt":{"rendered":"<h2><strong><b>Wholesale Customized New Pet Harness (harnais pour animaux de compagnie)<\/b><\/strong><\/h2>\n<p>D\u00e9couvrez le nouveau harnais personnalis\u00e9 pour animaux de compagnie.<\/p>\n<p>Gardez vos animaux de compagnie \u00e9l\u00e9gants gr\u00e2ce \u00e0 nos mod\u00e8les de haute qualit\u00e9.<\/p>","protected":false},"featured_media":5238,"template":"","meta":{"_seopress_robots_primary_cat":"none","_seopress_titles_title":"Pet Hareness: Customized New Pet Harness - Top Manufacturers","_seopress_titles_desc":"Discover our Customized New Pet Harness, durable and stylish dog harness. Ideal for manufacturers seeking high-quality, fashionable pet harnesses for wholesale.","_seopress_robots_index":"","_uag_custom_page_level_css":""},"product_brand":[],"product_cat":[354,356,212,355],"product_tag":[],"class_list":{"0":"post-5230","1":"product","2":"type-product","3":"status-publish","4":"has-post-thumbnail","6":"product_cat-no-pull-dog-harnesses-pet-harness","7":"product_cat-padded-dog-harnesses","8":"product_cat-pet-harness","9":"product_cat-reflective-dog-harnesses","11":"first","12":"instock","13":"shipping-taxable","14":"product-type-simple"},"uagb_featured_image_src":{"full":["https:\/\/pecpets.com\/wp-content\/uploads\/2024\/05\/Customized-New-Pet-harness7.webp",790,750,false],"thumbnail":["https:\/\/pecpets.com\/wp-content\/uploads\/2024\/05\/Customized-New-Pet-harness7.webp",150,142,false],"medium":["https:\/\/pecpets.com\/wp-content\/uploads\/2024\/05\/Customized-New-Pet-harness7.webp",300,285,false],"medium_large":["https:\/\/pecpets.com\/wp-content\/uploads\/2024\/05\/Customized-New-Pet-harness7.webp",768,729,false],"large":["https:\/\/pecpets.com\/wp-content\/uploads\/2024\/05\/Customized-New-Pet-harness7.webp",790,750,false],"1536x1536":["https:\/\/pecpets.com\/wp-content\/uploads\/2024\/05\/Customized-New-Pet-harness7.webp",790,750,false],"2048x2048":["https:\/\/pecpets.com\/wp-content\/uploads\/2024\/05\/Customized-New-Pet-harness7.webp",790,750,false],"trp-custom-language-flag":["https:\/\/pecpets.com\/wp-content\/uploads\/2024\/05\/Customized-New-Pet-harness7.webp",13,12,false],"woocommerce_thumbnail":["https:\/\/pecpets.com\/wp-content\/uploads\/2024\/05\/Customized-New-Pet-harness7-300x300.webp",300,300,true],"woocommerce_single":["https:\/\/pecpets.com\/wp-content\/uploads\/2024\/05\/Customized-New-Pet-harness7.webp",600,570,false],"woocommerce_gallery_thumbnail":["https:\/\/pecpets.com\/wp-content\/uploads\/2024\/05\/Customized-New-Pet-harness7-100x100.webp",100,100,true]},"uagb_author_info":{"display_name":"Lawrence\u00a0\u52b3\u4f26\u65af","author_link":"https:\/\/pecpets.com\/fr\/author\/"},"uagb_comment_info":0,"uagb_excerpt":"Wholesale Customized New Pet Harness Discover Customized New Pet Harness. Keep your pets stylish with our high-quality designs.","_links":{"self":[{"href":"https:\/\/pecpets.com\/fr\/wp-json\/wp\/v2\/product\/5230","targetHints":{"allow":["GET"]}}],"collection":[{"href":"https:\/\/pecpets.com\/fr\/wp-json\/wp\/v2\/product"}],"about":[{"href":"https:\/\/pecpets.com\/fr\/wp-json\/wp\/v2\/types\/product"}],"wp:featuredmedia":[{"embeddable":true,"href":"https:\/\/pecpets.com\/fr\/wp-json\/wp\/v2\/media\/5238"}],"wp:attachment":[{"href":"https:\/\/pecpets.com\/fr\/wp-json\/wp\/v2\/media?parent=5230"}],"wp:term":[{"taxonomy":"product_brand","embeddable":true,"href":"https:\/\/pecpets.com\/fr\/wp-json\/wp\/v2\/product_brand?post=5230"},{"taxonomy":"product_cat","embeddable":true,"href":"https:\/\/pecpets.com\/fr\/wp-json\/wp\/v2\/product_cat?post=5230"},{"taxonomy":"product_tag","embeddable":true,"href":"https:\/\/pecpets.com\/fr\/wp-json\/wp\/v2\/product_tag?post=5230"}],"curies":[{"name":"wp","href":"https:\/\/api.w.org\/{rel}","templated":true}]}}