{"id":5604,"date":"2024-05-16T09:52:40","date_gmt":"2024-05-16T01:52:40","guid":{"rendered":"https:\/\/pecpets.com\/?post_type=product&#038;p=5604"},"modified":"2024-06-12T11:06:47","modified_gmt":"2024-06-12T03:06:47","slug":"pet-dog-latex-vocal-toys","status":"publish","type":"product","link":"https:\/\/pecpets.com\/fr\/product\/pet-dog-latex-vocal-toys\/","title":{"rendered":"Jouets vocaux en latex pour chiens"},"content":{"rendered":"<h2 data-immersive-translate-walked=\"6c2810e2-7938-41da-9427-c65ec66bbaa3\" data-immersive-translate-paragraph=\"1\">D\u00e9couvrez les jouets vocaux en latex de qualit\u00e9 sup\u00e9rieure pour chiens - r\u00e9sistants, mignons et disponibles en direct !<span class=\"notranslate immersive-translate-target-wrapper\" lang=\"zh-CN\" translate=\"no\" data-immersive-translate-loading-id=\"1\">\u00a0<\/span><\/h2>\n<p data-immersive-translate-walked=\"6c2810e2-7938-41da-9427-c65ec66bbaa3\" data-immersive-translate-paragraph=\"1\">Vous cherchez le jouet id\u00e9al pour votre animal de compagnie ? D\u00e9couvrez notre gamme de jouets pour chiens, y compris nos populaires jouets vocaux en latex pour chiens.<\/p>\n<p data-immersive-translate-walked=\"6c2810e2-7938-41da-9427-c65ec66bbaa3\" data-immersive-translate-paragraph=\"1\">Nos produits sont con\u00e7us pour \u00eatre r\u00e9sistants, adorables et fabriqu\u00e9s directement dans notre usine.<\/p>\n<p data-immersive-translate-walked=\"6c2810e2-7938-41da-9427-c65ec66bbaa3\" data-immersive-translate-paragraph=\"1\">Avec une grande vari\u00e9t\u00e9 d'options parmi lesquelles choisir, votre ami \u00e0 fourrure est s\u00fbr d'aimer notre collection de jouets.<\/p>\n<p data-immersive-translate-walked=\"6c2810e2-7938-41da-9427-c65ec66bbaa3\" data-immersive-translate-paragraph=\"1\">D\u00e9couvrez d\u00e8s aujourd'hui la joie et la durabilit\u00e9 de nos produits !<\/p>","protected":false},"excerpt":{"rendered":"<h2>Jouets vocaux en latex pour chiens<\/h2>\n<table style=\"border-collapse: collapse; background-color: #ffffff; width: 721px; height: 192px;\" border=\"1\">\n<tbody>\n<tr style=\"height: auto;\">\n<td style=\"font-family: Verdana, Arial, Helvetica, sans-serif; font-size: 12px; color: #000000; margin: 8px; width: 187px; text-align: center; height: auto;\"><span style=\"line-height: 21px; font-size: 14px;\">Nom des produits<\/span><\/td>\n<td style=\"font-family: Verdana, Arial, Helvetica, sans-serif; font-size: 12px; color: #000000; margin: 8px; width: 526px; text-align: center; height: auto;\"><span style=\"color: #222222; font-family: Helvetica, Tahoma, Arial; font-size: 14px; font-style: normal; font-weight: 500; background-color: #ffffff; float: none; display: inline !important;\">Jouet pour animaux de compagnie<\/span><\/td>\n<\/tr>\n<tr style=\"height: 21px;\">\n<td style=\"font-family: Verdana, Arial, Helvetica, sans-serif; font-size: 12px; color: #000000; margin: 8px; width: 187px; text-align: center; height: 21px;\"><span style=\"line-height: 21px; font-size: 14px;\">Num\u00e9ro d'article<\/span><\/td>\n<td style=\"font-family: Verdana, Arial, Helvetica, sans-serif; font-size: 12px; color: #000000; margin: 8px; width: 526px; text-align: center; height: 21px;\"><span style=\"line-height: 21px; font-size: 14px;\">Y2106<\/span><\/td>\n<\/tr>\n<tr style=\"height: 18.5px;\">\n<td style=\"font-family: Verdana, Arial, Helvetica, sans-serif; font-size: 12px; color: #000000; margin: 8px; width: 187px; text-align: center; height: 18.5px;\"><span style=\"line-height: 21px; color: #333333; font-family: Arial, Helvetica; font-size: 14px; font-style: normal; font-weight: 400; background-color: #ffffff; float: none; display: inline !important;\">Mat\u00e9riau<\/span><\/td>\n<td style=\"font-family: Verdana, Arial, Helvetica, sans-serif; font-size: 12px; color: #000000; margin: 8px; width: 526px; text-align: center; height: 18.5px;\"><span style=\"font-size: 14px;\">\u00a0Latex\u00a0<\/span><\/td>\n<\/tr>\n<tr style=\"height: 21px;\">\n<td style=\"font-family: Verdana, Arial, Helvetica, sans-serif; font-size: 12px; color: #000000; margin: 8px; width: 187px; text-align: center; height: 21px;\"><span style=\"line-height: 21px; font-size: 14px;\">\u00a0Taille<\/span><\/td>\n<td style=\"font-family: Verdana, Arial, Helvetica, sans-serif; font-size: 12px; color: #000000; margin: 8px; width: 526px; text-align: center; height: 21px;\"><span style=\"font-size: 14px;\">20*10*10cm<\/span><\/td>\n<\/tr>\n<tr style=\"height: 21px;\">\n<td style=\"font-family: Verdana, Arial, Helvetica, sans-serif; font-size: 12px; color: #000000; margin: 8px; width: 187px; text-align: center; height: 21px;\"><span style=\"line-height: 21px; font-size: 14px;\">\u00a0Couleur<\/span><\/td>\n<td style=\"font-family: Verdana, Arial, Helvetica, sans-serif; font-size: 12px; color: #000000; margin: 8px; width: 526px; text-align: center; height: 21px;\"><span style=\"line-height: 21px; font-size: 14px;\">Couleur personnalis\u00e9e\u00a0<\/span><\/td>\n<\/tr>\n<tr style=\"height: auto;\">\n<td style=\"font-family: Verdana, Arial, Helvetica, sans-serif; font-size: 12px; color: #000000; margin: 8px; width: 187px; text-align: center; height: auto;\"><span style=\"line-height: 21px; font-size: 14px;\">\u00a0<span style=\"line-height: 21px; color: #333333; font-family: Arial, Helvetica; font-size: 14px; font-style: normal; font-weight: 400; background-color: #ffffff; float: none; display: inline !important;\">Type d'animal<\/span><\/span><\/td>\n<td style=\"font-family: Verdana, Arial, Helvetica, sans-serif; font-size: 12px; color: #000000; margin: 8px; width: 526px; text-align: center; height: auto;\"><span style=\"line-height: 21px; font-size: 14px;\">\u00a0Tous les chiens<\/span><\/td>\n<\/tr>\n<tr style=\"height: auto;\">\n<td style=\"font-family: Verdana, Arial, Helvetica, sans-serif; font-size: 12px; color: #000000; margin: 8px; width: 187px; text-align: center; height: auto;\"><span style=\"line-height: 21px; font-size: 14px;\">\u00a0<span style=\"line-height: 21px; color: #333333; font-family: Arial, Helvetica; font-size: 14px; font-style: normal; font-weight: 400; background-color: #ffffff; float: none; display: inline !important;\">D\u00e9lai de livraison<\/span><\/span><\/td>\n<td style=\"font-family: Verdana, Arial, Helvetica, sans-serif; font-size: 12px; color: #000000; margin: 8px; width: 526px; text-align: center; height: auto;\"><span style=\"line-height: 21px; font-size: 14px;\"><span style=\"line-height: 21px; color: #000000; font-family: Verdana, Arial, Helvetica, sans-serif; font-size: 14px; font-style: normal; font-weight: 400; background-color: #ffffff; float: none; display: inline !important;\">1-5 jours pour les petites quantit\u00e9s par voie a\u00e9rienne et 30-35 jours pour les grandes quantit\u00e9s par voie maritime.<\/span>\u00a0<\/span><\/td>\n<\/tr>\n<tr style=\"height: auto;\">\n<td style=\"font-family: Verdana, Arial, Helvetica, sans-serif; font-size: 12px; color: #000000; margin: 8px; width: 187px; text-align: center; height: auto;\"><span style=\"line-height: 21px; font-size: 14px;\">\u00a0<span style=\"line-height: 21px; color: #333333; font-family: Arial, Helvetica; font-size: 14px; font-style: normal; font-weight: 400; background-color: #ffffff; float: none; display: inline !important;\">Port d'embarquement<\/span><\/span><\/td>\n<td style=\"font-family: Verdana, Arial, Helvetica, sans-serif; font-size: 12px; color: #000000; margin: 8px; width: 526px; text-align: center; height: auto;\"><span style=\"line-height: 21px; font-size: 14px;\">Xiamen\u00a0<\/span><\/td>\n<\/tr>\n<tr style=\"height: auto;\">\n<td style=\"font-family: Verdana, Arial, Helvetica, sans-serif; font-size: 12px; color: #000000; margin: 8px; width: 187px; text-align: center; height: auto;\"><span style=\"line-height: 21px; font-size: 14px;\">\u00a0<span style=\"line-height: 21px; color: #333333; font-family: Arial, Helvetica; font-size: 14px; font-style: normal; font-weight: 400; background-color: #ffffff; float: none; display: inline !important;\">OEM\/ODM<\/span><\/span><\/td>\n<td style=\"font-family: Verdana, Arial, Helvetica, sans-serif; font-size: 12px; color: #000000; margin: 8px; width: 526px; text-align: center; height: auto;\"><span style=\"line-height: 21px; font-size: 14px;\">\u00a0<span style=\"line-height: 21px; color: #333333; font-family: Arial, Helvetica; font-size: 14px; font-style: normal; font-weight: 400; background-color: #ffffff; float: none; display: inline !important;\">Disponible<\/span><\/span><\/td>\n<\/tr>\n<tr style=\"height: auto;\">\n<td style=\"font-family: Verdana, Arial, Helvetica, sans-serif; font-size: 12px; color: #000000; margin: 8px; width: 187px; text-align: center; height: auto;\"><span style=\"line-height: 21px; font-size: 14px;\">\u00a0<span style=\"line-height: 21px; color: #333333; font-family: Arial, Helvetica; font-size: 14px; font-style: normal; font-weight: 400; background-color: #ffffff; float: none; display: inline !important;\">Paquet<\/span><\/span><\/td>\n<td style=\"font-family: Verdana, Arial, Helvetica, sans-serif; font-size: 12px; color: #000000; margin: 8px; width: 526px; text-align: center; height: auto;\"><span style=\"line-height: 21px; font-size: 14px;\"><span style=\"line-height: 21px; color: #333333; font-family: Arial, Helvetica; font-size: 14px; font-style: normal; font-weight: 400; background-color: #ffffff; float: none; display: inline !important;\">Chaque pi\u00e8ce est emball\u00e9e dans un PPB puis dans un carton ou selon les besoins.<\/span><\/span><\/td>\n<\/tr>\n<\/tbody>\n<\/table>","protected":false},"featured_media":5600,"template":"","meta":{"_seopress_robots_primary_cat":"none","_seopress_titles_title":"Pet Toy: Pet Dog Latex Vocal Toys - Top Manufacturers","_seopress_titles_desc":"Find adorable, resistant pet dog latex vocal toys from top pet toy manufacturers. Keep your pets entertained and happy with our high-quality, durable designs.","_seopress_robots_index":"","_seopress_analysis_target_kw":"Pet Dog Latex Vocal Toys","_uag_custom_page_level_css":""},"product_brand":[],"product_cat":[29],"product_tag":[169,170,168],"class_list":{"0":"post-5604","1":"product","2":"type-product","3":"status-publish","4":"has-post-thumbnail","6":"product_cat-pet-toys","7":"product_tag-dog-toy","8":"product_tag-food-toy","9":"product_tag-pet-toy","11":"first","12":"instock","13":"shipping-taxable","14":"product-type-simple"},"uagb_featured_image_src":{"full":["https:\/\/pecpets.com\/wp-content\/uploads\/2024\/05\/Dog-Latex-Vocal-Toys4.jpg",800,800,false],"thumbnail":["https:\/\/pecpets.com\/wp-content\/uploads\/2024\/05\/Dog-Latex-Vocal-Toys4-150x150.jpg",150,150,true],"medium":["https:\/\/pecpets.com\/wp-content\/uploads\/2024\/05\/Dog-Latex-Vocal-Toys4-300x300.jpg",300,300,true],"medium_large":["https:\/\/pecpets.com\/wp-content\/uploads\/2024\/05\/Dog-Latex-Vocal-Toys4-768x768.jpg",768,768,true],"large":["https:\/\/pecpets.com\/wp-content\/uploads\/2024\/05\/Dog-Latex-Vocal-Toys4.jpg",800,800,false],"1536x1536":["https:\/\/pecpets.com\/wp-content\/uploads\/2024\/05\/Dog-Latex-Vocal-Toys4.jpg",800,800,false],"2048x2048":["https:\/\/pecpets.com\/wp-content\/uploads\/2024\/05\/Dog-Latex-Vocal-Toys4.jpg",800,800,false],"trp-custom-language-flag":["https:\/\/pecpets.com\/wp-content\/uploads\/2024\/05\/Dog-Latex-Vocal-Toys4.jpg",12,12,false],"woocommerce_thumbnail":["https:\/\/pecpets.com\/wp-content\/uploads\/2024\/05\/Dog-Latex-Vocal-Toys4-300x300.jpg",300,300,true],"woocommerce_single":["https:\/\/pecpets.com\/wp-content\/uploads\/2024\/05\/Dog-Latex-Vocal-Toys4-600x600.jpg",600,600,true],"woocommerce_gallery_thumbnail":["https:\/\/pecpets.com\/wp-content\/uploads\/2024\/05\/Dog-Latex-Vocal-Toys4-100x100.jpg",100,100,true]},"uagb_author_info":{"display_name":"Lawrence\u00a0\u52b3\u4f26\u65af","author_link":"https:\/\/pecpets.com\/fr\/author\/"},"uagb_comment_info":0,"uagb_excerpt":"Pet Dog Latex Vocal Toys Products Name Pet Toy Item No. Y2106 Material \u00a0Latex\u00a0 \u00a0Size 20*10*10cm \u00a0Color Custom Color\u00a0 \u00a0Pet type \u00a0All\u00a0Dog \u00a0Delivery time 1-5days\u00a0for small quantity by air and 30-35days for large quantity by sea\u00a0 \u00a0Port of shipment Xiamen\u00a0 \u00a0OEM\/ODM \u00a0Available \u00a0Package Each one packed in a PPB then into Carton or per needed","_links":{"self":[{"href":"https:\/\/pecpets.com\/fr\/wp-json\/wp\/v2\/product\/5604","targetHints":{"allow":["GET"]}}],"collection":[{"href":"https:\/\/pecpets.com\/fr\/wp-json\/wp\/v2\/product"}],"about":[{"href":"https:\/\/pecpets.com\/fr\/wp-json\/wp\/v2\/types\/product"}],"wp:featuredmedia":[{"embeddable":true,"href":"https:\/\/pecpets.com\/fr\/wp-json\/wp\/v2\/media\/5600"}],"wp:attachment":[{"href":"https:\/\/pecpets.com\/fr\/wp-json\/wp\/v2\/media?parent=5604"}],"wp:term":[{"taxonomy":"product_brand","embeddable":true,"href":"https:\/\/pecpets.com\/fr\/wp-json\/wp\/v2\/product_brand?post=5604"},{"taxonomy":"product_cat","embeddable":true,"href":"https:\/\/pecpets.com\/fr\/wp-json\/wp\/v2\/product_cat?post=5604"},{"taxonomy":"product_tag","embeddable":true,"href":"https:\/\/pecpets.com\/fr\/wp-json\/wp\/v2\/product_tag?post=5604"}],"curies":[{"name":"wp","href":"https:\/\/api.w.org\/{rel}","templated":true}]}}