{"id":5760,"date":"2024-05-28T17:35:01","date_gmt":"2024-05-28T09:35:01","guid":{"rendered":"https:\/\/pecpets.com\/?post_type=product&#038;p=5760"},"modified":"2025-08-18T17:13:14","modified_gmt":"2025-08-18T09:13:14","slug":"dog-shoes-waterproof-dog-shoes","status":"publish","type":"product","link":"https:\/\/pecpets.com\/fr\/product\/dog-shoes-waterproof-dog-shoes\/","title":{"rendered":"Chaussures pour chiens Chaussures pour chiens imperm\u00e9ables"},"content":{"rendered":"<h2 data-immersive-translate-walked=\"b535e8cb-4fa8-4755-a6c9-df7ac573832a\"><strong data-immersive-translate-walked=\"b535e8cb-4fa8-4755-a6c9-df7ac573832a\" data-immersive-translate-paragraph=\"1\">Wholesale Waterproof Breathable Dog Shoes - Chaussures pour chiens pour toutes les saisons<\/strong><\/h2>\n<p data-immersive-translate-walked=\"b535e8cb-4fa8-4755-a6c9-df7ac573832a\" data-immersive-translate-paragraph=\"1\">D\u00e9couvrez notre collection de chaussures imperm\u00e9ables et respirantes pour chiens, y compris une vari\u00e9t\u00e9 de chaussures pour chiens de compagnie con\u00e7ues pour toutes les saisons.<\/p>\n<table width=\"288\">\n<tbody>\n<tr>\n<td width=\"137\"><span style=\"color: #333333;\">Nom des produits<\/span><\/td>\n<td width=\"151\"><span style=\"color: #333333;\">Chaussures pour animaux<\/span><\/td>\n<\/tr>\n<tr>\n<td><span style=\"color: #333333;\">Num\u00e9ro d'article<\/span><\/td>\n<td><span style=\"color: #333333;\">PA-S2016<\/span><\/td>\n<\/tr>\n<tr>\n<td><span style=\"color: #333333;\">Mat\u00e9riau<\/span><\/td>\n<td><span style=\"color: #333333;\">Caoutchouc<\/span><\/td>\n<\/tr>\n<tr>\n<td><span style=\"color: #333333;\">\u00a0Taille et couleur<\/span><\/td>\n<td><span style=\"color: #333333;\">Sur mesure<\/span><\/td>\n<\/tr>\n<tr>\n<td><span style=\"color: #333333;\">\u00a0D\u00e9lai de livraison<\/span><\/td>\n<td><span style=\"color: #333333;\">1-5 jours pour les petites quantit\u00e9s par voie a\u00e9rienne et 30-35 jours pour les grandes quantit\u00e9s par voie maritime.<\/span><\/td>\n<\/tr>\n<\/tbody>\n<\/table>\n<p data-immersive-translate-walked=\"b535e8cb-4fa8-4755-a6c9-df7ac573832a\" data-immersive-translate-paragraph=\"1\">Nos produits, r\u00e9sistants \u00e0 diverses conditions, offrent \u00e0 la fois style et fonctionnalit\u00e9 aux propri\u00e9taires de chiens d\u00e9sireux de prot\u00e9ger les pattes de leurs amis \u00e0 fourrure.<\/p>\n<p data-immersive-translate-walked=\"b535e8cb-4fa8-4755-a6c9-df7ac573832a\" data-immersive-translate-paragraph=\"1\">De l'imperm\u00e9abilit\u00e9 \u00e0 la respirabilit\u00e9, nos chaussures pour chiens sont con\u00e7ues pour offrir confort et protection.<\/p>\n<p data-immersive-translate-walked=\"b535e8cb-4fa8-4755-a6c9-df7ac573832a\" data-immersive-translate-paragraph=\"1\">Consultez notre gamme de chaussures pour chiens en gros d\u00e8s aujourd'hui pour vous assurer que les animaux de vos clients se prom\u00e8nent avec style et en toute s\u00e9curit\u00e9.<\/p>","protected":false},"excerpt":{"rendered":"<h2>Chaussures pour chiens Chaussures pour chiens imperm\u00e9ables<\/h2>\n<p>Explorer les chaussures pour chiens Chaussures pour chiens imperm\u00e9ables.<\/p>\n<p>Achetez en gros des chaussures pour animaux de compagnie en provenance de l'usine pour des prix et une qualit\u00e9 imbattables.<\/p>","protected":false},"featured_media":5765,"template":"","meta":{"_seopress_robots_primary_cat":"none","_seopress_titles_title":"Top Pet Accessory Manufacturers: Breathable, Waterproof Dog Shoes","_seopress_titles_desc":"Discover top Waterproof Dog Shoes manufacturers offering waterproof, breathable, dog shoes. Perfect for all weather, our products make sure your pets comfort.","_seopress_robots_index":"","_uag_custom_page_level_css":""},"product_brand":[],"product_cat":[330],"product_tag":[],"class_list":{"0":"post-5760","1":"product","2":"type-product","3":"status-publish","4":"has-post-thumbnail","6":"product_cat-dog-shoes","8":"first","9":"instock","10":"shipping-taxable","11":"product-type-simple"},"uagb_featured_image_src":{"full":["https:\/\/pecpets.com\/wp-content\/uploads\/2024\/05\/Waterproof-Dog-Shoes.png",1500,1432,false],"thumbnail":["https:\/\/pecpets.com\/wp-content\/uploads\/2024\/05\/Waterproof-Dog-Shoes-150x150.png",150,150,true],"medium":["https:\/\/pecpets.com\/wp-content\/uploads\/2024\/05\/Waterproof-Dog-Shoes-300x286.png",300,286,true],"medium_large":["https:\/\/pecpets.com\/wp-content\/uploads\/2024\/05\/Waterproof-Dog-Shoes-768x733.png",768,733,true],"large":["https:\/\/pecpets.com\/wp-content\/uploads\/2024\/05\/Waterproof-Dog-Shoes-1024x978.png",800,764,true],"1536x1536":["https:\/\/pecpets.com\/wp-content\/uploads\/2024\/05\/Waterproof-Dog-Shoes.png",1500,1432,false],"2048x2048":["https:\/\/pecpets.com\/wp-content\/uploads\/2024\/05\/Waterproof-Dog-Shoes.png",1500,1432,false],"trp-custom-language-flag":["https:\/\/pecpets.com\/wp-content\/uploads\/2024\/05\/Waterproof-Dog-Shoes.png",13,12,false],"woocommerce_thumbnail":["https:\/\/pecpets.com\/wp-content\/uploads\/2024\/05\/Waterproof-Dog-Shoes-300x300.png",300,300,true],"woocommerce_single":["https:\/\/pecpets.com\/wp-content\/uploads\/2024\/05\/Waterproof-Dog-Shoes-600x573.png",600,573,true],"woocommerce_gallery_thumbnail":["https:\/\/pecpets.com\/wp-content\/uploads\/2024\/05\/Waterproof-Dog-Shoes-100x100.png",100,100,true]},"uagb_author_info":{"display_name":"Lawrence\u00a0\u52b3\u4f26\u65af","author_link":"https:\/\/pecpets.com\/fr\/author\/"},"uagb_comment_info":0,"uagb_excerpt":"Dog Shoes Waterproof Dog Shoes Explore Dog Shoes Waterproof Dog Shoes. Shop wholesale pet Shoes from the factory for unbeatable prices and quality.","_links":{"self":[{"href":"https:\/\/pecpets.com\/fr\/wp-json\/wp\/v2\/product\/5760","targetHints":{"allow":["GET"]}}],"collection":[{"href":"https:\/\/pecpets.com\/fr\/wp-json\/wp\/v2\/product"}],"about":[{"href":"https:\/\/pecpets.com\/fr\/wp-json\/wp\/v2\/types\/product"}],"wp:featuredmedia":[{"embeddable":true,"href":"https:\/\/pecpets.com\/fr\/wp-json\/wp\/v2\/media\/5765"}],"wp:attachment":[{"href":"https:\/\/pecpets.com\/fr\/wp-json\/wp\/v2\/media?parent=5760"}],"wp:term":[{"taxonomy":"product_brand","embeddable":true,"href":"https:\/\/pecpets.com\/fr\/wp-json\/wp\/v2\/product_brand?post=5760"},{"taxonomy":"product_cat","embeddable":true,"href":"https:\/\/pecpets.com\/fr\/wp-json\/wp\/v2\/product_cat?post=5760"},{"taxonomy":"product_tag","embeddable":true,"href":"https:\/\/pecpets.com\/fr\/wp-json\/wp\/v2\/product_tag?post=5760"}],"curies":[{"name":"wp","href":"https:\/\/api.w.org\/{rel}","templated":true}]}}