{"id":7347,"date":"2024-06-29T11:52:10","date_gmt":"2024-06-29T03:52:10","guid":{"rendered":"https:\/\/pecpets.com\/?post_type=product&#038;p=7347"},"modified":"2024-10-30T10:15:44","modified_gmt":"2024-10-30T02:15:44","slug":"portable-dog-training-dog-shock-collar","status":"publish","type":"product","link":"https:\/\/pecpets.com\/fr\/product\/portable-dog-training-dog-shock-collar\/","title":{"rendered":"Collier de dressage portable pour chien"},"content":{"rendered":"<h2 data-immersive-translate-walked=\"e7004b1f-2e8f-4436-a121-9fbf271e51c9\">Collier de dressage portable pour chien | Collier de dressage et de s\u00e9curit\u00e9 | Confortable et durable | Fabricant en gros<\/h2>\n<p>Bienvenue sur notre plateforme B2B, votre premi\u00e8re source de colliers antichocs portables de haute qualit\u00e9 pour le dressage des chiens. Nos colliers pour chiens sont con\u00e7us pour fournir des solutions de dressage efficaces tout en assurant confort et durabilit\u00e9. Nous proposons des produits fiables et sans cruaut\u00e9 qui r\u00e9pondent aux normes les plus strictes, parfaits pour les dresseurs professionnels et les propri\u00e9taires d'animaux de compagnie.<\/p>\n<table style=\"border-collapse: collapse; background-color: #ffffff; width: 329px; height: 273px;\" border=\"1\">\n<tbody>\n<tr>\n<td style=\"font-family: Verdana, Arial, Helvetica, sans-serif; font-size: 12px; color: #000000; margin: 8px; width: 187px; text-align: center;\"><span style=\"line-height: 21px; font-size: 14px;\">Nom des produits<\/span><\/td>\n<td style=\"font-family: Verdana, Arial, Helvetica, sans-serif; font-size: 12px; color: #000000; margin: 8px; width: 526px; text-align: center;\"><span style=\"font-size: 14px;\">Collier pour animaux de compagnie<\/span><\/td>\n<\/tr>\n<tr>\n<td style=\"font-family: Verdana, Arial, Helvetica, sans-serif; font-size: 12px; color: #000000; margin: 8px; width: 187px; text-align: center;\"><span style=\"line-height: 21px; font-size: 14px;\">Num\u00e9ro d'article<\/span><\/td>\n<td style=\"font-family: Verdana, Arial, Helvetica, sans-serif; font-size: 12px; color: #000000; margin: 8px; width: 526px; text-align: center;\"><span style=\"line-height: 21px; font-size: 14px;\">P-C1007<\/span><\/td>\n<\/tr>\n<tr>\n<td style=\"font-family: Verdana, Arial, Helvetica, sans-serif; font-size: 12px; color: #000000; margin: 8px; width: 187px; text-align: center;\"><span style=\"line-height: 21px; color: #333333; font-family: Arial, Helvetica; font-size: 14px; font-style: normal; font-weight: 400; background-color: #ffffff; float: none; display: inline !important;\">Mat\u00e9riau<\/span><\/td>\n<td style=\"font-family: Verdana, Arial, Helvetica, sans-serif; font-size: 12px; color: #000000; margin: 8px; width: 526px; text-align: center;\"><span style=\"color: #333333; font-family: Helvetica,Tahoma,Arial; font-size: 12px; font-style: normal; font-weight: 400; background-color: #fcfcfc; display: inline !important; float: none;\">Tissu Oxford<\/span><\/td>\n<\/tr>\n<tr>\n<td style=\"font-family: Verdana, Arial, Helvetica, sans-serif; font-size: 12px; color: #000000; margin: 8px; width: 187px; text-align: center;\"><span style=\"line-height: 21px; font-size: 14px;\">\u00a0Taille<\/span><\/td>\n<td style=\"margin: 8px; width: 526px; text-align: center;\"><span style=\"color: #222222; font-family: Helvetica, Tahoma, Arial;\"><span style=\"font-size: 14px;\">Taille personnalis\u00e9e<\/span><\/span><\/td>\n<\/tr>\n<tr>\n<td style=\"font-family: Verdana, Arial, Helvetica, sans-serif; font-size: 12px; color: #000000; margin: 8px; width: 187px; text-align: center;\"><span style=\"line-height: 21px; font-size: 14px;\">\u00a0Couleur<\/span><\/td>\n<td style=\"font-family: Verdana, Arial, Helvetica, sans-serif; font-size: 12px; color: #000000; margin: 8px; width: 526px; text-align: center;\"><span style=\"font-size: 14px;\">Couleur personnalis\u00e9e<\/span><\/td>\n<\/tr>\n<tr>\n<td style=\"font-family: Verdana, Arial, Helvetica, sans-serif; font-size: 12px; color: #000000; margin: 8px; width: 187px; text-align: center;\"><span style=\"line-height: 21px; font-size: 14px;\">\u00a0<span style=\"line-height: 21px; color: #333333; font-family: Arial, Helvetica; font-size: 14px; font-style: normal; font-weight: 400; background-color: #ffffff; float: none; display: inline !important;\">Type d'animal<\/span><\/span><\/td>\n<td style=\"font-family: Verdana, Arial, Helvetica, sans-serif; font-size: 12px; color: #000000; margin: 8px; width: 526px; text-align: center;\"><span style=\"line-height: 21px; font-size: 14px;\">\u00a0Tous les chiens<\/span><\/td>\n<\/tr>\n<tr>\n<td style=\"font-family: Verdana, Arial, Helvetica, sans-serif; font-size: 12px; color: #000000; margin: 8px; width: 187px; text-align: center;\"><span style=\"line-height: 21px; font-size: 14px;\">\u00a0<span style=\"line-height: 21px; color: #333333; font-family: Arial, Helvetica; font-size: 14px; font-style: normal; font-weight: 400; background-color: #ffffff; float: none; display: inline !important;\">D\u00e9lai de livraison<\/span><\/span><\/td>\n<td style=\"font-family: Verdana, Arial, Helvetica, sans-serif; font-size: 12px; color: #000000; margin: 8px; width: 526px; text-align: center;\"><span style=\"line-height: 21px; font-size: 14px;\"><span style=\"line-height: 21px; color: #000000; font-family: Verdana, Arial, Helvetica, sans-serif; font-size: 14px; font-style: normal; font-weight: 400; background-color: #ffffff; float: none; display: inline !important;\">1-5 jours pour les petites quantit\u00e9s par voie a\u00e9rienne et 30-35 jours pour les grandes quantit\u00e9s par voie maritime.<\/span>\u00a0<\/span><\/td>\n<\/tr>\n<tr>\n<td style=\"font-family: Verdana, Arial, Helvetica, sans-serif; font-size: 12px; color: #000000; margin: 8px; width: 187px; text-align: center;\"><span style=\"line-height: 21px; font-size: 14px;\">\u00a0<span style=\"line-height: 21px; color: #333333; font-family: Arial, Helvetica; font-size: 14px; font-style: normal; font-weight: 400; background-color: #ffffff; float: none; display: inline !important;\">Port d'embarquement<\/span><\/span><\/td>\n<td style=\"font-family: Verdana, Arial, Helvetica, sans-serif; font-size: 12px; color: #000000; margin: 8px; width: 526px; text-align: center;\"><span style=\"line-height: 21px; font-size: 14px;\">Xiamen\u00a0<\/span><\/td>\n<\/tr>\n<tr>\n<td style=\"font-family: Verdana, Arial, Helvetica, sans-serif; font-size: 12px; color: #000000; margin: 8px; width: 187px; text-align: center;\"><span style=\"line-height: 21px; font-size: 14px;\">\u00a0<span style=\"line-height: 21px; color: #333333; font-family: Arial, Helvetica; font-size: 14px; font-style: normal; font-weight: 400; background-color: #ffffff; float: none; display: inline !important;\">OEM\/ODM<\/span><\/span><\/td>\n<td style=\"font-family: Verdana, Arial, Helvetica, sans-serif; font-size: 12px; color: #000000; margin: 8px; width: 526px; text-align: center;\"><span style=\"line-height: 21px; font-size: 14px;\">\u00a0<span style=\"line-height: 21px; color: #333333; font-family: Arial, Helvetica; font-size: 14px; font-style: normal; font-weight: 400; background-color: #ffffff; float: none; display: inline !important;\">Disponible<\/span><\/span><\/td>\n<\/tr>\n<tr>\n<td style=\"font-family: Verdana, Arial, Helvetica, sans-serif; font-size: 12px; color: #000000; margin: 8px; width: 187px; text-align: center;\"><span style=\"line-height: 21px; font-size: 14px;\">\u00a0<span style=\"line-height: 21px; color: #333333; font-family: Arial, Helvetica; font-size: 14px; font-style: normal; font-weight: 400; background-color: #ffffff; float: none; display: inline !important;\">Paquet<\/span><\/span><\/td>\n<td style=\"font-family: Verdana, Arial, Helvetica, sans-serif; font-size: 12px; color: #000000; margin: 8px; width: 526px; text-align: center;\"><span style=\"line-height: 21px; font-size: 14px;\"><span style=\"line-height: 21px; color: #333333; font-family: Arial, Helvetica; font-size: 14px; font-style: normal; font-weight: 400; background-color: #ffffff; float: none; display: inline !important;\">Chaque pi\u00e8ce est emball\u00e9e dans un PPB puis dans un carton ou selon les besoins.<\/span><\/span><\/td>\n<\/tr>\n<\/tbody>\n<\/table>\n<ul>\n<li>\n<p data-immersive-translate-walked=\"8b5afd8b-1b58-4d39-bfba-c28d7f2dd9b7\" data-immersive-translate-paragraph=\"1\"><strong data-immersive-translate-walked=\"8b5afd8b-1b58-4d39-bfba-c28d7f2dd9b7\">Une formation efficace<\/strong>: Nos portables <span style=\"color: #ff0000;\"><a style=\"color: #ff0000;\" href=\"https:\/\/pecpets.com\/fr\/categorie-de-produits\/pet-collars\/\" target=\"_blank\" rel=\"noopener\">Collier de dressage pour chien<\/a><\/span> est \u00e9quip\u00e9 d'une technologie de pointe pour contribuer \u00e0 un dressage efficace des chiens. Il offre des niveaux de stimulation personnalisables, garantissant une exp\u00e9rience de dressage adapt\u00e9e \u00e0 chaque chien.<\/p>\n<\/li>\n<li><strong>La s\u00e9curit\u00e9 avant tout<\/strong>: Con\u00e7us dans un souci de s\u00e9curit\u00e9, nos colliers utilisent une stimulation douce et humaine pour corriger le comportement de l'animal sans le blesser. Les colliers sont dot\u00e9s de fonctions de s\u00e9curit\u00e9 telles que l'arr\u00eat automatique pour \u00e9viter la surstimulation.<\/li>\n<li><strong>Coupe confortable<\/strong>: Fabriqu\u00e9s \u00e0 partir de mat\u00e9riaux de premi\u00e8re qualit\u00e9, nos colliers pour chiens garantissent un ajustement confortable pour les chiens de toutes tailles. La conception r\u00e9glable et la construction l\u00e9g\u00e8re permettent un port prolong\u00e9 sans causer d'inconfort.<\/li>\n<li>\n<p data-immersive-translate-walked=\"8b5afd8b-1b58-4d39-bfba-c28d7f2dd9b7\" data-immersive-translate-paragraph=\"1\"><strong data-immersive-translate-walked=\"8b5afd8b-1b58-4d39-bfba-c28d7f2dd9b7\">Durabilit\u00e9<\/strong>: Con\u00e7us pour r\u00e9sister \u00e0 une utilisation rigoureuse, nos colliers antichocs sont fabriqu\u00e9s \u00e0 partir de mat\u00e9riaux durables qui garantissent des performances \u00e0 long terme. Id\u00e9aux pour les s\u00e9ances d'entra\u00eenement et l'utilisation quotidienne, ces colliers sont con\u00e7us pour durer.<\/p>\n<\/li>\n<li><strong data-immersive-translate-walked=\"8b5afd8b-1b58-4d39-bfba-c28d7f2dd9b7\">Disponibilit\u00e9 en gros<\/strong>: En tant que fournisseur direct, nous offrons des prix de gros comp\u00e9titifs pour les commandes en gros. Notre syst\u00e8me de production et de distribution efficace garantit une livraison dans les d\u00e9lais et un service \u00e0 la client\u00e8le exceptionnel.<\/li>\n<\/ul>\n<p data-immersive-translate-walked=\"8b5afd8b-1b58-4d39-bfba-c28d7f2dd9b7\"><strong data-immersive-translate-walked=\"8b5afd8b-1b58-4d39-bfba-c28d7f2dd9b7\" data-immersive-translate-paragraph=\"1\">Pourquoi nous choisir ?<\/strong><\/p>\n<ul>\n<li>\n<p data-immersive-translate-walked=\"8b5afd8b-1b58-4d39-bfba-c28d7f2dd9b7\" data-immersive-translate-paragraph=\"1\"><strong data-immersive-translate-walked=\"8b5afd8b-1b58-4d39-bfba-c28d7f2dd9b7\">Directement de l'usine<\/strong>: En achetant directement aupr\u00e8s de notre usine, vous b\u00e9n\u00e9ficiez de co\u00fbts r\u00e9duits et de d\u00e9lais d'exp\u00e9dition acc\u00e9l\u00e9r\u00e9s. Nous \u00e9liminons les interm\u00e9diaires et vous offrons le meilleur rapport qualit\u00e9-prix.<\/p>\n<\/li>\n<li>\n<p data-immersive-translate-walked=\"8b5afd8b-1b58-4d39-bfba-c28d7f2dd9b7\" data-immersive-translate-paragraph=\"1\"><strong data-immersive-translate-walked=\"8b5afd8b-1b58-4d39-bfba-c28d7f2dd9b7\">Assurance qualit\u00e9<\/strong>: Chaque collier est soumis \u00e0 des contr\u00f4les de qualit\u00e9 rigoureux afin de s'assurer qu'il r\u00e9pond \u00e0 nos normes \u00e9lev\u00e9es. Vous pouvez faire confiance \u00e0 nos produits pour obtenir les performances et la fiabilit\u00e9 dont votre entreprise a besoin.<\/p>\n<\/li>\n<li>\n<p data-immersive-translate-walked=\"8b5afd8b-1b58-4d39-bfba-c28d7f2dd9b7\" data-immersive-translate-paragraph=\"1\"><strong data-immersive-translate-walked=\"8b5afd8b-1b58-4d39-bfba-c28d7f2dd9b7\">Options personnalisables<\/strong>: Nous offrons une gamme d'options de personnalisation pour r\u00e9pondre \u00e0 vos besoins sp\u00e9cifiques. De l'image de marque aux modifications du design, nous travaillons avec vous pour cr\u00e9er des produits qui s'alignent sur l'identit\u00e9 de votre marque.<\/p>\n<\/li>\n<\/ul>","protected":false},"excerpt":{"rendered":"<h2><strong><b>Vente en gros de collier de dressage portable pour chien<\/b><\/strong><\/h2>\n<p>D\u00e9couvrez le collier de dressage portable pour chien.<\/p>\n<p>Gardez vos animaux de compagnie \u00e9l\u00e9gants gr\u00e2ce \u00e0 nos mod\u00e8les de haute qualit\u00e9.<\/p>","protected":false},"featured_media":7322,"template":"","meta":{"_seopress_robots_primary_cat":"none","_seopress_titles_title":"Portable Dog Training Dog Shock Collar - Top Manufacturers","_seopress_titles_desc":"Discover Portable Dog Training Dog Shock Collar. Shop high-quality collars at wholesale factory prices. Perfect for pet dogs.","_seopress_robots_index":"","_seopress_analysis_target_kw":"Portable Dog Training Dog Shock Collar","_uag_custom_page_level_css":""},"product_brand":[],"product_cat":[211,363],"product_tag":[215,216,214,213],"class_list":{"0":"post-7347","1":"product","2":"type-product","3":"status-publish","4":"has-post-thumbnail","6":"product_cat-pet-collars","7":"product_cat-training-safety-collars","8":"product_tag-adjustable-collar","9":"product_tag-collar-and-leash-set","10":"product_tag-custom-color-dog-collar","11":"product_tag-dog-collar","13":"first","14":"instock","15":"shipping-taxable","16":"product-type-simple"},"uagb_featured_image_src":{"full":["https:\/\/pecpets.com\/wp-content\/uploads\/2024\/06\/\u4e3b\u56fe-01-34.jpg",800,800,false],"thumbnail":["https:\/\/pecpets.com\/wp-content\/uploads\/2024\/06\/\u4e3b\u56fe-01-34-150x150.jpg",150,150,true],"medium":["https:\/\/pecpets.com\/wp-content\/uploads\/2024\/06\/\u4e3b\u56fe-01-34-300x300.jpg",300,300,true],"medium_large":["https:\/\/pecpets.com\/wp-content\/uploads\/2024\/06\/\u4e3b\u56fe-01-34-768x768.jpg",768,768,true],"large":["https:\/\/pecpets.com\/wp-content\/uploads\/2024\/06\/\u4e3b\u56fe-01-34.jpg",800,800,false],"1536x1536":["https:\/\/pecpets.com\/wp-content\/uploads\/2024\/06\/\u4e3b\u56fe-01-34.jpg",800,800,false],"2048x2048":["https:\/\/pecpets.com\/wp-content\/uploads\/2024\/06\/\u4e3b\u56fe-01-34.jpg",800,800,false],"trp-custom-language-flag":["https:\/\/pecpets.com\/wp-content\/uploads\/2024\/06\/\u4e3b\u56fe-01-34.jpg",12,12,false],"woocommerce_thumbnail":["https:\/\/pecpets.com\/wp-content\/uploads\/2024\/06\/\u4e3b\u56fe-01-34-300x300.jpg",300,300,true],"woocommerce_single":["https:\/\/pecpets.com\/wp-content\/uploads\/2024\/06\/\u4e3b\u56fe-01-34-600x600.jpg",600,600,true],"woocommerce_gallery_thumbnail":["https:\/\/pecpets.com\/wp-content\/uploads\/2024\/06\/\u4e3b\u56fe-01-34-100x100.jpg",100,100,true]},"uagb_author_info":{"display_name":"Lawrence\u00a0\u52b3\u4f26\u65af","author_link":"https:\/\/pecpets.com\/fr\/author\/"},"uagb_comment_info":0,"uagb_excerpt":"Wholesale Portable Dog Training Dog Shock Collar Discover Portable Dog Training Dog Shock Collar. Keep your pets stylish with our high-quality designs.","_links":{"self":[{"href":"https:\/\/pecpets.com\/fr\/wp-json\/wp\/v2\/product\/7347","targetHints":{"allow":["GET"]}}],"collection":[{"href":"https:\/\/pecpets.com\/fr\/wp-json\/wp\/v2\/product"}],"about":[{"href":"https:\/\/pecpets.com\/fr\/wp-json\/wp\/v2\/types\/product"}],"wp:featuredmedia":[{"embeddable":true,"href":"https:\/\/pecpets.com\/fr\/wp-json\/wp\/v2\/media\/7322"}],"wp:attachment":[{"href":"https:\/\/pecpets.com\/fr\/wp-json\/wp\/v2\/media?parent=7347"}],"wp:term":[{"taxonomy":"product_brand","embeddable":true,"href":"https:\/\/pecpets.com\/fr\/wp-json\/wp\/v2\/product_brand?post=7347"},{"taxonomy":"product_cat","embeddable":true,"href":"https:\/\/pecpets.com\/fr\/wp-json\/wp\/v2\/product_cat?post=7347"},{"taxonomy":"product_tag","embeddable":true,"href":"https:\/\/pecpets.com\/fr\/wp-json\/wp\/v2\/product_tag?post=7347"}],"curies":[{"name":"wp","href":"https:\/\/api.w.org\/{rel}","templated":true}]}}