{"id":8173,"date":"2024-07-09T09:52:23","date_gmt":"2024-07-09T01:52:23","guid":{"rendered":"https:\/\/pecpets.com\/?post_type=product&#038;p=8173"},"modified":"2025-08-19T14:52:09","modified_gmt":"2025-08-19T06:52:09","slug":"cold-weather-soft-warm-pet-dog-harness-vest","status":"publish","type":"product","link":"https:\/\/pecpets.com\/fr\/product\/cold-weather-soft-warm-pet-dog-harness-vest\/","title":{"rendered":"Harnais pour chien par temps froid, doux et chaud"},"content":{"rendered":"<h2 data-immersive-translate-walked=\"344be1c1-5052-41eb-8fcd-0dbe236a0d6b\" data-immersive-translate-paragraph=\"1\">Luxury High-Quality Cold Weather Soft Warm Pet Dog Harness Vest - Basic Dog Clothing Wholesale from Factory<\/h2>\n<p>Nous vous pr\u00e9sentons notre gilet harnais de luxe de haute qualit\u00e9 pour chiens par temps froid, un m\u00e9lange parfait de confort, de chaleur et de style pour votre animal de compagnie pendant les mois les plus froids. Cette pi\u00e8ce essentielle de l'habillement pour animaux de compagnie offre une qualit\u00e9 sup\u00e9rieure et du luxe. Disponible en gros directement aupr\u00e8s de notre usine, il garantit un savoir-faire de premier ordre \u00e0 des prix comp\u00e9titifs.<\/p>\n<table width=\"288\">\n<tbody>\n<tr>\n<td width=\"137\"><span style=\"color: #333333;\">Nom du produit<\/span><\/td>\n<td width=\"151\"><span style=\"color: #333333;\">V\u00eatements pour animaux<\/span><\/td>\n<\/tr>\n<tr>\n<td><span style=\"color: #333333;\">Num\u00e9ro d'article<\/span><\/td>\n<td><span style=\"color: #333333;\">P-C2103<\/span><\/td>\n<\/tr>\n<tr>\n<td><span style=\"color: #333333;\">Mat\u00e9riau<\/span><\/td>\n<td>Coton, polyester, polaire<\/td>\n<\/tr>\n<tr>\n<td><span style=\"color: #333333;\">\u00a0Taille et couleur<\/span><\/td>\n<td><span style=\"color: #333333;\">Sur mesure<\/span><\/td>\n<\/tr>\n<tr>\n<td><span style=\"color: #333333;\">\u00a0D\u00e9lai de livraison<\/span><\/td>\n<td><span style=\"color: #333333;\">1 \u00e0 5 jours pour les petites quantit\u00e9s par voie a\u00e9rienne et 30 \u00e0 35 jours pour les grandes quantit\u00e9s par voie maritime.<\/span><\/td>\n<\/tr>\n<\/tbody>\n<\/table>\n<h4>Caract\u00e9ristiques principales :<\/h4>\n<ul>\n<li><strong>Design doux et chaleureux<\/strong>: Fabriqu\u00e9 \u00e0 partir de mat\u00e9riaux doux et de haute qualit\u00e9 qui gardent votre animal au chaud et \u00e0 l'aise par temps froid.<\/li>\n<li><strong>Construction de haute qualit\u00e9<\/strong>: R\u00e9sistant et durable, il offre une chaleur et une protection fiables.<\/li>\n<li><strong>Luxe et style<\/strong>: Un design \u00e9l\u00e9gant qui allie la fonctionnalit\u00e9 \u00e0 une touche de luxe, parfait pour les propri\u00e9taires d'animaux de compagnie soucieux de la mode.<\/li>\n<li><strong>Harnais int\u00e9gr\u00e9<\/strong>: Un harnais int\u00e9gr\u00e9 pour plus de commodit\u00e9 et de s\u00e9curit\u00e9 lors des promenades.<\/li>\n<li><strong>R\u00e9glable et s\u00fbr<\/strong>: Comprend des sangles r\u00e9glables et des fermetures \u00e0 boucle s\u00e9curis\u00e9es pour un ajustement parfait et une s\u00e9curit\u00e9 accrue.<\/li>\n<li><strong>Disponibilit\u00e9 en gros<\/strong>: Directement de l'usine, ce qui garantit une qualit\u00e9 constante et des prix avantageux pour les commandes en gros.<\/li>\n<\/ul>\n<h3>Id\u00e9al pour :<\/h3>\n<ul>\n<li>Les propri\u00e9taires d'animaux de compagnie recherchent des v\u00eatements de haute qualit\u00e9, chauds et \u00e9l\u00e9gants pour leurs chiens par temps froid.<\/li>\n<li>D\u00e9taillants et grossistes recherchant des v\u00eatements de luxe pour animaux de compagnie \u00e0 des prix directs.<\/li>\n<li>Des entreprises visant \u00e0 offrir \u00e0 leurs clients des v\u00eatements de qualit\u00e9 sup\u00e9rieure pour animaux de compagnie, alliant chaleur, confort et style.<\/li>\n<\/ul>\n<p>Gardez votre animal de compagnie <span style=\"color: #ff0000;\"><a style=\"color: #ff0000;\" href=\"https:\/\/pecpets.com\/fr\/categorie-de-produits\/pet-clothing\/\" target=\"_blank\" rel=\"noopener\">chaud et \u00e9l\u00e9gant<\/a><\/span> avec notre gilet harnais de luxe de haute qualit\u00e9 pour chiens par temps froid, doux et chaud. Contactez-nous d\u00e8s aujourd'hui pour obtenir des informations sur la vente en gros et des prix directs \u00e0 l'usine.<\/p>","protected":false},"excerpt":{"rendered":"<h2>Wholesale Cold Weather Soft Warm Pet Dog Harness Vest<\/h2>\n<p>Discover Cold Weather Soft Warm Pet Dog Harness Vest.<\/p>\n<p>Gardez vos animaux de compagnie \u00e9l\u00e9gants gr\u00e2ce \u00e0 nos mod\u00e8les de haute qualit\u00e9.<\/p>","protected":false},"featured_media":8175,"template":"","meta":{"_seopress_robots_primary_cat":"none","_seopress_titles_title":"Cold Weather Soft Warm Pet Dog Harness Vest","_seopress_titles_desc":"Discover Cold Weather Soft Warm Pet Dog Harness Vest. Keep your pets stylish with our high-quality designs.\u00a0","_seopress_robots_index":"","_uag_custom_page_level_css":""},"product_brand":[],"product_cat":[364,341,23,355],"product_tag":[],"class_list":{"0":"post-8173","1":"product","2":"type-product","3":"status-publish","4":"has-post-thumbnail","6":"product_cat-basic-dog-clothing","7":"product_cat-dog-jacket","8":"product_cat-pet-clothing","9":"product_cat-reflective-dog-harnesses","11":"first","12":"instock","13":"shipping-taxable","14":"product-type-simple"},"uagb_featured_image_src":{"full":["https:\/\/pecpets.com\/wp-content\/uploads\/2024\/07\/H443562e578d04383924d3c9dd38e417dd.jpg",750,750,false],"thumbnail":["https:\/\/pecpets.com\/wp-content\/uploads\/2024\/07\/H443562e578d04383924d3c9dd38e417dd-150x150.jpg",150,150,true],"medium":["https:\/\/pecpets.com\/wp-content\/uploads\/2024\/07\/H443562e578d04383924d3c9dd38e417dd-300x300.jpg",300,300,true],"medium_large":["https:\/\/pecpets.com\/wp-content\/uploads\/2024\/07\/H443562e578d04383924d3c9dd38e417dd.jpg",750,750,false],"large":["https:\/\/pecpets.com\/wp-content\/uploads\/2024\/07\/H443562e578d04383924d3c9dd38e417dd.jpg",750,750,false],"1536x1536":["https:\/\/pecpets.com\/wp-content\/uploads\/2024\/07\/H443562e578d04383924d3c9dd38e417dd.jpg",750,750,false],"2048x2048":["https:\/\/pecpets.com\/wp-content\/uploads\/2024\/07\/H443562e578d04383924d3c9dd38e417dd.jpg",750,750,false],"trp-custom-language-flag":["https:\/\/pecpets.com\/wp-content\/uploads\/2024\/07\/H443562e578d04383924d3c9dd38e417dd.jpg",12,12,false],"woocommerce_thumbnail":["https:\/\/pecpets.com\/wp-content\/uploads\/2024\/07\/H443562e578d04383924d3c9dd38e417dd-300x300.jpg",300,300,true],"woocommerce_single":["https:\/\/pecpets.com\/wp-content\/uploads\/2024\/07\/H443562e578d04383924d3c9dd38e417dd-600x600.jpg",600,600,true],"woocommerce_gallery_thumbnail":["https:\/\/pecpets.com\/wp-content\/uploads\/2024\/07\/H443562e578d04383924d3c9dd38e417dd-100x100.jpg",100,100,true]},"uagb_author_info":{"display_name":"Lawrence\u00a0\u52b3\u4f26\u65af","author_link":"https:\/\/pecpets.com\/fr\/author\/"},"uagb_comment_info":0,"uagb_excerpt":"Wholesale Cold Weather Soft Warm Pet Dog Harness Vest Discover Cold Weather Soft Warm Pet Dog Harness Vest. Keep your pets stylish with our high-quality designs.","_links":{"self":[{"href":"https:\/\/pecpets.com\/fr\/wp-json\/wp\/v2\/product\/8173","targetHints":{"allow":["GET"]}}],"collection":[{"href":"https:\/\/pecpets.com\/fr\/wp-json\/wp\/v2\/product"}],"about":[{"href":"https:\/\/pecpets.com\/fr\/wp-json\/wp\/v2\/types\/product"}],"wp:featuredmedia":[{"embeddable":true,"href":"https:\/\/pecpets.com\/fr\/wp-json\/wp\/v2\/media\/8175"}],"wp:attachment":[{"href":"https:\/\/pecpets.com\/fr\/wp-json\/wp\/v2\/media?parent=8173"}],"wp:term":[{"taxonomy":"product_brand","embeddable":true,"href":"https:\/\/pecpets.com\/fr\/wp-json\/wp\/v2\/product_brand?post=8173"},{"taxonomy":"product_cat","embeddable":true,"href":"https:\/\/pecpets.com\/fr\/wp-json\/wp\/v2\/product_cat?post=8173"},{"taxonomy":"product_tag","embeddable":true,"href":"https:\/\/pecpets.com\/fr\/wp-json\/wp\/v2\/product_tag?post=8173"}],"curies":[{"name":"wp","href":"https:\/\/api.w.org\/{rel}","templated":true}]}}