{"id":8304,"date":"2024-07-10T10:58:36","date_gmt":"2024-07-10T02:58:36","guid":{"rendered":"https:\/\/pecpets.com\/?post_type=product&#038;p=8304"},"modified":"2025-08-18T17:04:30","modified_gmt":"2025-08-18T09:04:30","slug":"skid-proof-rain-snowy-running-shoes-boots","status":"publish","type":"product","link":"https:\/\/pecpets.com\/fr\/product\/skid-proof-rain-snowy-running-shoes-boots\/","title":{"rendered":"Bottes de pluie et de neige antid\u00e9rapantes pour chaussures de course"},"content":{"rendered":"<h2 data-immersive-translate-walked=\"b535e8cb-4fa8-4755-a6c9-df7ac573832a\">Chaussures antid\u00e9rapantes de haute qualit\u00e9 pour chien - Accessoires pour animaux de compagnie en gros de l'usine<\/h2>\n<h3>Description :<\/h3>\n<p>Nous vous pr\u00e9sentons nos chaussures de course de haute qualit\u00e9 antid\u00e9rapantes pour la pluie et la neige, l'accessoire parfait pour prot\u00e9ger les pattes de votre chien et le rendre confortable par tous les temps. Con\u00e7ues pour la pluie et la neige, ces chaussures durables pour chiens offrent une excellente traction et un bon maintien. Disponibles en gros directement aupr\u00e8s de notre usine, elles garantissent une qualit\u00e9 sup\u00e9rieure et des prix comp\u00e9titifs.<\/p>\n<table width=\"288\">\n<tbody>\n<tr>\n<td width=\"137\"><span style=\"color: #333333;\">Nom des produits<\/span><\/td>\n<td width=\"151\"><span style=\"color: #333333;\">Chaussures pour animaux<\/span><\/td>\n<\/tr>\n<tr>\n<td><span style=\"color: #333333;\">Num\u00e9ro d'article<\/span><\/td>\n<td><span style=\"color: #333333;\">PA-S2014<\/span><\/td>\n<\/tr>\n<tr>\n<td><span style=\"color: #333333;\">Mat\u00e9riau<\/span><\/td>\n<td><span style=\"color: #333333;\">Caoutchouc<\/span><\/td>\n<\/tr>\n<tr>\n<td><span style=\"color: #333333;\">\u00a0Taille et couleur<\/span><\/td>\n<td><span style=\"color: #333333;\">Sur mesure<\/span><\/td>\n<\/tr>\n<tr>\n<td><span style=\"color: #333333;\">\u00a0D\u00e9lai de livraison<\/span><\/td>\n<td><span style=\"color: #333333;\">1-5 jours pour les petites quantit\u00e9s par voie a\u00e9rienne et 30-35 jours pour les grandes quantit\u00e9s par voie maritime.<\/span><\/td>\n<\/tr>\n<\/tbody>\n<\/table>\n<h4>Caract\u00e9ristiques principales :<\/h4>\n<ul>\n<li><strong>Conception antid\u00e9rapante<\/strong>: La semelle antid\u00e9rapante offre une excellente traction et emp\u00eache de glisser sur les surfaces mouill\u00e9es ou verglac\u00e9es.<\/li>\n<li><strong>Protection tous temps<\/strong>: Con\u00e7u pour prot\u00e9ger les pattes de votre chien de la pluie, de la neige et des terrains accident\u00e9s.<\/li>\n<li><strong>Mat\u00e9riaux de haute qualit\u00e9<\/strong>: Fabriqu\u00e9 \u00e0 partir de tissus durables et r\u00e9sistants \u00e0 l'eau pour assurer confort et long\u00e9vit\u00e9.<\/li>\n<li><strong>Coupe confortable<\/strong>: L\u00e9ger et respirant, il assure le confort de votre chien pendant les courses et les promenades.<\/li>\n<li><strong>Facile \u00e0 porter<\/strong>: Facile \u00e0 mettre et \u00e0 enlever, avec des fermetures s\u00e9curis\u00e9es pour maintenir les chaussures en place.<\/li>\n<li><strong>\u00c9l\u00e9gant et fonctionnel<\/strong>: Combine praticit\u00e9 et design \u00e9l\u00e9gant, ce qui en fait un accessoire indispensable pour les animaux de compagnie.<\/li>\n<li><strong>Disponibilit\u00e9 en gros<\/strong>: Directement de l'usine, ce qui permet d'obtenir une qualit\u00e9 constante et des prix avantageux pour les commandes en gros.<\/li>\n<\/ul>\n<h3>Id\u00e9al pour :<\/h3>\n<ul>\n<li>Les propri\u00e9taires d'animaux de compagnie qui recherchent des chaussures antid\u00e9rapantes de haute qualit\u00e9 pour leurs chiens, \u00e0 utiliser sous la pluie ou dans la neige.<\/li>\n<li>D\u00e9taillants et grossistes \u00e0 la recherche d'accessoires pour animaux de compagnie de qualit\u00e9 sup\u00e9rieure \u00e0 des prix directs.<\/li>\n<li>Des entreprises visant \u00e0 offrir \u00e0 leurs clients des chaussures pour chiens haut de gamme qui allient protection, confort et style.<\/li>\n<\/ul>\n<p>\u00c9quipez votre chien de la meilleure protection des pattes avec nos chaussures de course antid\u00e9rapantes de haute qualit\u00e9 pour chien. Contactez-nous d\u00e8s aujourd'hui pour obtenir des informations sur la vente en gros et des prix directs \u00e0 l'usine.<\/p>","protected":false},"excerpt":{"rendered":"<h2>Bottes de pluie et de neige antid\u00e9rapantes pour chaussures de course<\/h2>\n<p>Explore Skid-Proof Rain Snowy Running Shoes Boots.<\/p>\n<p>Achetez en gros des chaussures pour animaux de compagnie de l'usine pour des prix et une qualit\u00e9 imbattables.<\/p>","protected":false},"featured_media":8309,"template":"","meta":{"_seopress_robots_primary_cat":"none","_seopress_titles_title":"Skid-Proof Rain Snowy Running Shoes Boots - Manufacturers","_seopress_titles_desc":"Explore our Skid-Proof Rain Snowy Running Shoes Boots. Designed for comfort, they are perfect for wholesalers. Ensure pets are comfortable on every walk.","_seopress_robots_index":"","_uag_custom_page_level_css":""},"product_brand":[],"product_cat":[330,324],"product_tag":[],"class_list":{"0":"post-8304","1":"product","2":"type-product","3":"status-publish","4":"has-post-thumbnail","6":"product_cat-dog-shoes","7":"product_cat-pet-accessory","9":"first","10":"instock","11":"shipping-taxable","12":"product-type-simple"},"uagb_featured_image_src":{"full":["https:\/\/pecpets.com\/wp-content\/uploads\/2024\/07\/O1CN01oMMGZJ1iSHiSeBr4b_2756954411-0-cib.jpg",800,800,false],"thumbnail":["https:\/\/pecpets.com\/wp-content\/uploads\/2024\/07\/O1CN01oMMGZJ1iSHiSeBr4b_2756954411-0-cib-150x150.jpg",150,150,true],"medium":["https:\/\/pecpets.com\/wp-content\/uploads\/2024\/07\/O1CN01oMMGZJ1iSHiSeBr4b_2756954411-0-cib-300x300.jpg",300,300,true],"medium_large":["https:\/\/pecpets.com\/wp-content\/uploads\/2024\/07\/O1CN01oMMGZJ1iSHiSeBr4b_2756954411-0-cib-768x768.jpg",768,768,true],"large":["https:\/\/pecpets.com\/wp-content\/uploads\/2024\/07\/O1CN01oMMGZJ1iSHiSeBr4b_2756954411-0-cib.jpg",800,800,false],"1536x1536":["https:\/\/pecpets.com\/wp-content\/uploads\/2024\/07\/O1CN01oMMGZJ1iSHiSeBr4b_2756954411-0-cib.jpg",800,800,false],"2048x2048":["https:\/\/pecpets.com\/wp-content\/uploads\/2024\/07\/O1CN01oMMGZJ1iSHiSeBr4b_2756954411-0-cib.jpg",800,800,false],"trp-custom-language-flag":["https:\/\/pecpets.com\/wp-content\/uploads\/2024\/07\/O1CN01oMMGZJ1iSHiSeBr4b_2756954411-0-cib.jpg",12,12,false],"woocommerce_thumbnail":["https:\/\/pecpets.com\/wp-content\/uploads\/2024\/07\/O1CN01oMMGZJ1iSHiSeBr4b_2756954411-0-cib-300x300.jpg",300,300,true],"woocommerce_single":["https:\/\/pecpets.com\/wp-content\/uploads\/2024\/07\/O1CN01oMMGZJ1iSHiSeBr4b_2756954411-0-cib-600x600.jpg",600,600,true],"woocommerce_gallery_thumbnail":["https:\/\/pecpets.com\/wp-content\/uploads\/2024\/07\/O1CN01oMMGZJ1iSHiSeBr4b_2756954411-0-cib-100x100.jpg",100,100,true]},"uagb_author_info":{"display_name":"Lawrence\u00a0\u52b3\u4f26\u65af","author_link":"https:\/\/pecpets.com\/fr\/author\/"},"uagb_comment_info":0,"uagb_excerpt":"Skid-Proof Rain Snowy Running Shoes Boots Explore Skid-Proof Rain Snowy Running Shoes Boots. Shop wholesale pet shoes from the factory for unbeatable prices and quality.","_links":{"self":[{"href":"https:\/\/pecpets.com\/fr\/wp-json\/wp\/v2\/product\/8304","targetHints":{"allow":["GET"]}}],"collection":[{"href":"https:\/\/pecpets.com\/fr\/wp-json\/wp\/v2\/product"}],"about":[{"href":"https:\/\/pecpets.com\/fr\/wp-json\/wp\/v2\/types\/product"}],"wp:featuredmedia":[{"embeddable":true,"href":"https:\/\/pecpets.com\/fr\/wp-json\/wp\/v2\/media\/8309"}],"wp:attachment":[{"href":"https:\/\/pecpets.com\/fr\/wp-json\/wp\/v2\/media?parent=8304"}],"wp:term":[{"taxonomy":"product_brand","embeddable":true,"href":"https:\/\/pecpets.com\/fr\/wp-json\/wp\/v2\/product_brand?post=8304"},{"taxonomy":"product_cat","embeddable":true,"href":"https:\/\/pecpets.com\/fr\/wp-json\/wp\/v2\/product_cat?post=8304"},{"taxonomy":"product_tag","embeddable":true,"href":"https:\/\/pecpets.com\/fr\/wp-json\/wp\/v2\/product_tag?post=8304"}],"curies":[{"name":"wp","href":"https:\/\/api.w.org\/{rel}","templated":true}]}}