{"id":8325,"date":"2024-07-10T14:14:34","date_gmt":"2024-07-10T06:14:34","guid":{"rendered":"https:\/\/pecpets.com\/?post_type=product&#038;p=8325"},"modified":"2025-08-18T17:04:24","modified_gmt":"2025-08-18T09:04:24","slug":"pet-outdoor-snow-boots","status":"publish","type":"product","link":"https:\/\/pecpets.com\/fr\/product\/pet-outdoor-snow-boots\/","title":{"rendered":"Bottes de neige pour animaux de compagnie"},"content":{"rendered":"<h2 data-immersive-translate-walked=\"b535e8cb-4fa8-4755-a6c9-df7ac573832a\">Bottes de neige de haute qualit\u00e9 pour animaux de compagnie - Chaussures pour chiens et accessoires pour animaux de compagnie en gros de l'usine<\/h2>\n<h3>Description :<\/h3>\n<p>\u00c9quipez vos animaux de compagnie de nos bottes de neige de haute qualit\u00e9 pour l'ext\u00e9rieur, les meilleures chaussures pour chiens con\u00e7ues pour prot\u00e9ger leurs pattes dans la neige et les conditions m\u00e9t\u00e9orologiques difficiles. Ces accessoires durables pour animaux de compagnie sont con\u00e7us pour offrir chaleur, confort et traction. Disponibles en gros directement aupr\u00e8s de notre usine, elles offrent une qualit\u00e9 sup\u00e9rieure et des prix comp\u00e9titifs.<\/p>\n<table width=\"288\">\n<tbody>\n<tr>\n<td width=\"137\"><span style=\"color: #333333;\">Nom des produits<\/span><\/td>\n<td width=\"151\"><span style=\"color: #333333;\">Chaussures pour animaux<\/span><\/td>\n<\/tr>\n<tr>\n<td><span style=\"color: #333333;\">Num\u00e9ro d'article<\/span><\/td>\n<td><span style=\"color: #333333;\">PA-S2013<\/span><\/td>\n<\/tr>\n<tr>\n<td><span style=\"color: #333333;\">Mat\u00e9riau<\/span><\/td>\n<td><span style=\"color: #333333;\">Caoutchouc<\/span><\/td>\n<\/tr>\n<tr>\n<td><span style=\"color: #333333;\">\u00a0Taille et couleur<\/span><\/td>\n<td><span style=\"color: #333333;\">Sur mesure<\/span><\/td>\n<\/tr>\n<tr>\n<td><span style=\"color: #333333;\">\u00a0D\u00e9lai de livraison<\/span><\/td>\n<td><span style=\"color: #333333;\">1-5 jours pour les petites quantit\u00e9s par voie a\u00e9rienne et 30-35 jours pour les grandes quantit\u00e9s par voie maritime.<\/span><\/td>\n<\/tr>\n<\/tbody>\n<\/table>\n<h4>Caract\u00e9ristiques principales :<\/h4>\n<ul>\n<li><strong>Protection tous temps<\/strong>: Con\u00e7u pour prot\u00e9ger les pattes de votre chien de la neige, de la glace et du froid, pour qu'elles restent au chaud et au sec.<\/li>\n<li><strong>Conception antid\u00e9rapante<\/strong>: La semelle antid\u00e9rapante offre une excellente traction sur les surfaces glissantes.<\/li>\n<li><strong>Mat\u00e9riaux de haute qualit\u00e9<\/strong>: Fabriqu\u00e9 \u00e0 partir de mat\u00e9riaux robustes et r\u00e9sistants \u00e0 l'eau pour garantir une durabilit\u00e9 et une utilisation \u00e0 long terme.<\/li>\n<li><strong>Coupe confortable<\/strong>: Conception l\u00e9g\u00e8re et respirante qui assure un ajustement confortable pour votre animal de compagnie.<\/li>\n<li><strong>Facile \u00e0 porter<\/strong>: Faciles \u00e0 enfiler et \u00e0 retirer, les bottes sont dot\u00e9es de fermetures s\u00e9curis\u00e9es qui les maintiennent fermement en place.<\/li>\n<li><strong>\u00c9l\u00e9gant et pratique<\/strong>: Combine fonctionnalit\u00e9 et design \u00e9l\u00e9gant, ce qui en fait un accessoire indispensable pour tout propri\u00e9taire d'animal de compagnie.<\/li>\n<li><strong>Disponibilit\u00e9 en gros<\/strong>: Directement de l'usine, ce qui garantit une qualit\u00e9 constante et des prix avantageux pour les commandes en gros.<\/li>\n<\/ul>\n<h3>Id\u00e9al pour :<\/h3>\n<ul>\n<li>Pet owners are seeking high-quality, protective snow boots for their dogs.<\/li>\n<li>D\u00e9taillants et grossistes \u00e0 la recherche d'accessoires pour animaux de compagnie de qualit\u00e9 sup\u00e9rieure \u00e0 des prix directs.<\/li>\n<li>Businesses aim to offer their customers top-tier dog shoes that blend protection, comfort, and style.<\/li>\n<\/ul>\n<p>Prot\u00e9gez les pattes de votre chien avec nos bottes de neige de haute qualit\u00e9 pour animaux de compagnie. Contactez-nous d\u00e8s aujourd'hui pour obtenir des informations sur la vente en gros et des prix directs \u00e0 l'usine.<\/p>","protected":false},"excerpt":{"rendered":"<h2>Bottes de neige pour animaux de compagnie<\/h2>\n<p>Explore Pet Outdoor Snow Boots.<\/p>\n<p>Achetez en gros des chaussures pour animaux de compagnie de l'usine pour des prix et une qualit\u00e9 imbattables.<\/p>","protected":false},"featured_media":8336,"template":"","meta":{"_seopress_robots_primary_cat":"none","_seopress_titles_title":"Pet Shoes: Pet Outdoor Snow Boots - Manufacturers","_seopress_titles_desc":"Explore our Pet Outdoor Snow Boots. Designed for comfort, they are perfect for wholesalers. Ensure pets are comfortable on every walk.","_seopress_robots_index":"","_uag_custom_page_level_css":""},"product_brand":[],"product_cat":[330,324],"product_tag":[],"class_list":{"0":"post-8325","1":"product","2":"type-product","3":"status-publish","4":"has-post-thumbnail","6":"product_cat-dog-shoes","7":"product_cat-pet-accessory","9":"first","10":"instock","11":"shipping-taxable","12":"product-type-simple"},"uagb_featured_image_src":{"full":["https:\/\/pecpets.com\/wp-content\/uploads\/2024\/07\/b8846137-a788-4c32-a268-ca732ba65a66.jpeg",1500,1500,false],"thumbnail":["https:\/\/pecpets.com\/wp-content\/uploads\/2024\/07\/b8846137-a788-4c32-a268-ca732ba65a66-150x150.jpeg",150,150,true],"medium":["https:\/\/pecpets.com\/wp-content\/uploads\/2024\/07\/b8846137-a788-4c32-a268-ca732ba65a66-300x300.jpeg",300,300,true],"medium_large":["https:\/\/pecpets.com\/wp-content\/uploads\/2024\/07\/b8846137-a788-4c32-a268-ca732ba65a66-768x768.jpeg",768,768,true],"large":["https:\/\/pecpets.com\/wp-content\/uploads\/2024\/07\/b8846137-a788-4c32-a268-ca732ba65a66-1024x1024.jpeg",800,800,true],"1536x1536":["https:\/\/pecpets.com\/wp-content\/uploads\/2024\/07\/b8846137-a788-4c32-a268-ca732ba65a66.jpeg",1500,1500,false],"2048x2048":["https:\/\/pecpets.com\/wp-content\/uploads\/2024\/07\/b8846137-a788-4c32-a268-ca732ba65a66.jpeg",1500,1500,false],"trp-custom-language-flag":["https:\/\/pecpets.com\/wp-content\/uploads\/2024\/07\/b8846137-a788-4c32-a268-ca732ba65a66.jpeg",12,12,false],"woocommerce_thumbnail":["https:\/\/pecpets.com\/wp-content\/uploads\/2024\/07\/b8846137-a788-4c32-a268-ca732ba65a66-300x300.jpeg",300,300,true],"woocommerce_single":["https:\/\/pecpets.com\/wp-content\/uploads\/2024\/07\/b8846137-a788-4c32-a268-ca732ba65a66-600x600.jpeg",600,600,true],"woocommerce_gallery_thumbnail":["https:\/\/pecpets.com\/wp-content\/uploads\/2024\/07\/b8846137-a788-4c32-a268-ca732ba65a66-100x100.jpeg",100,100,true]},"uagb_author_info":{"display_name":"Lawrence\u00a0\u52b3\u4f26\u65af","author_link":"https:\/\/pecpets.com\/fr\/author\/"},"uagb_comment_info":0,"uagb_excerpt":"Pet Outdoor Snow Boots Explore Pet Outdoor Snow Boots. Shop wholesale pet shoes from the factory for unbeatable prices and quality.","_links":{"self":[{"href":"https:\/\/pecpets.com\/fr\/wp-json\/wp\/v2\/product\/8325","targetHints":{"allow":["GET"]}}],"collection":[{"href":"https:\/\/pecpets.com\/fr\/wp-json\/wp\/v2\/product"}],"about":[{"href":"https:\/\/pecpets.com\/fr\/wp-json\/wp\/v2\/types\/product"}],"wp:featuredmedia":[{"embeddable":true,"href":"https:\/\/pecpets.com\/fr\/wp-json\/wp\/v2\/media\/8336"}],"wp:attachment":[{"href":"https:\/\/pecpets.com\/fr\/wp-json\/wp\/v2\/media?parent=8325"}],"wp:term":[{"taxonomy":"product_brand","embeddable":true,"href":"https:\/\/pecpets.com\/fr\/wp-json\/wp\/v2\/product_brand?post=8325"},{"taxonomy":"product_cat","embeddable":true,"href":"https:\/\/pecpets.com\/fr\/wp-json\/wp\/v2\/product_cat?post=8325"},{"taxonomy":"product_tag","embeddable":true,"href":"https:\/\/pecpets.com\/fr\/wp-json\/wp\/v2\/product_tag?post=8325"}],"curies":[{"name":"wp","href":"https:\/\/api.w.org\/{rel}","templated":true}]}}