{"id":8461,"date":"2024-07-11T14:09:24","date_gmt":"2024-07-11T06:09:24","guid":{"rendered":"https:\/\/pecpets.com\/?post_type=product&#038;p=8461"},"modified":"2025-08-20T17:21:21","modified_gmt":"2025-08-20T09:21:21","slug":"blank-large-clothes-for-dogs","status":"publish","type":"product","link":"https:\/\/pecpets.com\/fr\/product\/blank-large-clothes-for-dogs\/","title":{"rendered":"V\u00eatements larges en blanc pour chiens"},"content":{"rendered":"<h2 data-immersive-translate-walked=\"f36f68ab-127d-4e10-955b-f6ada5d45339\">Blank Large Clothes For Dogs | High-Quality Pet Apparel and Dog Clothes Wholesale from Factory (v\u00eatements pour animaux de compagnie et v\u00eatements pour chiens en gros)<\/h2>\n<h3>Description :<\/h3>\n<p>Nous vous pr\u00e9sentons nos v\u00eatements Blank Large pour chiens, les v\u00eatements id\u00e9aux pour les animaux de compagnie, con\u00e7us pour le confort et la polyvalence.<\/p>\n<p>Parfaits pour la personnalisation ou le port quotidien, ces v\u00eatements pour chiens sont fabriqu\u00e9s avec des mat\u00e9riaux de haute qualit\u00e9 pour assurer la durabilit\u00e9 et le confort. Disponibles en gros directement aupr\u00e8s de notre usine, ils offrent une qualit\u00e9 sup\u00e9rieure et des prix comp\u00e9titifs.<\/p>\n<table style=\"height: 269px;\" width=\"287\">\n<tbody>\n<tr>\n<td width=\"137\"><span style=\"color: #333333;\">Nom du produit<\/span><\/td>\n<td width=\"151\"><span style=\"color: #333333;\">V\u00eatements pour animaux<\/span><\/td>\n<\/tr>\n<tr>\n<td><span style=\"color: #333333;\">Num\u00e9ro d'article<\/span><\/td>\n<td><span style=\"color: #333333;\">P-C2203<\/span><\/td>\n<\/tr>\n<tr>\n<td><span style=\"color: #333333;\">Mat\u00e9riau<\/span><\/td>\n<td>Coton, polyester, polaire<\/td>\n<\/tr>\n<tr>\n<td><span style=\"color: #333333;\">\u00a0Taille et couleur<\/span><\/td>\n<td><span style=\"color: #333333;\">Sur mesure<\/span><\/td>\n<\/tr>\n<tr>\n<td><span style=\"color: #333333;\">\u00a0D\u00e9lai de livraison<\/span><\/td>\n<td><span style=\"color: #333333;\">1 \u00e0 5 jours pour les petites quantit\u00e9s par voie a\u00e9rienne et 30 \u00e0 35 jours pour les grandes quantit\u00e9s par voie maritime.<\/span><\/td>\n<\/tr>\n<\/tbody>\n<\/table>\n<h4>Caract\u00e9ristiques principales :<\/h4>\n<ul>\n<li><strong>Tissu de haute qualit\u00e9<\/strong>: Fabriqu\u00e9 avec des mat\u00e9riaux souples et durables qui assurent le confort et une longue dur\u00e9e de vie.<\/li>\n<li><strong>Parfait pour la personnalisation<\/strong>: Mod\u00e8le vierge id\u00e9al pour la personnalisation, permettant d'ins\u00e9rer des logos, des dessins ou des marques.<\/li>\n<li><strong>Coupe confortable<\/strong>: Con\u00e7u pour s'adapter confortablement aux chiens de grande taille, avec des caract\u00e9ristiques faciles \u00e0 porter.<\/li>\n<li><strong>Utilisation polyvalente<\/strong>: Convient \u00e0 une utilisation quotidienne, \u00e0 des occasions sp\u00e9ciales ou \u00e0 des \u00e9v\u00e9nements promotionnels.<\/li>\n<li><strong>Facile \u00e0 nettoyer<\/strong>: Lavable en machine et facile \u00e0 entretenir, il est tr\u00e8s pratique pour les propri\u00e9taires d'animaux.<\/li>\n<li><strong>\u00c9l\u00e9gant et pratique<\/strong>: Combine fonctionnalit\u00e9 et design \u00e9pur\u00e9.<\/li>\n<li><strong>Disponibilit\u00e9 en gros<\/strong>: Directement de l'usine, ce qui permet d'obtenir une qualit\u00e9 constante et des prix avantageux pour les commandes en gros.<\/li>\n<\/ul>\n<h3>Id\u00e9al pour :<\/h3>\n<ul>\n<li>Les propri\u00e9taires d'animaux de compagnie recherchent des v\u00eatements vierges de haute qualit\u00e9 pour leurs grands chiens.<\/li>\n<li>D\u00e9taillants et grossistes recherchant des v\u00eatements pour chiens de qualit\u00e9 sup\u00e9rieure \u00e0 des prix directs.<\/li>\n<li>Les entreprises qui souhaitent proposer des v\u00eatements pour animaux de compagnie personnalisables \u00e0 des fins de promotion ou d'image de marque.<\/li>\n<\/ul>\n<p>\u00c9quipez votre collection de v\u00eatements pour animaux de compagnie avec nos v\u00eatements polyvalents Blank Large Clothes for Dogs.<\/p>\n<p>Contactez-nous d\u00e8s aujourd'hui pour <span style=\"color: #ff0000;\"><a style=\"color: #ff0000;\" href=\"https:\/\/pecpets.com\/fr\/categorie-de-produits\/pet-clothing\/\" target=\"_blank\" rel=\"noopener\">demandes de renseignements sur le commerce de gros<\/a><\/span> et la tarification directe \u00e0 l'usine.<\/p>","protected":false},"excerpt":{"rendered":"<h2><strong><b>Wholesale Blank Large Clothes For Dogs (v\u00eatements pour chiens)<\/b><\/strong><\/h2>\n<p>D\u00e9couvrez les v\u00eatements blancs de grande taille pour chiens.<\/p>\n<p>Gardez vos animaux de compagnie \u00e9l\u00e9gants gr\u00e2ce \u00e0 nos mod\u00e8les de haute qualit\u00e9.<\/p>\n<h3><\/h3>","protected":false},"featured_media":8467,"template":"","meta":{"_seopress_robots_primary_cat":"none","_seopress_titles_title":"Pet Clothes: Blank Large Clothes For Dogs - Manufacturers","_seopress_titles_desc":"Explore our Blank Large Clothes For Dogs, including pet halloween Costumes. Shop wholesale pet clothes from the factory for unbeatable prices and quality","_seopress_robots_index":"","_seopress_analysis_target_kw":"Pet Transformer Cos Costumes,Blank Large Clothes For Dogs","_uag_custom_page_level_css":""},"product_brand":[],"product_cat":[364,23,389],"product_tag":[],"class_list":{"0":"post-8461","1":"product","2":"type-product","3":"status-publish","4":"has-post-thumbnail","6":"product_cat-basic-dog-clothing","7":"product_cat-pet-clothing","8":"product_cat-pet-hoodies","10":"first","11":"instock","12":"shipping-taxable","13":"product-type-simple"},"uagb_featured_image_src":{"full":["https:\/\/pecpets.com\/wp-content\/uploads\/2024\/07\/Blank-Large-Clothes-For-Dogs6.jpeg",1000,1000,false],"thumbnail":["https:\/\/pecpets.com\/wp-content\/uploads\/2024\/07\/Blank-Large-Clothes-For-Dogs6-150x150.jpeg",150,150,true],"medium":["https:\/\/pecpets.com\/wp-content\/uploads\/2024\/07\/Blank-Large-Clothes-For-Dogs6-300x300.jpeg",300,300,true],"medium_large":["https:\/\/pecpets.com\/wp-content\/uploads\/2024\/07\/Blank-Large-Clothes-For-Dogs6-768x768.jpeg",768,768,true],"large":["https:\/\/pecpets.com\/wp-content\/uploads\/2024\/07\/Blank-Large-Clothes-For-Dogs6.jpeg",800,800,false],"1536x1536":["https:\/\/pecpets.com\/wp-content\/uploads\/2024\/07\/Blank-Large-Clothes-For-Dogs6.jpeg",1000,1000,false],"2048x2048":["https:\/\/pecpets.com\/wp-content\/uploads\/2024\/07\/Blank-Large-Clothes-For-Dogs6.jpeg",1000,1000,false],"trp-custom-language-flag":["https:\/\/pecpets.com\/wp-content\/uploads\/2024\/07\/Blank-Large-Clothes-For-Dogs6-12x12.jpeg",12,12,true],"woocommerce_thumbnail":["https:\/\/pecpets.com\/wp-content\/uploads\/2024\/07\/Blank-Large-Clothes-For-Dogs6-300x300.jpeg",300,300,true],"woocommerce_single":["https:\/\/pecpets.com\/wp-content\/uploads\/2024\/07\/Blank-Large-Clothes-For-Dogs6-600x600.jpeg",600,600,true],"woocommerce_gallery_thumbnail":["https:\/\/pecpets.com\/wp-content\/uploads\/2024\/07\/Blank-Large-Clothes-For-Dogs6-100x100.jpeg",100,100,true]},"uagb_author_info":{"display_name":"Lawrence\u00a0\u52b3\u4f26\u65af","author_link":"https:\/\/pecpets.com\/fr\/author\/"},"uagb_comment_info":0,"uagb_excerpt":"Wholesale Blank Large Clothes For Dogs Discover Blank Large Clothes For Dogs. Keep your pets stylish with our high-quality designs.","_links":{"self":[{"href":"https:\/\/pecpets.com\/fr\/wp-json\/wp\/v2\/product\/8461","targetHints":{"allow":["GET"]}}],"collection":[{"href":"https:\/\/pecpets.com\/fr\/wp-json\/wp\/v2\/product"}],"about":[{"href":"https:\/\/pecpets.com\/fr\/wp-json\/wp\/v2\/types\/product"}],"wp:featuredmedia":[{"embeddable":true,"href":"https:\/\/pecpets.com\/fr\/wp-json\/wp\/v2\/media\/8467"}],"wp:attachment":[{"href":"https:\/\/pecpets.com\/fr\/wp-json\/wp\/v2\/media?parent=8461"}],"wp:term":[{"taxonomy":"product_brand","embeddable":true,"href":"https:\/\/pecpets.com\/fr\/wp-json\/wp\/v2\/product_brand?post=8461"},{"taxonomy":"product_cat","embeddable":true,"href":"https:\/\/pecpets.com\/fr\/wp-json\/wp\/v2\/product_cat?post=8461"},{"taxonomy":"product_tag","embeddable":true,"href":"https:\/\/pecpets.com\/fr\/wp-json\/wp\/v2\/product_tag?post=8461"}],"curies":[{"name":"wp","href":"https:\/\/api.w.org\/{rel}","templated":true}]}}