{"id":8675,"date":"2024-07-12T15:51:07","date_gmt":"2024-07-12T07:51:07","guid":{"rendered":"https:\/\/pecpets.com\/?post_type=product&#038;p=8675"},"modified":"2024-10-22T18:21:31","modified_gmt":"2024-10-22T10:21:31","slug":"new-pet-cat-dog-clothes-summer","status":"publish","type":"product","link":"https:\/\/pecpets.com\/fr\/product\/new-pet-cat-dog-clothes-summer\/","title":{"rendered":"New Pet Cat Dog Clothes Summer"},"content":{"rendered":"<h2>Nouveaux v\u00eatements d'\u00e9t\u00e9 pour chats et chiens - V\u00eatements pour animaux de compagnie et v\u00eatements pour chiens de qualit\u00e9 sup\u00e9rieure, fabriqu\u00e9s en gros<\/h2>\n<h3>Description :<\/h3>\n<p>D\u00e9couvrez la derni\u00e8re mode estivale pour les animaux de compagnie avec notre collection New Pet Cat Dog Clothes Summer. En tant que fournisseur de confiance de v\u00eatements de haute qualit\u00e9 pour animaux de compagnie, nous proposons des v\u00eatements pour chiens \u00e9l\u00e9gants et confortables, parfaits pour les mois les plus chauds. Id\u00e9al pour les acheteurs en gros, nos v\u00eatements d'\u00e9t\u00e9 pour animaux de compagnie viennent directement de l'usine, garantissant une qualit\u00e9 sup\u00e9rieure \u00e0 des prix imbattables.<\/p>\n<table style=\"border-collapse: collapse; background-color: #ffffff; width: 333px; height: 250px;\" border=\"1\">\n<tbody>\n<tr>\n<td style=\"font-family: Verdana, Arial, Helvetica, sans-serif; font-size: 12px; color: #000000; margin: 8px; width: 187px; text-align: center;\"><span style=\"line-height: 21px; font-size: 14px;\">Nom des produits<\/span><\/td>\n<td style=\"font-family: Verdana, Arial, Helvetica, sans-serif; font-size: 12px; color: #000000; margin: 8px; width: 526px; text-align: center;\">Chemises pour animaux de compagnie<\/td>\n<\/tr>\n<tr>\n<td style=\"font-family: Verdana, Arial, Helvetica, sans-serif; font-size: 12px; color: #000000; margin: 8px; width: 187px; text-align: center;\"><span style=\"line-height: 21px; font-size: 14px;\">Num\u00e9ro d'article<\/span><\/td>\n<td style=\"font-family: Verdana, Arial, Helvetica, sans-serif; font-size: 12px; color: #000000; margin: 8px; width: 526px; text-align: center;\"><span style=\"line-height: 21px; font-size: 14px;\">P-S2007<\/span><\/td>\n<\/tr>\n<tr>\n<td style=\"font-family: Verdana, Arial, Helvetica, sans-serif; font-size: 12px; color: #000000; margin: 8px; width: 187px; text-align: center;\"><span style=\"line-height: 21px; color: #333333; font-family: Arial, Helvetica; font-size: 14px; font-style: normal; font-weight: 400; background-color: #ffffff; float: none; display: inline !important;\">Mat\u00e9riau<\/span><\/td>\n<td style=\"font-family: Verdana, Arial, Helvetica, sans-serif; font-size: 12px; color: #000000; margin: 8px; width: 526px; text-align: center;\">Coton, polyester<\/td>\n<\/tr>\n<tr>\n<td style=\"font-family: Verdana, Arial, Helvetica, sans-serif; font-size: 12px; color: #000000; margin: 8px; width: 187px; text-align: center;\"><span style=\"line-height: 21px; font-size: 14px;\">\u00a0Taille<\/span><\/td>\n<td style=\"font-family: Verdana, Arial, Helvetica, sans-serif; font-size: 12px; color: #000000; margin: 8px; width: 526px; text-align: center;\"><span style=\"font-size: 14px;\">Taille personnalis\u00e9e<\/span><\/td>\n<\/tr>\n<tr>\n<td style=\"font-family: Verdana, Arial, Helvetica, sans-serif; font-size: 12px; color: #000000; margin: 8px; width: 187px; text-align: center;\"><span style=\"line-height: 21px; font-size: 14px;\">\u00a0Couleur<\/span><\/td>\n<td style=\"font-family: Verdana, Arial, Helvetica, sans-serif; font-size: 12px; color: #000000; margin: 8px; width: 526px; text-align: center;\"><span style=\"line-height: 21px; font-size: 14px;\">Couleur personnalis\u00e9e\u00a0<\/span><\/td>\n<\/tr>\n<tr>\n<td style=\"font-family: Verdana, Arial, Helvetica, sans-serif; font-size: 12px; color: #000000; margin: 8px; width: 187px; text-align: center;\"><span style=\"line-height: 21px; font-size: 14px;\">\u00a0<span style=\"line-height: 21px; color: #333333; font-family: Arial, Helvetica; font-size: 14px; font-style: normal; font-weight: 400; background-color: #ffffff; float: none; display: inline !important;\">Type d'animal<\/span><\/span><\/td>\n<td style=\"font-family: Verdana, Arial, Helvetica, sans-serif; font-size: 12px; color: #000000; margin: 8px; width: 526px; text-align: center;\"><span style=\"line-height: 21px; font-size: 14px;\">\u00a0Tous les chiens<\/span><\/td>\n<\/tr>\n<tr>\n<td style=\"font-family: Verdana, Arial, Helvetica, sans-serif; font-size: 12px; color: #000000; margin: 8px; width: 187px; text-align: center;\"><span style=\"line-height: 21px; font-size: 14px;\">\u00a0<span style=\"line-height: 21px; color: #333333; font-family: Arial, Helvetica; font-size: 14px; font-style: normal; font-weight: 400; background-color: #ffffff; float: none; display: inline !important;\">D\u00e9lai de livraison<\/span><\/span><\/td>\n<td style=\"font-family: Verdana, Arial, Helvetica, sans-serif; font-size: 12px; color: #000000; margin: 8px; width: 526px; text-align: center;\"><span style=\"line-height: 21px; font-size: 14px;\"><span style=\"line-height: 21px; color: #000000; font-family: Verdana, Arial, Helvetica, sans-serif; font-size: 14px; font-style: normal; font-weight: 400; background-color: #ffffff; float: none; display: inline !important;\">1-5 jours pour les petites quantit\u00e9s par voie a\u00e9rienne et 30-35 jours pour les grandes quantit\u00e9s par voie maritime.<\/span>\u00a0<\/span><\/td>\n<\/tr>\n<tr>\n<td style=\"font-family: Verdana, Arial, Helvetica, sans-serif; font-size: 12px; color: #000000; margin: 8px; width: 187px; text-align: center;\"><span style=\"line-height: 21px; font-size: 14px;\">\u00a0<span style=\"line-height: 21px; color: #333333; font-family: Arial, Helvetica; font-size: 14px; font-style: normal; font-weight: 400; background-color: #ffffff; float: none; display: inline !important;\">Port d'embarquement<\/span><\/span><\/td>\n<td style=\"font-family: Verdana, Arial, Helvetica, sans-serif; font-size: 12px; color: #000000; margin: 8px; width: 526px; text-align: center;\"><span style=\"line-height: 21px; font-size: 14px;\">Xiamen\u00a0<\/span><\/td>\n<\/tr>\n<tr>\n<td style=\"font-family: Verdana, Arial, Helvetica, sans-serif; font-size: 12px; color: #000000; margin: 8px; width: 187px; text-align: center;\"><span style=\"line-height: 21px; font-size: 14px;\">\u00a0<span style=\"line-height: 21px; color: #333333; font-family: Arial, Helvetica; font-size: 14px; font-style: normal; font-weight: 400; background-color: #ffffff; float: none; display: inline !important;\">OEM\/ODM<\/span><\/span><\/td>\n<td style=\"font-family: Verdana, Arial, Helvetica, sans-serif; font-size: 12px; color: #000000; margin: 8px; width: 526px; text-align: center;\"><span style=\"line-height: 21px; font-size: 14px;\">\u00a0<span style=\"line-height: 21px; color: #333333; font-family: Arial, Helvetica; font-size: 14px; font-style: normal; font-weight: 400; background-color: #ffffff; float: none; display: inline !important;\">Disponible<\/span><\/span><\/td>\n<\/tr>\n<tr>\n<td style=\"font-family: Verdana, Arial, Helvetica, sans-serif; font-size: 12px; color: #000000; margin: 8px; width: 187px; text-align: center;\"><span style=\"line-height: 21px; font-size: 14px;\">\u00a0<span style=\"line-height: 21px; color: #333333; font-family: Arial, Helvetica; font-size: 14px; font-style: normal; font-weight: 400; background-color: #ffffff; float: none; display: inline !important;\">Paquet<\/span><\/span><\/td>\n<td style=\"font-family: Verdana, Arial, Helvetica, sans-serif; font-size: 12px; color: #000000; margin: 8px; width: 526px; text-align: center;\"><span style=\"line-height: 21px; font-size: 14px;\"><span style=\"line-height: 21px; color: #333333; font-family: Arial, Helvetica; font-size: 14px; font-style: normal; font-weight: 400; background-color: #ffffff; float: none; display: inline !important;\">Chaque pi\u00e8ce est emball\u00e9e dans un PPB puis dans un carton ou selon les besoins.<\/span><\/span><\/td>\n<\/tr>\n<\/tbody>\n<\/table>\n<h4>Caract\u00e9ristiques principales :<\/h4>\n<ul>\n<li><strong>Tissu de haute qualit\u00e9<\/strong>: Fabriqu\u00e9s \u00e0 partir de mat\u00e9riaux l\u00e9gers et respirants, nos v\u00eatements d'\u00e9t\u00e9 pour animaux de compagnie permettent \u00e0 ces derniers de rester au frais et \u00e0 l'aise, m\u00eame pendant les journ\u00e9es les plus chaudes.<\/li>\n<li><strong>Dessins tendance<\/strong>: Avec des couleurs vives et des motifs \u00e0 la mode, notre collection d'\u00e9t\u00e9 est con\u00e7ue pour que les animaux de compagnie soient \u00e9l\u00e9gants et adorables.<\/li>\n<li><strong>Coupe confortable<\/strong>: Nos v\u00eatements sont con\u00e7us pour le confort des animaux de compagnie. Ils sont bien ajust\u00e9s et permettent de se d\u00e9placer et de jouer facilement.<\/li>\n<li><strong>Durable et de longue dur\u00e9e<\/strong>: Fabriqu\u00e9s \u00e0 partir de mat\u00e9riaux de haute qualit\u00e9, nos v\u00eatements pour animaux de compagnie sont con\u00e7us pour r\u00e9sister \u00e0 l'usure des animaux actifs.<\/li>\n<li><strong>Facile \u00e0 porter<\/strong>: Gr\u00e2ce \u00e0 des fermetures simples et \u00e0 des bretelles r\u00e9glables, nos v\u00eatements d'\u00e9t\u00e9 sont faciles \u00e0 mettre et \u00e0 enlever, ce qui permet aux propri\u00e9taires d'animaux de compagnie de vivre une exp\u00e9rience sans tracas.<\/li>\n<li><strong>Lavable en machine<\/strong>: Lavables en machine, nos v\u00eatements pour animaux sont faciles \u00e0 nettoyer et \u00e0 entretenir, ce qui leur permet de rester frais et \u00e9clatants.<\/li>\n<li><strong>Prix directs d'usine<\/strong>: B\u00e9n\u00e9ficiez de prix de gros comp\u00e9titifs en achetant directement aupr\u00e8s de l'usine, ce qui vous permet de vous approvisionner plus facilement en v\u00eatements de haute qualit\u00e9 pour animaux de compagnie.<\/li>\n<li><strong>Options personnalisables<\/strong>: Disponible pour des conceptions et des marques personnalis\u00e9es, parfait pour les entreprises qui cherchent \u00e0 offrir des v\u00eatements d'\u00e9t\u00e9 uniques et marqu\u00e9s pour les animaux de compagnie.<\/li>\n<\/ul>\n<h3>Id\u00e9al pour :<\/h3>\n<ul>\n<li>Les animaleries et les d\u00e9taillants en ligne recherchent des v\u00eatements pour chiens tendance et de haute qualit\u00e9 pour la saison estivale \u00e0 des prix de gros.<\/li>\n<li>Les entreprises qui cherchent \u00e0 \u00e9largir leur gamme de produits avec des v\u00eatements \u00e9l\u00e9gants et confortables pour animaux de compagnie.<\/li>\n<li>Les propri\u00e9taires d'animaux de compagnie souhaitent que leurs animaux soient au frais, \u00e0 l'aise et \u00e0 la mode pendant l'\u00e9t\u00e9.<\/li>\n<\/ul>\n<p>Am\u00e9liorez votre inventaire d'\u00e9t\u00e9 avec notre nouvelle collection de v\u00eatements d'\u00e9t\u00e9 pour chats et chiens. Contactez-nous d\u00e8s aujourd'hui pour obtenir des prix directs et des d\u00e9tails sur les commandes en gros.<\/p>","protected":false},"excerpt":{"rendered":"<h2 data-immersive-translate-walked=\"f36f68ab-127d-4e10-955b-f6ada5d45339\">Wholesale New Pet Cat Dog Clothes Summer<\/h2>\n<p>D\u00e9couvrez les nouveaux v\u00eatements d'\u00e9t\u00e9 pour chats et chiens.<\/p>\n<p>Achetez en gros des v\u00eatements pour animaux de compagnie en provenance de l'usine pour des prix et une qualit\u00e9 imbattables.<\/p>\n<h3><\/h3>","protected":false},"featured_media":8681,"template":"","meta":{"_seopress_robots_primary_cat":"none","_seopress_titles_title":"New Pet Cat Dog Clothes Summer - Top Manufacturers","_seopress_titles_desc":"Explore New Pet Cat Dog Clothes Summer, including pet Costumes. Shop wholesale pet clothes from the factory for unbeatable prices and quality","_seopress_robots_index":"","_uag_custom_page_level_css":""},"product_brand":[],"product_cat":[364,343,23],"product_tag":[],"class_list":{"0":"post-8675","1":"product","2":"type-product","3":"status-publish","4":"has-post-thumbnail","6":"product_cat-basic-dog-clothing","7":"product_cat-pet-shirts","8":"product_cat-pet-clothing","10":"first","11":"instock","12":"shipping-taxable","13":"product-type-simple"},"uagb_featured_image_src":{"full":["https:\/\/pecpets.com\/wp-content\/uploads\/2024\/07\/New-Pet-Cat-Dog-Clothes-Summer-1.jpeg",1920,1920,false],"thumbnail":["https:\/\/pecpets.com\/wp-content\/uploads\/2024\/07\/New-Pet-Cat-Dog-Clothes-Summer-1-150x150.jpeg",150,150,true],"medium":["https:\/\/pecpets.com\/wp-content\/uploads\/2024\/07\/New-Pet-Cat-Dog-Clothes-Summer-1-300x300.jpeg",300,300,true],"medium_large":["https:\/\/pecpets.com\/wp-content\/uploads\/2024\/07\/New-Pet-Cat-Dog-Clothes-Summer-1-768x768.jpeg",768,768,true],"large":["https:\/\/pecpets.com\/wp-content\/uploads\/2024\/07\/New-Pet-Cat-Dog-Clothes-Summer-1-1024x1024.jpeg",800,800,true],"1536x1536":["https:\/\/pecpets.com\/wp-content\/uploads\/2024\/07\/New-Pet-Cat-Dog-Clothes-Summer-1-1536x1536.jpeg",1536,1536,true],"2048x2048":["https:\/\/pecpets.com\/wp-content\/uploads\/2024\/07\/New-Pet-Cat-Dog-Clothes-Summer-1.jpeg",1920,1920,false],"trp-custom-language-flag":["https:\/\/pecpets.com\/wp-content\/uploads\/2024\/07\/New-Pet-Cat-Dog-Clothes-Summer-1-12x12.jpeg",12,12,true],"woocommerce_thumbnail":["https:\/\/pecpets.com\/wp-content\/uploads\/2024\/07\/New-Pet-Cat-Dog-Clothes-Summer-1-300x300.jpeg",300,300,true],"woocommerce_single":["https:\/\/pecpets.com\/wp-content\/uploads\/2024\/07\/New-Pet-Cat-Dog-Clothes-Summer-1-600x600.jpeg",600,600,true],"woocommerce_gallery_thumbnail":["https:\/\/pecpets.com\/wp-content\/uploads\/2024\/07\/New-Pet-Cat-Dog-Clothes-Summer-1-100x100.jpeg",100,100,true]},"uagb_author_info":{"display_name":"Lawrence\u00a0\u52b3\u4f26\u65af","author_link":"https:\/\/pecpets.com\/fr\/author\/"},"uagb_comment_info":0,"uagb_excerpt":"Wholesale New Pet Cat Dog Clothes Summer Explore New Pet Cat Dog Clothes Summer. Shop wholesale pet clothes from the factory for unbeatable prices and quality.","_links":{"self":[{"href":"https:\/\/pecpets.com\/fr\/wp-json\/wp\/v2\/product\/8675","targetHints":{"allow":["GET"]}}],"collection":[{"href":"https:\/\/pecpets.com\/fr\/wp-json\/wp\/v2\/product"}],"about":[{"href":"https:\/\/pecpets.com\/fr\/wp-json\/wp\/v2\/types\/product"}],"wp:featuredmedia":[{"embeddable":true,"href":"https:\/\/pecpets.com\/fr\/wp-json\/wp\/v2\/media\/8681"}],"wp:attachment":[{"href":"https:\/\/pecpets.com\/fr\/wp-json\/wp\/v2\/media?parent=8675"}],"wp:term":[{"taxonomy":"product_brand","embeddable":true,"href":"https:\/\/pecpets.com\/fr\/wp-json\/wp\/v2\/product_brand?post=8675"},{"taxonomy":"product_cat","embeddable":true,"href":"https:\/\/pecpets.com\/fr\/wp-json\/wp\/v2\/product_cat?post=8675"},{"taxonomy":"product_tag","embeddable":true,"href":"https:\/\/pecpets.com\/fr\/wp-json\/wp\/v2\/product_tag?post=8675"}],"curies":[{"name":"wp","href":"https:\/\/api.w.org\/{rel}","templated":true}]}}