{"id":7070,"date":"2024-06-26T15:46:07","date_gmt":"2024-06-26T07:46:07","guid":{"rendered":"https:\/\/pecpets.com\/?post_type=product&#038;p=7070"},"modified":"2025-08-20T11:17:43","modified_gmt":"2025-08-20T03:17:43","slug":"blank-raglan-large-clothes-for-dogs","status":"publish","type":"product","link":"https:\/\/pecpets.com\/it\/product\/blank-raglan-large-clothes-for-dogs\/","title":{"rendered":"Vestiti Raglan vuoti di grandi dimensioni per cani"},"content":{"rendered":"<h2>Ingrosso di vestiti Raglan grandi per cani - Confortevole, durevole abbigliamento di base per cani Fabbrica diretta<\/h2>\n<p>Discover our Blank Raglan Large Clothes for Dogs, offering comfort and durability.<\/p>\n<p>Perfect for any dog, our DOG shirt is available wholesale from the factory at competitive prices<\/p>\n<table style=\"height: 269px;\" width=\"287\">\n<tbody>\n<tr>\n<td width=\"137\"><span style=\"color: #333333;\">Nome del prodotto<\/span><\/td>\n<td width=\"151\"><span style=\"color: #333333;\">Abbigliamento per animali domestici<\/span><\/td>\n<\/tr>\n<tr>\n<td><span style=\"color: #333333;\">Articolo n.<\/span><\/td>\n<td><span style=\"color: #333333;\">P-C2167<\/span><\/td>\n<\/tr>\n<tr>\n<td><span style=\"color: #333333;\">Materiale<\/span><\/td>\n<td>Cotone, poliestere, pile<\/td>\n<\/tr>\n<tr>\n<td><span style=\"color: #333333;\">\u00a0Dimensioni e colore<\/span><\/td>\n<td><span style=\"color: #333333;\">Personalizzato<\/span><\/td>\n<\/tr>\n<tr>\n<td><span style=\"color: #333333;\">\u00a0Tempi di consegna<\/span><\/td>\n<td><span style=\"color: #333333;\">1- 5 giorni per piccole quantit\u00e0 via aerea e 30- 35 giorni per grandi quantit\u00e0 via mare<\/span><\/td>\n<\/tr>\n<\/tbody>\n<\/table>\n<ul>\n<li data-immersive-translate-walked=\"74886ed9-3c57-4843-8350-d06a3e28483f\" data-immersive-translate-paragraph=\"1\"><strong data-immersive-translate-walked=\"74886ed9-3c57-4843-8350-d06a3e28483f\">Design versatile<\/strong>: Il design raglan in bianco offre un look classico che pu\u00f2 essere personalizzato o indossato cos\u00ec com'\u00e8, rendendolo adatto a varie occasioni.<\/li>\n<li><strong>Vestibilit\u00e0 comoda<\/strong>: Realizzata con materiali morbidi e traspiranti, la nostra camicia per cani assicura una vestibilit\u00e0 comoda per i cani di grossa taglia, consentendo loro di muoversi liberamente e di stare comodi.<\/li>\n<li><strong>Costruzione resistente<\/strong>: Realizzata con tessuti durevoli e di alta qualit\u00e0, questa maglietta per cani \u00e8 in grado di resistere all'usura e ai lavaggi regolari, garantendo un uso duraturo.<\/li>\n<li data-immersive-translate-walked=\"74886ed9-3c57-4843-8350-d06a3e28483f\" data-immersive-translate-paragraph=\"1\"><strong data-immersive-translate-walked=\"74886ed9-3c57-4843-8350-d06a3e28483f\">Opportunit\u00e0 di vendita all'ingrosso<\/strong>: As a factory-direct supplier, we offer competitive wholesale prices and added benefits for bulk orders, ensuring great value for your business.<\/li>\n<\/ul>\n<p>Contact us today to learn more about our wholesale opportunities and factory-direct pricing for the Blank Raglan Large Clothes for Dogs.<\/p>\n<p>Ensure your customers&#8217; large dogs enjoy comfort and durability with our basic dog clothing.<\/p>","protected":false},"excerpt":{"rendered":"<h2 data-immersive-translate-walked=\"f36f68ab-127d-4e10-955b-f6ada5d45339\">all'ingrosso Vestiti Raglan vuoti di grandi dimensioni per cani<\/h2>\n<p>Esplora i vestiti vuoti Raglan Large per cani.<\/p>\n<p>Acquista all'ingrosso vestiti per animali domestici dalla fabbrica per prezzi e qualit\u00e0 imbattibili.<\/p>","protected":false},"featured_media":7072,"template":"","meta":{"_seopress_robots_primary_cat":"none","_seopress_titles_title":"Pet Clothes: Blank Large Clothes For Dogs- Top Manufacturers","_seopress_titles_desc":"Equip your customers with our Blank Raglan Large Clothes For Dogs, the perfect choice for basic dog clothing that ensures both comfort and durability.","_seopress_robots_index":"","_uag_custom_page_level_css":""},"product_brand":[],"product_cat":[364,343,23],"product_tag":[],"class_list":{"0":"post-7070","1":"product","2":"type-product","3":"status-publish","4":"has-post-thumbnail","6":"product_cat-basic-dog-clothing","7":"product_cat-pet-shirts","8":"product_cat-pet-clothing","10":"first","11":"instock","12":"shipping-taxable","13":"product-type-simple"},"uagb_featured_image_src":{"full":["https:\/\/pecpets.com\/wp-content\/uploads\/2024\/06\/Main-01-1.jpg",800,800,false],"thumbnail":["https:\/\/pecpets.com\/wp-content\/uploads\/2024\/06\/Main-01-1-150x150.jpg",150,150,true],"medium":["https:\/\/pecpets.com\/wp-content\/uploads\/2024\/06\/Main-01-1-300x300.jpg",300,300,true],"medium_large":["https:\/\/pecpets.com\/wp-content\/uploads\/2024\/06\/Main-01-1-768x768.jpg",768,768,true],"large":["https:\/\/pecpets.com\/wp-content\/uploads\/2024\/06\/Main-01-1.jpg",800,800,false],"1536x1536":["https:\/\/pecpets.com\/wp-content\/uploads\/2024\/06\/Main-01-1.jpg",800,800,false],"2048x2048":["https:\/\/pecpets.com\/wp-content\/uploads\/2024\/06\/Main-01-1.jpg",800,800,false],"trp-custom-language-flag":["https:\/\/pecpets.com\/wp-content\/uploads\/2024\/06\/Main-01-1.jpg",12,12,false],"woocommerce_thumbnail":["https:\/\/pecpets.com\/wp-content\/uploads\/2024\/06\/Main-01-1-300x300.jpg",300,300,true],"woocommerce_single":["https:\/\/pecpets.com\/wp-content\/uploads\/2024\/06\/Main-01-1-600x600.jpg",600,600,true],"woocommerce_gallery_thumbnail":["https:\/\/pecpets.com\/wp-content\/uploads\/2024\/06\/Main-01-1-100x100.jpg",100,100,true]},"uagb_author_info":{"display_name":"Lawrence\u00a0\u52b3\u4f26\u65af","author_link":"https:\/\/pecpets.com\/it\/author\/"},"uagb_comment_info":0,"uagb_excerpt":"Wholesale Blank Raglan Large Clothes For Dogs Explore Blank Raglan Large Clothes For Dogs. Shop wholesale pet clothes from the factory for unbeatable prices and quality.","_links":{"self":[{"href":"https:\/\/pecpets.com\/it\/wp-json\/wp\/v2\/product\/7070","targetHints":{"allow":["GET"]}}],"collection":[{"href":"https:\/\/pecpets.com\/it\/wp-json\/wp\/v2\/product"}],"about":[{"href":"https:\/\/pecpets.com\/it\/wp-json\/wp\/v2\/types\/product"}],"wp:featuredmedia":[{"embeddable":true,"href":"https:\/\/pecpets.com\/it\/wp-json\/wp\/v2\/media\/7072"}],"wp:attachment":[{"href":"https:\/\/pecpets.com\/it\/wp-json\/wp\/v2\/media?parent=7070"}],"wp:term":[{"taxonomy":"product_brand","embeddable":true,"href":"https:\/\/pecpets.com\/it\/wp-json\/wp\/v2\/product_brand?post=7070"},{"taxonomy":"product_cat","embeddable":true,"href":"https:\/\/pecpets.com\/it\/wp-json\/wp\/v2\/product_cat?post=7070"},{"taxonomy":"product_tag","embeddable":true,"href":"https:\/\/pecpets.com\/it\/wp-json\/wp\/v2\/product_tag?post=7070"}],"curies":[{"name":"wp","href":"https:\/\/api.w.org\/{rel}","templated":true}]}}