{"id":7371,"date":"2024-06-29T13:13:21","date_gmt":"2024-06-29T05:13:21","guid":{"rendered":"https:\/\/pecpets.com\/?post_type=product&#038;p=7371"},"modified":"2024-11-04T18:00:55","modified_gmt":"2024-11-04T10:00:55","slug":"outdoor-training-explosion-proof-dog-harness","status":"publish","type":"product","link":"https:\/\/pecpets.com\/it\/product\/outdoor-training-explosion-proof-dog-harness\/","title":{"rendered":"Pettorina per cani da addestramento all'aperto a prova di esplosione"},"content":{"rendered":"<h2 data-immersive-translate-walked=\"016756d5-39df-48b1-ae55-3948c534da60\" data-immersive-translate-paragraph=\"1\">Addestramento all'aperto Imbracatura per cani antideflagrante | Imbracature per cani per impieghi gravosi | Confortevole e durevole | Fabbrica all'ingrosso<\/h2>\n<p data-immersive-translate-walked=\"016756d5-39df-48b1-ae55-3948c534da60\" data-immersive-translate-paragraph=\"1\">Benvenuti sulla nostra piattaforma B2B, la destinazione principale per le imbracature per cani di alta qualit\u00e0 per l'addestramento all'aperto a prova di esplosione. Le nostre imbracature per animali domestici sono progettate per garantire la massima sicurezza, comfort e durata, rendendole perfette per l'addestramento all'aperto e l'uso quotidiano. Offriamo prodotti di alto livello che soddisfano gli standard pi\u00f9 elevati, ideali per rivenditori, addestratori e distributori di animali domestici.<\/p>\n<table style=\"border-collapse: collapse; background-color: #ffffff; width: 329px; height: 273px;\" border=\"1\">\n<tbody>\n<tr>\n<td style=\"font-family: Verdana, Arial, Helvetica, sans-serif; font-size: 12px; color: #000000; margin: 8px; width: 187px; text-align: center;\"><span style=\"line-height: 21px; font-size: 14px;\">Nome dei prodotti<\/span><\/td>\n<td style=\"font-family: Verdana, Arial, Helvetica, sans-serif; font-size: 12px; color: #000000; margin: 8px; width: 526px; text-align: center;\"><span style=\"font-size: 14px;\">Pettorina per animali domestici<\/span><\/td>\n<\/tr>\n<tr>\n<td style=\"font-family: Verdana, Arial, Helvetica, sans-serif; font-size: 12px; color: #000000; margin: 8px; width: 187px; text-align: center;\"><span style=\"line-height: 21px; font-size: 14px;\">Articolo n.<\/span><\/td>\n<td style=\"font-family: Verdana, Arial, Helvetica, sans-serif; font-size: 12px; color: #000000; margin: 8px; width: 526px; text-align: center;\"><span style=\"line-height: 21px; font-size: 14px;\">P-H2015<\/span><\/td>\n<\/tr>\n<tr>\n<td style=\"font-family: Verdana, Arial, Helvetica, sans-serif; font-size: 12px; color: #000000; margin: 8px; width: 187px; text-align: center;\"><span style=\"line-height: 21px; color: #333333; font-family: Arial, Helvetica; font-size: 14px; font-style: normal; font-weight: 400; background-color: #ffffff; float: none; display: inline !important;\">Materiale<\/span><\/td>\n<td style=\"font-family: Verdana, Arial, Helvetica, sans-serif; font-size: 12px; color: #000000; margin: 8px; width: 526px; text-align: center;\"><span style=\"color: #333333; font-family: Helvetica,Tahoma,Arial; font-size: 12px; font-style: normal; font-weight: 400; background-color: #fcfcfc; display: inline !important; float: none;\">Tessuto Oxford<\/span><\/td>\n<\/tr>\n<tr>\n<td style=\"font-family: Verdana, Arial, Helvetica, sans-serif; font-size: 12px; color: #000000; margin: 8px; width: 187px; text-align: center;\"><span style=\"line-height: 21px; font-size: 14px;\">\u00a0Dimensione<\/span><\/td>\n<td style=\"margin: 8px; width: 526px; text-align: center;\"><span style=\"color: #222222; font-family: Helvetica, Tahoma, Arial;\"><span style=\"font-size: 14px;\">Dimensione personalizzata<\/span><\/span><\/td>\n<\/tr>\n<tr>\n<td style=\"font-family: Verdana, Arial, Helvetica, sans-serif; font-size: 12px; color: #000000; margin: 8px; width: 187px; text-align: center;\"><span style=\"line-height: 21px; font-size: 14px;\">\u00a0Colore<\/span><\/td>\n<td style=\"font-family: Verdana, Arial, Helvetica, sans-serif; font-size: 12px; color: #000000; margin: 8px; width: 526px; text-align: center;\"><span style=\"font-size: 14px;\">Colore personalizzato<\/span><\/td>\n<\/tr>\n<tr>\n<td style=\"font-family: Verdana, Arial, Helvetica, sans-serif; font-size: 12px; color: #000000; margin: 8px; width: 187px; text-align: center;\"><span style=\"line-height: 21px; font-size: 14px;\">\u00a0<span style=\"line-height: 21px; color: #333333; font-family: Arial, Helvetica; font-size: 14px; font-style: normal; font-weight: 400; background-color: #ffffff; float: none; display: inline !important;\">Tipo di animale domestico<\/span><\/span><\/td>\n<td style=\"font-family: Verdana, Arial, Helvetica, sans-serif; font-size: 12px; color: #000000; margin: 8px; width: 526px; text-align: center;\"><span style=\"line-height: 21px; font-size: 14px;\">\u00a0Tutti i cani<\/span><\/td>\n<\/tr>\n<tr>\n<td style=\"font-family: Verdana, Arial, Helvetica, sans-serif; font-size: 12px; color: #000000; margin: 8px; width: 187px; text-align: center;\"><span style=\"line-height: 21px; font-size: 14px;\">\u00a0<span style=\"line-height: 21px; color: #333333; font-family: Arial, Helvetica; font-size: 14px; font-style: normal; font-weight: 400; background-color: #ffffff; float: none; display: inline !important;\">Tempi di consegna<\/span><\/span><\/td>\n<td style=\"font-family: Verdana, Arial, Helvetica, sans-serif; font-size: 12px; color: #000000; margin: 8px; width: 526px; text-align: center;\"><span style=\"line-height: 21px; font-size: 14px;\"><span style=\"line-height: 21px; color: #000000; font-family: Verdana, Arial, Helvetica, sans-serif; font-size: 14px; font-style: normal; font-weight: 400; background-color: #ffffff; float: none; display: inline !important;\">1-5 giorni per la piccola quantit\u00e0 via aria e 30-35 giorni per la grande quantit\u00e0 via mare<\/span>\u00a0<\/span><\/td>\n<\/tr>\n<tr>\n<td style=\"font-family: Verdana, Arial, Helvetica, sans-serif; font-size: 12px; color: #000000; margin: 8px; width: 187px; text-align: center;\"><span style=\"line-height: 21px; font-size: 14px;\">\u00a0<span style=\"line-height: 21px; color: #333333; font-family: Arial, Helvetica; font-size: 14px; font-style: normal; font-weight: 400; background-color: #ffffff; float: none; display: inline !important;\">Porto di spedizione<\/span><\/span><\/td>\n<td style=\"font-family: Verdana, Arial, Helvetica, sans-serif; font-size: 12px; color: #000000; margin: 8px; width: 526px; text-align: center;\"><span style=\"line-height: 21px; font-size: 14px;\">Xiamen\u00a0<\/span><\/td>\n<\/tr>\n<tr>\n<td style=\"font-family: Verdana, Arial, Helvetica, sans-serif; font-size: 12px; color: #000000; margin: 8px; width: 187px; text-align: center;\"><span style=\"line-height: 21px; font-size: 14px;\">\u00a0<span style=\"line-height: 21px; color: #333333; font-family: Arial, Helvetica; font-size: 14px; font-style: normal; font-weight: 400; background-color: #ffffff; float: none; display: inline !important;\">OEM\/ODM<\/span><\/span><\/td>\n<td style=\"font-family: Verdana, Arial, Helvetica, sans-serif; font-size: 12px; color: #000000; margin: 8px; width: 526px; text-align: center;\"><span style=\"line-height: 21px; font-size: 14px;\">\u00a0<span style=\"line-height: 21px; color: #333333; font-family: Arial, Helvetica; font-size: 14px; font-style: normal; font-weight: 400; background-color: #ffffff; float: none; display: inline !important;\">Disponibile<\/span><\/span><\/td>\n<\/tr>\n<tr>\n<td style=\"font-family: Verdana, Arial, Helvetica, sans-serif; font-size: 12px; color: #000000; margin: 8px; width: 187px; text-align: center;\"><span style=\"line-height: 21px; font-size: 14px;\">\u00a0<span style=\"line-height: 21px; color: #333333; font-family: Arial, Helvetica; font-size: 14px; font-style: normal; font-weight: 400; background-color: #ffffff; float: none; display: inline !important;\">Pacchetto<\/span><\/span><\/td>\n<td style=\"font-family: Verdana, Arial, Helvetica, sans-serif; font-size: 12px; color: #000000; margin: 8px; width: 526px; text-align: center;\"><span style=\"line-height: 21px; font-size: 14px;\"><span style=\"line-height: 21px; color: #333333; font-family: Arial, Helvetica; font-size: 14px; font-style: normal; font-weight: 400; background-color: #ffffff; float: none; display: inline !important;\">Ciascuno di essi \u00e8 confezionato in un PPB e poi in un cartone o secondo le necessit\u00e0.<\/span><\/span><\/td>\n<\/tr>\n<\/tbody>\n<\/table>\n<p><strong>Caratteristiche principali:<\/strong><\/p>\n<ul>\n<li>\n<p data-immersive-translate-walked=\"8b5afd8b-1b58-4d39-bfba-c28d7f2dd9b7\" data-immersive-translate-paragraph=\"1\"><strong data-immersive-translate-walked=\"8b5afd8b-1b58-4d39-bfba-c28d7f2dd9b7\">Design a prova di esplosione<\/strong>: La nostra pettorina per cani da addestramento all'aperto a prova di esplosione \u00e8 costruita con un design robusto a prova di esplosione per gestire anche i cani pi\u00f9 energici. Garantisce il massimo controllo e sicurezza durante le attivit\u00e0 all'aperto e le sessioni di addestramento.<strong>Costruzione per impieghi gravosi<\/strong>: Realizzate con materiali di alta qualit\u00e0, le nostre pettorine per cani sono progettate per resistere a un uso intensivo. La struttura resistente garantisce prestazioni durature, rendendole adatte a tutti i tipi di avventure all'aperto.<\/p>\n<\/li>\n<li>\n<p data-immersive-translate-walked=\"8b5afd8b-1b58-4d39-bfba-c28d7f2dd9b7\" data-immersive-translate-paragraph=\"1\"><strong data-immersive-translate-walked=\"8b5afd8b-1b58-4d39-bfba-c28d7f2dd9b7\">Vestibilit\u00e0 comoda<\/strong>: Progettate pensando al comfort del vostro animale, le nostre pettorine sono dotate di cinghie regolabili e interni imbottiti. Questo garantisce una vestibilit\u00e0 sicura e confortevole, evitando sfregamenti e irritazioni anche in caso di uso prolungato.<strong>Durata<\/strong>: Le nostre pettorine sono progettate per resistere alle condizioni pi\u00f9 difficili. I materiali di alta qualit\u00e0 e le cuciture rinforzate garantiscono una durata eccezionale, assicurando che siano in grado di gestire le esigenze dei cani attivi e degli ambienti esterni.<\/p>\n<\/li>\n<li><strong>Disponibilit\u00e0 all'ingrosso<\/strong>: In qualit\u00e0 di fornitore diretto, offriamo prezzi all'ingrosso competitivi per gli ordini all'ingrosso. Il nostro efficiente sistema di produzione e distribuzione garantisce consegne tempestive e un servizio clienti eccezionale.<\/li>\n<\/ul>\n<p><strong>Perch\u00e9 scegliere noi?<\/strong><\/p>\n<ul>\n<li><strong>Direttamente dalla fabbrica<\/strong>: Acquistando direttamente dalla nostra fabbrica, potrete beneficiare di costi inferiori e tempi di spedizione pi\u00f9 rapidi. Eliminiamo l'intermediario, offrendovi il miglior valore.<\/li>\n<li><strong>Garanzia di qualit\u00e0<\/strong>: Ogni imbracatura \u00e8 sottoposta a rigorosi controlli di qualit\u00e0 per garantire la conformit\u00e0 ai nostri elevati standard. Potete fidarvi dei nostri prodotti per ottenere le prestazioni e l'affidabilit\u00e0 di cui la vostra azienda ha bisogno.<\/li>\n<li><strong>Opzioni personalizzabili<\/strong>: Offriamo una serie di opzioni di personalizzazione per soddisfare le vostre esigenze specifiche. Dal branding alle modifiche al design, lavoriamo con voi per creare prodotti in linea con l'identit\u00e0 del vostro marchio.<\/li>\n<\/ul>\n<p><strong>Ordina ora!<\/strong><\/p>\n<p data-immersive-translate-walked=\"8b5afd8b-1b58-4d39-bfba-c28d7f2dd9b7\" data-immersive-translate-paragraph=\"1\">Collaborate con noi per tutti i vostri allenamenti all'aperto A prova di esplosione <span style=\"color: #ff0000;\"><a style=\"color: #ff0000;\" href=\"https:\/\/pecpets.com\/it\/categoria-di-prodotto\/pet-harness\/\" target=\"_blank\" rel=\"noopener\">Pettorina per cani<\/a><\/span> esigenze. Provate la perfetta combinazione di sicurezza, comfort e durata. Contattateci oggi stesso per un preventivo e approfittate dei nostri prezzi all'ingrosso.<span class=\"notranslate immersive-translate-target-wrapper\" lang=\"zh-CN\" translate=\"no\" data-immersive-translate-loading-id=\"1\">\u00a0<\/span><\/p>","protected":false},"excerpt":{"rendered":"<h2><strong><b>all'ingrosso Addestramento all'aperto Imbracatura per cani antideflagrante<\/b><\/strong><\/h2>\n<p>Scopri l'imbracatura per cani a prova di esplosione per l'addestramento all'aperto.<\/p>\n<p>Mantenete i vostri animali domestici alla moda con i nostri design di alta qualit\u00e0.<\/p>","protected":false},"featured_media":7372,"template":"","meta":{"_seopress_robots_primary_cat":"none","_seopress_titles_title":"Pet Harness: Explosion-proof Dog Harness - Top Manufacturers","_seopress_titles_desc":"Explore our Explosion-proof Dog Harness, comfortable dog harness. Ideal for manufacturers seeking high-quality, durable pet gear. Perfect for wholesale.","_seopress_robots_index":"","_uag_custom_page_level_css":""},"product_brand":[],"product_cat":[353,212,323,413,359],"product_tag":[],"class_list":{"0":"post-7371","1":"product","2":"type-product","3":"status-publish","4":"has-post-thumbnail","6":"product_cat-no-pull-dog-harnesses","7":"product_cat-pet-harness","8":"product_cat-standard-harnesses","9":"product_cat-training-clothes","10":"product_cat-waterproof-dog-harnesses","12":"first","13":"instock","14":"shipping-taxable","15":"product-type-simple"},"uagb_featured_image_src":{"full":["https:\/\/pecpets.com\/wp-content\/uploads\/2024\/06\/\u4e3b\u56fe-01-38.jpg",800,800,false],"thumbnail":["https:\/\/pecpets.com\/wp-content\/uploads\/2024\/06\/\u4e3b\u56fe-01-38-150x150.jpg",150,150,true],"medium":["https:\/\/pecpets.com\/wp-content\/uploads\/2024\/06\/\u4e3b\u56fe-01-38-300x300.jpg",300,300,true],"medium_large":["https:\/\/pecpets.com\/wp-content\/uploads\/2024\/06\/\u4e3b\u56fe-01-38-768x768.jpg",768,768,true],"large":["https:\/\/pecpets.com\/wp-content\/uploads\/2024\/06\/\u4e3b\u56fe-01-38.jpg",800,800,false],"1536x1536":["https:\/\/pecpets.com\/wp-content\/uploads\/2024\/06\/\u4e3b\u56fe-01-38.jpg",800,800,false],"2048x2048":["https:\/\/pecpets.com\/wp-content\/uploads\/2024\/06\/\u4e3b\u56fe-01-38.jpg",800,800,false],"trp-custom-language-flag":["https:\/\/pecpets.com\/wp-content\/uploads\/2024\/06\/\u4e3b\u56fe-01-38.jpg",12,12,false],"woocommerce_thumbnail":["https:\/\/pecpets.com\/wp-content\/uploads\/2024\/06\/\u4e3b\u56fe-01-38-300x300.jpg",300,300,true],"woocommerce_single":["https:\/\/pecpets.com\/wp-content\/uploads\/2024\/06\/\u4e3b\u56fe-01-38-600x600.jpg",600,600,true],"woocommerce_gallery_thumbnail":["https:\/\/pecpets.com\/wp-content\/uploads\/2024\/06\/\u4e3b\u56fe-01-38-100x100.jpg",100,100,true]},"uagb_author_info":{"display_name":"Lawrence\u00a0\u52b3\u4f26\u65af","author_link":"https:\/\/pecpets.com\/it\/author\/"},"uagb_comment_info":0,"uagb_excerpt":"Wholesale Outdoor Training Explosion-proof Dog Harness Discover Outdoor Training Explosion-proof Dog Harness. Keep your pets stylish with our high-quality designs.","_links":{"self":[{"href":"https:\/\/pecpets.com\/it\/wp-json\/wp\/v2\/product\/7371","targetHints":{"allow":["GET"]}}],"collection":[{"href":"https:\/\/pecpets.com\/it\/wp-json\/wp\/v2\/product"}],"about":[{"href":"https:\/\/pecpets.com\/it\/wp-json\/wp\/v2\/types\/product"}],"wp:featuredmedia":[{"embeddable":true,"href":"https:\/\/pecpets.com\/it\/wp-json\/wp\/v2\/media\/7372"}],"wp:attachment":[{"href":"https:\/\/pecpets.com\/it\/wp-json\/wp\/v2\/media?parent=7371"}],"wp:term":[{"taxonomy":"product_brand","embeddable":true,"href":"https:\/\/pecpets.com\/it\/wp-json\/wp\/v2\/product_brand?post=7371"},{"taxonomy":"product_cat","embeddable":true,"href":"https:\/\/pecpets.com\/it\/wp-json\/wp\/v2\/product_cat?post=7371"},{"taxonomy":"product_tag","embeddable":true,"href":"https:\/\/pecpets.com\/it\/wp-json\/wp\/v2\/product_tag?post=7371"}],"curies":[{"name":"wp","href":"https:\/\/api.w.org\/{rel}","templated":true}]}}