{"id":11934,"date":"2024-09-19T16:37:32","date_gmt":"2024-09-19T08:37:32","guid":{"rendered":"https:\/\/pecpets.com\/?post_type=product&#038;p=11934"},"modified":"2024-11-04T18:01:29","modified_gmt":"2024-11-04T10:01:29","slug":"outwear-winter-dog-jacket-with-belt","status":"publish","type":"product","link":"https:\/\/pecpets.com\/pl\/product\/outwear-winter-dog-jacket-with-belt\/","title":{"rendered":"Kurtka zimowa dla psa z paskiem"},"content":{"rendered":"<h2>Hurtownia odzie\u017cy wierzchniej Zimowa kurtka dla psa z paskiem - Fabryczne noside\u0142ka dla zwierz\u0105t i akcesoria podr\u00f3\u017cne<\/h2>\n<table style=\"border-collapse: collapse; background-color: #ffffff; width: 332px; height: 279px;\" border=\"1\">\n<tbody>\n<tr>\n<td style=\"font-family: Verdana, Arial, Helvetica, sans-serif; font-size: 12px; color: #000000; margin: 8px; width: 187px; text-align: center;\"><span style=\"line-height: 21px; font-size: 14px;\">Nazwa produktu<\/span><\/td>\n<td style=\"font-family: Verdana, Arial, Helvetica, sans-serif; font-size: 12px; color: #000000; margin: 8px; width: 526px; text-align: center;\">P\u0142aszcz dla zwierz\u0105t<\/td>\n<\/tr>\n<tr>\n<td style=\"font-family: Verdana, Arial, Helvetica, sans-serif; font-size: 12px; color: #000000; margin: 8px; width: 187px; text-align: center;\"><span style=\"line-height: 21px; font-size: 14px;\">Pozycja nr.<\/span><\/td>\n<td style=\"font-family: Verdana, Arial, Helvetica, sans-serif; font-size: 12px; color: #000000; margin: 8px; width: 526px; text-align: center;\"><span style=\"font-size: 14px;\">P-C2016<\/span><\/td>\n<\/tr>\n<tr>\n<td style=\"font-family: Verdana, Arial, Helvetica, sans-serif; font-size: 12px; color: #000000; margin: 8px; width: 187px; text-align: center;\"><span style=\"line-height: 21px; color: #333333; font-family: Arial, Helvetica; font-size: 14px; font-style: normal; font-weight: 400; background-color: #ffffff; float: none; display: inline !important;\">Materia\u0142<\/span><\/td>\n<td style=\"font-family: Verdana, Arial, Helvetica, sans-serif; font-size: 12px; color: #000000; margin: 8px; width: 526px; text-align: center;\">Bawe\u0142na, poliester<\/td>\n<\/tr>\n<tr>\n<td style=\"font-family: Verdana, Arial, Helvetica, sans-serif; font-size: 12px; color: #000000; margin: 8px; width: 187px; text-align: center;\"><span style=\"line-height: 21px; font-size: 14px;\">\u00a0Rozmiar<\/span><\/td>\n<td style=\"font-family: Verdana, Arial, Helvetica, sans-serif; font-size: 12px; color: #000000; margin: 8px; width: 526px; text-align: center;\"><span style=\"font-size: 14px;\">Rozmiar niestandardowy<\/span><\/td>\n<\/tr>\n<tr>\n<td style=\"font-family: Verdana, Arial, Helvetica, sans-serif; font-size: 12px; color: #000000; margin: 8px; width: 187px; text-align: center;\"><span style=\"line-height: 21px; font-size: 14px;\">\u00a0Kolor<\/span><\/td>\n<td style=\"font-family: Verdana, Arial, Helvetica, sans-serif; font-size: 12px; color: #000000; margin: 8px; width: 526px; text-align: center;\"><span style=\"line-height: 21px; font-size: 14px;\">Kolor niestandardowy\u00a0<\/span><\/td>\n<\/tr>\n<tr>\n<td style=\"font-family: Verdana, Arial, Helvetica, sans-serif; font-size: 12px; color: #000000; margin: 8px; width: 187px; text-align: center;\"><span style=\"line-height: 21px; font-size: 14px;\">\u00a0<span style=\"line-height: 21px; color: #333333; font-family: Arial, Helvetica; font-size: 14px; font-style: normal; font-weight: 400; background-color: #ffffff; float: none; display: inline !important;\">Typ zwierz\u0119cia<\/span><\/span><\/td>\n<td style=\"font-family: Verdana, Arial, Helvetica, sans-serif; font-size: 12px; color: #000000; margin: 8px; width: 526px; text-align: center;\"><span style=\"line-height: 21px; font-size: 14px;\">\u00a0Ca\u0142y pies<\/span><\/td>\n<\/tr>\n<tr>\n<td style=\"font-family: Verdana, Arial, Helvetica, sans-serif; font-size: 12px; color: #000000; margin: 8px; width: 187px; text-align: center;\"><span style=\"line-height: 21px; font-size: 14px;\">\u00a0<span style=\"line-height: 21px; color: #333333; font-family: Arial, Helvetica; font-size: 14px; font-style: normal; font-weight: 400; background-color: #ffffff; float: none; display: inline !important;\">Czas dostawy<\/span><\/span><\/td>\n<td style=\"font-family: Verdana, Arial, Helvetica, sans-serif; font-size: 12px; color: #000000; margin: 8px; width: 526px; text-align: center;\"><span style=\"line-height: 21px; font-size: 14px;\"><span style=\"line-height: 21px; color: #000000; font-family: Verdana, Arial, Helvetica, sans-serif; font-size: 14px; font-style: normal; font-weight: 400; background-color: #ffffff; float: none; display: inline !important;\">1-5 dni dla ma\u0142ych ilo\u015bci drog\u0105 lotnicz\u0105 i 30-35 dni dla du\u017cych ilo\u015bci drog\u0105 morsk\u0105<\/span>\u00a0<\/span><\/td>\n<\/tr>\n<tr>\n<td style=\"font-family: Verdana, Arial, Helvetica, sans-serif; font-size: 12px; color: #000000; margin: 8px; width: 187px; text-align: center;\"><span style=\"line-height: 21px; font-size: 14px;\">\u00a0<span style=\"line-height: 21px; color: #333333; font-family: Arial, Helvetica; font-size: 14px; font-style: normal; font-weight: 400; background-color: #ffffff; float: none; display: inline !important;\">Port wysy\u0142ki<\/span><\/span><\/td>\n<td style=\"font-family: Verdana, Arial, Helvetica, sans-serif; font-size: 12px; color: #000000; margin: 8px; width: 526px; text-align: center;\"><span style=\"line-height: 21px; font-size: 14px;\">Xiamen\u00a0<\/span><\/td>\n<\/tr>\n<tr>\n<td style=\"font-family: Verdana, Arial, Helvetica, sans-serif; font-size: 12px; color: #000000; margin: 8px; width: 187px; text-align: center;\"><span style=\"line-height: 21px; font-size: 14px;\">\u00a0<span style=\"line-height: 21px; color: #333333; font-family: Arial, Helvetica; font-size: 14px; font-style: normal; font-weight: 400; background-color: #ffffff; float: none; display: inline !important;\">OEM\/ODM<\/span><\/span><\/td>\n<td style=\"font-family: Verdana, Arial, Helvetica, sans-serif; font-size: 12px; color: #000000; margin: 8px; width: 526px; text-align: center;\"><span style=\"line-height: 21px; font-size: 14px;\">\u00a0<span style=\"line-height: 21px; color: #333333; font-family: Arial, Helvetica; font-size: 14px; font-style: normal; font-weight: 400; background-color: #ffffff; float: none; display: inline !important;\">Dost\u0119pne<\/span><\/span><\/td>\n<\/tr>\n<tr>\n<td style=\"font-family: Verdana, Arial, Helvetica, sans-serif; font-size: 12px; color: #000000; margin: 8px; width: 187px; text-align: center;\"><span style=\"line-height: 21px; font-size: 14px;\">\u00a0<span style=\"line-height: 21px; color: #333333; font-family: Arial, Helvetica; font-size: 14px; font-style: normal; font-weight: 400; background-color: #ffffff; float: none; display: inline !important;\">Pakiet<\/span><\/span><\/td>\n<td style=\"font-family: Verdana, Arial, Helvetica, sans-serif; font-size: 12px; color: #000000; margin: 8px; width: 526px; text-align: center;\"><span style=\"line-height: 21px; font-size: 14px;\"><span style=\"line-height: 21px; color: #333333; font-family: Arial, Helvetica; font-size: 14px; font-style: normal; font-weight: 400; background-color: #ffffff; float: none; display: inline !important;\">Ka\u017cdy zapakowany w PPB, a nast\u0119pnie w karton lub wed\u0142ug potrzeb<\/span><\/span><\/td>\n<\/tr>\n<\/tbody>\n<\/table>\n<p>Przygotuj swoich psich towarzyszy na zimowe ch\u0142ody dzi\u0119ki naszej kurtce Outwear Winter Dog Jacket With Belt, zaprojektowanej tak, aby zapewni\u0107 zar\u00f3wno ciep\u0142o, jak i styl. Kurtki te s\u0105 idealne, aby zapewni\u0107 zwierz\u0119tom wygod\u0119 i mod\u0119 podczas ch\u0142odniejszych miesi\u0119cy. Jako wiod\u0105ca hurtownia oferujemy te wysokiej jako\u015bci kurtki dla ps\u00f3w w konkurencyjnych cenach, zapewniaj\u0105c klientom B2B najlepsz\u0105 warto\u015b\u0107 dla ich dzia\u0142alno\u015bci.<\/p>\n<p><strong>Kluczowe cechy:<\/strong><\/p>\n<ul>\n<li><strong>Projektowanie zimowej odzie\u017cy wierzchniej:<\/strong>\u00a0Specjalnie dostosowane do zimnej pogody, kurtki te s\u0105 wykonane tak, aby chroni\u0107 zwierz\u0119ta przed \u017cywio\u0142ami.<\/li>\n<li><strong>W\u0142\u0105cz pas:<\/strong>\u00a0Stylowy i funkcjonalny pasek nie tylko dodaje odrobin\u0119 mody, ale tak\u017ce pomaga zapewni\u0107 wygodne dopasowanie.<\/li>\n<li><strong>Trwa\u0142y i ciep\u0142y materia\u0142:<\/strong>\u00a0Wykonane z trwa\u0142ych materia\u0142\u00f3w, kt\u00f3re zapewniaj\u0105 ciep\u0142o i s\u0105 \u0142atwe w utrzymaniu.<\/li>\n<li><strong>Praktyczny i stylowy:<\/strong>\u00a0\u0141\u0105czy w sobie praktyczno\u015b\u0107 utrzymywania ciep\u0142a zwierz\u0105t domowych ze stylem, kt\u00f3ry doceniaj\u0105 w\u0142a\u015bciciele zwierz\u0105t.<\/li>\n<li><strong>Sprzeda\u017c hurtowa i Factory Direct:<\/strong>\u00a0Dost\u0119pne do zakupu hurtowego bezpo\u015brednio z naszej fabryki, zapewniaj\u0105c jako\u015b\u0107 i op\u0142acalno\u015b\u0107.<\/li>\n<\/ul>\n<p><strong>Korzy\u015bci dla sprzedawc\u00f3w detalicznych:<\/strong><\/p>\n<ul>\n<li><strong>Ceny hurtowe:<\/strong>\u00a0Dost\u0119p do bezpo\u015brednich cen fabrycznych, umo\u017cliwiaj\u0105cy oferowanie wysokiej jako\u015bci odzie\u017cy dla zwierz\u0105t w konkurencyjnych cenach.<\/li>\n<li><strong>Opcje dostosowywania:<\/strong>\u00a0Mo\u017cliwo\u015b\u0107 dostosowania kurtek za pomoc\u0105 logo marki lub okre\u015blonych element\u00f3w projektu.<\/li>\n<li><strong>Zapewnienie jako\u015bci:<\/strong>\u00a0Ka\u017cda kurtka jest produkowana zgodnie ze standardami wysokiej jako\u015bci, zapewniaj\u0105c trwa\u0142o\u015b\u0107 i ciep\u0142o.<\/li>\n<li><strong>Efektywna wysy\u0142ka:<\/strong>\u00a0Polegaj na naszym wydajnym \u0142a\u0144cuchu dostaw, aby terminowo realizowa\u0107 zam\u00f3wienia hurtowe i utrzymywa\u0107 zapasy na odpowiednim poziomie.<\/li>\n<\/ul>\n<p><strong>Wzboga\u0107 swoj\u0105 ofert\u0119 odzie\u017cy dla zwierz\u0105t o nasz\u0105 zimow\u0105 kurtk\u0119 dla psa z paskiem - doskona\u0142y wyb\u00f3r dla sprzedawc\u00f3w detalicznych, kt\u00f3rzy chc\u0105 zapewni\u0107 funkcjonaln\u0105 i modn\u0105 odzie\u017c dla zwierz\u0105t.<\/strong> Skontaktuj si\u0119 z nami ju\u017c dzi\u015b, aby pozna\u0107 nasze mo\u017cliwo\u015bci hurtowe i zapewni\u0107 swoim klientom ciep\u0142e i stylowe ubrania na zim\u0119.<\/p>","protected":false},"excerpt":{"rendered":"<h3>Hurtownia odzie\u017cy wierzchniej Zimowa kurtka dla psa z paskiem<\/h3>\n<p>Poznaj zimow\u0105 kurtk\u0119 dla psa z paskiem.<\/p>\n<p>Kupuj hurtowo ubrania dla zwierz\u0105t z fabryki, aby uzyska\u0107 bezkonkurencyjne ceny i jako\u015b\u0107.<\/p>","protected":false},"featured_media":11939,"template":"","meta":{"_seopress_robots_primary_cat":"none","_seopress_titles_title":"Outwear Winter Dog Jacket With Belt","_seopress_titles_desc":"Explore Outwear Winter Dog Jacket With Belt. Shop wholesale pet clothes from the factory for unbeatable prices and quality.","_seopress_robots_index":"","_uag_custom_page_level_css":""},"product_brand":[],"product_cat":[342,23,413],"product_tag":[],"class_list":{"0":"post-11934","1":"product","2":"type-product","3":"status-publish","4":"has-post-thumbnail","6":"product_cat-pet-coat","7":"product_cat-pet-clothing","8":"product_cat-training-clothes","10":"first","11":"instock","12":"shipping-taxable","13":"product-type-simple"},"uagb_featured_image_src":{"full":["https:\/\/pecpets.com\/wp-content\/uploads\/2024\/09\/Outwear-Winter-Dog-Jacket-With-Belt-6.jpeg",1000,1000,false],"thumbnail":["https:\/\/pecpets.com\/wp-content\/uploads\/2024\/09\/Outwear-Winter-Dog-Jacket-With-Belt-6-150x150.jpeg",150,150,true],"medium":["https:\/\/pecpets.com\/wp-content\/uploads\/2024\/09\/Outwear-Winter-Dog-Jacket-With-Belt-6-300x300.jpeg",300,300,true],"medium_large":["https:\/\/pecpets.com\/wp-content\/uploads\/2024\/09\/Outwear-Winter-Dog-Jacket-With-Belt-6-768x768.jpeg",768,768,true],"large":["https:\/\/pecpets.com\/wp-content\/uploads\/2024\/09\/Outwear-Winter-Dog-Jacket-With-Belt-6.jpeg",800,800,false],"1536x1536":["https:\/\/pecpets.com\/wp-content\/uploads\/2024\/09\/Outwear-Winter-Dog-Jacket-With-Belt-6.jpeg",1000,1000,false],"2048x2048":["https:\/\/pecpets.com\/wp-content\/uploads\/2024\/09\/Outwear-Winter-Dog-Jacket-With-Belt-6.jpeg",1000,1000,false],"trp-custom-language-flag":["https:\/\/pecpets.com\/wp-content\/uploads\/2024\/09\/Outwear-Winter-Dog-Jacket-With-Belt-6-12x12.jpeg",12,12,true],"woocommerce_thumbnail":["https:\/\/pecpets.com\/wp-content\/uploads\/2024\/09\/Outwear-Winter-Dog-Jacket-With-Belt-6-300x300.jpeg",300,300,true],"woocommerce_single":["https:\/\/pecpets.com\/wp-content\/uploads\/2024\/09\/Outwear-Winter-Dog-Jacket-With-Belt-6-600x600.jpeg",600,600,true],"woocommerce_gallery_thumbnail":["https:\/\/pecpets.com\/wp-content\/uploads\/2024\/09\/Outwear-Winter-Dog-Jacket-With-Belt-6-100x100.jpeg",100,100,true]},"uagb_author_info":{"display_name":"Lawrence\u00a0\u52b3\u4f26\u65af","author_link":"https:\/\/pecpets.com\/pl\/author\/"},"uagb_comment_info":0,"uagb_excerpt":"Wholesale Outwear Winter Dog Jacket With Belt Explore Outwear Winter Dog Jacket With Belt. Shop wholesale pet clothes from the factory for unbeatable prices and quality.","_links":{"self":[{"href":"https:\/\/pecpets.com\/pl\/wp-json\/wp\/v2\/product\/11934","targetHints":{"allow":["GET"]}}],"collection":[{"href":"https:\/\/pecpets.com\/pl\/wp-json\/wp\/v2\/product"}],"about":[{"href":"https:\/\/pecpets.com\/pl\/wp-json\/wp\/v2\/types\/product"}],"wp:featuredmedia":[{"embeddable":true,"href":"https:\/\/pecpets.com\/pl\/wp-json\/wp\/v2\/media\/11939"}],"wp:attachment":[{"href":"https:\/\/pecpets.com\/pl\/wp-json\/wp\/v2\/media?parent=11934"}],"wp:term":[{"taxonomy":"product_brand","embeddable":true,"href":"https:\/\/pecpets.com\/pl\/wp-json\/wp\/v2\/product_brand?post=11934"},{"taxonomy":"product_cat","embeddable":true,"href":"https:\/\/pecpets.com\/pl\/wp-json\/wp\/v2\/product_cat?post=11934"},{"taxonomy":"product_tag","embeddable":true,"href":"https:\/\/pecpets.com\/pl\/wp-json\/wp\/v2\/product_tag?post=11934"}],"curies":[{"name":"wp","href":"https:\/\/api.w.org\/{rel}","templated":true}]}}